{"id":735,"date":"2025-05-23T06:32:42","date_gmt":"2025-05-23T06:32:42","guid":{"rendered":"https:\/\/phitenvn.com\/?post_type=product&#038;p=735"},"modified":"2025-10-16T13:43:20","modified_gmt":"2025-10-16T13:43:20","slug":"vong-tay-titanium-hard-coat-ii","status":"publish","type":"product","link":"https:\/\/phitenvn.com\/vong-tay-titanium-hard-coat-ii\/","title":{"rendered":"V\u00f2ng Tay Titanium Hard Coat II"},"content":{"rendered":"<h2><strong>V\u00f2ng Tay Titanium Hard Coat II<\/strong><\/h2>\n<p><strong>C\u00f4ng d\u1ee5ng:<\/strong><br \/>\n&#8211; Gi\u00fap gi\u1ea3m c\u0103ng th\u1eb3ng<br \/>\n&#8211; C\u1ea3i thi\u1ec7n c\u00e2n b\u1eb1ng c\u01a1 th\u1ec3<br \/>\n&#8211; T\u0103ng c\u01b0\u1eddng s\u1ee9c m\u1ea1nh v\u00e0 t\u00ednh linh ho\u1ea1t<br \/>\n&#8211; Gi\u1ea3m \u0111au c\u01a1, th\u01b0 gi\u00e3n c\u01a1 b\u1eafp c\u1ee9ng<br \/>\n&#8211; R\u1ea5t ph\u00f9 h\u1ee3p cho th\u1ec3 thao v\u00e0 c\u00e1c ho\u1ea1t \u0111\u1ed9ng h\u00e0ng ng\u00e0y.<\/p>\n<p><strong>\u0110\u1ed1i t\u01b0\u1ee3ng s\u1eed d\u1ee5ng:<\/strong><br \/>\n&#8211; Ph\u00f9 h\u1ee3p cho m\u1ecdi l\u1ee9a tu\u1ed5i, \u0111\u1eb7c bi\u1ec7t l\u00e0 ng\u01b0\u1eddi ch\u01a1i th\u1ec3 thao, v\u1eadn \u0111\u1ed9ng vi\u00ean chuy\u00ean nghi\u1ec7p<br \/>\n&#8211; Ng\u01b0\u1eddi l\u00e0m vi\u1ec7c v\u0103n ph\u00f2ng<br \/>\n&#8211; Ng\u01b0\u1eddi cao huy\u1ebft \u00e1p, huy\u1ebft \u00e1p kh\u00f4ng \u1ed5n \u0111\u1ecbnh<br \/>\n&#8211; Ng\u01b0\u1eddi m\u1ea5t ng\u1ee7, kh\u00f3 ng\u1ee7 hay gi\u1ea5c ng\u1ee7 kh\u00f4ng s\u00e2u.<\/p>\n<p>M\u00e3 s\u1ea3n ph\u1ea9m: XJE39700<\/p>\n","protected":false},"excerpt":{"rendered":"<p><strong>V\u00f2ng tay Titanium Hard Coat II<\/strong> \u0111\u01b0\u1ee3c l\u00e0m t\u1eeb 100% titanium nguy\u00ean ch\u1ea5t v\u00e0 \u0111\u01b0\u1ee3c ph\u1ee7 l\u1edbp s\u01a1n c\u1ee9ng \u0111\u1eb7c bi\u1ec7t gi\u00fap b\u1ea3o v\u1ec7 b\u1ec1 m\u1eb7t, t\u0103ng c\u01b0\u1eddng \u0111\u1ed9 b\u1ec1n v\u00e0 ch\u1ed1ng tr\u1ea7y x\u01b0\u1edbc.<\/p>\n<p><strong>Ch\u1ea5t li\u1ec7u:<\/strong>\u00a0Titan nguy\u00ean ch\u1ea5t<br \/>\n<strong>C\u00f4ng ngh\u1ec7:\u00a0<\/strong>Aqua Titanium<br \/>\n<strong>K\u00edch th\u01b0\u1edbc:<\/strong>19cm (7,5 inch)<br \/>\n<strong>S\u1ea3n xu\u1ea5t:<\/strong>Trung Qu\u1ed1c (X\u1eed l\u00fd c\u00f4ng ngh\u1ec7 t\u1ea1i Nh\u1eadt B\u1ea3n)<br \/>\n<strong>Quy c\u00e1ch \u0111\u00f3ng g\u00f3i:<\/strong>\u00a01 v\u00f2ng tay\/h\u1ed9p<\/p>\n","protected":false},"featured_media":1354,"comment_status":"open","ping_status":"closed","template":"","meta":[],"product_brand":[],"product_cat":[214,71],"product_tag":[],"class_list":{"0":"post-735","1":"product","2":"type-product","3":"status-publish","4":"has-post-thumbnail","6":"product_cat-vong-tay-titanium","7":"product_cat-vong-tay","9":"first","10":"instock","11":"shipping-taxable","12":"purchasable","13":"product-type-variable","14":"has-default-attributes","15":"wvs-archive-product-wrapper"},"_links":{"self":[{"href":"https:\/\/phitenvn.com\/en\/wp-json\/wp\/v2\/product\/735","targetHints":{"allow":["GET"]}}],"collection":[{"href":"https:\/\/phitenvn.com\/en\/wp-json\/wp\/v2\/product"}],"about":[{"href":"https:\/\/phitenvn.com\/en\/wp-json\/wp\/v2\/types\/product"}],"replies":[{"embeddable":true,"href":"https:\/\/phitenvn.com\/en\/wp-json\/wp\/v2\/comments?post=735"}],"wp:featuredmedia":[{"embeddable":true,"href":"https:\/\/phitenvn.com\/en\/wp-json\/wp\/v2\/media\/1354"}],"wp:attachment":[{"href":"https:\/\/phitenvn.com\/en\/wp-json\/wp\/v2\/media?parent=735"}],"wp:term":[{"taxonomy":"product_brand","embeddable":true,"href":"https:\/\/phitenvn.com\/en\/wp-json\/wp\/v2\/product_brand?post=735"},{"taxonomy":"product_cat","embeddable":true,"href":"https:\/\/phitenvn.com\/en\/wp-json\/wp\/v2\/product_cat?post=735"},{"taxonomy":"product_tag","embeddable":true,"href":"https:\/\/phitenvn.com\/en\/wp-json\/wp\/v2\/product_tag?post=735"}],"curies":[{"name":"wp","href":"https:\/\/api.w.org\/{rel}","templated":true}]}}