{"id":474,"date":"2025-05-22T07:24:58","date_gmt":"2025-05-22T07:24:58","guid":{"rendered":"https:\/\/phitenvn.com\/?post_type=product&#038;p=474"},"modified":"2026-04-16T09:16:08","modified_gmt":"2026-04-16T02:16:08","slug":"gel-massage-extreme","status":"publish","type":"product","link":"https:\/\/phitenvn.com\/gel-massage-extreme\/","title":{"rendered":"Gel Massage Metax Extreme"},"content":{"rendered":"<h3><strong>Gel Massage To\u00e0n Th\u00e2n Metax\u00a0<\/strong><\/h3>\n<p>Gel massage to\u00e0n th\u00e2n m\u00e1t l\u1ea1nh mang l\u1ea1i c\u1ea3m gi\u00e1c s\u1ea3ng kho\u00e1i nh\u1eb9 nh\u00e0ng m\u00e0 kh\u00f4ng g\u00e2y b\u1ebft d\u00ednh.<\/p>\n<p><strong>\u00a0C\u00f4ng d\u1ee5ng c\u00f3 trong th\u00e0nh ph\u1ea7n m\u1edbi:<\/strong><br \/>\n&#8211; D\u1ea7u l\u00e1 tr\u00e0 \u0111\u1ec3 th\u01b0 gi\u00e3n: m\u00f9i h\u01b0\u01a1ng g\u1ed7 t\u01b0\u01a1i m\u00e1t v\u00e0 s\u1ea3ng kho\u00e1i, h\u1ed7 tr\u1ee3 th\u01b0 gi\u00e3n c\u01a1 th\u1ec3.<br \/>\n&#8211; Chi\u1ebft xu\u1ea5t l\u00e1 vi\u1ec7t qu\u1ea5t ch\u1ee9a nhi\u1ec1u lo\u1ea1i Polyphenol, Kho\u00e1ng ch\u1ea5t, Arbutin l\u00e0 nh\u1eefng th\u00e0nh ph\u1ea7n d\u01b0\u1ee1ng da v\u00e0 gi\u00fap s\u0103n ch\u1eafc da<br \/>\n&#8211; Chi\u1ebft xu\u1ea5t Yuzu Ceramide l\u00e0 m\u1ed9t lo\u1ea1i ceramide c\u1ea5p \u1ea9m cho da<br \/>\n&#8211; Chi\u1ebft xu\u1ea5t tr\u00e0 xanh: th\u00e0nh ph\u1ea7n kh\u1eed m\u00f9i v\u00e0 d\u01b0\u1ee1ng \u1ea9m<br \/>\n&#8211; Th\u00e0nh ph\u1ea7n kh\u1eed m\u00f9i k\u00e9p t\u1eeb th\u1ef1c v\u1eadt: tannin (qu\u1ea3 h\u1ed3ng) v\u00e0 chi\u1ebft xu\u1ea5t tr\u00e0 xanh (ch\u1ee9a Polyphenol, Caffeine, Tannin v\u00e0 Vitamin C).<\/p>\n<p><strong>H\u01b0\u1edbng D\u1eabn S\u1eed D\u1ee5ng &amp; L\u01b0u \u00dd<\/strong><\/p>\n<p>Gel massage kh\u00f4ng ch\u1ec9 gi\u00fap th\u01b0 gi\u00e3n c\u01a1 b\u1eafp m\u00e0 c\u00f2n h\u1ed7 tr\u1ee3 c\u00e2n b\u1eb1ng c\u01a1 th\u1ec3 hi\u1ec7u qu\u1ea3, \u0111\u1eb7c bi\u1ec7t ph\u00f9 h\u1ee3p v\u1edbi nh\u1eefng ai th\u01b0\u1eddng xuy\u00ean v\u1eadn \u0111\u1ed9ng ho\u1eb7c g\u1eb7p t\u00ecnh tr\u1ea1ng c\u0103ng c\u1ee9ng c\u01a1. \u0110\u1ec3 s\u1ea3n ph\u1ea9m ph\u00e1t huy t\u1ed1i \u0111a c\u00f4ng d\u1ee5ng, b\u1ea1n ch\u1ec9 c\u1ea7n l\u1ea5y m\u1ed9t l\u01b0\u1ee3ng gel th\u00edch h\u1ee3p v\u00e0o l\u00f2ng b\u00e0n tay, sau \u0111\u00f3 thoa \u0111\u1ec1u l\u00ean v\u00f9ng da c\u1ea7n ch\u0103m s\u00f3c. Sau khi s\u1eed d\u1ee5ng, h\u00e3y r\u1eeda s\u1ea1ch gel kh\u1ecfi tay \u0111\u1ec3 \u0111\u1ea3m b\u1ea3o an to\u00e0n v\u00e0 tr\u00e1nh ti\u1ebfp x\u00fac v\u1edbi m\u1eaft ho\u1eb7c mi\u1ec7ng.<\/p>\n<p>Khi s\u1eed d\u1ee5ng, c\u1ea7n l\u01b0u \u00fd tr\u00e1nh thoa l\u00ean v\u1ebft th\u01b0\u01a1ng h\u1edf, v\u00f9ng da b\u1ecb ph\u00e1t ban ho\u1eb7c c\u00f3 c\u00e1c v\u1ea5n \u0111\u1ec1 da li\u1ec5u. N\u1ebfu b\u1ea1n c\u00f3 l\u00e0n da nh\u1ea1y c\u1ea3m, h\u00e3y th\u1eed m\u1ed9t l\u01b0\u1ee3ng nh\u1ecf tr\u01b0\u1edbc khi d\u00f9ng r\u1ed9ng r\u00e3i. Nh\u1eefng ai qu\u00e1 m\u1eabn c\u1ea3m v\u1edbi r\u01b0\u1ee3u ho\u1eb7c tr\u1ebb s\u01a1 sinh kh\u00f4ng n\u00ean s\u1eed d\u1ee5ng s\u1ea3n ph\u1ea9m n\u00e0y. Trong tr\u01b0\u1eddng h\u1ee3p xu\u1ea5t hi\u1ec7n c\u00e1c d\u1ea5u hi\u1ec7u k\u00edch \u1ee9ng nh\u01b0 \u0111\u1ecf da, s\u01b0ng t\u1ea5y, ng\u1ee9a ho\u1eb7c \u0111\u1ed5i m\u00e0u da, h\u00e3y ng\u01b0ng s\u1eed d\u1ee5ng ngay v\u00e0 tham kh\u1ea3o \u00fd ki\u1ebfn b\u00e1c s\u0129. Ngo\u00e0i ra, kh\u00f4ng \u0111\u1ec3 s\u1ea3n ph\u1ea9m ti\u1ebfp x\u00fac tr\u1ef1c ti\u1ebfp v\u1edbi \u00e1nh n\u1eafng m\u1eb7t tr\u1eddi, tr\u00e1nh nhi\u1ec7t \u0111\u1ed9 qu\u00e1 cao ho\u1eb7c qu\u00e1 th\u1ea5p \u0111\u1ec3 \u0111\u1ea3m b\u1ea3o ch\u1ea5t l\u01b0\u1ee3ng gel \u0111\u01b0\u1ee3c duy tr\u00ec t\u1ed1t nh\u1ea5t.<\/p>\n","protected":false},"excerpt":{"rendered":"<p><strong>C\u00f4ng d\u1ee5ng:<\/strong><br \/>\n&#8211; H\u1ea1 nhi\u1ec7t sau khi v\u1eadn \u0111\u1ed9ng th\u1ec3 thao<br \/>\n&#8211; Xoa d\u1ecbu m\u1ec7t m\u1ecfi v\u1edbi c\u1ea3m gi\u00e1c s\u1ea3ng kho\u00e1i<br \/>\n&#8211; Gi\u00fap d\u01b0\u1ee1ng \u1ea9m v\u00e0 l\u00e0m d\u1ecbu da<\/p>\n<p><strong>\u00a0Th\u00e0nh ph\u1ea7n ch\u00ednh:<\/strong><br \/>\n&#8211; Menthol v\u00e0 Ethanol mang l\u1ea1i c\u1ea3m gi\u00e1c m\u00e1t l\u1ea1nh v\u00e0 th\u01b0 gi\u00e3n.<br \/>\n&#8211; Superoxide dismutase, m\u1ed9t th\u00e0nh ph\u1ea7n d\u01b0\u1ee1ng \u1ea9m.<br \/>\n&#8211; Persimmon tannin gi\u00fap kh\u1eed m\u00f9i c\u01a1 th\u1ec3.<\/p>\n<p><strong>\u00a0C\u00f4ng ngh\u1ec7:\u00a0<\/strong>Metax<br \/>\n<strong>\u00a0S\u1ea3n xu\u1ea5t:\u00a0<\/strong>Nh\u1eadt B\u1ea3n<br \/>\n<strong>\u00a0Quy c\u00e1ch \u0111\u00f3ng g\u00f3i:\u00a0<\/strong>110 g\/ h\u1ed9p<\/p>\n<p><strong>M\u00e3 s\u1ea3n ph\u1ea9m:<\/strong>\u00a04940756431870<\/p>\n","protected":false},"featured_media":1298,"comment_status":"open","ping_status":"closed","template":"","meta":[],"product_brand":[],"product_cat":[76],"product_tag":[],"class_list":{"0":"post-474","1":"product","2":"type-product","3":"status-publish","4":"has-post-thumbnail","6":"product_cat-metax-series","8":"first","9":"instock","10":"shipping-taxable","11":"purchasable","12":"product-type-simple"},"_links":{"self":[{"href":"https:\/\/phitenvn.com\/en\/wp-json\/wp\/v2\/product\/474","targetHints":{"allow":["GET"]}}],"collection":[{"href":"https:\/\/phitenvn.com\/en\/wp-json\/wp\/v2\/product"}],"about":[{"href":"https:\/\/phitenvn.com\/en\/wp-json\/wp\/v2\/types\/product"}],"replies":[{"embeddable":true,"href":"https:\/\/phitenvn.com\/en\/wp-json\/wp\/v2\/comments?post=474"}],"wp:featuredmedia":[{"embeddable":true,"href":"https:\/\/phitenvn.com\/en\/wp-json\/wp\/v2\/media\/1298"}],"wp:attachment":[{"href":"https:\/\/phitenvn.com\/en\/wp-json\/wp\/v2\/media?parent=474"}],"wp:term":[{"taxonomy":"product_brand","embeddable":true,"href":"https:\/\/phitenvn.com\/en\/wp-json\/wp\/v2\/product_brand?post=474"},{"taxonomy":"product_cat","embeddable":true,"href":"https:\/\/phitenvn.com\/en\/wp-json\/wp\/v2\/product_cat?post=474"},{"taxonomy":"product_tag","embeddable":true,"href":"https:\/\/phitenvn.com\/en\/wp-json\/wp\/v2\/product_tag?post=474"}],"curies":[{"name":"wp","href":"https:\/\/api.w.org\/{rel}","templated":true}]}}