{"id":471,"date":"2025-05-22T07:15:22","date_gmt":"2025-05-22T07:15:22","guid":{"rendered":"https:\/\/phitenvn.com\/?post_type=product&#038;p=471"},"modified":"2026-04-16T09:16:47","modified_gmt":"2026-04-16T02:16:47","slug":"duong-the-metax-lotion","status":"publish","type":"product","link":"https:\/\/phitenvn.com\/duong-the-metax-lotion\/","title":{"rendered":"METAX LOTION b &#8211; Massage Lotion Th\u1ebf H\u1ec7 M\u1edbi"},"content":{"rendered":"<h2>Massage Lotion Metax b Phiten<\/h2>\n<p><a href=\"https:\/\/phitenvn.com\/duong-the-metax-lotion\/\" target=\"_blank\" rel=\"noopener\">Massage Lotion<\/a> Metax b Phiten l\u00e0 m\u1ed9t lo\u1ea1i d\u01b0\u1ee1ng th\u1ec3 th\u1ebf h\u1ec7 m\u1edbi gi\u00fap th\u01b0 gi\u1ea3n c\u01a1 b\u1eafp t\u1ee9c th\u00ec. S\u1ea3n ph\u1ea9m \u0111\u01b0\u1ee3c s\u1eed d\u1ee5ng ph\u1ed5 bi\u1ebfn t\u1ea1i Nh\u1eadt v\u1edbi m\u00f9i h\u01b0\u01a1ng cam chanh s\u1ea3ng kho\u00e1i. S\u1ea3n ph\u1ea9m \u0111em l\u1ea1i l\u1ee3i \u00edch s\u1ee9c kho\u1ebb cho t\u1eeb v\u1eadn \u0111\u1ed9ng vi\u00ean th\u1ec3 thao \u0111\u1ebfn cu\u1ed9c s\u1ed1ng h\u1eb1ng ng\u00e0y.<\/p>\n<p>\u0110\u1ed1i t\u01b0\u1ee3ng s\u1eed d\u1ee5ng:<\/p>\n<p>Metax Lotion Massage gi\u00fap th\u01b0 gi\u00e3n c\u01a1 b\u1eafp trong c\u00e1c ho\u1ea1t \u0111\u1ed9ng \u0111\u1eddi s\u1ed1ng h\u1eb1ng ng\u00e0y, b\u1ea1n ch\u1ec9 c\u1ea7n thoa v\u00e0o v\u00f9ng \u00ea \u1ea9m m\u00e0 kh\u00f4ng c\u1ea7n massage c\u0169ng \u0111\u00e3 c\u1ea3m nh\u1eadn \u0111\u01b0\u1ee3c s\u1ef1 c\u1ea3i thi\u1ec7n r\u00f5 r\u1ec7t:<\/p>\n<p>&#8211; C\u00f4ng vi\u1ec7c v\u0103n ph\u00f2ng, l\u00e1i xe \u0111\u01b0\u1eddng d\u00e0i hay l\u00e0m n\u1ed9i tr\u1ee3 khi\u1ebfn c\u01a1 th\u1ec3 th\u01b0\u1eddng xuy\u00ean r\u01a1i v\u00e0o tr\u1ea1ng th\u00e1i c\u0103ng c\u1ee9ng, \u0111\u1eb7c bi\u1ec7t l\u00e0 v\u00f9ng vai g\u00e1y.<\/p>\n<p>&#8211; Vi\u1ec7c ng\u1ed3i l\u00e2u m\u1ed9t ch\u1ed7 hay ho\u1ea1t \u0111\u1ed9ng l\u1eb7p \u0111i l\u1eb7p l\u1ea1i c\u00f3 th\u1ec3 g\u00e2y \u0111au nh\u1ee9c, kh\u00f3 ch\u1ecbu k\u00e9o d\u00e0i.<\/p>\n<p>&#8211; Metax Lotion gi\u00fap th\u01b0 gi\u00e3n c\u01a1 b\u1eafp, l\u00e0m d\u1ecbu c\u01a1n \u0111au m\u1ed9t c\u00e1ch nhanh ch\u00f3ng, mang l\u1ea1i c\u1ea3m gi\u00e1c tho\u1ea3i m\u00e1i t\u1ee9c th\u00ec. B\u00ean c\u1ea1nh \u0111\u00f3, s\u1ea3n ph\u1ea9m c\u00f2n h\u1ed7 tr\u1ee3 l\u01b0u th\u00f4ng tu\u1ea7n ho\u00e0n m\u00e1u, gi\u1ea3m t\u00ea b\u00ec ch\u00e2n tay do \u00edt v\u1eadn \u0111\u1ed9ng, gi\u00fap c\u01a1 th\u1ec3 lu\u00f4n trong tr\u1ea1ng th\u00e1i linh ho\u1ea1t.<\/p>\n<p>&#8211; V\u1edbi k\u1ebft c\u1ea5u l\u1ecfng nh\u1eb9, th\u1ea9m th\u1ea5u nhanh m\u00e0 kh\u00f4ng g\u00e2y b\u1ebft d\u00ednh, Metax Lotion l\u00e0 l\u1ef1a ch\u1ecdn ho\u00e0n h\u1ea3o \u0111\u1ec3 s\u1eed d\u1ee5ng ngay t\u1ea1i v\u0103n ph\u00f2ng hay trong sinh ho\u1ea1t h\u1eb1ng ng\u00e0y.<\/p>\n<p>H\u1ed7 tr\u1ee3 t\u1ed1i \u01b0u cho ng\u01b0\u1eddi ch\u01a1i th\u1ec3 thao:<\/p>\n<p>&#8211; V\u1eadn \u0111\u1ed9ng vi\u00ean hay ng\u01b0\u1eddi th\u01b0\u1eddng xuy\u00ean t\u1eadp luy\u1ec7n th\u1ec3 thao \u0111\u1ec1u d\u1ec5 g\u1eb7p ph\u1ea3i t\u00ecnh tr\u1ea1ng \u0111au nh\u1ee9c c\u01a1 b\u1eafp, c\u0103ng c\u1ee9ng ho\u1eb7c ch\u1ea5n th\u01b0\u01a1ng nh\u1eb9.<\/p>\n<p>&#8211; D\u01b0\u1ee1ng th\u1ec3 Metax gi\u00fap l\u00e0m d\u1ecbu c\u01a1 ngay l\u1eadp t\u1ee9c, h\u1ed7 tr\u1ee3 th\u01b0 gi\u00e3n c\u01a1 b\u1eafp v\u00e0 gi\u1ea3m nh\u1ee9c m\u1ecfi khi s\u1eed d\u1ee5ng tr\u01b0\u1edbc v\u00e0 sau khi t\u1eadp luy\u1ec7n.<\/p>\n<p>&#8211; Nh\u1edd c\u00f4ng ngh\u1ec7 Aqua Titan v\u00e0 Aqua Gold, s\u1ea3n ph\u1ea9m th\u00fac \u0111\u1ea9y c\u00e2n b\u1eb1ng c\u01a1 th\u1ec3, gi\u1ea3m t\u00ecnh tr\u1ea1ng t\u00ea c\u1ee9ng, chu\u1ed9t r\u00fat khi v\u1eadn \u0111\u1ed9ng nhi\u1ec1u v\u00e0\u00a0 gi\u00fap c\u01a1 th\u1ec3 ph\u1ee5c h\u1ed3i nhanh h\u01a1n.<\/p>\n<p>&#8211; Ngo\u00e0i ra, d\u01b0\u1ee1ng th\u1ec3 Metax c\u00f2n c\u00f3 t\u00e1c d\u1ee5ng gi\u1ea3m vi\u00eam nh\u1eb9, h\u1ed7 tr\u1ee3 th\u01b0 gi\u00e3n c\u01a1 v\u00e0 gi\u1ea3m c\u0103ng c\u1ee9ng khi \u0111\u01b0\u1ee3c massage tr\u1ef1c ti\u1ebfp l\u00ean v\u00f9ng b\u1ecb \u0111au, gi\u00fap ng\u01b0\u1eddi d\u00f9ng lu\u00f4n s\u1eb5n s\u00e0ng cho nh\u1eefng th\u1eed th\u00e1ch ti\u1ebfp theo.<\/p>\n","protected":false},"excerpt":{"rendered":"<h2>\u0110\u1eb7c \u0111i\u1ec3m s\u1ea3n ph\u1ea9m Massage Lotion METAX b<\/h2>\n<p>&#8211; M\u1ed9t \u0111i\u1ec1u quan tr\u1ecdng l\u00e0 s\u1ea3n ph\u1ea9m massage lotion n\u00e0y kh\u00f4ng y\u00eau c\u1ea7u ph\u1ea3i bi\u1ebft massage hay v\u1eadt l\u00fd tr\u1ecb li\u1ec7u \u0111\u1ec3 c\u1ea3m nh\u1eadn \u0111\u01b0\u1ee3c hi\u1ec7u qu\u1ea3. B\u1ea1n ch\u1ec9 c\u1ea7n thoa l\u00ean v\u00f9ng b\u1ecb nh\u1ee9c m\u1ecfi \u0111\u1ec3 c\u1ea3m nh\u1eadn \u0111\u01b0\u1ee3c hi\u1ec7u qu\u1ea3 t\u1ee9c th\u00ec.<\/p>\n<p>&#8211; Lo\u1ea1i d\u01b0\u1ee1ng th\u1ec3 kh\u00f4ng b\u1ebft d\u00ednh c\u00f3 th\u1ec3 d\u1ec5 d\u00e0ng thoa l\u00ean h\u1ea7u h\u1ebft m\u1ecdi b\u1ed9 ph\u1eadn tr\u00ean c\u01a1 th\u1ec3, gi\u00fap da m\u1ecbn m\u00e0ng v\u00e0 th\u01b0 gi\u00e3n c\u01a1 th\u1ec3.<\/p>\n<p>&#8211; C\u00f3 th\u1ec3 d\u00f9ng h\u00e0ng ng\u00e0y ho\u1eb7c tr\u01b0\u1edbc\/ trong\/ sau khi t\u1eadp luy\u1ec7n th\u1ec3 thao v\u00e0 thi \u0111\u1ea5u.<\/p>\n<p>&#8211; Th\u1ec3 t\u00edch: 120ml<\/p>\n<p>&#8211; C\u00f3 hi\u1ec7u qu\u1ea3 v\u01b0\u1ee3t tr\u1ed9i khi d\u00f9ng v\u1edbi C\u00e2y l\u0103n massage &#8211; Phiten Titan Roller<\/p>\n<p>T\u00e1c d\u1ee5ng:<\/p>\n<p>&#8211; \u0110i\u1ec1u ho\u00e0 ion, h\u1ed7 tr\u1ee3 c\u00e2n b\u1eb1ng c\u01a1 th\u1ec3<\/p>\n<p>&#8211; Gi\u1ea3m ch\u1ea5n th\u01b0\u01a1ng v\u1ec1 c\u01a1 nh\u01b0: c\u0103ng, s\u01b0ng t\u1ea5y v\u00e0 nh\u1ee9c m\u1ecfi c\u01a1 khi v\u1eadn \u0111\u1ed9ng n\u1eb7ng, th\u01b0\u1eddng xuy\u00ean ho\u1eb7c ch\u01a1i th\u1ec3 thao.<\/p>\n<p>&#8211; L\u00e0m d\u1ecbu da khi da b\u1ecb \u0111\u1ecf, s\u01b0ng, ph\u00f9 n\u1ec1 do va ch\u1ea1m m\u1ea1nh.<\/p>\n<p>C\u00f4ng ngh\u1ec7: Metax<\/p>\n<p>N\u01a1i s\u1ea3n xu\u1ea5t: Nh\u1eadt B\u1ea3n<\/p>\n<p>SKU: EY187000<\/p>\n","protected":false},"featured_media":1293,"comment_status":"open","ping_status":"closed","template":"","meta":[],"product_brand":[],"product_cat":[76,582],"product_tag":[],"class_list":{"0":"post-471","1":"product","2":"type-product","3":"status-publish","4":"has-post-thumbnail","6":"product_cat-metax-series","7":"product_cat-san-pham-ban-chay-en","9":"first","10":"instock","11":"shipping-taxable","12":"purchasable","13":"product-type-simple"},"_links":{"self":[{"href":"https:\/\/phitenvn.com\/en\/wp-json\/wp\/v2\/product\/471","targetHints":{"allow":["GET"]}}],"collection":[{"href":"https:\/\/phitenvn.com\/en\/wp-json\/wp\/v2\/product"}],"about":[{"href":"https:\/\/phitenvn.com\/en\/wp-json\/wp\/v2\/types\/product"}],"replies":[{"embeddable":true,"href":"https:\/\/phitenvn.com\/en\/wp-json\/wp\/v2\/comments?post=471"}],"wp:featuredmedia":[{"embeddable":true,"href":"https:\/\/phitenvn.com\/en\/wp-json\/wp\/v2\/media\/1293"}],"wp:attachment":[{"href":"https:\/\/phitenvn.com\/en\/wp-json\/wp\/v2\/media?parent=471"}],"wp:term":[{"taxonomy":"product_brand","embeddable":true,"href":"https:\/\/phitenvn.com\/en\/wp-json\/wp\/v2\/product_brand?post=471"},{"taxonomy":"product_cat","embeddable":true,"href":"https:\/\/phitenvn.com\/en\/wp-json\/wp\/v2\/product_cat?post=471"},{"taxonomy":"product_tag","embeddable":true,"href":"https:\/\/phitenvn.com\/en\/wp-json\/wp\/v2\/product_tag?post=471"}],"curies":[{"name":"wp","href":"https:\/\/api.w.org\/{rel}","templated":true}]}}