{"id":372,"date":"2025-05-20T09:41:27","date_gmt":"2025-05-20T09:41:27","guid":{"rendered":"https:\/\/phitenvn.com\/?post_type=product&#038;p=372"},"modified":"2025-10-12T01:12:53","modified_gmt":"2025-10-12T01:12:53","slug":"bang-dan-co-the-thao-titanium-x100","status":"publish","type":"product","link":"https:\/\/phitenvn.com\/bang-dan-co-the-thao-titanium-x100\/","title":{"rendered":"B\u0103ng D\u00e1n C\u01a1 Th\u1ec3 Thao Titanium x100"},"content":{"rendered":"<h3><strong>B\u0103ng D\u00e1n C\u01a1 Th\u1ec3 Thao Titanium x100 (cu\u1ed9n 5.0CM x 4.5M)<\/strong><\/h3>\n<p><strong>C\u00f4ng d\u1ee5ng<\/strong><br \/>\n-Linh ho\u1ea1t v\u00e0 tho\u00e1ng kh\u00ed h\u01a1n so v\u1edbi c\u00e1c b\u0103ng kh\u00e1c v\u00e0 gi\u00fap \u0111\u1ea1t \u0111\u01b0\u1ee3c kh\u1ea3 n\u0103ng di chuy\u1ec3n t\u1ef1 nhi\u00ean.<br \/>\n-Th\u01b0 gi\u00e3n t\u1ee9c th\u00ec \u1edf c\u00e1c v\u00f9ng kh\u00f3 ch\u1ecbu.<br \/>\n-Gi\u1ea3m ch\u1ea5n th\u01b0\u01a1ng th\u01b0\u1eddng g\u1eb7p v\u1ec1 c\u01a1<br \/>\n-T\u0103ng hi\u1ec7u su\u1ea5t t\u1eadp luy\u1ec7n c\u00e1c b\u00e0i t\u1eadp kh\u00f3, \u0111\u00f2i h\u1ecfi tr\u01b0\u1ee3t, gi\u00e3n v\u1edbi bi\u00ean \u0111\u1ed9 r\u1ed9ng.<br \/>\n-\u0110\u01b0\u1ee3c s\u1eed d\u1ee5ng ph\u1ed5 bi\u1ebfn b\u1edfi nhi\u1ec1u v\u1eadn \u0111\u1ed9ng vi\u00ean, hu\u1ea5n luy\u1ec7n vi\u00ean to\u00e0n c\u1ea7u.<br \/>\n-B\u0103ng d\u00e1n \u01b0a th\u00edch c\u1ee7a nhi\u1ec1u kh\u00e1ch h\u00e0ng tr\u00ean to\u00e0n th\u1ebf gi\u1edbi.<\/p>\n<p><strong>\u0110\u1ec1 xu\u1ea5t s\u1eed d\u1ee5ng:<\/strong><br \/>\n-Ng\u01b0\u1eddi b\u1ecb ch\u1ea5n th\u01b0\u01a1ng n\u1eb7ng, h\u1ed3i ph\u1ee5c sau ph\u1eabu thu\u1eadt, \u0111au kinh ni\u00ean<br \/>\n-\u0110au \u0111\u1ea7u, \u0111au l\u01b0ng, \u0111au m\u1ecfi vai g\u00e1y, c\u0103ng c\u01a1,&#8230;<br \/>\n-D\u00e1n v\u00e0o b\u1ea5t c\u1ee9 v\u1ecb tr\u00ed n\u00e0o tr\u00ean c\u01a1 th\u1ec3 b\u1ecb \u0111au nh\u1ee9c<br \/>\n-S\u1eed d\u1ee5ng tr\u01b0\u1edbc khi ch\u01a1i th\u1ec3 thao, t\u1eadp th\u1ec3 d\u1ee5c ho\u1eb7c sau khi v\u1eadn \u0111\u1ed9ng<br \/>\n-Thu\u1eadn ti\u1ec7n \u0111\u1ec3 mang theo v\u00e0 s\u1eed d\u1ee5ng m\u1ecdi l\u00fac m\u1ecdi n\u01a1i.<\/p>\n<p><strong>M\u00e3 s\u1ea3n ph\u1ea9m:<\/strong> PU752029-1<\/p>\n","protected":false},"excerpt":{"rendered":"<p>V\u1edbi <strong>ch\u1ee9ng nh\u1eadn t\u1eeb FDA<\/strong> v\u1ec1 \u0111\u1ed9 an to\u00e0n v\u00e0 hi\u1ec7u qu\u1ea3, <strong>b\u0103ng d\u00e1n c\u01a1 th\u1ec3 thao Titanium X100<\/strong> Phiten l\u00e0 l\u1ef1a ch\u1ecdn l\u00fd t\u01b0\u1edfng \u0111\u1ec3 h\u1ed7 tr\u1ee3 v\u1eadn \u0111\u1ed9ng, gi\u1ea3m \u0111au v\u00e0 ng\u0103n ng\u1eeba ch\u1ea5n th\u01b0\u01a1ng, mang \u0111\u1ebfn tr\u1ea3i nghi\u1ec7m ch\u0103m s\u00f3c s\u1ee9c kh\u1ecfe t\u1ed1i \u01b0u.<\/p>\n<p><strong>\u0110\u1eb7c \u0111i\u1ec3m c\u1ee7a s\u1ea3n ph\u1ea9m<\/strong><br \/>\n&#8211; K\u00edch th\u01b0\u1edbc b\u0103ng d\u00e1n cu\u1ed9n 5.0CM x 4.5M<br \/>\n&#8211; D\u1ec5 s\u1eed d\u1ee5ng, co gi\u00e3n t\u1ed1t, ch\u1ed1ng n\u01b0\u1edbc.<br \/>\n&#8211; Th\u1ea5m m\u1ed3 h\u00f4i v\u00e0 tho\u00e1ng.<br \/>\n&#8211; H\u1ed7 tr\u1ee3 v\u1eadn \u0111\u1ed9ng th\u1ec3 thao<\/p>\n","protected":false},"featured_media":1408,"comment_status":"open","ping_status":"closed","template":"","meta":[],"product_brand":[],"product_cat":[45],"product_tag":[],"class_list":{"0":"post-372","1":"product","2":"type-product","3":"status-publish","4":"has-post-thumbnail","6":"product_cat-bang-dan-cuon","8":"first","9":"instock","10":"shipping-taxable","11":"purchasable","12":"product-type-variable","13":"has-default-attributes","14":"wvs-archive-product-wrapper"},"_links":{"self":[{"href":"https:\/\/phitenvn.com\/en\/wp-json\/wp\/v2\/product\/372","targetHints":{"allow":["GET"]}}],"collection":[{"href":"https:\/\/phitenvn.com\/en\/wp-json\/wp\/v2\/product"}],"about":[{"href":"https:\/\/phitenvn.com\/en\/wp-json\/wp\/v2\/types\/product"}],"replies":[{"embeddable":true,"href":"https:\/\/phitenvn.com\/en\/wp-json\/wp\/v2\/comments?post=372"}],"wp:featuredmedia":[{"embeddable":true,"href":"https:\/\/phitenvn.com\/en\/wp-json\/wp\/v2\/media\/1408"}],"wp:attachment":[{"href":"https:\/\/phitenvn.com\/en\/wp-json\/wp\/v2\/media?parent=372"}],"wp:term":[{"taxonomy":"product_brand","embeddable":true,"href":"https:\/\/phitenvn.com\/en\/wp-json\/wp\/v2\/product_brand?post=372"},{"taxonomy":"product_cat","embeddable":true,"href":"https:\/\/phitenvn.com\/en\/wp-json\/wp\/v2\/product_cat?post=372"},{"taxonomy":"product_tag","embeddable":true,"href":"https:\/\/phitenvn.com\/en\/wp-json\/wp\/v2\/product_tag?post=372"}],"curies":[{"name":"wp","href":"https:\/\/api.w.org\/{rel}","templated":true}]}}