{"id":365,"date":"2025-05-20T09:41:27","date_gmt":"2025-05-20T09:41:27","guid":{"rendered":"https:\/\/phitenvn.com\/?post_type=product&#038;p=365"},"modified":"2026-04-16T08:45:54","modified_gmt":"2026-04-16T01:45:54","slug":"mieng-dan-co-metax","status":"publish","type":"product","link":"https:\/\/phitenvn.com\/mieng-dan-co-metax\/","title":{"rendered":"Mi\u1ebfng D\u00e1n C\u01a1 Metax (50 mi\u1ebfng)"},"content":{"rendered":"<h3><strong>Mi\u1ebfng D\u00e1n C\u01a1 METAX (lo\u1ea1i 50 mi\u1ebfng d\u00e1n)<\/strong><\/h3>\n<p>Mi\u1ebfng d\u00e1n c\u01a1 METAX thi\u1ebft k\u1ebf nh\u1ecf g\u1ecdn, d\u1ec5 d\u00e0ng s\u1eed d\u1ee5ng t\u1ea1i c\u00e1c khu v\u1ef1c nh\u1ecf nh\u01b0 ng\u00f3n tay, c\u1ed5 tay, vai, g\u00e1y ho\u1eb7c b\u1ea5t k\u1ef3 v\u00f9ng n\u00e0o c\u1ea7n h\u1ed7 tr\u1ee3.<br \/>\n\u0110\u1eb7c bi\u1ec7t, ch\u1ea5t li\u1ec7u cao c\u1ea5p c\u1ee7a Phiten \u0111\u1ea3m b\u1ea3o \u0111\u1ed9 b\u00e1m ch\u1eafc nh\u01b0ng v\u1eabn tho\u1ea3i m\u00e1i, ph\u00f9 h\u1ee3p cho c\u1ea3 ho\u1ea1t \u0111\u1ed9ng th\u1ec3 thao l\u1eabn sinh ho\u1ea1t h\u1eb1ng ng\u00e0y.<\/p>\n<p>&#8211; Th\u01b0 gi\u00e3n c\u01a1 t\u1ee9c th\u00ec<br \/>\n&#8211; H\u1ed7 tr\u1ee3 v\u00f9ng vai g\u00e1y c\u1ed5<br \/>\n&#8211; \u0110\u1ea3m b\u1ea3o hi\u1ec7u su\u1ea5t trong qu\u00e1 tr\u00ecnh l\u00e0m vi\u1ec7c, ho\u1ea1t \u0111\u1ed9ng<br \/>\n&#8211; \u0110i\u1ec1u h\u00f2a d\u00f2ng \u0111i\u1ec7n sinh h\u1ecdc trong th\u1ec3<br \/>\n&#8211; C\u00f3 t\u00e1c d\u1ee5ng tr\u1ecb li\u1ec7u, kh\u1eafc ph\u1ee5c t\u00ecnh tr\u1ea1ng m\u1ea1ch m\u00e1u b\u1ecb t\u1eafc ngh\u1ebdn.<\/p>\n<p><strong>\u0110\u1ed1i t\u01b0\u1ee3ng s\u1eed d\u1ee5ng:<\/strong><br \/>\n&#8211; Ng\u01b0\u1eddi ch\u01a1i th\u1ec3 thao, v\u1eadn \u0111\u1ed9ng vi\u00ean<br \/>\n&#8211; Ng\u01b0\u1eddi l\u00e0m vi\u1ec7c v\u0103n ph\u00f2ng, th\u01b0\u1eddng xuy\u00ean ng\u1ed3i l\u00e2u<br \/>\n&#8211; Ng\u01b0\u1eddi g\u1eb7p v\u1ea5n \u0111\u1ec1 v\u1ec1 c\u01a1, x\u01b0\u01a1ng, kh\u1edbp trong sinh ho\u1ea1t h\u1eb1ng ng\u00e0y<br \/>\n&#8211; Ng\u01b0\u1eddi mong mu\u1ed1n th\u01b0 gi\u00e3n c\u01a1 th\u1ec3, c\u00e2n b\u1eb1ng c\u01a1 th\u1ec3<\/p>\n<p><strong>\u0110\u1ec1 xu\u1ea5t s\u1eed d\u1ee5ng:<\/strong><br \/>\n&#8211; \u0110au \u0111\u1ea7u, \u0111au l\u01b0ng, \u0111au m\u1ecfi vai g\u00e1y, c\u0103ng c\u01a1,&#8230;<br \/>\n&#8211; D\u00e1n v\u00e0o b\u1ea5t c\u1ee9 v\u1ecb tr\u00ed n\u00e0o tr\u00ean c\u01a1 th\u1ec3 b\u1ecb \u0111au nh\u1ee9c<br \/>\n&#8211; S\u1eed d\u1ee5ng tr\u01b0\u1edbc khi ch\u01a1i th\u1ec3 thao, t\u1eadp th\u1ec3 d\u1ee5c ho\u1eb7c sau khi v\u1eadn \u0111\u1ed9ng<br \/>\n&#8211; Thu\u1eadn ti\u1ec7n \u0111\u1ec3 mang theo v\u00e0 s\u1eed d\u1ee5ng m\u1ecdi l\u00fac m\u1ecdi n\u01a1i.<\/p>\n<p><strong>M\u00e3 s\u1ea3n ph\u1ea9m:<\/strong> PT730000<\/p>\n","protected":false},"excerpt":{"rendered":"<p><strong>\u0110\u1eb7c \u0111i\u1ec3m s\u1ea3n ph\u1ea9m:<\/strong><br \/>\n&#8211; D\u1ec5 s\u1eed d\u1ee5ng, ch\u1ed1ng n\u01b0\u1edbc.<br \/>\n&#8211; Th\u1ea5m m\u1ed3 h\u00f4i v\u00e0 th\u00f4ng tho\u00e1ng.<br \/>\n&#8211; D\u00f9ng cho da th\u01b0\u1eddng v\u00e0 th\u1eadm ch\u00ed cho da nh\u1ea1y c\u1ea3m<br \/>\n<strong>C\u00f4ng ngh\u1ec7 v\u00e0 Ch\u1ea5t li\u1ec7u:<\/strong> AQUA METAX<br \/>\n&#8211; Lo\u1ea1i Mica \u0111\u01b0\u1ee3c s\u1eed d\u1ee5ng c\u00f3 t\u00ean l\u00e0 &#8220;Gold Mica&#8221; l\u00e0 m\u1ed9t s\u1ef1 k\u1ebft h\u1ee3p t\u1ef1 nhi\u00ean gi\u1eefa kho\u00e1ng ch\u1ea5t gi\u00e0u magi\u00ea v\u00e0 gi\u00e1 tr\u1ecb sinh h\u1ecdc cao.<br \/>\n&#8211; V\u1ea3i d\u1ec7t: Polyester 61%, Cotton 33%, Polyurethane 7%.<br \/>\n<strong>S\u1ea3n xu\u1ea5t:<\/strong> Nh\u1eadt B\u1ea3n<br \/>\n<strong>Quy c\u00e1ch \u0111\u00f3ng g\u00f3i:<\/strong> 50 mi\u1ebfng\/ g\u00f3i<\/p>\n","protected":false},"featured_media":1405,"comment_status":"open","ping_status":"closed","template":"","meta":[],"product_brand":[],"product_cat":[44,43],"product_tag":[],"class_list":{"0":"post-365","1":"product","2":"type-product","3":"status-publish","4":"has-post-thumbnail","6":"product_cat-bang-dan-diem","7":"product_cat-bang-dan-co","9":"first","10":"outofstock","11":"shipping-taxable","12":"purchasable","13":"product-type-simple"},"_links":{"self":[{"href":"https:\/\/phitenvn.com\/en\/wp-json\/wp\/v2\/product\/365","targetHints":{"allow":["GET"]}}],"collection":[{"href":"https:\/\/phitenvn.com\/en\/wp-json\/wp\/v2\/product"}],"about":[{"href":"https:\/\/phitenvn.com\/en\/wp-json\/wp\/v2\/types\/product"}],"replies":[{"embeddable":true,"href":"https:\/\/phitenvn.com\/en\/wp-json\/wp\/v2\/comments?post=365"}],"wp:featuredmedia":[{"embeddable":true,"href":"https:\/\/phitenvn.com\/en\/wp-json\/wp\/v2\/media\/1405"}],"wp:attachment":[{"href":"https:\/\/phitenvn.com\/en\/wp-json\/wp\/v2\/media?parent=365"}],"wp:term":[{"taxonomy":"product_brand","embeddable":true,"href":"https:\/\/phitenvn.com\/en\/wp-json\/wp\/v2\/product_brand?post=365"},{"taxonomy":"product_cat","embeddable":true,"href":"https:\/\/phitenvn.com\/en\/wp-json\/wp\/v2\/product_cat?post=365"},{"taxonomy":"product_tag","embeddable":true,"href":"https:\/\/phitenvn.com\/en\/wp-json\/wp\/v2\/product_tag?post=365"}],"curies":[{"name":"wp","href":"https:\/\/api.w.org\/{rel}","templated":true}]}}