{"id":362,"date":"2025-05-20T09:41:26","date_gmt":"2025-05-20T09:41:26","guid":{"rendered":"https:\/\/phitenvn.com\/?post_type=product&#038;p=362"},"modified":"2026-04-16T08:58:52","modified_gmt":"2026-04-16T01:58:52","slug":"mieng-dan-co-power-tape","status":"publish","type":"product","link":"https:\/\/phitenvn.com\/mieng-dan-co-power-tape\/","title":{"rendered":"Mi\u1ebfng D\u00e1n C\u01a1 Power Tape (6 mi\u1ebfng)"},"content":{"rendered":"<h3><strong>Mi\u1ebfng D\u00e1n C\u01a1 Power Tape (6 mi\u1ebfng)<\/strong><\/h3>\n<p><strong>C\u00f4ng d\u1ee5ng:<\/strong><br \/>\n&#8211; Gi\u00fap th\u01b0 gi\u00e3n t\u1ee9c th\u00ec<br \/>\n&#8211; H\u1ed7 tr\u1ee3 cho tri\u1ec7u ch\u1ee9ng \u0111au \u0111\u1ea7u, \u0111au c\u1ed5 vai g\u00e1y<br \/>\n&#8211; \u0110\u1ea3m b\u1ea3o hi\u1ec7u su\u1ea5t trong qu\u00e1 tr\u00ecnh l\u00e0m vi\u1ec7c, ho\u1ea1t \u0111\u1ed9ng<br \/>\n&#8211; \u0110i\u1ec1u h\u00f2a d\u00f2ng \u0111i\u1ec7n sinh h\u1ecdc trong th\u1ec3<br \/>\n&#8211; C\u00f3 t\u00e1c d\u1ee5ng c\u00e2n b\u1eb1ng c\u01a1 th\u1ec3.<\/p>\n<p><strong>\u0110\u1ed1i t\u01b0\u1ee3ng s\u1eed d\u1ee5ng:<\/strong><br \/>\n&#8211; Ng\u01b0\u1eddi ch\u01a1i th\u1ec3 thao, v\u1eadn \u0111\u1ed9ng vi\u00ean, hu\u1ea5n luy\u1ec7n vi\u00ean<br \/>\n&#8211; Nh\u00e2n vi\u00ean v\u0103n ph\u00f2ng, ng\u01b0\u1eddi l\u00e0m vi\u1ec7c l\u00e2u tr\u01b0\u1edbc m\u00e1y t\u00ednh<br \/>\n&#8211; Ng\u01b0\u1eddi g\u1eb7p t\u00ecnh tr\u1ea1ng c\u0103ng c\u01a1, c\u1ee9ng kh\u1edbp trong sinh ho\u1ea1t h\u00e0ng ng\u00e0y<br \/>\n&#8211; Ng\u01b0\u1eddi l\u1edbn tu\u1ed5i mu\u1ed1n duy tr\u00ec s\u1ef1 linh ho\u1ea1t c\u1ee7a c\u01a1 th\u1ec3<br \/>\n&#8211; Nh\u1eefng ai mong mu\u1ed1n n\u00e2ng cao s\u1ef1 tho\u1ea3i m\u00e1i v\u00e0 c\u00e2n b\u1eb1ng trong cu\u1ed9c s\u1ed1ng<\/p>\n<p><strong>M\u00e3 s\u1ea3n ph\u1ea9m:<\/strong> PT623000<\/p>\n","protected":false},"excerpt":{"rendered":"<p>M\u1ed7i mi\u1ebfng d\u00e1n c\u01a1 Power Tape \u0111\u01b0\u1ee3c ph\u1ee7 c\u00f4ng ngh\u1ec7 Aqua Titanium v\u00e0 \u0111\u01b0\u1ee3c carbon h\u00f3a, v\u1edbi m\u1ee5c \u0111\u00edch l\u00e0 t\u1eadp trung v\u00e0o khu v\u1ef1c c\u1ea7n \u0111\u01b0\u1ee3c ch\u0103m s\u00f3c c\u1ee5 th\u1ec3 v\u00e0 ch\u00ednh x\u00e1c.<br \/>\nR\u1ea5t d\u1ec5 s\u1eed d\u1ee5ng v\u00e0 l\u00e0 m\u1ed9t v\u1eadt d\u1ee5ng thi\u1ebft y\u1ebfu trong t\u00fai gym c\u1ee7a b\u1ea1n. S\u1ea3n ph\u1ea9m \u0111\u01b0\u1ee3c tin d\u00f9ng b\u1edfi nhi\u1ec1u ng\u01b0\u1eddi ch\u01a1i th\u1ec3 thao, ho\u1eb7c b\u1ecb \u0111au nh\u1ee9c c\u01a1, x\u01b0\u01a1ng, kh\u1edbp.<\/p>\n","protected":false},"featured_media":1402,"comment_status":"open","ping_status":"closed","template":"","meta":[],"product_brand":[],"product_cat":[44,43],"product_tag":[],"class_list":{"0":"post-362","1":"product","2":"type-product","3":"status-publish","4":"has-post-thumbnail","6":"product_cat-bang-dan-diem","7":"product_cat-bang-dan-co","9":"first","10":"instock","11":"shipping-taxable","12":"purchasable","13":"product-type-simple"},"_links":{"self":[{"href":"https:\/\/phitenvn.com\/en\/wp-json\/wp\/v2\/product\/362","targetHints":{"allow":["GET"]}}],"collection":[{"href":"https:\/\/phitenvn.com\/en\/wp-json\/wp\/v2\/product"}],"about":[{"href":"https:\/\/phitenvn.com\/en\/wp-json\/wp\/v2\/types\/product"}],"replies":[{"embeddable":true,"href":"https:\/\/phitenvn.com\/en\/wp-json\/wp\/v2\/comments?post=362"}],"wp:featuredmedia":[{"embeddable":true,"href":"https:\/\/phitenvn.com\/en\/wp-json\/wp\/v2\/media\/1402"}],"wp:attachment":[{"href":"https:\/\/phitenvn.com\/en\/wp-json\/wp\/v2\/media?parent=362"}],"wp:term":[{"taxonomy":"product_brand","embeddable":true,"href":"https:\/\/phitenvn.com\/en\/wp-json\/wp\/v2\/product_brand?post=362"},{"taxonomy":"product_cat","embeddable":true,"href":"https:\/\/phitenvn.com\/en\/wp-json\/wp\/v2\/product_cat?post=362"},{"taxonomy":"product_tag","embeddable":true,"href":"https:\/\/phitenvn.com\/en\/wp-json\/wp\/v2\/product_tag?post=362"}],"curies":[{"name":"wp","href":"https:\/\/api.w.org\/{rel}","templated":true}]}}