{"id":349,"date":"2025-05-20T08:16:38","date_gmt":"2025-05-20T08:16:38","guid":{"rendered":"https:\/\/phitenvn.com\/?post_type=product&#038;p=349"},"modified":"2026-04-16T08:59:59","modified_gmt":"2026-04-16T01:59:59","slug":"mieng-dan-phiten-titan-power-tape-x30","status":"publish","type":"product","link":"https:\/\/phitenvn.com\/mieng-dan-phiten-titan-power-tape-x30\/","title":{"rendered":"Mi\u1ebfng D\u00e1n Phiten Titanium Power Tape x30 (50 pc)"},"content":{"rendered":"<h3><strong>Mi\u1ebfng d\u00e1n Phiten Titanium Power Tape X30 (50 mi\u1ebfng)<\/strong><\/h3>\n<p>Mi\u1ebfng d\u00e1n Phiten Titanium Power Tape X30 ch\u1ee9a h\u00e0m l\u01b0\u1ee3ng AQUA TITANIUM cao h\u01a1n mi\u1ebfng d\u00e1n ti\u00eau chu\u1ea9n Titanium.<\/p>\n<p><strong>C\u00f4ng d\u1ee5ng:<\/strong><br \/>\n&#8211; Linh ho\u1ea1t v\u00e0 tho\u00e1ng kh\u00ed h\u01a1n so v\u1edbi c\u00e1c b\u0103ng kh\u00e1c v\u00e0 gi\u00fap \u0111\u1ea1t \u0111\u01b0\u1ee3c kh\u1ea3 n\u0103ng di chuy\u1ec3n t\u1ef1 nhi\u00ean.<br \/>\n&#8211; Gi\u00fap th\u01b0 gi\u00e3n c\u01a1 b\u1eafp t\u1ee9c th\u00ec<br \/>\n&#8211; H\u1ed9 tr\u1ee3 t\u00ecnh tr\u1ea1ng c\u1ee9ng c\u01a1.<br \/>\n&#8211; L\u00e0m gi\u1ea3m b\u1edbt s\u1ef1 kh\u00f3 ch\u1ecbu c\u1ee7a c\u01a1 b\u1eafp.<br \/>\n&#8211; \u0110\u1ea3m b\u1ea3o c\u1ea3i thi\u1ec7n hi\u1ec7u su\u1ea5t trong qu\u00e1 tr\u00ecnh t\u1eadp luy\u1ec7n c\u00e1c b\u00e0i t\u1eadp c\u1ee9ng nh\u1eafc.<br \/>\n&#8211; \u0110\u01b0\u1ee3c s\u1eed d\u1ee5ng ph\u1ed5 bi\u1ebfn b\u1edfi nhi\u1ec1u v\u1eadn \u0111\u1ed9ng vi\u00ean, hu\u1ea5n luy\u1ec7n vi\u00ean to\u00e0n c\u1ea7u.<br \/>\n&#8211; B\u0103ng d\u00e1n c\u01a1 th\u1ec3 \u01b0a th\u00edch c\u1ee7a nhi\u1ec1u kh\u00e1ch h\u00e0ng tr\u00ean to\u00e0n th\u1ebf gi\u1edbi.<\/p>\n<p><strong>\u0110\u1ec1 xu\u1ea5t s\u1eed d\u1ee5ng:<\/strong><br \/>\n&#8211; \u0110au \u0111\u1ea7u, \u0111au l\u01b0ng, \u0111au m\u1ecfi vai g\u00e1y, c\u0103ng c\u01a1,&#8230;<br \/>\n&#8211; D\u00e1n v\u00e0o b\u1ea5t c\u1ee9 v\u1ecb tr\u00ed n\u00e0o tr\u00ean c\u01a1 th\u1ec3 b\u1ecb \u0111au nh\u1ee9c<br \/>\n&#8211; S\u1eed d\u1ee5ng tr\u01b0\u1edbc khi ch\u01a1i th\u1ec3 thao, t\u1eadp th\u1ec3 d\u1ee5c ho\u1eb7c sau khi v\u1eadn \u0111\u1ed9ng<br \/>\n&#8211; Thu\u1eadn ti\u1ec7n \u0111\u1ec3 mang theo v\u00e0 s\u1eed d\u1ee5ng m\u1ecdi l\u00fac m\u1ecdi n\u01a1i.<\/p>\n<p><strong>\u0110\u1ed1i t\u01b0\u1ee3ng s\u1eed d\u1ee5ng<\/strong><br \/>\n\ud83d\udd39 Ng\u01b0\u1eddi ch\u01a1i th\u1ec3 thao: H\u1ed7 tr\u1ee3 t\u1ed1t trong qu\u00e1 tr\u00ecnh t\u1eadp luy\u1ec7n v\u00e0 thi \u0111\u1ea5u.<br \/>\n\ud83d\udd39 Nh\u00e2n vi\u00ean v\u0103n ph\u00f2ng: Gi\u00fap th\u01b0 gi\u00e3n v\u00f9ng c\u1ed5, vai, l\u01b0ng khi ng\u1ed3i l\u00e0m vi\u1ec7c l\u00e2u.<br \/>\n\ud83d\udd39 Ng\u01b0\u1eddi c\u00f3 v\u1ea5n \u0111\u1ec1 v\u1ec1 c\u01a1, x\u01b0\u01a1ng, kh\u1edbp: D\u1ec5 d\u00e0ng s\u1eed d\u1ee5ng t\u1ea1i c\u00e1c \u0111i\u1ec3m c\u0103ng c\u01a1 tr\u00ean c\u01a1 th\u1ec3.<\/p>\n<p><strong>M\u00e3 s\u1ea3n ph\u1ea9m<\/strong>: PT700000<\/p>\n","protected":false},"excerpt":{"rendered":"<p><strong>\u0110\u1eb7c \u0111i\u1ec3m c\u1ee7a s\u1ea3n ph\u1ea9m<\/strong><br \/>\n&#8211; D\u1ec5 s\u1eed d\u1ee5ng, ch\u1ed1ng n\u01b0\u1edbc.<br \/>\n&#8211; Th\u1ea5m m\u1ed3 h\u00f4i v\u00e0 th\u00f4ng tho\u00e1ng.<br \/>\n&#8211; D\u00f9ng cho da th\u01b0\u1eddng v\u00e0 th\u1eadm ch\u00ed cho da nh\u1ea1y c\u1ea3m.<\/p>\n<p><strong>C\u00f4ng ngh\u1ec7 v\u00e0 Ch\u1ea5t li\u1ec7u<\/strong>: AQUA TITANIUM X30 v\u00e0 v\u1ea3i d\u1ec7t.<br \/>\n<strong>S\u1ea3n xu\u1ea5t<\/strong> t\u1ea1i Nh\u1eadt B\u1ea3n.<\/p>\n","protected":false},"featured_media":1404,"comment_status":"open","ping_status":"closed","template":"","meta":[],"product_brand":[],"product_cat":[44,43],"product_tag":[],"class_list":{"0":"post-349","1":"product","2":"type-product","3":"status-publish","4":"has-post-thumbnail","6":"product_cat-bang-dan-diem","7":"product_cat-bang-dan-co","9":"first","10":"instock","11":"shipping-taxable","12":"purchasable","13":"product-type-variable","14":"has-default-attributes","15":"wvs-archive-product-wrapper"},"_links":{"self":[{"href":"https:\/\/phitenvn.com\/en\/wp-json\/wp\/v2\/product\/349","targetHints":{"allow":["GET"]}}],"collection":[{"href":"https:\/\/phitenvn.com\/en\/wp-json\/wp\/v2\/product"}],"about":[{"href":"https:\/\/phitenvn.com\/en\/wp-json\/wp\/v2\/types\/product"}],"replies":[{"embeddable":true,"href":"https:\/\/phitenvn.com\/en\/wp-json\/wp\/v2\/comments?post=349"}],"wp:featuredmedia":[{"embeddable":true,"href":"https:\/\/phitenvn.com\/en\/wp-json\/wp\/v2\/media\/1404"}],"wp:attachment":[{"href":"https:\/\/phitenvn.com\/en\/wp-json\/wp\/v2\/media?parent=349"}],"wp:term":[{"taxonomy":"product_brand","embeddable":true,"href":"https:\/\/phitenvn.com\/en\/wp-json\/wp\/v2\/product_brand?post=349"},{"taxonomy":"product_cat","embeddable":true,"href":"https:\/\/phitenvn.com\/en\/wp-json\/wp\/v2\/product_cat?post=349"},{"taxonomy":"product_tag","embeddable":true,"href":"https:\/\/phitenvn.com\/en\/wp-json\/wp\/v2\/product_tag?post=349"}],"curies":[{"name":"wp","href":"https:\/\/api.w.org\/{rel}","templated":true}]}}