{"id":3413,"date":"2025-05-22T04:47:45","date_gmt":"2025-05-22T04:47:45","guid":{"rendered":"https:\/\/phitenvn.com\/lot-giay-em-chan-phiten\/"},"modified":"2025-05-22T04:47:45","modified_gmt":"2025-05-22T04:47:45","slug":"lot-giay-em-chan-phiten","status":"publish","type":"product","link":"https:\/\/phitenvn.com\/en\/lot-giay-em-chan-phiten\/","title":{"rendered":"L\u00f3t Gi\u00e0y \u00cam Ch\u00e2n METAX Phiten"},"content":{"rendered":"<h2><strong>L\u00f3t Gi\u00e0y \u00cam Ch\u00e2n METAX Phiten<\/strong><\/h2>\n<p>L\u00f3t gi\u00e0y \u00eam ch\u00e2n h\u1ed7 tr\u1ee3 c\u00e1c v\u1eadn \u0111\u1ed9ng t\u1ef1 nhi\u00ean c\u1ee7a b\u00e0n ch\u00e2n v\u1edbi c\u00f4ng ngh\u1ec7 Metax.<br \/>\nCh\u1ea5t li\u1ec7u nh\u1eb9 ph\u00f9 h\u1ee3p v\u1edbi \u0111\u1ed9 n\u1ea3y \u0111\u01b0\u1ee3c \u00e1p d\u1ee5ng v\u00e0o ph\u1ea7n ch\u00ednh c\u1ee7a mi\u1ebfng l\u00f3t. Ch\u1ea5t li\u1ec7u h\u1ea5p th\u1ee5 l\u1ef1c \u0111\u01b0\u1ee3c s\u1eed d\u1ee5ng cho ph\u1ea7n v\u00f2m v\u00e0 g\u00f3t b\u00e0n ch\u00e2n &#8211; n\u01a1i h\u1ea5p thu nhi\u1ec1u l\u1ef1c c\u00f3 t\u00e1c \u0111\u1ed9ng l\u1edbn.<\/p>\n<p><strong>C\u00f4ng d\u1ee5ng:<\/strong><br \/>\n&#8211; Ho\u00e0n h\u1ea3o \u0111\u1ec3 s\u1eed d\u1ee5ng h\u00e0ng ng\u00e0y, d\u00f9ng v\u1edbi b\u1ea5t k\u1ef3 lo\u1ea1i gi\u00e0y n\u00e0o: th\u1ec3 thao, gi\u00e0y t\u00e2y, gi\u00e0y cao g\u00f3t.<br \/>\n&#8211; \u0110\u1eb7c bi\u1ec7t \u0111\u1ed1i v\u1edbi gi\u00e0y cao g\u00f3t, b\u1ea1n s\u1ebd c\u1ea3m nh\u1eadn \u0111\u01b0\u1ee3c s\u1ef1 nh\u1eb9 nh\u00e0ng c\u1ee7a \u0111\u00f4i ch\u00e2n.<br \/>\n&#8211; Gi\u00fap cho vi\u1ec7c \u0111i l\u1ea1i, di chuy\u1ec3n ho\u1eb7c t\u1eadp luy\u1ec7n tr\u1edf n\u00ean d\u1ec5 d\u00e0ng h\u01a1n, t\u0103ng hi\u1ec7u qu\u1ea3 .<br \/>\n&#8211; H\u1ed7 tr\u1ee3 ch\u1ed1ng ch\u1ea5n th\u01b0\u01a1ng th\u01b0\u1eddng g\u1eb7p \u1edf b\u00e0n ch\u00e2n: vi\u00eam g\u00e2n, s\u01b0ng g\u00f3t ch\u00e2n,gi\u00e3n t\u0129nh m\u1ea1ch, tr\u01b0\u1ee3t ch\u00e2n g\u00e2y l\u1eadt s\u01a1 mi.<br \/>\n&#8211; N\u00e2ng cao v\u00f2m ch\u00e2n, gi\u1ea3m l\u1ef1c va ch\u1ea1m c\u1ee7a ch\u00e2n khi ti\u1ebfp x\u00fac m\u1eb7t \u0111\u1ea5t.<br \/>\n&#8211; Th\u01b0 gi\u00e3n b\u00e0n ch\u00e2n, ch\u00e2n, s\u1ea3ng kho\u00e1i tinh th\u1ea7n.<br \/>\n&#8211; C\u00f3 th\u1ec3 c\u1eaft b\u1eb1ng k\u00e9o \u0111\u1ec3 ph\u00f9 h\u1ee3p v\u1edbi k\u00edch c\u1ee1 gi\u00e0y hi\u1ec7n c\u00f3 c\u1ee7a b\u1ea1n cho c\u1ea3 n\u1eef v\u00e0 nam.<\/p>\n<p><strong>\u0110\u1ed1i t\u01b0\u1ee3ng s\u1eed d\u1ee5ng: \u00a0<\/strong><br \/>\n&#8211; Ng\u01b0\u1eddi ch\u01a1i th\u1ec3 thao<br \/>\n&#8211; Ng\u01b0\u1eddi c\u00f3 v\u1ea5n \u0111\u1ec1 v\u1ec1 c\u01a1, x\u01b0\u01a1ng, kh\u1edbp<br \/>\n&#8211; Nh\u00e2n vi\u00ean v\u0103n ph\u00f2ng<br \/>\n&#8211; Ng\u01b0\u1eddi th\u01b0\u1eddng xuy\u00ean mang gi\u00e0y cao g\u00f3t<br \/>\n&#8211; Ng\u01b0\u1eddi di chuy\u1ec3n nhi\u1ec1u trong ng\u00e0y<\/p>\n","protected":false},"excerpt":{"rendered":"<p><strong>C\u00f4ng ngh\u1ec7:<\/strong>\u00a0<strong>Metax<br \/>\nTh\u00e0nh ph\u1ea7n:<\/strong><br \/>\n&#8211; Th\u00e2n ch\u00ednh (acrylic resin 100%)<br \/>\n&#8211; B\u1ec1 m\u1eb7t (polyester 100%)<br \/>\n&#8211; Mi\u1ebfng \u0111\u1ec7m l\u00f3t (silicon 100%).<br \/>\n<strong>Size:<\/strong>\u00a021-25 cm v\u00e0 24-28 cm<br \/>\n<strong>Th\u01b0\u01a1ng hi\u1ec7u:<\/strong>\u00a0Phiten<br \/>\n<strong>Xu\u1ea5t x\u1ee9:<\/strong>\u00a0Nh\u1eadt B\u1ea3n.<\/p>\n","protected":false},"featured_media":2410,"comment_status":"open","ping_status":"closed","template":"","meta":[],"product_brand":[],"product_cat":[612],"product_tag":[],"class_list":{"0":"post-3413","1":"product","2":"type-product","3":"status-publish","4":"has-post-thumbnail","6":"product_cat-lot-giay-en","8":"first","9":"instock","10":"shipping-taxable","11":"purchasable","12":"product-type-variable","13":"wvs-archive-product-wrapper"},"_links":{"self":[{"href":"https:\/\/phitenvn.com\/en\/wp-json\/wp\/v2\/product\/3413","targetHints":{"allow":["GET"]}}],"collection":[{"href":"https:\/\/phitenvn.com\/en\/wp-json\/wp\/v2\/product"}],"about":[{"href":"https:\/\/phitenvn.com\/en\/wp-json\/wp\/v2\/types\/product"}],"replies":[{"embeddable":true,"href":"https:\/\/phitenvn.com\/en\/wp-json\/wp\/v2\/comments?post=3413"}],"wp:featuredmedia":[{"embeddable":true,"href":"https:\/\/phitenvn.com\/en\/wp-json\/wp\/v2\/media\/2410"}],"wp:attachment":[{"href":"https:\/\/phitenvn.com\/en\/wp-json\/wp\/v2\/media?parent=3413"}],"wp:term":[{"taxonomy":"product_brand","embeddable":true,"href":"https:\/\/phitenvn.com\/en\/wp-json\/wp\/v2\/product_brand?post=3413"},{"taxonomy":"product_cat","embeddable":true,"href":"https:\/\/phitenvn.com\/en\/wp-json\/wp\/v2\/product_cat?post=3413"},{"taxonomy":"product_tag","embeddable":true,"href":"https:\/\/phitenvn.com\/en\/wp-json\/wp\/v2\/product_tag?post=3413"}],"curies":[{"name":"wp","href":"https:\/\/api.w.org\/{rel}","templated":true}]}}