{"id":3288,"date":"2025-05-23T08:34:45","date_gmt":"2025-05-23T08:34:45","guid":{"rendered":"https:\/\/phitenvn.com\/vong-tay-rakuwa-metax-crystal-touch\/"},"modified":"2025-05-23T08:34:45","modified_gmt":"2025-05-23T08:34:45","slug":"vong-tay-rakuwa-metax-crystal-touch","status":"publish","type":"product","link":"https:\/\/phitenvn.com\/en\/vong-tay-rakuwa-metax-crystal-touch\/","title":{"rendered":"V\u00f2ng Tay Rakuwa Metax Crystal Touch"},"content":{"rendered":"<h2><strong>V\u00f2ng Tay Rakuwa Metax Crystal Touch\u00a0<\/strong><\/h2>\n<p><strong>V\u00f2ng tay Rakuwa Metax Crystal Touch <\/strong>mang v\u1ebb \u0111\u1eb9p t\u1ef1a nh\u01b0 vi\u00ean \u0111\u00e1 t\u1ef1 nhi\u00ean. V\u1edbi c\u00f4ng ngh\u1ec7 Metax k\u1ebft h\u1ee3p v\u1edbi ch\u1ea5t li\u1ec7u acrylic c\u1ea9m th\u1ea1ch tinh t\u1ebf, t\u1eebng vi\u00ean \u0111\u00e1 hoa c\u01b0\u01a1ng c\u00f3 v\u1ebb \u0111\u1eb9p \u0111\u1ed9c \u0111\u00e1o v\u00e0 kh\u00e1c bi\u1ec7t, mang l\u1ea1i c\u1ea3m gi\u00e1c t\u1ef1 nhi\u00ean v\u00e0 qu\u00fd ph\u00e1i.<\/p>\n<p><strong>C\u00f4ng d\u1ee5ng:<\/strong><br \/>\n&#8211; Gi\u00fap gi\u1ea3m c\u0103ng th\u1eb3ng th\u01b0\u1eddng xuy\u00ean.<br \/>\n&#8211; C\u1ea3i thi\u1ec7n c\u00e2n b\u1eb1ng c\u01a1 th\u1ec3.<br \/>\n&#8211; N\u00e2ng cao hi\u1ec7u su\u1ea5t th\u1ec3 thao, t\u0103ng c\u01b0\u1eddng s\u1ee9c m\u1ea1nh v\u00e0 s\u1ef1 linh ho\u1ea1t cho b\u1eafp ch\u00e2n v\u00e0 b\u00e0n ch\u00e2n.<br \/>\n&#8211; Gi\u00fap gi\u1ea3m \u0111au v\u00e0 nh\u1ee9c m\u1ecfi.<br \/>\n&#8211; Th\u00edch h\u1ee3p cho th\u1ec3 thao v\u00e0 c\u00e1c ho\u1ea1t \u0111\u1ed9ng h\u00e0ng ng\u00e0y.<\/p>\n<p><strong>\u0110\u1ed1i t\u01b0\u1ee3ng s\u1eed d\u1ee5ng:<\/strong><br \/>\n&#8211; Ph\u00f9 h\u1ee3p cho m\u1ecdi l\u1ee9a tu\u1ed5i, \u0111\u1eb7c bi\u1ec7t l\u00e0 ng\u01b0\u1eddi ch\u01a1i th\u1ec3 thao, v\u1eadn \u0111\u1ed9ng vi\u00ean chuy\u00ean nghi\u1ec7p<br \/>\n&#8211; Ng\u01b0\u1eddi l\u00e0m vi\u1ec7c v\u0103n ph\u00f2ng.<br \/>\n&#8211; Ng\u01b0\u1eddi n\u00e2ng v\u00e1c v\u1eadt n\u1eb7ng.<br \/>\n&#8211; Ng\u01b0\u1eddi cao huy\u1ebft \u00e1p, huy\u1ebft \u00e1p kh\u00f4ng \u1ed5n \u0111\u1ecbnh v\u00e0 nh\u1eefng ai g\u1eb7p v\u1ea5n \u0111\u1ec1 v\u1ec1 gi\u1ea5c ng\u1ee7.<\/p>\n<p>M\u00e3 s\u1ea3n ph\u1ea9m: TG746226\/ TG746226\/ TG746025<\/p>\n","protected":false},"excerpt":{"rendered":"<p><strong>C\u00f4ng ngh\u1ec7:<\/strong>\u00a0Metax<br \/>\n<strong>Ch\u1ea5t li\u1ec7u:<\/strong>\u00a0Acrylic c\u1ea9m th\u1ea1ch<br \/>\n<strong>M\u00e0u s\u1eafc<\/strong>:\u00a0\u0110en, \u0110\u1ecf San H\u00f4<br \/>\n<strong>Size:<\/strong>\u00a016cm, 18 cm<br \/>\n<strong>Xu\u1ea5t x\u1ee9<\/strong>: Nh\u1eadt B\u1ea3n<br \/>\n<strong>Quy c\u00e1ch \u0111\u00f3ng g\u00f3i:<\/strong>\u00a01 v\u00f2ng tay\/ h\u1ed9p<br \/>\n<strong>B\u1ea3o h\u00e0nh:<\/strong>\u00a06 th\u00e1ng<\/p>\n","protected":false},"featured_media":2451,"comment_status":"open","ping_status":"closed","template":"","meta":[],"product_brand":[],"product_cat":[580,579],"product_tag":[],"class_list":{"0":"post-3288","1":"product","2":"type-product","3":"status-publish","4":"has-post-thumbnail","6":"product_cat-vong-tay-crystal-en","7":"product_cat-vong-tay-en","9":"first","10":"instock","11":"shipping-taxable","12":"purchasable","13":"product-type-variable","14":"wvs-archive-product-wrapper"},"_links":{"self":[{"href":"https:\/\/phitenvn.com\/en\/wp-json\/wp\/v2\/product\/3288","targetHints":{"allow":["GET"]}}],"collection":[{"href":"https:\/\/phitenvn.com\/en\/wp-json\/wp\/v2\/product"}],"about":[{"href":"https:\/\/phitenvn.com\/en\/wp-json\/wp\/v2\/types\/product"}],"replies":[{"embeddable":true,"href":"https:\/\/phitenvn.com\/en\/wp-json\/wp\/v2\/comments?post=3288"}],"wp:featuredmedia":[{"embeddable":true,"href":"https:\/\/phitenvn.com\/en\/wp-json\/wp\/v2\/media\/2451"}],"wp:attachment":[{"href":"https:\/\/phitenvn.com\/en\/wp-json\/wp\/v2\/media?parent=3288"}],"wp:term":[{"taxonomy":"product_brand","embeddable":true,"href":"https:\/\/phitenvn.com\/en\/wp-json\/wp\/v2\/product_brand?post=3288"},{"taxonomy":"product_cat","embeddable":true,"href":"https:\/\/phitenvn.com\/en\/wp-json\/wp\/v2\/product_cat?post=3288"},{"taxonomy":"product_tag","embeddable":true,"href":"https:\/\/phitenvn.com\/en\/wp-json\/wp\/v2\/product_tag?post=3288"}],"curies":[{"name":"wp","href":"https:\/\/api.w.org\/{rel}","templated":true}]}}