{"id":3287,"date":"2025-05-23T08:42:53","date_gmt":"2025-05-23T08:42:53","guid":{"rendered":"https:\/\/phitenvn.com\/dai-bao-ve-dau-goi-metax\/"},"modified":"2025-12-30T09:50:52","modified_gmt":"2025-12-30T02:50:52","slug":"dai-bao-ve-dau-goi-phiten-metax-midle","status":"publish","type":"product","link":"https:\/\/phitenvn.com\/en\/dai-bao-ve-dau-goi-phiten-metax-midle\/","title":{"rendered":"\u0110ai B\u1ea3o V\u1ec7 \u0110\u1ea7u G\u1ed1i (Phiten Metax Midle)"},"content":{"rendered":"<h2><strong>\u0110ai B\u1ea3o V\u1ec7 \u0110\u1ea7u G\u1ed1i (Phiten Metax Midle)<\/strong><\/h2>\n<p><strong>\u0110ai B\u1ea3o V\u1ec7 \u0111\u1ea7u g\u1ed1i Phtien Metax Midle<\/strong>\u00a0gi\u00fap gi\u1ea3m \u00e1p l\u1ef1c l\u00ean kh\u1edbp g\u1ed1i v\u00e0 b\u1ea3o v\u1ec7 x\u01b0\u01a1ng b\u00e1nh ch\u00e8 khi v\u1eadn \u0111\u1ed9ng. Ch\u1ea5t li\u1ec7u m\u1ec1m m\u1ea1i, ch\u1ed1ng tr\u01b0\u1ee3t, th\u1ea5m h\u00fat m\u1ed3 h\u00f4i nhanh, gi\u00fap tr\u00e1nh t\u00ea, \u0111au nh\u1ee9c, v\u00e0 c\u0103ng kh\u1edbp. V\u1edbi h\u00e0m l\u01b0\u1ee3ng titan cao, s\u1ea3n ph\u1ea9m c\u00f2n \u0111i\u1ec1u h\u00f2a th\u00e2n nhi\u1ec7t v\u00e0 c\u1ea3i thi\u1ec7n c\u00e2n b\u1eb1ng c\u01a1 th\u1ec3, mang l\u1ea1i s\u1ef1 tho\u1ea3i m\u00e1i v\u00e0 b\u1ea3o v\u1ec7 t\u1ed1i \u01b0u khi ch\u01a1i th\u1ec3 thao.<\/p>\n<p><strong>C\u00f4ng d\u1ee5ng<\/strong><br \/>\n&#8211; Gi\u00fap th\u01b0 gi\u00e3n t\u1ee9c th\u00ec, c\u1ea3i thi\u1ec7n c\u00e2n b\u1eb1ng c\u01a1 th\u1ec3.<br \/>\n&#8211; Gi\u00fap gi\u1ea3m t\u00ecnh tr\u1ea1ng gi\u1eef n\u01b0\u1edbc v\u00e0 s\u01b0ng kh\u1edbp.<br \/>\n&#8211; Th\u1ea5m h\u00fat m\u1ed3 h\u00f4i cho c\u1ea3m gi\u00e1c s\u1ea1ch s\u1ebd v\u00e0 tho\u1ea3i m\u00e1i.<br \/>\n&#8211; Thi\u1ebft k\u1ebf kh\u00f4ng c\u1ea3n tr\u1edf di chuy\u1ec3n.<br \/>\n&#8211; Tho\u1ea3i m\u00e1i di chuy\u1ec3n m\u00e0 kh\u00f4ng lo l\u00e0m t\u1ed5n th\u01b0\u01a1ng do s\u1ef1 c\u0103ng th\u1eb3ng kh\u00f4ng c\u1ea7n thi\u1ebft tr\u00ean c\u00e1c c\u01a1 v\u00e0 d\u00e2y ch\u1eb1ng.<br \/>\n&#8211; \u0110\u01b0\u1ee3c thi\u1ebft k\u1ebf \u0111\u1ec3 \u1ed5n \u0111\u1ecbnh c\u00e1c kh\u1edbp c\u1ee7a b\u1ea1n, v\u00e0 n\u00e9n c\u00e1c c\u01a1 v\u00e0 d\u00e2y ch\u1eb1ng xung quanh \u0111\u1ec3 chuy\u1ec3n \u0111\u1ed9ng tho\u1ea3i m\u00e1i h\u01a1n.<br \/>\n&#8211; S\u1eed d\u1ee5ng \u0111\u01b0\u1ee3c cho c\u1ea3 b\u00ean tr\u00e1i v\u00e0 ph\u1ea3i.<\/p>\n<p><strong>\u0110\u1ed1i t\u01b0\u1ee3ng s\u1eed d\u1ee5ng<\/strong><br \/>\n&#8211; Ng\u01b0\u1eddi \u0111au kh\u1edbp g\u1ed1i, tho\u00e1i h\u00f3a kh\u1edbp g\u1ed1i<br \/>\n&#8211; Ng\u01b0\u1eddi l\u1edbn tu\u1ed5i \u0111au nh\u1ee9c kh\u1edbp g\u1ed1i khi tr\u1eddi l\u1ea1nh, l\u00ean xu\u1ed1ng c\u1ea7u thang<br \/>\n&#8211; H\u1ed7 tr\u1ee3 b\u1ea3o v\u1ec7 kh\u1edbp g\u1ed1i, h\u1ea1n ch\u1ebf ch\u1ea5n th\u01b0\u01a1ng khi ch\u01a1i th\u1ec3 thao.<\/p>\n<p><strong>M\u00e3 s\u1ea3n ph\u1ea9m<\/strong>: AP233005\/ AP233004\/ AP233003<\/p>\n","protected":false},"excerpt":{"rendered":"<p><strong>Ch\u1ea5t li\u1ec7u<\/strong>: Th\u00e2n ch\u00ednh: 93% Nylon, 8% Polyurethane, L\u1edbp b\u00ean trong: 80% Nylon, 21% Polyurethane<br \/>\n<strong>\u0110o k\u00edch c\u1ee1:<\/strong>\u00a0\u0110o chu vi ph\u1ea7n \u0111\u00f9i cao h\u01a1n 5cm so v\u1edbi b\u00e1nh ch\u00e8<br \/>\n<strong>C\u00f4ng ngh\u1ec7:<\/strong>\u00a0<strong>Metax<\/strong><br \/>\n<strong>S\u1ea3n xu\u1ea5t:\u00a0<\/strong>Nh\u1eadt B\u1ea3n<br \/>\n<strong>Quy c\u00e1ch \u0111\u00f3ng g\u00f3i:<\/strong>\u00a01 c\u00e1i\/h\u1ed9p<\/p>\n<p><img decoding=\"async\" src=\"https:\/\/phitenvn.com\/wp-content\/uploads\/2025\/07\/muc-do-dau-vua-1.png\" \/><\/p>\n","protected":false},"featured_media":4145,"comment_status":"open","ping_status":"closed","template":"","meta":[],"product_brand":[],"product_cat":[607,646,582,577],"product_tag":[638],"class_list":{"0":"post-3287","1":"product","2":"type-product","3":"status-publish","4":"has-post-thumbnail","6":"product_cat-dai-dau-goi-en","7":"product_cat-bang-dai-ho-tro-2-en","8":"product_cat-san-pham-ban-chay-en","9":"product_cat-support-belt","10":"product_tag-ho-tro-en-2","12":"first","13":"instock","14":"shipping-taxable","15":"purchasable","16":"product-type-variable","17":"wvs-archive-product-wrapper"},"_links":{"self":[{"href":"https:\/\/phitenvn.com\/en\/wp-json\/wp\/v2\/product\/3287","targetHints":{"allow":["GET"]}}],"collection":[{"href":"https:\/\/phitenvn.com\/en\/wp-json\/wp\/v2\/product"}],"about":[{"href":"https:\/\/phitenvn.com\/en\/wp-json\/wp\/v2\/types\/product"}],"replies":[{"embeddable":true,"href":"https:\/\/phitenvn.com\/en\/wp-json\/wp\/v2\/comments?post=3287"}],"wp:featuredmedia":[{"embeddable":true,"href":"https:\/\/phitenvn.com\/en\/wp-json\/wp\/v2\/media\/4145"}],"wp:attachment":[{"href":"https:\/\/phitenvn.com\/en\/wp-json\/wp\/v2\/media?parent=3287"}],"wp:term":[{"taxonomy":"product_brand","embeddable":true,"href":"https:\/\/phitenvn.com\/en\/wp-json\/wp\/v2\/product_brand?post=3287"},{"taxonomy":"product_cat","embeddable":true,"href":"https:\/\/phitenvn.com\/en\/wp-json\/wp\/v2\/product_cat?post=3287"},{"taxonomy":"product_tag","embeddable":true,"href":"https:\/\/phitenvn.com\/en\/wp-json\/wp\/v2\/product_tag?post=3287"}],"curies":[{"name":"wp","href":"https:\/\/api.w.org\/{rel}","templated":true}]}}