{"id":3286,"date":"2025-05-23T09:55:11","date_gmt":"2025-05-23T09:55:11","guid":{"rendered":"https:\/\/phitenvn.com\/dai-dinh-hinh-khop-goi\/"},"modified":"2025-12-23T12:06:03","modified_gmt":"2025-12-23T05:06:03","slug":"dai-dinh-hinh-khop-goi","status":"publish","type":"product","link":"https:\/\/phitenvn.com\/en\/dai-dinh-hinh-khop-goi\/","title":{"rendered":"\u0110ai \u0110\u1ecbnh H\u00ecnh Kh\u1edbp G\u1ed1i (Phiten Metax Firm)"},"content":{"rendered":"<h2><strong>\u0110ai \u0110\u1ecbnh H\u00ecnh Kh\u1edbp G\u1ed1i (Phiten Metax Firm)<\/strong><\/h2>\n<p><strong>\u0110ai \u0111\u1ecbnh h\u00ecnh kh\u1edbp g\u1ed1i (Phiten Metax Firm)<\/strong>\u00a0\u0111\u01b0\u1ee3c l\u00e0m t\u1eeb ch\u1ea5t li\u1ec7u nylon\/ polyurethane. S\u1ea3n ph\u1ea9m c\u00f3 th\u1ec3 \u0111i\u1ec1u ch\u1ec9nh s\u1ee9c c\u0103ng d\u1ec5 d\u00e0ng nh\u1edd v\u00e0o ph\u1ea7n \u0111ai ph\u1ee5, gi\u00fap h\u1ed7 tr\u1ee3 ph\u1ee5c h\u1ed3i sau ch\u1ea5n th\u01b0\u01a1ng \u0111\u1ea7u g\u1ed1i v\u00e0 \u0111\u1ee9t d\u00e2y ch\u1eb1ng, mang l\u1ea1i s\u1ef1 \u1ed5n \u0111\u1ecbnh v\u00e0 b\u1ea3o v\u1ec7 t\u1ed1i \u01b0u cho kh\u1edbp g\u1ed1i.<\/p>\n<p><strong>C\u00f4ng d\u1ee5ng:\u00a0<\/strong><br \/>\n&#8211; N\u1eb9p \u0111\u1ea7u g\u1ed1i c\u00f3 \u0111ai ph\u1ee5 gi\u00fap h\u1ed7 tr\u1ee3 v\u1eadn \u0111\u1ed9ng v\u00e0 th\u01b0 \u00a0ngay l\u1eadp t\u1ee9c, \u0111\u1ed3ng th\u1eddi gi\u00fap c\u1ed1 \u0111\u1ecbnh v\u00e0 \u1ed5n \u0111\u1ecbnh kh\u1edbp g\u1ed1i.<br \/>\n&#8211; Thi\u1ebft k\u1ebf tho\u1ea3i m\u00e1i v\u00e0 kh\u00f4ng g\u00e2y c\u1ea3n tr\u1edf di chuy\u1ec3n, th\u1ea5m h\u00fat m\u1ed3 h\u00f4i t\u1ed1t gi\u00fap b\u1ea1n lu\u00f4n c\u1ea3m th\u1ea5y s\u1ea1ch s\u1ebd v\u00e0 d\u1ec5 ch\u1ecbu.<br \/>\n&#8211; \u0110ai c\u00f3 th\u1ec3 th\u00e1o r\u1eddi, h\u1ed7 tr\u1ee3 ph\u1ee5c h\u1ed3i vi\u00eam kh\u1edbp, vi\u00eam g\u00e2n, th\u1ea5p kh\u1edbp v\u00e0 c\u00e1c ch\u1ea5n th\u01b0\u01a1ng kh\u00e1c li\u00ean quan \u0111\u1ebfn \u0111\u1ea7u g\u1ed1i.<br \/>\n&#8211; S\u1ea3n ph\u1ea9m c\u0169ng gi\u00fap ph\u1ee5c h\u1ed3i sau khi ch\u01a1i th\u1ec3 thao nh\u01b0 tennis, b\u00f3ng r\u1ed5, b\u00f3ng chuy\u1ec1n, t\u1eadp t\u1ea1, golf v\u00e0 nhi\u1ec1u m\u00f4n kh\u00e1c.<\/p>\n<p><strong>\u0110ai \u0111\u1ecbnh h\u00ecnh \u0111\u1ea7u g\u1ed1i ph\u00f9 h\u1ee3p cho:\u00a0<\/strong><br \/>\n&#8211; Ng\u01b0\u1eddi c\u1ea7n ph\u1ee5c h\u1ed3i sau ch\u1ea5n th\u01b0\u01a1ng \u0111\u1ea7u g\u1ed1i<br \/>\n&#8211; Ng\u01b0\u1eddi ch\u01a1i th\u1ec3 thao, nh\u01b0 tennis, b\u00f3ng r\u1ed5, b\u00f3ng chuy\u1ec1n, t\u1eadp t\u1ea1, golf, etc.<br \/>\n&#8211; Ng\u01b0\u1eddi \u0111ang ph\u1ee5c h\u1ed3i vi\u00eam kh\u1edbp, vi\u00eam g\u00e2n v\u00e0 c\u00e1c v\u1ea5n \u0111\u1ec1 kh\u00e1c li\u00ean quan \u0111\u1ebfn \u0111\u1ea7u g\u1ed1i.<\/p>\n<p>M\u00e3 s\u1ea3n ph\u1ea9m: AP232005\/ AP232004\/ AP232003<\/p>\n","protected":false},"excerpt":{"rendered":"<p><strong>Ch\u1ea5t li\u1ec7u:\u00a0<\/strong><br \/>\n-Th\u00e2n \u0111ai: 93% Nylon, 8% Polyurethane<br \/>\n&#8211; L\u1edbp trong: 80% Nylon, 21% Polyester.<br \/>\n<strong>C\u00f4ng ngh\u1ec7:\u00a0<\/strong><strong>METAX<\/strong><br \/>\n<strong>S\u1ea3n xu\u1ea5t<\/strong>\u00a0t\u1ea1i Nh\u1eadt B\u1ea3n<br \/>\n<strong>Quy c\u00e1ch \u0111\u00f3ng g\u00f3i:<\/strong>\u00a01 c\u00e1i \/h\u1ed9p<\/p>\n<p><img decoding=\"async\" src=\"https:\/\/phitenvn.com\/wp-content\/uploads\/2025\/07\/muc-do-dau-nang-1.png\" \/><\/p>\n","protected":false},"featured_media":4150,"comment_status":"open","ping_status":"closed","template":"","meta":[],"product_brand":[],"product_cat":[607,577],"product_tag":[640],"class_list":{"0":"post-3286","1":"product","2":"type-product","3":"status-publish","4":"has-post-thumbnail","6":"product_cat-dai-dau-goi-en","7":"product_cat-support-belt","8":"product_tag-phuc-hoi-en-2","10":"first","11":"instock","12":"shipping-taxable","13":"purchasable","14":"product-type-variable","15":"wvs-archive-product-wrapper"},"_links":{"self":[{"href":"https:\/\/phitenvn.com\/en\/wp-json\/wp\/v2\/product\/3286","targetHints":{"allow":["GET"]}}],"collection":[{"href":"https:\/\/phitenvn.com\/en\/wp-json\/wp\/v2\/product"}],"about":[{"href":"https:\/\/phitenvn.com\/en\/wp-json\/wp\/v2\/types\/product"}],"replies":[{"embeddable":true,"href":"https:\/\/phitenvn.com\/en\/wp-json\/wp\/v2\/comments?post=3286"}],"wp:featuredmedia":[{"embeddable":true,"href":"https:\/\/phitenvn.com\/en\/wp-json\/wp\/v2\/media\/4150"}],"wp:attachment":[{"href":"https:\/\/phitenvn.com\/en\/wp-json\/wp\/v2\/media?parent=3286"}],"wp:term":[{"taxonomy":"product_brand","embeddable":true,"href":"https:\/\/phitenvn.com\/en\/wp-json\/wp\/v2\/product_brand?post=3286"},{"taxonomy":"product_cat","embeddable":true,"href":"https:\/\/phitenvn.com\/en\/wp-json\/wp\/v2\/product_cat?post=3286"},{"taxonomy":"product_tag","embeddable":true,"href":"https:\/\/phitenvn.com\/en\/wp-json\/wp\/v2\/product_tag?post=3286"}],"curies":[{"name":"wp","href":"https:\/\/api.w.org\/{rel}","templated":true}]}}