{"id":3285,"date":"2025-05-23T10:06:47","date_gmt":"2025-05-23T10:06:47","guid":{"rendered":"https:\/\/phitenvn.com\/dai-bao-ve-dau-goi-super-light\/"},"modified":"2025-12-30T09:45:17","modified_gmt":"2025-12-30T02:45:17","slug":"dai-bao-ve-dau-goi-phiten-super-light","status":"publish","type":"product","link":"https:\/\/phitenvn.com\/en\/dai-bao-ve-dau-goi-phiten-super-light\/","title":{"rendered":"\u0110ai B\u1ea3o V\u1ec7 \u0110\u1ea7u G\u1ed1i (Phiten Super Light)"},"content":{"rendered":"<h2><strong>\u0110ai B\u1ea3o V\u1ec7 \u0110\u1ea7u G\u1ed1i (Phiten Super Light)<\/strong><\/h2>\n<p><strong>C\u00f4ng d\u1ee5ng:\u00a0<\/strong><br \/>\n&#8211; \u0110ai b\u1ea3o v\u1ec7 \u0111\u1ea7u g\u1ed1i gi\u00fap c\u1ea3i thi\u1ec7n c\u00e2n b\u1eb1ng c\u01a1 th\u1ec3, gi\u1ea3m t\u00ecnh tr\u1ea1ng gi\u1eef n\u01b0\u1edbc v\u00e0 s\u01b0ng kh\u1edbp.<br \/>\n&#8211; S\u1ea3n ph\u1ea9m si\u00eau m\u1ecfng nh\u1eb9, th\u1ea5m h\u00fat m\u1ed3 h\u00f4i t\u1ed1t, mang l\u1ea1i c\u1ea3m gi\u00e1c s\u1ea1ch s\u1ebd v\u00e0 tho\u1ea3i m\u00e1i, thi\u1ebft k\u1ebf kh\u00f4ng c\u1ea3n tr\u1edf di chuy\u1ec3n.<br \/>\n&#8211; Gi\u00fap \u1ed5n \u0111\u1ecbnh kh\u1edbp g\u1ed1i, n\u00e9n c\u00e1c c\u01a1 v\u00e0 d\u00e2y ch\u1eb1ng xung quanh, gi\u00fap chuy\u1ec3n \u0111\u1ed9ng tho\u1ea3i m\u00e1i m\u00e0 kh\u00f4ng lo g\u00e2y t\u1ed5n th\u01b0\u01a1ng do c\u0103ng th\u1eb3ng kh\u00f4ng c\u1ea7n thi\u1ebft. S<br \/>\n&#8211; S\u1ea3n ph\u1ea9m c\u00f3 th\u1ec3 s\u1eed d\u1ee5ng cho c\u1ea3 b\u00ean tr\u00e1i v\u00e0 ph\u1ea3i.<\/p>\n<p><strong>\u0110ai b\u1ea3o v\u1ec7 \u0111\u1ea7u g\u1ed1i ph\u00f9 h\u1ee3p cho:\u00a0<\/strong><br \/>\n&#8211; Ng\u01b0\u1eddi b\u1ecb \u0111au kh\u1edbp g\u1ed1i, tho\u00e1i h\u00f3a kh\u1edbp g\u1ed1i<br \/>\n&#8211; Ng\u01b0\u1eddi l\u1edbn tu\u1ed5i g\u1eb7p \u0111au nh\u1ee9c kh\u1edbp g\u1ed1i khi tr\u1eddi l\u1ea1nh<br \/>\n&#8211; Ng\u01b0\u1eddi ch\u01a1i th\u1ec3 thao ho\u1eb7c v\u1eadn \u0111\u1ed9ng vi\u00ean th\u1ec3 thao c\u1ea7n b\u1ea3o v\u1ec7 kh\u1edbp g\u1ed1i, gi\u1ea3m ch\u1ea5n th\u01b0\u01a1ng.<br \/>\n&#8211; N\u1ebfu b\u1ea1n c\u1ea7n m\u1ee9c \u0111\u1ed9 b\u1ea3o v\u1ec7 cao h\u01a1n lo\u1ea1i m\u1ec1m nh\u01b0ng v\u1eabn gi\u1eef \u0111\u01b0\u1ee3c \u0111\u1ed9 linh ho\u1ea1t, \u0111ai b\u1ea3o v\u1ec7 lo\u1ea1i v\u1eeba l\u00e0 l\u1ef1a ch\u1ecdn l\u00fd t\u01b0\u1edfng.<\/p>\n<p><strong>M\u00e3 s\u1ea3n ph\u1ea9m<\/strong>: AP254016\/ AP254014<\/p>\n","protected":false},"excerpt":{"rendered":"<p><strong>Ch\u1ea5t li\u1ec7u:\u00a0<\/strong>77% Polyester, 14% Polyurethane. 9% Cotton<br \/>\n<strong>C\u00f4ng ngh\u1ec7: Metax<br \/>\nM\u00e0u s\u1eafc:<\/strong>\u00a0\u0111en<br \/>\n<strong>Th\u01b0\u01a1ng hi\u1ec7u:\u00a0<\/strong>Phiten<br \/>\n<strong>Xu\u1ea5t x\u1ee9:\u00a0<\/strong>Nh\u1eadt B\u1ea3n<br \/>\n<strong>Quy c\u00e1ch \u0111\u00f3ng g\u00f3i:\u00a0<\/strong>1 chi\u1ebfc\/ h\u1ed9p<\/p>\n<p><img decoding=\"async\" src=\"https:\/\/phitenvn.com\/wp-content\/uploads\/2025\/07\/muc-do-dau-nhe-1.png\" \/><\/p>\n","protected":false},"featured_media":4097,"comment_status":"open","ping_status":"closed","template":"","meta":[],"product_brand":[],"product_cat":[607,648,582,577],"product_tag":[639],"class_list":{"0":"post-3285","1":"product","2":"type-product","3":"status-publish","4":"has-post-thumbnail","6":"product_cat-dai-dau-goi-en","7":"product_cat-bang-dai-phong-ngua-en","8":"product_cat-san-pham-ban-chay-en","9":"product_cat-support-belt","10":"product_tag-phong-ngua-en-3","12":"first","13":"instock","14":"shipping-taxable","15":"purchasable","16":"product-type-variable","17":"wvs-archive-product-wrapper"},"_links":{"self":[{"href":"https:\/\/phitenvn.com\/en\/wp-json\/wp\/v2\/product\/3285","targetHints":{"allow":["GET"]}}],"collection":[{"href":"https:\/\/phitenvn.com\/en\/wp-json\/wp\/v2\/product"}],"about":[{"href":"https:\/\/phitenvn.com\/en\/wp-json\/wp\/v2\/types\/product"}],"replies":[{"embeddable":true,"href":"https:\/\/phitenvn.com\/en\/wp-json\/wp\/v2\/comments?post=3285"}],"wp:featuredmedia":[{"embeddable":true,"href":"https:\/\/phitenvn.com\/en\/wp-json\/wp\/v2\/media\/4097"}],"wp:attachment":[{"href":"https:\/\/phitenvn.com\/en\/wp-json\/wp\/v2\/media?parent=3285"}],"wp:term":[{"taxonomy":"product_brand","embeddable":true,"href":"https:\/\/phitenvn.com\/en\/wp-json\/wp\/v2\/product_brand?post=3285"},{"taxonomy":"product_cat","embeddable":true,"href":"https:\/\/phitenvn.com\/en\/wp-json\/wp\/v2\/product_cat?post=3285"},{"taxonomy":"product_tag","embeddable":true,"href":"https:\/\/phitenvn.com\/en\/wp-json\/wp\/v2\/product_tag?post=3285"}],"curies":[{"name":"wp","href":"https:\/\/api.w.org\/{rel}","templated":true}]}}