{"id":3284,"date":"2025-05-26T01:46:00","date_gmt":"2025-05-26T01:46:00","guid":{"rendered":"https:\/\/phitenvn.com\/dai-bao-ve-khop-goi-soft\/"},"modified":"2026-04-15T16:23:46","modified_gmt":"2026-04-15T09:23:46","slug":"dai-bao-ve-khop-goi-phiten-metax-soft","status":"publish","type":"product","link":"https:\/\/phitenvn.com\/en\/dai-bao-ve-khop-goi-phiten-metax-soft\/","title":{"rendered":"\u0110ai B\u1ea3o V\u1ec7 Kh\u1edbp G\u1ed1i (Phiten Metax Soft)"},"content":{"rendered":"<h2 data-rm-block-id=\"block-1\"><strong>\u0110ai b\u1ea3o v\u1ec7 kh\u1edbp g\u1ed1i (Phiten Metax Soft)<\/strong><\/h2>\n<p data-rm-block-id=\"block-2\"><strong>\u0110ai b\u1ea3o v\u1ec7 kh\u1edbp g\u1ed1i Phiten Metax Soft <\/strong>s\u1eed d\u1ee5ng <strong>c\u00f4ng ngh\u1ec7 METAX<\/strong>, k\u1ebft h\u1ee3p v\u1edbi ch\u1ea5t li\u1ec7u v\u1ea3i h\u1ed3ng ngo\u1ea1i gi\u00fap gi\u1eef \u1ea5m cho \u0111\u1ea7u g\u1ed1i.<br \/>\n\u0110ai g\u1ed1i c\u00f3 thi\u1ebft k\u1ebf ch\u1ed1ng tr\u01a1n tr\u01b0\u1ee3t v\u00e0 t\u00ednh n\u0103ng th\u1ea5m h\u00fat \u1ea9m t\u1ed1t, mang l\u1ea1i c\u1ea3m gi\u00e1c kh\u00f4 tho\u00e1ng v\u00e0 tho\u1ea3i m\u00e1i. \u0110\u00e2y l\u00e0 l\u1ef1a ch\u1ecdn l\u00fd t\u01b0\u1edfng cho ng\u01b0\u1eddi ch\u01a1i th\u1ec3 thao ho\u1eb7c s\u1eed d\u1ee5ng h\u00e0ng ng\u00e0y, gi\u00fap ph\u00f2ng ng\u1eeba ch\u1ea5n th\u01b0\u01a1ng \u0111\u1ea7u g\u1ed1i m\u00e0 kh\u00f4ng c\u1ea3n tr\u1edf v\u1eadn \u0111\u1ed9ng.<\/p>\n<p data-rm-block-id=\"block-3\"><strong>C\u00f4ng d\u1ee5ng:\u00a0<\/strong><br \/>\n&#8211; \u0110ai b\u1ea3o v\u1ec7 g\u1ed1i c\u1ea3i thi\u1ec7n c\u00e2n b\u1eb1ng c\u01a1 th\u1ec3, gi\u1ea3m t\u00ecnh tr\u1ea1ng gi\u1eef n\u01b0\u1edbc v\u00e0 s\u01b0ng kh\u1edbp.<br \/>\n&#8211; S\u1ea3n ph\u1ea9m th\u1ea5m h\u00fat m\u1ed3 h\u00f4i, mang l\u1ea1i c\u1ea3m gi\u00e1c s\u1ea1ch s\u1ebd v\u00e0 tho\u1ea3i m\u00e1i.<br \/>\n&#8211; Thi\u1ebft k\u1ebf kh\u00f4ng c\u1ea3n tr\u1edf di chuy\u1ec3n, gi\u00fap b\u1ea1n v\u1eadn \u0111\u1ed9ng tho\u1ea3i m\u00e1i m\u00e0 kh\u00f4ng lo g\u00e2y t\u1ed5n th\u01b0\u01a1ng do c\u0103ng th\u1eb3ng kh\u00f4ng c\u1ea7n thi\u1ebft tr\u00ean c\u00e1c c\u01a1 v\u00e0 d\u00e2y ch\u1eb1ng.<br \/>\n&#8211; H\u1ed7 tr\u1ee3 \u1ed5n \u0111\u1ecbnh c\u00e1c kh\u1edbp, n\u00e9n c\u00e1c c\u01a1 v\u00e0 d\u00e2y ch\u1eb1ng xung quanh, gi\u00fap chuy\u1ec3n \u0111\u1ed9ng tho\u1ea3i m\u00e1i h\u01a1n.<br \/>\n&#8211; S\u1ea3n ph\u1ea9m c\u00f3 th\u1ec3 s\u1eed d\u1ee5ng cho c\u1ea3 b\u00ean tr\u00e1i v\u00e0 ph\u1ea3i.<\/p>\n<p data-rm-block-id=\"block-4\"><strong>\u0110\u1ed1i t\u01b0\u1ee3ng s\u1eed d\u1ee5ng:\u00a0<\/strong><br \/>\n&#8211; Ph\u00f9 h\u1ee3p cho ng\u01b0\u1eddi b\u1ecb \u0111au kh\u1edbp g\u1ed1i, tho\u00e1i h\u00f3a kh\u1edbp g\u1ed1i<br \/>\n&#8211; Ng\u01b0\u1eddi l\u1edbn tu\u1ed5i b\u1ecb \u0111au nh\u1ee9c kh\u1edbp g\u1ed1i khi tr\u1eddi l\u1ea1nh<br \/>\n&#8211; Ng\u01b0\u1eddi ch\u01a1i th\u1ec3 thao ho\u1eb7c v\u1eadn \u0111\u1ed9ng vi\u00ean th\u1ec3 thao c\u1ea7n b\u1ea3o v\u1ec7 kh\u1edbp g\u1ed1i v\u00e0 gi\u1ea3m ch\u1ea5n th\u01b0\u01a1ng.<\/p>\n<p data-rm-block-id=\"block-5\">M\u00e3 s\u1ea3n ph\u1ea9m: AP253014\/ AP253016<\/p>\n","protected":false},"excerpt":{"rendered":"<div class=\"product-desc desc\">\n<p><strong>Ch\u1ea5t li\u1ec7u:\u00a0<\/strong>75% Polyester, 5% Polyurethane. 20% Cotton<br \/>\n<strong>C\u00f4ng ngh\u1ec7:\u00a0<\/strong><strong>Metax<\/strong><br \/>\n<strong>M\u00e0u s\u1eafc:\u00a0<\/strong>\u0110en<br \/>\n<strong>Th\u01b0\u01a1ng hi\u1ec7u:\u00a0<\/strong>Phiten<br \/>\n<strong>Xu\u1ea5t x\u1ee9:\u00a0<\/strong>Nh\u1eadt B\u1ea3n<br \/>\n<strong>Quy c\u00e1ch \u0111\u00f3ng g\u00f3i:\u00a0<\/strong>1 chi\u1ebfc\/ h\u1ed9p<\/p>\n<p><img decoding=\"async\" src=\"https:\/\/phitenvn.com\/wp-content\/uploads\/2025\/07\/muc-do-dau-nhe-1.png\" \/><\/p>\n<\/div>\n","protected":false},"featured_media":4095,"comment_status":"open","ping_status":"closed","template":"","meta":[],"product_brand":[],"product_cat":[607,648,577],"product_tag":[],"class_list":{"0":"post-3284","1":"product","2":"type-product","3":"status-publish","4":"has-post-thumbnail","6":"product_cat-dai-dau-goi-en","7":"product_cat-bang-dai-phong-ngua-en","8":"product_cat-support-belt","10":"first","11":"instock","12":"shipping-taxable","13":"purchasable","14":"product-type-variable","15":"wvs-archive-product-wrapper"},"_links":{"self":[{"href":"https:\/\/phitenvn.com\/en\/wp-json\/wp\/v2\/product\/3284","targetHints":{"allow":["GET"]}}],"collection":[{"href":"https:\/\/phitenvn.com\/en\/wp-json\/wp\/v2\/product"}],"about":[{"href":"https:\/\/phitenvn.com\/en\/wp-json\/wp\/v2\/types\/product"}],"replies":[{"embeddable":true,"href":"https:\/\/phitenvn.com\/en\/wp-json\/wp\/v2\/comments?post=3284"}],"wp:featuredmedia":[{"embeddable":true,"href":"https:\/\/phitenvn.com\/en\/wp-json\/wp\/v2\/media\/4095"}],"wp:attachment":[{"href":"https:\/\/phitenvn.com\/en\/wp-json\/wp\/v2\/media?parent=3284"}],"wp:term":[{"taxonomy":"product_brand","embeddable":true,"href":"https:\/\/phitenvn.com\/en\/wp-json\/wp\/v2\/product_brand?post=3284"},{"taxonomy":"product_cat","embeddable":true,"href":"https:\/\/phitenvn.com\/en\/wp-json\/wp\/v2\/product_cat?post=3284"},{"taxonomy":"product_tag","embeddable":true,"href":"https:\/\/phitenvn.com\/en\/wp-json\/wp\/v2\/product_tag?post=3284"}],"curies":[{"name":"wp","href":"https:\/\/api.w.org\/{rel}","templated":true}]}}