{"id":3283,"date":"2025-05-27T01:57:50","date_gmt":"2025-05-27T01:57:50","guid":{"rendered":"https:\/\/phitenvn.com\/dai-bao-ve-khop-goi-metax\/"},"modified":"2025-12-30T09:30:37","modified_gmt":"2025-12-30T02:30:37","slug":"dai-bao-ve-khop-goi-phiten-metax-band-midle","status":"publish","type":"product","link":"https:\/\/phitenvn.com\/en\/dai-bao-ve-khop-goi-phiten-metax-band-midle\/","title":{"rendered":"\u0110ai B\u1ea3o V\u1ec7 Kh\u1edbp G\u1ed1i (Phiten Metax Band Midle)"},"content":{"rendered":"<h2><strong>\u0110ai B\u1ea3o V\u1ec7 Kh\u1edbp G\u1ed1i Phiten Metax Band Midle<\/strong><\/h2>\n<p><strong>\u0110ai b\u1ea3o v\u1ec7 kh\u1edbp g\u1ed1i Phiten Metax Band Midle <\/strong>mang l\u1ea1i s\u1ef1 tho\u1ea3i m\u00e1i t\u1ed1i \u0111a khi s\u1eed d\u1ee5ng tr\u00ean v\u00e0 d\u01b0\u1edbi \u0111\u1ea7u g\u1ed1i.<br \/>\nVi\u1ec7c \u0111i\u1ec1u ch\u1ec9nh d\u00e2y \u0111eo gi\u00fap gi\u1ea3m \u00e1p l\u1ef1c l\u00ean \u0111\u1ea7u g\u1ed1i, b\u1ea3o v\u1ec7 d\u00e2y ch\u1eb1ng v\u00e0 ng\u0103n ng\u1eeba t\u1ed5n th\u01b0\u01a1ng.<br \/>\nS\u1ea3n ph\u1ea9m s\u1eed d\u1ee5ng c\u00f4ng ngh\u1ec7\u00a0<strong>METAX\u00ae<\/strong>, gi\u00fap c\u1ea3i thi\u1ec7n hi\u1ec7u qu\u1ea3 v\u00e0 t\u1ea1o s\u1ef1 kh\u00e1c bi\u1ec7t r\u00f5 r\u1ec7t so v\u1edbi c\u00e1c s\u1ea3n ph\u1ea9m h\u1ed7 tr\u1ee3 kh\u00e1c tr\u00ean th\u1ecb tr\u01b0\u1eddng<\/p>\n<p><strong>C\u00f4ng d\u1ee5ng:\u00a0<\/strong><br \/>\n&#8211; B\u0103ng b\u1ea3o v\u1ec7 gi\u00fap th\u01b0 gi\u00e3n d\u00e2y ch\u1eb1ng \u0111\u1ea7u g\u1ed1i, c\u1ea3i thi\u1ec7n l\u01b0u th\u00f4ng kh\u00ed huy\u1ebft v\u00e0 gi\u1ea3m t\u00ecnh tr\u1ea1ng gi\u1eef n\u01b0\u1edbc c\u0169ng nh\u01b0 s\u01b0ng kh\u1edbp.<br \/>\n&#8211; Thi\u1ebft k\u1ebf th\u1ea5m h\u00fat m\u1ed3 h\u00f4i gi\u00fap b\u1ea1n c\u1ea3m th\u1ea5y s\u1ea1ch s\u1ebd v\u00e0 tho\u1ea3i m\u00e1i.<br \/>\n&#8211; S\u1ea3n ph\u1ea9m kh\u00f4ng c\u1ea3n tr\u1edf di chuy\u1ec3n, gi\u00fap b\u1ea1n v\u1eadn \u0111\u1ed9ng tho\u1ea3i m\u00e1i m\u00e0 kh\u00f4ng lo t\u1ed5n th\u01b0\u01a1ng do c\u0103ng th\u1eb3ng kh\u00f4ng c\u1ea7n thi\u1ebft tr\u00ean c\u01a1 v\u00e0 d\u00e2y ch\u1eb1ng.<br \/>\n&#8211; \u0110\u01b0\u1ee3c thi\u1ebft k\u1ebf \u0111\u1ec3 \u1ed5n \u0111\u1ecbnh kh\u1edbp v\u00e0 n\u00e9n c\u00e1c c\u01a1, d\u00e2y ch\u1eb1ng xung quanh, gi\u00fap chuy\u1ec3n \u0111\u1ed9ng tr\u1edf n\u00ean d\u1ec5 d\u00e0ng h\u01a1n.<br \/>\n&#8211; S\u1eed d\u1ee5ng \u0111\u01b0\u1ee3c cho c\u1ea3 b\u00ean tr\u00e1i v\u00e0 ph\u1ea3i.<\/p>\n<p><strong>\u0110\u1ed1i t\u01b0\u1ee3ng s\u1eed d\u1ee5ng:<\/strong><br \/>\n&#8211; Ng\u01b0\u1eddi \u0111au kh\u1edbp g\u1ed1i, tho\u00e1i h\u00f3a kh\u1edbp g\u1ed1i<br \/>\n&#8211; H\u1ed7 tr\u1ee3 ph\u1ee5c h\u1ed3i sau vi\u00eam kh\u1edbp, vi\u00eam g\u00e2n, th\u1ea5p kh\u1edbp v\u00e0 c\u00e1c t\u00ecnh tr\u1ea1ng v\u00e0 ch\u1ea5n th\u01b0\u01a1ng kh\u00e1c<br \/>\n&#8211; H\u1ed7 tr\u1ee3 b\u1ea3o v\u1ec7 kh\u1edbp g\u1ed1i, gi\u1ea3m ch\u1ea5n th\u01b0\u01a1ng cho ng\u01b0\u1eddi ch\u01a1i th\u1ec3 thao, v\u1eadn \u0111\u1ed9ng vi\u00ean th\u1ec3 thao<\/p>\n<p>M\u00e3 s\u1ea3n ph\u1ea9m: AP234004\/ AP234003<\/p>\n","protected":false},"excerpt":{"rendered":"<p><strong>\u00a0M\u00f4 t\u1ea3 s\u1ea3n ph\u1ea9m:<\/strong><br \/>\n&#8211; Th\u00e2n ch\u00ednh (trung t\u00e2m): 80% nylon, polyurethane 20%<br \/>\n&#8211; Hai m\u1eb7t b\u00ean tr\u00e1i &#8211; ph\u1ea3i : 93% nylon, polyurethane 7%<br \/>\n&#8211; Th\u00e2n\u00a0sau: 80% Nylon, 20% polyurethane<br \/>\n&#8211; Th\u00e2n sau (t\u00ean k\u00edch th\u01b0\u1edbc ph\u1ea7n ngo\u1ea1i vi): 100% polyester<br \/>\n&#8211; Ph\u1ea7n v\u00e0nh \u0111ai c\u1ee7a b\u1ec1 m\u1eb7t: 100% polyurethane<br \/>\n&#8211; Mi\u1ebfng \u0111\u1ec7m: 100% ch\u1ea5t \u0111\u00e0n h\u1ed3i styrene<br \/>\n&#8211; V\u00f2ng l\u1eb7p: 100% polyacetal<br \/>\n&#8211; B\u1ec1 m\u1eb7t d\u00e2y bu\u1ed9c: 100% polyester<br \/>\n<strong>Size:<\/strong>\u00a0M (35-40 cm)<br \/>\n<strong>M\u00e0u s\u1eafc:\u00a0<\/strong>\u0110en<br \/>\n<strong>C\u00f4ng ngh\u1ec7:\u00a0AQUA-METAX\u00ae<\/strong><br \/>\n<strong>Quy c\u00e1ch \u0111\u00f3ng g\u00f3i:\u00a0<\/strong>1 c\u00e1i\/h\u1ed9p<br \/>\n<strong>S\u1ea3n xu\u1ea5t:\u00a0<\/strong>Nh\u1eadt B\u1ea3n<\/p>\n<p><img decoding=\"async\" src=\"https:\/\/phitenvn.com\/wp-content\/uploads\/2025\/07\/muc-do-dau-vua-1.png\" \/><\/p>\n","protected":false},"featured_media":4303,"comment_status":"open","ping_status":"closed","template":"","meta":[],"product_brand":[],"product_cat":[607,646,577],"product_tag":[638],"class_list":{"0":"post-3283","1":"product","2":"type-product","3":"status-publish","4":"has-post-thumbnail","6":"product_cat-dai-dau-goi-en","7":"product_cat-bang-dai-ho-tro-2-en","8":"product_cat-support-belt","9":"product_tag-ho-tro-en-2","11":"first","12":"instock","13":"shipping-taxable","14":"purchasable","15":"product-type-variable","16":"wvs-archive-product-wrapper"},"_links":{"self":[{"href":"https:\/\/phitenvn.com\/en\/wp-json\/wp\/v2\/product\/3283","targetHints":{"allow":["GET"]}}],"collection":[{"href":"https:\/\/phitenvn.com\/en\/wp-json\/wp\/v2\/product"}],"about":[{"href":"https:\/\/phitenvn.com\/en\/wp-json\/wp\/v2\/types\/product"}],"replies":[{"embeddable":true,"href":"https:\/\/phitenvn.com\/en\/wp-json\/wp\/v2\/comments?post=3283"}],"wp:featuredmedia":[{"embeddable":true,"href":"https:\/\/phitenvn.com\/en\/wp-json\/wp\/v2\/media\/4303"}],"wp:attachment":[{"href":"https:\/\/phitenvn.com\/en\/wp-json\/wp\/v2\/media?parent=3283"}],"wp:term":[{"taxonomy":"product_brand","embeddable":true,"href":"https:\/\/phitenvn.com\/en\/wp-json\/wp\/v2\/product_brand?post=3283"},{"taxonomy":"product_cat","embeddable":true,"href":"https:\/\/phitenvn.com\/en\/wp-json\/wp\/v2\/product_cat?post=3283"},{"taxonomy":"product_tag","embeddable":true,"href":"https:\/\/phitenvn.com\/en\/wp-json\/wp\/v2\/product_tag?post=3283"}],"curies":[{"name":"wp","href":"https:\/\/api.w.org\/{rel}","templated":true}]}}