{"id":3282,"date":"2025-05-27T03:24:20","date_gmt":"2025-05-27T03:24:20","guid":{"rendered":"https:\/\/phitenvn.com\/dai-bao-ve-dau-goi-the-thao\/"},"modified":"2025-07-31T10:30:28","modified_gmt":"2025-07-31T10:30:28","slug":"dai-bao-ve-dau-goi-the-thao","status":"publish","type":"product","link":"https:\/\/phitenvn.com\/en\/dai-bao-ve-dau-goi-the-thao\/","title":{"rendered":"\u0110ai B\u1ea3o V\u1ec7 \u0110\u1ea7u G\u1ed1i Th\u1ec3 Thao"},"content":{"rendered":"<h2><strong>\u0110ai b\u1ea3o v\u1ec7 \u0111\u1ea7u g\u1ed1i th\u1ec3 thao Phiten<\/strong><\/h2>\n<p><strong>\u0110ai b\u1ea3o v\u1ec7 \u0111\u1ea7u g\u1ed1i th\u1ec3 thao Phiten<\/strong><strong>\u00a0<\/strong>chuy\u00ean d\u1ee5ng cho t\u1ea5t c\u1ea3 c\u00e1c m\u00f4n th\u1ec3 thao v\u1eadn \u0111\u1ed9ng, mang l\u1ea1i c\u1ea3m gi\u00e1c tho\u1ea3i m\u00e1i v\u00e0 d\u1ec5 ch\u1ecbu khi di chuy\u1ec3n ho\u1eb7c th\u1ef1c hi\u1ec7n c\u00e1c thao t\u00e1c nh\u01b0 tr\u01b0\u1ee3t, co d\u00e3n, \u0111\u1ea9y&#8230;<br \/>\nS\u1ea3n ph\u1ea9m kh\u00f4ng ch\u1ec9 h\u1ed7 tr\u1ee3 v\u1ec1 m\u1eb7t v\u1eadt l\u00fd m\u00e0 c\u00f2n mang l\u1ea1i nh\u1eefng l\u1ee3i \u00edch di\u1ec7u k\u1ef3 v\u1ec1 s\u1ee9c kh\u1ecfe, gi\u00fap ng\u01b0\u1eddi s\u1eed d\u1ee5ng duy tr\u00ec hi\u1ec7u su\u1ea5t t\u1ed1t nh\u1ea5t, b\u1ea3o v\u1ec7 kh\u1edbp kh\u1ecfi chuy\u1ec3n \u0111\u1ed9ng m\u1ea1nh v\u00e0 va ch\u1ea1m trong khi ch\u01a1i th\u1ec3 thao.<\/p>\n<p><strong>C\u00f4ng d\u1ee5ng<\/strong><br \/>\n&#8211; H\u1ed7 tr\u1ee3 v\u1eadn \u0111\u1ed9ng, gi\u1ea3m \u0111au tuy\u1ec7t v\u1eddi<br \/>\n&#8211; T\u1ea1o s\u1ef1 tho\u1ea3i m\u00e1i m\u00e0 kh\u00f4ng c\u1ea3n tr\u1edf di chuy\u1ec3n.<br \/>\n&#8211; Th\u1ea5m h\u00fat m\u1ed3 h\u00f4i t\u1ed1t cho c\u1ea3m gi\u00e1c s\u1ea1ch s\u1ebd v\u00e0 tho\u1ea3i m\u00e1i.<br \/>\n&#8211; H\u1ed7 tr\u1ee3 ph\u1ee5c h\u1ed3i t\u1eeb vi\u00eam kh\u1edbp, vi\u00eam g\u00e2n, th\u1ea5p kh\u1edbp v\u00e0 c\u00e1c t\u00ecnh tr\u1ea1ng v\u00e0 ch\u1ea5n th\u01b0\u01a1ng li\u00ean quan \u0111\u1ebfn m\u1eaft c\u00e1 ch\u00e2n kh\u00e1c<br \/>\n&#8211; Gi\u00fap gi\u1ea3m \u0111au v\u00e0 h\u1ed7 tr\u1ee3 ph\u1ee5c h\u1ed3i<\/p>\n<p><strong>\u0110\u1ed1i t\u01b0\u1ee3ng s\u1eed d\u1ee5ng:\u00a0<\/strong><br \/>\n&#8211; Ph\u00f9 h\u1ee3p cho nh\u1eefng ng\u01b0\u1eddi ch\u01a1i th\u1ec3 thao ho\u1eb7c v\u1eadn \u0111\u1ed9ng vi\u00ean th\u1ec3 thao c\u1ea7n b\u1ea3o v\u1ec7 kh\u1edbp g\u1ed1i v\u00e0 ph\u00f2ng ch\u1ed1ng ch\u1ea5n th\u01b0\u01a1ng.<br \/>\n&#8211; S\u1ea3n ph\u1ea9m c\u0169ng th\u00edch h\u1ee3p cho ng\u01b0\u1eddi g\u1eb7p c\u00e1c v\u1ea5n \u0111\u1ec1 v\u1ec1 vi\u00eam kh\u1edbp, vi\u00eam g\u00e2n, th\u1ea5p kh\u1edbp v\u00e0 c\u00e1c t\u00ecnh tr\u1ea1ng ch\u1ea5n th\u01b0\u01a1ng \u0111\u1ea7u g\u1ed1i kh\u00e1c.<\/p>\n<p><strong>M\u00e3 s\u1ea3n ph\u1ea9m:<\/strong> AP151006\/ AP151005\/ AP151004\/ AP151003<\/p>\n","protected":false},"excerpt":{"rendered":"<p><strong>C\u00f4ng ngh\u1ec7:\u00a0<\/strong>AQUATITAN<br \/>\n<strong>M\u00e0u s\u1eafc:<\/strong>\u00a0\u0110en<br \/>\n<strong>S\u1ea3n xu\u1ea5t t\u1ea1i:\u00a0<\/strong>Nh\u1eadt B\u1ea3n<\/p>\n<p><strong>S\u1ea3n ph\u1ea9m c\u00f3 4 size:<\/strong><\/p>\n<ul>\n<li>S: 30-33 cm<\/li>\n<li>M: 32-35 cm<\/li>\n<li>L: 34-37.5 cm<\/li>\n<li>LL: 36.5-40.5 cm<\/li>\n<\/ul>\n<p><strong>\u0110\u1ed1i t\u01b0\u1ee3ng s\u1eed d\u1ee5ng:<\/strong><\/p>\n<p>&#8211; H\u1ed7 tr\u1ee3 b\u1ea3o v\u1ec7 kh\u1edbp g\u1ed1i, ph\u00f2ng ch\u1ed1ng\u00a0ch\u1ea5n th\u01b0\u01a1ng cho ng\u01b0\u1eddi ch\u01a1i th\u1ec3 thao, v\u1eadn \u0111\u1ed9ng vi\u00ean th\u1ec3 thao<br \/>\n&#8211;\u00a0Ng\u01b0\u1eddi g\u1eb7p c\u00e1c v\u1ea5n \u0111\u1ec1 v\u1ec1\u00a0vi\u00eam kh\u1edbp, vi\u00eam g\u00e2n, th\u1ea5p kh\u1edbp v\u00e0 c\u00e1c t\u00ecnh tr\u1ea1ng v\u00e0 ch\u1ea5n th\u01b0\u01a1ng \u0111\u1ea7u g\u1ed1i kh\u00e1c.<\/p>\n<p dir=\"ltr\"><strong>Quy c\u00e1ch \u0111\u00f3ng g\u00f3i:<\/strong>\u00a01 c\u00e1i\/ h\u1ed9p<\/p>\n","protected":false},"featured_media":2773,"comment_status":"open","ping_status":"closed","template":"","meta":[],"product_brand":[],"product_cat":[607,577],"product_tag":[637],"class_list":{"0":"post-3282","1":"product","2":"type-product","3":"status-publish","4":"has-post-thumbnail","6":"product_cat-dai-dau-goi-en","7":"product_cat-support-belt","8":"product_tag-the-thao-en","10":"first","11":"instock","12":"shipping-taxable","13":"purchasable","14":"product-type-variable","15":"wvs-archive-product-wrapper"},"_links":{"self":[{"href":"https:\/\/phitenvn.com\/en\/wp-json\/wp\/v2\/product\/3282","targetHints":{"allow":["GET"]}}],"collection":[{"href":"https:\/\/phitenvn.com\/en\/wp-json\/wp\/v2\/product"}],"about":[{"href":"https:\/\/phitenvn.com\/en\/wp-json\/wp\/v2\/types\/product"}],"replies":[{"embeddable":true,"href":"https:\/\/phitenvn.com\/en\/wp-json\/wp\/v2\/comments?post=3282"}],"wp:featuredmedia":[{"embeddable":true,"href":"https:\/\/phitenvn.com\/en\/wp-json\/wp\/v2\/media\/2773"}],"wp:attachment":[{"href":"https:\/\/phitenvn.com\/en\/wp-json\/wp\/v2\/media?parent=3282"}],"wp:term":[{"taxonomy":"product_brand","embeddable":true,"href":"https:\/\/phitenvn.com\/en\/wp-json\/wp\/v2\/product_brand?post=3282"},{"taxonomy":"product_cat","embeddable":true,"href":"https:\/\/phitenvn.com\/en\/wp-json\/wp\/v2\/product_cat?post=3282"},{"taxonomy":"product_tag","embeddable":true,"href":"https:\/\/phitenvn.com\/en\/wp-json\/wp\/v2\/product_tag?post=3282"}],"curies":[{"name":"wp","href":"https:\/\/api.w.org\/{rel}","templated":true}]}}