{"id":3281,"date":"2025-05-27T03:34:05","date_gmt":"2025-05-26T20:34:05","guid":{"rendered":"https:\/\/phitenvn.com\/dai-dinh-hinh-lung-metax\/"},"modified":"2025-12-17T15:23:39","modified_gmt":"2025-12-17T08:23:39","slug":"dai-dinh-hinh-lung-metax","status":"publish","type":"product","link":"https:\/\/phitenvn.com\/en\/dai-dinh-hinh-lung-metax\/","title":{"rendered":"\u0110ai \u0110\u1ecbnh H\u00ecnh L\u01b0ng Metax"},"content":{"rendered":"<h2><strong>\u0110ai \u0110\u1ecbnh H\u00ecnh L\u01b0ng Metax\u00a0<\/strong><\/h2>\n<p>\u0110ai b\u1ea3o v\u1ec7 l\u01b0ng v\u1edbi di\u1ec7n t\u00edch r\u1ed9ng s\u1ebd h\u1ed7 tr\u1ee3, hi\u1ec7u qu\u1ea3 h\u01a1n v\u1edbi nhi\u1ec1u ph\u1ea7n c\u00f3 th\u1ec3 th\u00e1o l\u1eafp. S\u1ea3n ph\u1ea9m mang l\u1ea1i s\u1ef1 tho\u1ea3i m\u00e1i, ch\u1ea5t li\u1ec7u v\u1ea3i tho\u00e1ng kh\u00ed v\u00e0 \u0111\u1ed9 b\u1ec1n cao nh\u1ea5t.<\/p>\n<p><strong>C\u00f4ng d\u1ee5ng:<\/strong><br \/>\n-H\u1ed7 tr\u1ee3 ng\u01b0\u1eddi \u0111ang b\u1ecb ch\u1ea5n th\u01b0\u01a1ng, gi\u00fap \u1ed5n \u0111\u1ecbnh c\u01a1 &#8211; x\u01b0\u01a1ng &#8211; kh\u1edbp xung quanh v\u00f9ng l\u01b0ng v\u00e0 di chuy\u1ec3n tho\u1ea3i m\u00e1i h\u01a1n.<br \/>\n-\u0110ai l\u01b0ng thi\u1ebft k\u1ebf nh\u1eb9, th\u1ea5m h\u00fat m\u1ed3 h\u00f4i t\u1ed1t cho c\u1ea3m gi\u00e1c s\u1ea1ch s\u1ebd v\u00e0 tho\u1ea3i m\u00e1i.<br \/>\n-C\u00f3 th\u1ec3 t\u0103ng gi\u1ea3m \u0111\u1ed9 n\u00e9n ch\u1eb7t v\u00f9ng l\u01b0ng b\u1eb1ng c\u00e1ch \u0111i\u1ec1u ch\u1ec9nh v\u00e0nh \u0111ai<br \/>\n-H\u1ed7 tr\u1ee3 ph\u1ee5c h\u1ed3i t\u1eeb vi\u00eam kh\u1edbp, vi\u00eam g\u00e2n, th\u1ea5p kh\u1edbp<br \/>\n-C\u00f3 th\u1ec3 s\u1eed d\u1ee5ng li\u00ean t\u1ee5c trong qu\u00e1 tr\u00ecnh \u0111i\u1ec1u tr\u1ecb ch\u1ea5n th\u01b0\u01a1ng<\/p>\n<p><strong>\u00a0\u0110\u1ed1i t\u01b0\u1ee3ng s\u1eed d\u1ee5ng:<\/strong><br \/>\n&#8211; D\u00e2n v\u0103n ph\u00f2ng b\u1ecb \u0111au l\u01b0ng, \u0111au c\u1ed9t s\u1ed1ng<br \/>\n&#8211; Ng\u01b0\u1eddi \u0111au l\u01b0ng do ng\u1ed3i l\u00e2u, ng\u1ed3i sai t\u01b0 th\u1ebf<br \/>\n&#8211; Ng\u01b0\u1eddi c\u1ea7n h\u1ed7 tr\u1ee3 ph\u1ee5c h\u1ed3i sau vi\u00eam kh\u1edbp, vi\u00eam g\u00e2n, th\u1ea5p kh\u1edbp v\u00e0 c\u00e1c b\u1ec7nh x\u01b0\u01a1ng ch\u1eadu kh\u00e1c, th\u1eaft l\u01b0ng v\u00e0 c\u00e1c ch\u1ea5n th\u01b0\u01a1ng li\u00ean quan \u0111\u1ebfn l\u01b0ng.<\/p>\n<p><strong>M\u00e3 s\u1ea3n ph\u1ea9m<\/strong>: AP229005\/ AP229004\/ AP229003<\/p>\n","protected":false},"excerpt":{"rendered":"<p><strong>C\u00f4ng ngh\u1ec7:<\/strong>\u00a0<strong>Metax<\/strong><br \/>\n<strong>Ch\u1ea5t li\u1ec7u:<\/strong><br \/>\n-Ph\u1ea7n th\u00e2n \u0111ai (B\u1ec1 m\u1eb7t) Khu v\u1ef1c trung t\u00e2m: Polyester 100% Hai b\u00ean: (Surface) Nylon 93%, Polyurethane 7% \/ (B\u00ean trong) Polyurethane 100\uff05 \/ (Ph\u1ea7n l\u01b0ng \u0111ai): Nylon 80%, Polyurethane 21%<br \/>\n-Th\u00e2n \u0111ai (Ph\u00eda sau) Center Area (Surface): Nylon 93%, Polyurethane 7% \/ Ph\u1ea7n trong: Polyurethane 100% \/ Back: Nylon 80%, Polyurethane 20% Hai b\u00ean: Polyester 101%<br \/>\n-Ph\u1ea7n \u0111ai h\u1ed7 tr\u1ee3: Polyester 81%, Polyurethane 20%<br \/>\n-Kh\u00f3a Velcro: Polyester 100%<br \/>\n<em>\u00a0*S\u1ea3n ph\u1ea9m c\u00f3 k\u00e8m th\u00eam 1 thanh n\u1eb9p b\u1ea3n l\u1edbn h\u1ed7 tr\u1ee3 n\u00e2ng \u0111\u1ee1 l\u01b0ng gi\u1eefa v\u00e0 2 thanh n\u1eb9p n\u00e2ng \u0111\u1ee1 l\u01b0ng h\u00f4ng*<\/em><\/p>\n<p><strong>Quy c\u00e1ch \u0111\u00f3ng g\u00f3i: <\/strong>1 c\u00e1i\/h\u1ed9p<br \/>\n<strong>Size: <\/strong>S, M, L<br \/>\n<strong>S\u1ea3n xu\u1ea5t: <\/strong>Nh\u1eadt B\u1ea3n<\/p>\n<p><img decoding=\"async\" src=\"https:\/\/phitenvn.com\/wp-content\/uploads\/2025\/07\/muc-do-dau-nang-1.png\" \/><\/p>\n","protected":false},"featured_media":2726,"comment_status":"open","ping_status":"closed","template":"","meta":[],"product_brand":[],"product_cat":[645,40,17],"product_tag":[636],"class_list":{"0":"post-3281","1":"product","2":"type-product","3":"status-publish","4":"has-post-thumbnail","6":"product_cat-bang-dai-phuc-hoi","7":"product_cat-dai-dinh-hinh-lung-vai","8":"product_cat-bang-dai-ho-tro","9":"product_tag-phuc-hoi","11":"first","12":"instock","13":"shipping-taxable","14":"purchasable","15":"product-type-variable","16":"wvs-archive-product-wrapper"},"_links":{"self":[{"href":"https:\/\/phitenvn.com\/en\/wp-json\/wp\/v2\/product\/3281","targetHints":{"allow":["GET"]}}],"collection":[{"href":"https:\/\/phitenvn.com\/en\/wp-json\/wp\/v2\/product"}],"about":[{"href":"https:\/\/phitenvn.com\/en\/wp-json\/wp\/v2\/types\/product"}],"replies":[{"embeddable":true,"href":"https:\/\/phitenvn.com\/en\/wp-json\/wp\/v2\/comments?post=3281"}],"wp:featuredmedia":[{"embeddable":true,"href":"https:\/\/phitenvn.com\/en\/wp-json\/wp\/v2\/media\/2726"}],"wp:attachment":[{"href":"https:\/\/phitenvn.com\/en\/wp-json\/wp\/v2\/media?parent=3281"}],"wp:term":[{"taxonomy":"product_brand","embeddable":true,"href":"https:\/\/phitenvn.com\/en\/wp-json\/wp\/v2\/product_brand?post=3281"},{"taxonomy":"product_cat","embeddable":true,"href":"https:\/\/phitenvn.com\/en\/wp-json\/wp\/v2\/product_cat?post=3281"},{"taxonomy":"product_tag","embeddable":true,"href":"https:\/\/phitenvn.com\/en\/wp-json\/wp\/v2\/product_tag?post=3281"}],"curies":[{"name":"wp","href":"https:\/\/api.w.org\/{rel}","templated":true}]}}