{"id":3280,"date":"2025-05-27T04:04:51","date_gmt":"2025-05-27T04:04:51","guid":{"rendered":"https:\/\/phitenvn.com\/dai-bao-ve-xuong-chau\/"},"modified":"2025-08-01T03:43:16","modified_gmt":"2025-08-01T03:43:16","slug":"dai-bao-ve-xuong-chau","status":"publish","type":"product","link":"https:\/\/phitenvn.com\/en\/dai-bao-ve-xuong-chau\/","title":{"rendered":"\u0110ai B\u1ea3o V\u1ec7 X\u01b0\u01a1ng Ch\u1eadu Metax"},"content":{"rendered":"<h2><strong>\u0110ai B\u1ea3o V\u1ec7 X\u01b0\u01a1ng Ch\u1eadu\/ Th\u1eaft L\u01b0ng Metax\u00a0<\/strong><\/h2>\n<p>\u0110ai b\u1ea3o v\u1ec7 x\u01b0\u01a1ng ch\u1eadu, th\u1eaft l\u01b0ng Metax c\u1ee7a Phiten r\u1ea5t nh\u1eb9 v\u00e0 tho\u00e1ng kh\u00ed mang l\u1ea1i s\u1ef1 tho\u1ea3i m\u00e1i t\u1ed1i \u0111a.<br \/>\nM\u1ee9c \u0111\u1ed9 b\u00f3 ch\u1eb7t c\u00f3 th\u1ec3 \u0111\u01b0\u1ee3c \u0111i\u1ec1u ch\u1ec9nh d\u1ec5 d\u00e0ng v\u1edbi \u0111ai h\u1ed7 tr\u1ee3 ph\u1ee5 k\u00e8m theo, \u1ed5n \u0111\u1ecbnh v\u1ecb tr\u00ed cho x\u01b0\u01a1ng ch\u1eadu.<br \/>\nV\u1eadt li\u1ec7u m\u1ecfng cho ph\u00e9p \u0111eo \u0111ai trong l\u1edbp qu\u1ea7n \u00e1o.<\/p>\n<p><strong>C\u00f4ng d\u1ee5ng:<\/strong><br \/>\n&#8211; H\u1ed7 tr\u1ee3 v\u00f9ng lth\u1eaft \u01b0ng v\u00e0 x\u01b0\u01a1ng ch\u1eadu \u0111\u1ec3 c\u00f3 t\u01b0 th\u1ebf t\u1ed1t h\u01a1n v\u00e0 \u1ed5n \u0111\u1ecbnh h\u01a1n khi di chuy\u1ec3n<br \/>\n&#8211; C\u1ea5u tr\u00fac s\u1ee3i m\u1ecfng nh\u01b0ng ch\u1eafc ch\u1eafn c\u00f3 th\u1ec3 c\u1eed \u0111\u1ed9ng tho\u1ea3i m\u00e1i cao khi b\u1ea1n lu\u00f4n lu\u00f4n di chuy\u1ec3n<br \/>\n&#8211; H\u1ed7 tr\u1ee3 t\u1ed1i \u0111a cho v\u00f9ng th\u1eaft l\u01b0ng<br \/>\n&#8211; S\u1eed d\u1ee5ng c\u00f4ng ngh\u1ec7 \u0111\u1ed9c \u0111\u00e1o Metax \u0111\u00e3 \u0111\u01b0\u1ee3c ch\u1ee9ng minh l\u00e0 mang l\u1ea1i nhi\u1ec1u l\u1ee3i \u00edch s\u1ee9c kh\u1ecfe kh\u00e1c nhau.<br \/>\n&#8211; Gi\u00fap ng\u0103n ng\u1eeba ch\u1ea5n th\u01b0\u01a1ng, th\u01b0 gi\u00e3n t\u1ee9c th\u00ec cho v\u00f9ng kh\u1edbp v\u00e0 c\u01a1 b\u1eafp<br \/>\n&#8211; H\u1ed7 tr\u1ee3 ph\u1ee5c h\u1ed3i t\u1eeb vi\u00eam kh\u1edbp, vi\u00eam g\u00e2n, th\u1ea5p kh\u1edbp, v\u00f9ng x\u01b0\u01a1ng ch\u1eadu, eo v\u00e0 th\u1eaft l\u01b0ng.<\/p>\n<p><strong>\u0110\u1ed1i t\u01b0\u1ee3ng s\u1eed d\u1ee5ng:<\/strong><br \/>\n&#8211; Ng\u01b0\u1eddi g\u1eb7p ch\u1ea5n th\u01b0\u01a1ng v\u00f9ng x\u01b0\u01a1ng ch\u1eadu, c\u1ea7n h\u1ed7 tr\u1ee3 ph\u1ee5c h\u1ed3i sau ch\u1ea5n th\u01b0\u01a1ng<br \/>\n&#8211; Ph\u1ee5 n\u1eef \u0111au x\u01b0\u01a1ng ch\u1eadu sau sinh<br \/>\n&#8211; Ng\u01b0\u1eddi c\u1ea7n h\u1ed7 tr\u1ee3 v\u00f9ng th\u1eaft l\u01b0ng v\u00e0 x\u01b0\u01a1ng ch\u1eadu khi di chuy\u1ec3n<br \/>\n&#8211; H\u1ed7 tr\u1ee3 ph\u1ee5c h\u1ed3i cho ng\u01b0\u1eddi b\u1ec7nh sau vi\u00eam kh\u1edbp, vi\u00eam g\u00e2n, th\u1ea5p kh\u1edbp, v\u00e0 c\u00e1c t\u00ecnh tr\u1ea1ng v\u00e0 ch\u1ea5n th\u01b0\u01a1ng kh\u00e1c li\u00ean quan \u0111\u1ebfn x\u01b0\u01a1ng ch\u1eadu, v\u00e0 th\u1eaft l\u01b0ng.<\/p>\n<p><strong>M\u00e3 s\u1ea3n ph\u1ea9m:<\/strong> AP248005<\/p>\n","protected":false},"excerpt":{"rendered":"<p><strong>Ch\u1ea5t li\u1ec7u:\u00a0<\/strong><br \/>\n&#8211; Th\u00e2n m\u00e1y (B\u1ec1 m\u1eb7t): Nylon 68%<br \/>\n&#8211; Polyurethane 32%<br \/>\n&#8211; \u0110ai h\u1ed7 tr\u1ee3: Nylon 68% \/ Polyurethane 32%<br \/>\n&#8211; D\u00e2y bu\u1ed9c: Polyester 100%<br \/>\n<strong>\u00a0C\u00f4ng ngh\u1ec7:\u00a0Metax<br \/>\nK\u00edch th\u01b0\u1edbc:\u00a0<\/strong>Free-size<br \/>\n<strong>Th\u01b0\u01a1ng hi\u1ec7u: Phiten<br \/>\nS\u1ea3n xu\u1ea5t:<\/strong>\u00a0t\u1ea1i Nh\u1eadt B\u1ea3n<br \/>\n<strong>Quy c\u00e1ch \u0111\u00f3ng g\u00f3i: <\/strong>1 c\u00e1i\/h\u1ed9p<\/p>\n<p><img decoding=\"async\" src=\"https:\/\/phitenvn.com\/wp-content\/uploads\/2025\/07\/muc-do-dau-nang-1.png\" \/><\/p>\n","protected":false},"featured_media":2784,"comment_status":"open","ping_status":"closed","template":"","meta":[],"product_brand":[],"product_cat":[604,577],"product_tag":[640],"class_list":{"0":"post-3280","1":"product","2":"type-product","3":"status-publish","4":"has-post-thumbnail","6":"product_cat-dai-dinh-hinh-lung-vai-en","7":"product_cat-support-belt","8":"product_tag-phuc-hoi-en-2","10":"first","11":"instock","12":"shipping-taxable","13":"purchasable","14":"product-type-variable","15":"wvs-archive-product-wrapper"},"_links":{"self":[{"href":"https:\/\/phitenvn.com\/en\/wp-json\/wp\/v2\/product\/3280","targetHints":{"allow":["GET"]}}],"collection":[{"href":"https:\/\/phitenvn.com\/en\/wp-json\/wp\/v2\/product"}],"about":[{"href":"https:\/\/phitenvn.com\/en\/wp-json\/wp\/v2\/types\/product"}],"replies":[{"embeddable":true,"href":"https:\/\/phitenvn.com\/en\/wp-json\/wp\/v2\/comments?post=3280"}],"wp:featuredmedia":[{"embeddable":true,"href":"https:\/\/phitenvn.com\/en\/wp-json\/wp\/v2\/media\/2784"}],"wp:attachment":[{"href":"https:\/\/phitenvn.com\/en\/wp-json\/wp\/v2\/media?parent=3280"}],"wp:term":[{"taxonomy":"product_brand","embeddable":true,"href":"https:\/\/phitenvn.com\/en\/wp-json\/wp\/v2\/product_brand?post=3280"},{"taxonomy":"product_cat","embeddable":true,"href":"https:\/\/phitenvn.com\/en\/wp-json\/wp\/v2\/product_cat?post=3280"},{"taxonomy":"product_tag","embeddable":true,"href":"https:\/\/phitenvn.com\/en\/wp-json\/wp\/v2\/product_tag?post=3280"}],"curies":[{"name":"wp","href":"https:\/\/api.w.org\/{rel}","templated":true}]}}