{"id":3279,"date":"2025-05-27T04:27:45","date_gmt":"2025-05-26T21:27:45","guid":{"rendered":"https:\/\/phitenvn.com\/dai-bao-ve-lung-metax\/"},"modified":"2025-12-17T15:23:15","modified_gmt":"2025-12-17T08:23:15","slug":"dai-bao-ve-lung-metax","status":"publish","type":"product","link":"https:\/\/phitenvn.com\/en\/dai-bao-ve-lung-metax\/","title":{"rendered":"\u0110ai B\u1ea3o V\u1ec7 L\u01b0ng Metax"},"content":{"rendered":"<h2><strong>\u0110ai B\u1ea3o V\u1ec7 L\u01b0ng\/ Th\u1eaft L\u01b0ng METAX\u00a0<\/strong><\/h2>\n<p><strong>\u0110\u1eb7c \u0111i\u1ec3m s\u1ea3n ph\u1ea9m:<\/strong><br \/>\n&#8211; \u0110\u01b0\u1ee3c l\u00e0m t\u1eeb ch\u1ea5t li\u1ec7u l\u01b0\u1edbi c\u00f3 kh\u1ea3 n\u0103ng tho\u00e1ng kh\u00ed tuy\u1ec7t v\u1eddi.<br \/>\n&#8211; \u0110ai cao su c\u00f3 th\u1ec3 th\u00e1o r\u1eddi cung c\u1ea5p nhi\u1ec1u l\u1ef1c h\u1ed7 tr\u1ee3 v\u1edbi kh\u1ea3 n\u0103ng \u0111i\u1ec1u ch\u1ec9nh.<br \/>\n&#8211; C\u00e1c mi\u1ebfng \u0111\u1ec7m v\u00e0 \u0111ai h\u1ed7 tr\u1ee3 mang l\u1ea1i s\u1ef1 v\u1eeba v\u1eb7n v\u00e0 tho\u1ea3i m\u00e1i.<\/p>\n<p><strong>C\u00f4ng d\u1ee5ng:<\/strong><br \/>\n&#8211; \u0110ai thi\u1ebft k\u1ebf nh\u1eb9 v\u00e0 tho\u00e1ng kh\u00ed<br \/>\n&#8211; H\u1ed7 tr\u1ee3 \u1ed5n \u0111\u1ecbnh c\u00e1c kh\u1edbp, n\u00e9n c\u00e1c c\u01a1 v\u00e0 g\u00e2n xung quanh \u0111\u1ec3 di chuy\u1ec3n tho\u1ea3i m\u00e1i h\u01a1n.<br \/>\n&#8211; H\u1ea5p th\u1ee5 ch\u1ea5n th\u01b0\u01a1ng v\u00e0 c\u0103ng th\u1eb3ng \u1edf d\u00e2y ch\u1eb1ng<br \/>\n&#8211; Mang l\u1ea1i s\u1ef1 an t\u00e2m khi v\u1eadn \u0111\u1ed9ng m\u00e0 kh\u00f4ng ph\u1ea3i lo l\u1eafng l\u00e0m t\u1ed5n th\u01b0\u01a1ng do s\u1ef1 c\u0103ng th\u1eb3ng kh\u00f4ng c\u1ea7n thi\u1ebft tr\u00ean c\u00e1c c\u01a1 v\u00e0 d\u00e2y ch\u1eb1ng.<br \/>\n&#8211; H\u1ea5p th\u1ee5 \u0111\u1ed9 \u1ea9m v\u00e0 m\u1ed3 h\u00f4i t\u1ed1t cho c\u1ea3m gi\u00e1c s\u1ea1ch s\u1ebd v\u00e0 tho\u1ea3i m\u00e1i.<br \/>\n&#8211; T\u0103ng gi\u1ea3m \u0111\u1ed9 n\u00e9n b\u1eb1ng c\u00e1ch \u0111i\u1ec1u ch\u1ec9nh v\u00e0nh \u0111ai<br \/>\n&#8211; Th\u01b0 gi\u00e3n t\u1ee9c th\u00ec cho kh\u1edbp v\u00e0 c\u01a1 b\u1eafp; h\u1ed7 tr\u1ee3 ph\u1ee5c h\u1ed3i t\u1eeb vi\u00eam kh\u1edbp, vi\u00eam g\u00e2n, th\u1ea5p kh\u1edbp v\u00e0 c\u00e1c \u0111i\u1ec1u ki\u1ec7n v\u00e0 ch\u1ea5n th\u01b0\u01a1ng kh\u00e1c<\/p>\n<p><strong>\u0110\u1ed1i t\u01b0\u1ee3ng s\u1eed d\u1ee5ng:<\/strong><br \/>\n&#8211; D\u00e2n v\u0103n ph\u00f2ng b\u1ecb \u0111au l\u01b0ng, \u0111au c\u1ed9t s\u1ed1ng<br \/>\n&#8211; Ng\u01b0\u1eddi \u0111au l\u01b0ng do ng\u1ed3i l\u00e2u, ng\u1ed3i sai t\u01b0 th\u1ebf<br \/>\n&#8211; Ng\u01b0\u1eddi c\u1ea7n h\u1ed7 tr\u1ee3 ph\u1ee5c h\u1ed3i sau vi\u00eam kh\u1edbp, vi\u00eam g\u00e2n, th\u1ea5p kh\u1edbp v\u00e0 c\u00e1c b\u1ec7nh x\u01b0\u01a1ng ch\u1eadu kh\u00e1c, th\u1eaft l\u01b0ng v\u00e0 c\u00e1c ch\u1ea5n th\u01b0\u01a1ng li\u00ean quan \u0111\u1ebfn l\u01b0ng.<\/p>\n<p><strong>M\u00e3 s\u1ea3n ph\u1ea9m:<\/strong> AP230005\/ AP230004\/ AP230003<\/p>\n","protected":false},"excerpt":{"rendered":"<p><strong>K\u00edch c\u1ee1:<\/strong><br \/>\n&#8211; M: (K\u00edch th\u01b0\u1edbc v\u00f2ng eo: 31,5\u201d ~ 39,0\u201d) (80,00cm~99,06cm)<br \/>\n&#8211; L: (K\u00edch th\u01b0\u1edbc v\u00f2ng eo: 37,5\u201d ~ 45,25\u201d) (95,25cm~114,94cm)<br \/>\n&#8211; Chi\u1ec1u r\u1ed9ng: 9\u201d (22.85cm) (Gi\u1ed1ng nhau cho t\u1ea5t c\u1ea3 c\u00e1c c\u1ee1)<br \/>\n<strong>Ch\u1ea5t li\u1ec7u:<\/strong><br \/>\n-Th\u00e2n \u0111ai (Center): 93% Nylon, 7% Polyurethane<br \/>\n-Th\u00e2n \u0111ai (Side): 80% Nylon, 20% Polyurethane<br \/>\n-Th\u00e2n \u0111ai (m\u1eb7t sau), c\u1ea3 2 m\u1eb7t: 80% Nylon, 20% Polyurethane<br \/>\n-\u0110ai h\u1ed7 tr\u1ee3: Nylon, Polyethylene<br \/>\n-Kh\u00f3a d\u00e1n: Polyester 100%<br \/>\n<strong>C\u00f4ng ngh\u1ec7: <\/strong>Metax<br \/>\n<strong>S\u1ea3n xu\u1ea5t: <\/strong>Nh\u1eadt B\u1ea3n<br \/>\n<strong>Quy c\u00e1ch \u0111\u00f3ng g\u00f3i: <\/strong>1 c\u00e1i\/ h\u1ed9p<\/p>\n<p><img decoding=\"async\" src=\"https:\/\/phitenvn.com\/wp-content\/uploads\/2025\/07\/muc-do-dau-vua-1.png\" \/><\/p>\n","protected":false},"featured_media":2724,"comment_status":"open","ping_status":"closed","template":"","meta":[],"product_brand":[],"product_cat":[604,646,577],"product_tag":[638],"class_list":{"0":"post-3279","1":"product","2":"type-product","3":"status-publish","4":"has-post-thumbnail","6":"product_cat-dai-dinh-hinh-lung-vai-en","7":"product_cat-bang-dai-ho-tro-2-en","8":"product_cat-support-belt","9":"product_tag-ho-tro-en-2","11":"first","12":"instock","13":"shipping-taxable","14":"purchasable","15":"product-type-variable","16":"wvs-archive-product-wrapper"},"_links":{"self":[{"href":"https:\/\/phitenvn.com\/en\/wp-json\/wp\/v2\/product\/3279","targetHints":{"allow":["GET"]}}],"collection":[{"href":"https:\/\/phitenvn.com\/en\/wp-json\/wp\/v2\/product"}],"about":[{"href":"https:\/\/phitenvn.com\/en\/wp-json\/wp\/v2\/types\/product"}],"replies":[{"embeddable":true,"href":"https:\/\/phitenvn.com\/en\/wp-json\/wp\/v2\/comments?post=3279"}],"wp:featuredmedia":[{"embeddable":true,"href":"https:\/\/phitenvn.com\/en\/wp-json\/wp\/v2\/media\/2724"}],"wp:attachment":[{"href":"https:\/\/phitenvn.com\/en\/wp-json\/wp\/v2\/media?parent=3279"}],"wp:term":[{"taxonomy":"product_brand","embeddable":true,"href":"https:\/\/phitenvn.com\/en\/wp-json\/wp\/v2\/product_brand?post=3279"},{"taxonomy":"product_cat","embeddable":true,"href":"https:\/\/phitenvn.com\/en\/wp-json\/wp\/v2\/product_cat?post=3279"},{"taxonomy":"product_tag","embeddable":true,"href":"https:\/\/phitenvn.com\/en\/wp-json\/wp\/v2\/product_tag?post=3279"}],"curies":[{"name":"wp","href":"https:\/\/api.w.org\/{rel}","templated":true}]}}