{"id":3278,"date":"2025-05-27T04:33:00","date_gmt":"2025-05-26T21:33:00","guid":{"rendered":"https:\/\/phitenvn.com\/dai-bao-ve-lung-soft\/"},"modified":"2025-12-17T15:36:27","modified_gmt":"2025-12-17T08:36:27","slug":"dai-bao-ve-lung-soft","status":"publish","type":"product","link":"https:\/\/phitenvn.com\/en\/dai-bao-ve-lung-soft\/","title":{"rendered":"\u0110ai B\u1ea3o V\u1ec7 L\u01b0ng (Soft)"},"content":{"rendered":"<h2><strong>\u0110ai B\u1ea3o V\u1ec7 L\u01b0ng Soft\u00a0<\/strong><\/h2>\n<p>\u0110ai b\u1ea3o v\u1ec7 l\u01b0ng v\u1edbi c\u00f4ng ngh\u1ec7<strong>\u00a0AQUA-TITANIUM<\/strong> l\u00e0 s\u1ea3n ph\u1ea9m h\u1ed7 tr\u1ee3 l\u00fd t\u01b0\u1edfng cho v\u00f9ng th\u1eaft l\u01b0ng c\u1ee7a b\u1ea1n.<br \/>\nV\u1edbi thi\u1ebft k\u1ebf 2 l\u1edbp \u0111\u1ed9c \u0111\u00e1o, \u0111ai mang l\u1ea1i s\u1ef1 h\u1ed7 tr\u1ee3 t\u1ed1i \u01b0u v\u00e0 tho\u1ea3i m\u00e1i khi s\u1eed d\u1ee5ng.<\/p>\n<p><strong>C\u00f4ng d\u1ee5ng:<\/strong><br \/>\n&#8211; Gi\u00fap \u1ed5n \u0111\u1ecbnh v\u00f9ng l\u01b0ng v\u00e0 x\u01b0\u01a1ng ch\u1eadu khi di chuy\u1ec3n.<br \/>\n&#8211; C\u1ea5u tr\u00fac m\u1ecfng mang l\u1ea1i s\u1ef1 tho\u1ea3i m\u00e1i khi di chuy\u1ec3n.<br \/>\n&#8211; Gi\u00fap ng\u0103n ng\u1eeba ch\u1ea5n th\u01b0\u01a1ng, th\u01b0 gi\u00e3n t\u1ee9c th\u00ec cho v\u00f9ng kh\u1edbp v\u00e0 c\u01a1<br \/>\n&#8211; C\u1ea3i thi\u1ec7n c\u00e2n b\u1eb1ng c\u01a1 th\u1ec3.<br \/>\n&#8211; H\u1ed7 tr\u1ee3 ph\u1ee5c h\u1ed3i sau vi\u00eam kh\u1edbp, vi\u00eam g\u00e2n, th\u1ea5p kh\u1edbp v\u00e0 c\u00e1c b\u1ec7nh v\u1ec1 x\u01b0\u01a1ng ch\u1eadu, th\u1eaft l\u01b0ng v\u00e0 ch\u1ea5n th\u01b0\u01a1ng kh\u00e1c.<\/p>\n<p><strong>\u0110\u1ed1i t\u01b0\u1ee3ng s\u1eed d\u1ee5ng:<\/strong><br \/>\n&#8211; Ng\u01b0\u1eddi c\u00f3 v\u1ea5n \u0111\u1ec1 v\u1ec1 l\u01b0ng: \u0110au l\u01b0ng, tho\u00e1t v\u1ecb \u0111\u0129a \u0111\u1ec7m.<br \/>\n&#8211; Ng\u01b0\u1eddi ho\u1ea1t \u0111\u1ed9ng th\u1ec3 ch\u1ea5t: V\u1eadn \u0111\u1ed9ng vi\u00ean, t\u1eadp gym, c\u00f4ng vi\u1ec7c n\u1eb7ng.<br \/>\n&#8211; Ng\u01b0\u1eddi l\u00e0m vi\u1ec7c v\u0103n ph\u00f2ng: Ng\u1ed3i nhi\u1ec1u, \u00edt v\u1eadn \u0111\u1ed9ng.<br \/>\n&#8211; Ng\u01b0\u1eddi cao tu\u1ed5i: Gi\u1ea3m nguy c\u01a1 t\u00e9 ng\u00e3 do v\u1ea5n \u0111\u1ec1 v\u1ec1 l\u01b0ng.<\/p>\n","protected":false},"excerpt":{"rendered":"<p><strong>Ch\u1ea5t li\u1ec7u:\u00a0<\/strong><br \/>\n&#8211; Ph\u1ea7n th\u00e2n: 95,6% Polyester, 4,4% Polyurethane Velcro Fastener: Polyester v\u00e0 Nylon<br \/>\n<strong>M\u00e0u s\u1eafc:<\/strong>\u00a0\u0110en<br \/>\n<strong>K\u00edch c\u1ee1:<\/strong><br \/>\n* S ~ M (K\u00edch th\u01b0\u1edbc v\u00f2ng eo: 60cm ~ 85cm)<br \/>\n* L ~ LL (K\u00edch th\u01b0\u1edbc v\u00f2ng eo: 85cm ~ 115cm)<br \/>\n* Chi\u1ec1u r\u1ed9ng: 6,3 inch (Ph\u1ea7n r\u1ed9ng nh\u1ea5t \/ Gi\u1ed1ng nhau cho t\u1ea5t c\u1ea3 c\u00e1c k\u00edch th\u01b0\u1edbc)<br \/>\n<strong>C\u00f4ng ngh\u1ec7:<\/strong>\u00a0<strong>METAX<\/strong><br \/>\n<strong>Th\u01b0\u01a1ng hi\u1ec7u<\/strong>: Phiten<br \/>\n<strong>S\u1ea3n xu\u1ea5t<\/strong>: Nh\u1eadt B\u1ea3n<br \/>\n<strong>Quy c\u00e1ch \u0111\u00f3ng g\u00f3i:<\/strong> 1 c\u00e1i\/h\u1ed9p<\/p>\n<p><strong>L\u01b0u \u00fd:\u00a0<\/strong>Gi\u1eb7t b\u1eb1ng n\u01b0\u1edbc \u1ea5m ho\u1eb7c s\u1eefa t\u1eafm \u00edt ch\u1ea5t t\u1ea9y, ph\u01a1i d\u01b0\u1edbi b\u00f3ng m\u00e1t tr\u00e1nh \u00e1nh n\u1eafng m\u1eb7t tr\u1eddi<\/p>\n<p><strong>M\u00e3 s\u1ea3n ph\u1ea9m<\/strong>: AP231016\/ AP231014<\/p>\n<p><img decoding=\"async\" src=\"https:\/\/phitenvn.com\/wp-content\/uploads\/2025\/07\/muc-do-dau-nhe-1.png\" \/><\/p>\n","protected":false},"featured_media":2723,"comment_status":"open","ping_status":"closed","template":"","meta":[],"product_brand":[],"product_cat":[604,648,577],"product_tag":[639],"class_list":{"0":"post-3278","1":"product","2":"type-product","3":"status-publish","4":"has-post-thumbnail","6":"product_cat-dai-dinh-hinh-lung-vai-en","7":"product_cat-bang-dai-phong-ngua-en","8":"product_cat-support-belt","9":"product_tag-phong-ngua-en-3","11":"first","12":"instock","13":"shipping-taxable","14":"purchasable","15":"product-type-variable","16":"wvs-archive-product-wrapper"},"_links":{"self":[{"href":"https:\/\/phitenvn.com\/en\/wp-json\/wp\/v2\/product\/3278","targetHints":{"allow":["GET"]}}],"collection":[{"href":"https:\/\/phitenvn.com\/en\/wp-json\/wp\/v2\/product"}],"about":[{"href":"https:\/\/phitenvn.com\/en\/wp-json\/wp\/v2\/types\/product"}],"replies":[{"embeddable":true,"href":"https:\/\/phitenvn.com\/en\/wp-json\/wp\/v2\/comments?post=3278"}],"wp:featuredmedia":[{"embeddable":true,"href":"https:\/\/phitenvn.com\/en\/wp-json\/wp\/v2\/media\/2723"}],"wp:attachment":[{"href":"https:\/\/phitenvn.com\/en\/wp-json\/wp\/v2\/media?parent=3278"}],"wp:term":[{"taxonomy":"product_brand","embeddable":true,"href":"https:\/\/phitenvn.com\/en\/wp-json\/wp\/v2\/product_brand?post=3278"},{"taxonomy":"product_cat","embeddable":true,"href":"https:\/\/phitenvn.com\/en\/wp-json\/wp\/v2\/product_cat?post=3278"},{"taxonomy":"product_tag","embeddable":true,"href":"https:\/\/phitenvn.com\/en\/wp-json\/wp\/v2\/product_tag?post=3278"}],"curies":[{"name":"wp","href":"https:\/\/api.w.org\/{rel}","templated":true}]}}