{"id":3277,"date":"2025-05-27T06:09:04","date_gmt":"2025-05-27T06:09:04","guid":{"rendered":"https:\/\/phitenvn.com\/dai-that-lung-the-thao\/"},"modified":"2026-04-15T16:57:20","modified_gmt":"2026-04-15T09:57:20","slug":"dai-that-lung-the-thao","status":"publish","type":"product","link":"https:\/\/phitenvn.com\/en\/dai-that-lung-the-thao\/","title":{"rendered":"\u0110ai Th\u1eaft L\u01b0ng Th\u1ec3 Thao Metax"},"content":{"rendered":"<h2><strong>\u0110ai Th\u1eaft L\u01b0ng Th\u1ec3 Thao METAX<\/strong><\/h2>\n<p>\u0110ai th\u1eaft l\u01b0ng th\u1ec3 thao gi\u00fap h\u1ed7 tr\u1ee3 \u1ed5n \u0111\u1ecbnh ph\u1ea7n h\u00f4ng \u1edf trung t\u00e2m c\u1ee7a c\u01a1 th\u1ec3 v\u00e0 gi\u00fap c\u01a1 th\u1ec3 b\u1ec1n b\u1ec9 h\u01a1n tr\u00ean \u0111\u01b0\u1eddng ch\u1ea1y\/\u0111i d\u00e0i.<br \/>\nS\u1ea3n ph\u1ea9m ph\u00f9 h\u1ee3p cho m\u1ecdi l\u1ee9a tu\u1ed5i. S\u1ea3n ph\u1ea9m n\u00e0y c\u00f3 th\u1ec3 h\u1ed7 tr\u1ee3 v\u1eadn \u0111\u1ed9ng vi\u00ean b\u1eb1ng v\u1eadt li\u1ec7u v\u00e0 k\u1ebft c\u1ea5u 4 l\u1edbp v\u1edbi s\u1ee9c c\u0103n ph\u00f9 h\u1ee3p v\u00e0 h\u1ed7 tr\u1ee3 phong \u0111\u1ed9 c\u1ee7a b\u1ea1n.<\/p>\n<p>Logo v\u00e0 c\u00e1c mi\u1ebfng d\u00e1n ph\u1ea3n quan gi\u00fap t\u0103ng kh\u1ea3 n\u0103ng an to\u00e0n khi s\u1eed d\u1ee5ng v\u00e0o ban \u0111\u00eam<\/p>\n<p><strong>\u0110\u1ed1i t\u01b0\u1ee3ng s\u1eed d\u1ee5ng:<\/strong><br \/>\n&#8211; H\u1ed7 tr\u1ee3 v\u1eadn \u0111\u1ed9ng cho ng\u01b0\u1eddi ch\u01a1i th\u1ec3 thao, v\u1eadn \u0111\u1ed9ng vi\u00ean<br \/>\n&#8211; B\u1ea3o v\u1ec7 ng\u01b0\u1eddi ch\u01a1i th\u1ec3 thao kh\u1ecfi c\u00e1c ch\u1ea5n th\u01b0\u01a1ng v\u1ec1 l\u01b0ng, \u0111au th\u1eaft l\u01b0ng<br \/>\n&#8211; Th\u00edch h\u1ee3p cho c\u1ea3 nam v\u00e0 n\u1eef.<\/p>\n<p><strong>M\u00e3 s\u1ea3n ph\u1ea9m<\/strong>: AP215062<\/p>\n","protected":false},"excerpt":{"rendered":"<p><strong>C\u00f4ng ngh\u1ec7:<\/strong>\u00a0<strong>METAX<\/strong><br \/>\n<strong>Ch\u1ea5t li\u1ec7u:<\/strong><br \/>\n&#8211; B\u1ec1 m\u1eb7t th\u00e2n \u0111ai ph\u00eda ngo\u00e0i: Nylon 86%, Polyurethane 14%.<br \/>\n&#8211; T\u00fai gi\u1eefa: polyester 100%<br \/>\n&#8211; B\u1ec1 m\u1eb7t th\u00e2n \u0111ai ph\u00eda trong: Polyester 50%, Polyurethane 50%.<br \/>\n&#8211; Kh\u00f3a m\u00f3c: Polyester 100%<\/p>\n<p><strong>Quy c\u00e1ch \u0111\u00f3ng g\u00f3i<\/strong>: 1 c\u00e1i\/h\u1ed9p<br \/>\n<strong>S\u1ea3n xu\u1ea5t <\/strong>t\u1ea1i Nh\u1eadt B\u1ea3n<\/p>\n","protected":false},"featured_media":2785,"comment_status":"open","ping_status":"closed","template":"","meta":[],"product_brand":[],"product_cat":[604,577],"product_tag":[637],"class_list":{"0":"post-3277","1":"product","2":"type-product","3":"status-publish","4":"has-post-thumbnail","6":"product_cat-dai-dinh-hinh-lung-vai-en","7":"product_cat-support-belt","8":"product_tag-the-thao-en","10":"first","11":"instock","12":"shipping-taxable","13":"purchasable","14":"product-type-variable","15":"wvs-archive-product-wrapper"},"_links":{"self":[{"href":"https:\/\/phitenvn.com\/en\/wp-json\/wp\/v2\/product\/3277","targetHints":{"allow":["GET"]}}],"collection":[{"href":"https:\/\/phitenvn.com\/en\/wp-json\/wp\/v2\/product"}],"about":[{"href":"https:\/\/phitenvn.com\/en\/wp-json\/wp\/v2\/types\/product"}],"replies":[{"embeddable":true,"href":"https:\/\/phitenvn.com\/en\/wp-json\/wp\/v2\/comments?post=3277"}],"wp:featuredmedia":[{"embeddable":true,"href":"https:\/\/phitenvn.com\/en\/wp-json\/wp\/v2\/media\/2785"}],"wp:attachment":[{"href":"https:\/\/phitenvn.com\/en\/wp-json\/wp\/v2\/media?parent=3277"}],"wp:term":[{"taxonomy":"product_brand","embeddable":true,"href":"https:\/\/phitenvn.com\/en\/wp-json\/wp\/v2\/product_brand?post=3277"},{"taxonomy":"product_cat","embeddable":true,"href":"https:\/\/phitenvn.com\/en\/wp-json\/wp\/v2\/product_cat?post=3277"},{"taxonomy":"product_tag","embeddable":true,"href":"https:\/\/phitenvn.com\/en\/wp-json\/wp\/v2\/product_tag?post=3277"}],"curies":[{"name":"wp","href":"https:\/\/api.w.org\/{rel}","templated":true}]}}