{"id":3276,"date":"2025-05-27T06:12:55","date_gmt":"2025-05-27T06:12:55","guid":{"rendered":"https:\/\/phitenvn.com\/dai-dinh-hinh-co-chan\/"},"modified":"2026-04-15T17:34:10","modified_gmt":"2026-04-15T10:34:10","slug":"dai-dinh-hinh-co-chan","status":"publish","type":"product","link":"https:\/\/phitenvn.com\/en\/dai-dinh-hinh-co-chan\/","title":{"rendered":"\u0110ai \u0110\u1ecbnh H\u00ecnh C\u1ed5 Ch\u00e2n Metax"},"content":{"rendered":"<h2><strong>\u0110ai \u0110\u1ecbnh H\u00ecnh C\u1ed5 Ch\u00e2n Metax<\/strong><\/h2>\n<p>\u0110ai \u0111\u1ecbnh h\u00ecnh c\u1ed5 ch\u00e2n h\u1ed7 tr\u1ee3 qu\u1ea5n quanh c\u1ed5 ch\u00e2n ch\u1eafc ch\u1eafn nh\u01b0ng tho\u1ea3i m\u00e1i &amp; c\u00f3 th\u1ec3 d\u1ec5 d\u00e0ng di chuy\u1ec3n linh ho\u1ea1t, ph\u00f9 h\u1ee3p v\u1edbi ng\u01b0\u1eddi c\u00f3 v\u1ea5n \u0111\u1ec1 v\u1ec1 m\u1eaft c\u00e1 ch\u00e2n.<br \/>\nS\u1eed d\u1ee5ng c\u00f4ng ngh\u1ec7 \u0111\u1ed9c quy\u1ec1n gi\u00fap h\u1ed7 tr\u1ee3 ph\u1ee5c h\u1ed3i sau ch\u1ea5n th\u01b0\u01a1ng, gi\u1ea3m \u0111au kh\u1edbp v\u00e0 c\u01a1, mang \u0111\u1ebfn s\u1ef1 tho\u1ea3i m\u00e1i cho ng\u01b0\u1eddi s\u1eed d\u1ee5ng.<\/p>\n<p><strong>C\u00f4ng d\u1ee5ng<\/strong><br \/>\n&#8211; H\u1ed7 tr\u1ee3 v\u1eadn \u0111\u1ed9ng v\u00e0 t\u1ea1o s\u1ef1 tho\u1ea3i m\u00e1i khi di chuy\u1ec3n.<br \/>\n&#8211; Th\u1ea5m h\u00fat m\u1ed3 h\u00f4i t\u1ed1t mang \u0111\u1ebfn c\u1ea3m gi\u00e1c s\u1ea1ch s\u1ebd v\u00e0 tho\u1ea3i m\u00e1i.<br \/>\n&#8211; \u0110ai \u0111\u1ecbnh h\u00ecnh c\u1ed5 ch\u00e2n h\u1ed7 tr\u1ee3 ph\u1ee5c h\u1ed3i v\u00e0 gi\u1ea3m \u0111au nh\u1ee9c ch\u1ea5n th\u01b0\u01a1ng li\u00ean quan \u0111\u1ebfn m\u1eaft c\u00e1 ch\u00e2n, c\u1ed5 ch\u00e2n<br \/>\n&#8211; Gi\u00fap gi\u1ea3m \u0111au v\u00e0 h\u1ed7 tr\u1ee3 ph\u1ee5c h\u1ed3i sau nh\u1eefng t\u1ed5n th\u01b0\u01a1ng do th\u1ec3 thao v\u00e0 c\u00e1c ho\u1ea1t \u0111\u1ed9ng th\u1ec3 thao nh\u01b0 tennis, b\u00f3ng r\u1ed5, b\u00f3ng chuy\u1ec1n, b\u1eafn ch\u00e9o, t\u1eadp t\u1ea1, golf v\u00e0 nhi\u1ec1u m\u00f4n kh\u00e1c.<\/p>\n<p><strong>\u00a0\u0110\u1ed1i t\u01b0\u1ee3ng s\u1eed d\u1ee5ng:<\/strong><br \/>\n&#8211; Ng\u01b0\u1eddi b\u1ecb bong g\u00e2n m\u1eaft c\u00e1 ch\u00e2n<br \/>\n&#8211; Ng\u01b0\u1eddi b\u1ec7nh vi\u00eam g\u00e2n achilles<br \/>\n&#8211; Ng\u01b0\u1eddi cao tu\u1ed5i g\u1eb7p kh\u00f3 kh\u0103n khi di chuy\u1ec3n<br \/>\n&#8211; H\u1ed7 tr\u1ee3 ch\u01a1i th\u1ec3 thao b\u1ea3o v\u1ec7 m\u1eaft c\u00e1 ch\u00e2n khi di chuy\u1ec3n<\/p>\n<p><strong>M\u00e3 s\u1ea3n ph\u1ea9m:<\/strong> AP238004<\/p>\n","protected":false},"excerpt":{"rendered":"<p><strong>Ch\u1ea5t li\u1ec7u:\u00a0<\/strong>Th\u00e2n s\u1ea3n ph\u1ea9m &#8211; Nylon 93%, Polyurethane 8%. V\u1ea3i trong: Nylon 80%, Polyurethane 21%<br \/>\n<strong>\u0110ai ph\u1ee5 h\u1ed7 tr\u1ee3:\u00a0<\/strong>Polyester 81%, Polyurethane 10%. Kh\u00f3a Velcro: Polyester 100%<br \/>\n<strong>C\u00f4ng ngh\u1ec7:\u00a0<\/strong>METAX<br \/>\n<strong>Size:\u00a0M (C\u00f2n duy nh\u1ea5t 1 c\u00e1i size M)<\/strong><br \/>\n<strong>Th\u01b0\u01a1ng hi\u1ec7u:<\/strong>\u00a0Phiten<br \/>\n<strong>S\u1ea3n xu\u1ea5t:<\/strong>\u00a0t\u1ea1i Nh\u1eadt B\u1ea3n<br \/>\n<strong>Quy c\u00e1ch \u0111\u00f3ng g\u00f3i:<\/strong>\u00a01 c\u00e1i\/ h\u1ed9p<br \/>\n<strong>B\u1ea3o h\u00e0nh:\u00a0<\/strong>kh\u00f4ng<\/p>\n<p><strong>L\u01b0u \u00fd:\u00a0<\/strong>Gi\u1eb7t b\u1eb1ng n\u01b0\u1edbc \u1ea5m ho\u1eb7c s\u1eefa t\u1eafm \u00edt ch\u1ea5t t\u1ea9y, ph\u01a1i d\u01b0\u1edbi b\u00f3ng m\u00e1t tr\u00e1nh \u00e1nh n\u1eafng m\u1eb7t tr\u1eddi<\/p>\n<p><img decoding=\"async\" src=\"https:\/\/phitenvn.com\/wp-content\/uploads\/2025\/07\/muc-do-dau-nang-1.png\" \/><\/p>\n","protected":false},"featured_media":2706,"comment_status":"open","ping_status":"closed","template":"","meta":[],"product_brand":[],"product_cat":[606,647,577],"product_tag":[640],"class_list":{"0":"post-3276","1":"product","2":"type-product","3":"status-publish","4":"has-post-thumbnail","6":"product_cat-dai-co-chan-en","7":"product_cat-bang-dai-phuc-hoi-en","8":"product_cat-support-belt","9":"product_tag-phuc-hoi-en-2","11":"first","12":"instock","13":"shipping-taxable","14":"purchasable","15":"product-type-simple"},"_links":{"self":[{"href":"https:\/\/phitenvn.com\/en\/wp-json\/wp\/v2\/product\/3276","targetHints":{"allow":["GET"]}}],"collection":[{"href":"https:\/\/phitenvn.com\/en\/wp-json\/wp\/v2\/product"}],"about":[{"href":"https:\/\/phitenvn.com\/en\/wp-json\/wp\/v2\/types\/product"}],"replies":[{"embeddable":true,"href":"https:\/\/phitenvn.com\/en\/wp-json\/wp\/v2\/comments?post=3276"}],"wp:featuredmedia":[{"embeddable":true,"href":"https:\/\/phitenvn.com\/en\/wp-json\/wp\/v2\/media\/2706"}],"wp:attachment":[{"href":"https:\/\/phitenvn.com\/en\/wp-json\/wp\/v2\/media?parent=3276"}],"wp:term":[{"taxonomy":"product_brand","embeddable":true,"href":"https:\/\/phitenvn.com\/en\/wp-json\/wp\/v2\/product_brand?post=3276"},{"taxonomy":"product_cat","embeddable":true,"href":"https:\/\/phitenvn.com\/en\/wp-json\/wp\/v2\/product_cat?post=3276"},{"taxonomy":"product_tag","embeddable":true,"href":"https:\/\/phitenvn.com\/en\/wp-json\/wp\/v2\/product_tag?post=3276"}],"curies":[{"name":"wp","href":"https:\/\/api.w.org\/{rel}","templated":true}]}}