{"id":3275,"date":"2025-05-27T06:17:34","date_gmt":"2025-05-27T06:17:34","guid":{"rendered":"https:\/\/phitenvn.com\/dai-bao-ve-co-chan-middle\/"},"modified":"2026-01-06T11:53:16","modified_gmt":"2026-01-06T04:53:16","slug":"dai-bao-ve-co-chan","status":"publish","type":"product","link":"https:\/\/phitenvn.com\/en\/dai-bao-ve-co-chan\/","title":{"rendered":"\u0110ai B\u1ea3o V\u1ec7 C\u1ed5 Ch\u00e2n (Phiten Metax Middle)"},"content":{"rendered":"<p>\u0110ai b\u1ea3o v\u1ec7 c\u1ed5 ch\u00e2n Phiten Metax Middle tho\u1ea3i m\u00e1i \u0111\u1ec3 \u0111eo h\u00e0ng ng\u00e0y b\u1ea3o v\u1ec7 m\u1eaft c\u00e1 ch\u00e2n; s\u1ea3n ph\u1ea9m l\u00fd t\u01b0\u1edfng cho nh\u1eefng ng\u01b0\u1eddi g\u1eb7p kh\u00f3 kh\u0103n khi \u0111\u1ee9ng tr\u00ean \u0111\u00f4i ch\u00e2n c\u1ee7a h\u1ecd trong th\u1eddi gian d\u00e0i. Ch\u1ea5t li\u1ec7u m\u1ecfng cho ph\u00e9p b\u1ea1n mang gi\u00e0y h\u1ed7 tr\u1ee3. Ch\u1ea5t li\u1ec7u cao su cloropren c\u00f3 kh\u1ea3 n\u0103ng gi\u1eef nhi\u1ec7t v\u00e0 h\u1ea1n ch\u1ebf v\u1eadn \u0111\u1ed9ng qu\u00e1 m\u1ee9c.<\/p>\n<h2><strong>C\u00f4ng d\u1ee5ng c\u1ee7a \u0111ai b\u1ea3o v\u1ec7 c\u1ed5 ch\u00e2n Phiten Metax Middle<\/strong><\/h2>\n<p>&#8211; H\u1ed7 tr\u1ee3 v\u1eadn \u0111\u1ed9ng v\u00e0 t\u1ea1o s\u1ef1 tho\u1ea3i m\u00e1i khi di chuy\u1ec3n.<\/p>\n<p>&#8211; Th\u1ea5m h\u00fat m\u1ed3 h\u00f4i t\u1ed1t mang \u0111\u1ebfn c\u1ea3m gi\u00e1c s\u1ea1ch s\u1ebd v\u00e0 tho\u1ea3i m\u00e1i.<\/p>\n<p>&#8211; H\u1ed7 tr\u1ee3 ph\u1ee5c h\u1ed3i \u0111\u00f4i v\u1edbi c\u00e1c b\u1ec7nh v\u1ec1 vi\u00eam kh\u1edbp, vi\u00eam g\u00e2n, th\u1ea5p kh\u1edbp v\u00e0 c\u00e1c t\u00ecnh tr\u1ea1ng v\u00e0 ch\u1ea5n th\u01b0\u01a1ng li\u00ean quan \u0111\u1ebfn m\u1eaft c\u00e1 ch\u00e2n kh\u00e1c<\/p>\n<p>&#8211; H\u1ed7 tr\u1ee3 trong c\u00e1c ho\u1ea1t \u0111\u1ed9ng th\u1ec3 thao nh\u01b0 tennis, b\u00f3ng r\u1ed5, b\u00f3ng chuy\u1ec1n, b\u1eafn ch\u00e9o, t\u1eadp t\u1ea1, golf v\u00e0 nhi\u1ec1u m\u00f4n kh\u00e1c.<\/p>\n<h2><strong>\u0110\u1ed1i t\u01b0\u1ee3ng s\u1eed d\u1ee5ng \u0111ai b\u1ea3o v\u1ec7 c\u1ed5 ch\u00e2n Phiten Metax Middle<\/strong><\/h2>\n<p>&#8211; Ng\u01b0\u1eddi ch\u01a1i th\u1ec3 thao: tennis, b\u00f3ng r\u1ed5, b\u00f3ng chuy\u1ec1n, t\u1eadp gym, golf&#8230;<\/p>\n<p>&#8211; Ng\u01b0\u1eddi g\u1eb7p v\u1ea5n \u0111\u1ec1 v\u1ec1 c\u01a1, x\u01b0\u01a1ng, kh\u1edbp: vi\u00eam g\u00e2n, th\u1ea5p kh\u1edbp, vi\u00eam kh\u1edbp&#8230;<\/p>\n<p>&#8211; Nh\u00e2n vi\u00ean v\u0103n ph\u00f2ng, ng\u01b0\u1eddi ph\u1ea3i \u0111\u1ee9ng l\u00e2u, ng\u1ed3i l\u00e2u trong c\u00f4ng vi\u1ec7c.<\/p>\n<p>M\u00e3 s\u1ea3n ph\u1ea9m: AP239005\/ AP239004\/ AP239003<\/p>\n","protected":false},"excerpt":{"rendered":"<p>Ch\u1ea5t li\u1ec7u:<\/p>\n<p>&#8211; L\u1edbp tr\u00ean &#8211; 80% nylon \/ 20% Polyurethane.<\/p>\n<p>&#8211; L\u1edbp trong &#8211; Cao su cloropren 100%<\/p>\n<p>&#8211; L\u1edbp d\u01b0\u1edbi c\u00f9ng &#8211; 80% nylon \/ 20% Polyurethane.<\/p>\n<p>&#8211; D\u00e2y bu\u1ed9c &#8211; Polyester 100%<\/p>\n<p>C\u00f4ng ngh\u1ec7: AQUA METAX<\/p>\n<p>M\u00e0u s\u1eafc:\u00a0\u0110en<\/p>\n<p>K\u00edch th\u01b0\u1edbc: M-L<\/p>\n<p>Quy c\u00e1ch \u0111\u00f3ng g\u00f3i: 1 c\u00e1i\/ \u00a0h\u1ed9p<\/p>\n<p>Th\u01b0\u01a1ng hi\u1ec7u: Phiten<\/p>\n<p>Xu\u1ea5t x\u1ee9:\u00a0Nh\u1eadt B\u1ea3n<\/p>\n<p><img decoding=\"async\" src=\"https:\/\/phitenvn.com\/wp-content\/uploads\/2025\/07\/muc-do-dau-vua-1.png\" \/><\/p>\n","protected":false},"featured_media":2707,"comment_status":"open","ping_status":"closed","template":"","meta":[],"product_brand":[],"product_cat":[606,577],"product_tag":[638],"class_list":{"0":"post-3275","1":"product","2":"type-product","3":"status-publish","4":"has-post-thumbnail","6":"product_cat-dai-co-chan-en","7":"product_cat-support-belt","8":"product_tag-ho-tro-en-2","10":"first","11":"instock","12":"shipping-taxable","13":"purchasable","14":"product-type-variable","15":"wvs-archive-product-wrapper"},"_links":{"self":[{"href":"https:\/\/phitenvn.com\/en\/wp-json\/wp\/v2\/product\/3275","targetHints":{"allow":["GET"]}}],"collection":[{"href":"https:\/\/phitenvn.com\/en\/wp-json\/wp\/v2\/product"}],"about":[{"href":"https:\/\/phitenvn.com\/en\/wp-json\/wp\/v2\/types\/product"}],"replies":[{"embeddable":true,"href":"https:\/\/phitenvn.com\/en\/wp-json\/wp\/v2\/comments?post=3275"}],"wp:featuredmedia":[{"embeddable":true,"href":"https:\/\/phitenvn.com\/en\/wp-json\/wp\/v2\/media\/2707"}],"wp:attachment":[{"href":"https:\/\/phitenvn.com\/en\/wp-json\/wp\/v2\/media?parent=3275"}],"wp:term":[{"taxonomy":"product_brand","embeddable":true,"href":"https:\/\/phitenvn.com\/en\/wp-json\/wp\/v2\/product_brand?post=3275"},{"taxonomy":"product_cat","embeddable":true,"href":"https:\/\/phitenvn.com\/en\/wp-json\/wp\/v2\/product_cat?post=3275"},{"taxonomy":"product_tag","embeddable":true,"href":"https:\/\/phitenvn.com\/en\/wp-json\/wp\/v2\/product_tag?post=3275"}],"curies":[{"name":"wp","href":"https:\/\/api.w.org\/{rel}","templated":true}]}}