{"id":3274,"date":"2025-05-27T06:21:15","date_gmt":"2025-05-27T06:21:15","guid":{"rendered":"https:\/\/phitenvn.com\/dai-bao-ve-co-chan-soft\/"},"modified":"2026-01-06T12:01:24","modified_gmt":"2026-01-06T05:01:24","slug":"dai-bao-ve-co-chan-soft","status":"publish","type":"product","link":"https:\/\/phitenvn.com\/en\/dai-bao-ve-co-chan-soft\/","title":{"rendered":"\u0110ai B\u1ea3o V\u1ec7 C\u1ed5 Ch\u00e2n (Phiten Metax Soft)"},"content":{"rendered":"<p>\u0110ai b\u1ea3o v\u1ec7 c\u1ed5 ch\u00e2n Phiten Metax Soft h\u1ed7 tr\u1ee3 m\u1eaft c\u00e1 ch\u00e2n hi\u1ec7u qu\u1ea3. Ch\u1ea5t li\u1ec7u m\u1ec1m m\u1ecbn n\u00e0y v\u1eeba v\u1eb7n v\u00e0 \u1ed5n \u0111\u1ecbnh gi\u00fap b\u1ea1n \u0111i l\u1ea1i d\u1ec5 d\u00e0 v\u00e0 ph\u00f2ng tr\u00e1nh nh\u1eefng ch\u1ea5n th\u01b0\u01a1ng v\u00f9ng c\u1ed5 ch\u00e2n, m\u1eaft c\u00e1 ch\u00e2n. S\u1ea3n ph\u1ea9m v\u1edbi ch\u1ea5t li\u1ec7u m\u1ecfng n\u00ean b\u1ea1n c\u0169ng kh\u00f4ng th\u1ea5y kh\u00f3 ch\u1ecbu khi \u0111i gi\u00e0y.<\/p>\n<h2><strong>C\u00f4ng d\u1ee5ng \u0111ai b\u1ea3o v\u1ec7 c\u1ed5 ch\u00e2n Phiten Metax Soft<\/strong><\/h2>\n<p>&#8211; H\u1ed7 tr\u1ee3 v\u1eadn \u0111\u1ed9ng, th\u01b0 gi\u00e3n t\u1ee9c th\u00ec<\/p>\n<p>&#8211; T\u1ea1o s\u1ef1 tho\u1ea3i m\u00e1i m\u00e0 kh\u00f4ng c\u1ea3n tr\u1edf di chuy\u1ec3n.<\/p>\n<p>&#8211; Th\u1ea5m h\u00fat m\u1ed3 h\u00f4i t\u1ed1t mang \u0111\u1ebfn c\u1ea3m gi\u00e1c s\u1ea1ch s\u1ebd v\u00e0 tho\u1ea3i m\u00e1i.<\/p>\n<p>&#8211; H\u1ed7 tr\u1ee3 gi\u1ea3m \u0111au nh\u1ee9c ch\u1ea5n th\u01b0\u01a1ng li\u00ean quan \u0111\u1ebfn m\u1eaft c\u00e1 ch\u00e2n, c\u1ed5 ch\u00e2n<\/p>\n<p>&#8211; H\u1ed7 tr\u1ee3 v\u1eadn \u0111\u1ed9ng cho tr\u01b0\u1eddng h\u1ee3p b\u1ecb ch\u1ea5n th\u01b0\u01a1ng th\u1ec3 thao nh\u01b0 tennis, b\u00f3ng r\u1ed5, b\u00f3ng chuy\u1ec1n, t\u1eadp t\u1ea1, golf v\u00e0 nhi\u1ec1u m\u00f4n kh\u00e1c.<\/p>\n<h2><strong>\u0110\u1ed1i t\u01b0\u1ee3ng s\u1eed d\u1ee5ng <\/strong><strong>\u0111ai b\u1ea3o v\u1ec7 c\u1ed5 ch\u00e2n Phiten Metax Soft<\/strong><\/h2>\n<p>&#8211; Ng\u01b0\u1eddi ch\u01a1i th\u1ec3 thao c\u1ea7n b\u1ea3o v\u1ec7 c\u1ed5 ch\u00e2n khi di chuy\u1ec3n<\/p>\n<p>&#8211; Nh\u00e2n vi\u00ean v\u0103n ph\u00f2ng, ng\u01b0\u1eddi l\u00e0m vi\u1ec7c l\u00e2u trong t\u01b0 th\u1ebf ng\u1ed3i ho\u1eb7c \u0111\u1ee9ng<\/p>\n<p>&#8211; Ng\u01b0\u1eddi b\u1ecb bong g\u00e2n, vi\u00eam g\u00e2n Achilles<\/p>\n<p>&#8211; Ng\u01b0\u1eddi cao tu\u1ed5i g\u1eb7p kh\u00f3 kh\u0103n khi di chuy\u1ec3n<\/p>\n","protected":false},"excerpt":{"rendered":"<p>M\u00f4 t\u1ea3 s\u1ea3n ph\u1ea9m:<\/p>\n<p>-M\u00e0u s\u1eafc: m\u00e0u be<\/p>\n<p>-K\u00edch th\u01b0\u1edbc: M (18-22 cm)<\/p>\n<p>-Ch\u1ea5t li\u1ec7u: Nylon 70%, Polyurethan 30%<\/p>\n<p>-C\u00f4ng ngh\u1ec7: Metax<\/p>\n<p>-Xu\u1ea5t x\u1ee9: Nh\u1eadt B\u1ea3n<\/p>\n<p>Quy c\u00e1ch \u0111\u00f3ng g\u00f3i: 1 c\u00e1i\/ h\u1ed9p<\/p>\n<p>L\u01b0u \u00fd: Vui l\u00f2ng kh\u00f4ng k\u00e9o l\u1edbp h\u1ed7 tr\u1ee3 ng\u00f3n tay c\u00e1i qu\u00e1 m\u1ea1nh \u0111\u1ec3 tr\u00e1nh tr\u01b0\u1eddng h\u1ee3p r\u00e1ch<\/p>\n<p><img decoding=\"async\" src=\"https:\/\/phitenvn.com\/wp-content\/uploads\/2025\/07\/muc-do-dau-nhe-1.png\" \/><\/p>\n","protected":false},"featured_media":2708,"comment_status":"open","ping_status":"closed","template":"","meta":[],"product_brand":[],"product_cat":[606,648,577],"product_tag":[639],"class_list":{"0":"post-3274","1":"product","2":"type-product","3":"status-publish","4":"has-post-thumbnail","6":"product_cat-dai-co-chan-en","7":"product_cat-bang-dai-phong-ngua-en","8":"product_cat-support-belt","9":"product_tag-phong-ngua-en-3","11":"first","12":"outofstock","13":"shipping-taxable","14":"purchasable","15":"product-type-variable","16":"wvs-archive-product-wrapper"},"_links":{"self":[{"href":"https:\/\/phitenvn.com\/en\/wp-json\/wp\/v2\/product\/3274","targetHints":{"allow":["GET"]}}],"collection":[{"href":"https:\/\/phitenvn.com\/en\/wp-json\/wp\/v2\/product"}],"about":[{"href":"https:\/\/phitenvn.com\/en\/wp-json\/wp\/v2\/types\/product"}],"replies":[{"embeddable":true,"href":"https:\/\/phitenvn.com\/en\/wp-json\/wp\/v2\/comments?post=3274"}],"wp:featuredmedia":[{"embeddable":true,"href":"https:\/\/phitenvn.com\/en\/wp-json\/wp\/v2\/media\/2708"}],"wp:attachment":[{"href":"https:\/\/phitenvn.com\/en\/wp-json\/wp\/v2\/media?parent=3274"}],"wp:term":[{"taxonomy":"product_brand","embeddable":true,"href":"https:\/\/phitenvn.com\/en\/wp-json\/wp\/v2\/product_brand?post=3274"},{"taxonomy":"product_cat","embeddable":true,"href":"https:\/\/phitenvn.com\/en\/wp-json\/wp\/v2\/product_cat?post=3274"},{"taxonomy":"product_tag","embeddable":true,"href":"https:\/\/phitenvn.com\/en\/wp-json\/wp\/v2\/product_tag?post=3274"}],"curies":[{"name":"wp","href":"https:\/\/api.w.org\/{rel}","templated":true}]}}