{"id":3273,"date":"2025-05-27T06:24:01","date_gmt":"2025-05-27T06:24:01","guid":{"rendered":"https:\/\/phitenvn.com\/dai-bao-ve-co-chan-soft-light\/"},"modified":"2026-04-15T16:59:23","modified_gmt":"2026-04-15T09:59:23","slug":"dai-bao-ve-mat-ca-chan","status":"publish","type":"product","link":"https:\/\/phitenvn.com\/en\/dai-bao-ve-mat-ca-chan\/","title":{"rendered":"\u0110ai B\u1ea3o V\u1ec7 M\u1eaft C\u00e1 Ch\u00e2n"},"content":{"rendered":"<h2><strong>\u0110ai B\u1ea3o V\u1ec7 M\u1eaft C\u00e1 Ch\u00e2n\u00a0<\/strong><\/h2>\n<p>\u0110ai b\u1ea3o v\u1ec7 m\u1eaft c\u00e1 ch\u00e2n c\u00f3 thi\u1ebft k\u1ebf m\u1ecfng v\u00e0 l\u00e0m t\u1eeb v\u1eadt li\u1ec7u c\u00f3 \u0111\u1ed9 \u0111\u00e0n h\u1ed3i t\u1ed1t. \u0110\u01b0\u1ee3c thi\u1ebft k\u1ebf kh\u00f4ng c\u00f3 kh\u00f3a v\u00e0 c\u00f3 th\u1ec3 mang r\u1ea5t tho\u1ea3i m\u00e1i khi \u0111i gi\u00e0y m\u00e0 kh\u00f4ng c\u1ea7n ph\u1ea3i thay \u0111\u1ed5i k\u00edch c\u1ee1 gi\u00e0y. C\u00f3 th\u1ec3 mang b\u00ean tr\u00e1i v\u00e0 b\u00ean ph\u1ea3i.<\/p>\n<p><strong>C\u00f4ng d\u1ee5ng:<\/strong><br \/>\n&#8211; T\u1ea1o s\u1ef1 tho\u1ea3i m\u00e1i m\u00e0 kh\u00f4ng c\u1ea3n tr\u1edf di chuy\u1ec3n.<br \/>\n&#8211; Th\u1ea5m h\u00fat m\u1ed3 h\u00f4i t\u1ed1t mang \u0111\u1ebfn c\u1ea3m gi\u00e1c s\u1ea1ch s\u1ebd v\u00e0 tho\u1ea3i m\u00e1i.<br \/>\n&#8211; H\u1ed7 tr\u1ee3 gi\u1ea3m \u0111au nh\u1ee9c t\u00ecnh tr\u1ea1ng v\u00e0 ch\u1ea5n th\u01b0\u01a1ng li\u00ean quan \u0111\u1ebfn m\u1eaft c\u00e1 ch\u00e2n, c\u1ed5 ch\u00e2n<br \/>\n&#8211; H\u1ed7 tr\u1ee3 ph\u1ee5c h\u1ed3i sau nh\u1eefng ch\u1ea5n th\u01b0\u01a1ng th\u1ec3 thao nh\u01b0 tennis, b\u00f3ng r\u1ed5, b\u00f3ng chuy\u1ec1n, t\u1eadp t\u1ea1, golf v\u00e0 nhi\u1ec1u m\u00f4n kh\u00e1c.<br \/>\n&#8211; C\u1ea3m nh\u1eadn s\u1ef1 tho\u1ea3i m\u00e1i khi v\u1eadn \u0111\u1ed9ng<\/p>\n<p><strong>\u0110\u1ed1i t\u01b0\u1ee3ng s\u1eed d\u1ee5ng:<\/strong><br \/>\n&#8211; Ng\u01b0\u1eddi ch\u01a1i th\u1ec3 thao: Tennis, b\u00f3ng r\u1ed5, b\u00f3ng chuy\u1ec1n, ch\u1ea1y b\u1ed9, golf&#8230;<br \/>\n&#8211; Ng\u01b0\u1eddi g\u1eb7p v\u1ea5n \u0111\u1ec1 v\u1ec1 x\u01b0\u01a1ng kh\u1edbp: Vi\u00eam g\u00e2n, vi\u00eam kh\u1edbp, th\u1ea5p kh\u1edbp.<br \/>\n&#8211; Nh\u00e2n vi\u00ean v\u0103n ph\u00f2ng, ng\u01b0\u1eddi di chuy\u1ec3n nhi\u1ec1u: C\u1ea7n s\u1ef1 h\u1ed7 tr\u1ee3 \u1ed5n \u0111\u1ecbnh khi \u0111i l\u1ea1i.<br \/>\n&#8211; Ng\u01b0\u1eddi cao tu\u1ed5i: C\u1ea3i thi\u1ec7n s\u1ef1 v\u1eefng v\u00e0ng khi di chuy\u1ec3n.<\/p>\n<p dir=\"ltr\"><strong>M\u00e3 s\u1ea3n ph\u1ea9m:<\/strong> AP241005\/ AP241004\/ AP241003<\/p>\n","protected":false},"excerpt":{"rendered":"<div class=\"product-desc desc\">\n<p><strong>C\u00f4ng ngh\u1ec7:\u00a0<\/strong>AQUA METAX<br \/>\n<strong>Ch\u1ea5t li\u1ec7u:\u00a0<\/strong>Nylon %, Polyurethane 15%<br \/>\n<strong>Size:<\/strong>\u00a0M (chu vi m\u1eaft c\u00e1 ch\u00e2n 19~27 cm)<br \/>\n<strong>S\u1ea3n xu\u1ea5t:<\/strong>\u00a0Nh\u1eadt B\u1ea3n<br \/>\n<strong>Quy c\u00e1ch \u0111\u00f3ng g\u00f3i: <\/strong>1 c\u00e1i\/ h\u1ed9p<\/p>\n<p><img decoding=\"async\" src=\"https:\/\/phitenvn.com\/wp-content\/uploads\/2025\/07\/muc-do-dau-nhe-1.png\" \/><\/p>\n<\/div>\n","protected":false},"featured_media":2725,"comment_status":"open","ping_status":"closed","template":"","meta":[],"product_brand":[],"product_cat":[606,648,577],"product_tag":[639],"class_list":{"0":"post-3273","1":"product","2":"type-product","3":"status-publish","4":"has-post-thumbnail","6":"product_cat-dai-co-chan-en","7":"product_cat-bang-dai-phong-ngua-en","8":"product_cat-support-belt","9":"product_tag-phong-ngua-en-3","11":"first","12":"instock","13":"shipping-taxable","14":"purchasable","15":"product-type-variable","16":"wvs-archive-product-wrapper"},"_links":{"self":[{"href":"https:\/\/phitenvn.com\/en\/wp-json\/wp\/v2\/product\/3273","targetHints":{"allow":["GET"]}}],"collection":[{"href":"https:\/\/phitenvn.com\/en\/wp-json\/wp\/v2\/product"}],"about":[{"href":"https:\/\/phitenvn.com\/en\/wp-json\/wp\/v2\/types\/product"}],"replies":[{"embeddable":true,"href":"https:\/\/phitenvn.com\/en\/wp-json\/wp\/v2\/comments?post=3273"}],"wp:featuredmedia":[{"embeddable":true,"href":"https:\/\/phitenvn.com\/en\/wp-json\/wp\/v2\/media\/2725"}],"wp:attachment":[{"href":"https:\/\/phitenvn.com\/en\/wp-json\/wp\/v2\/media?parent=3273"}],"wp:term":[{"taxonomy":"product_brand","embeddable":true,"href":"https:\/\/phitenvn.com\/en\/wp-json\/wp\/v2\/product_brand?post=3273"},{"taxonomy":"product_cat","embeddable":true,"href":"https:\/\/phitenvn.com\/en\/wp-json\/wp\/v2\/product_cat?post=3273"},{"taxonomy":"product_tag","embeddable":true,"href":"https:\/\/phitenvn.com\/en\/wp-json\/wp\/v2\/product_tag?post=3273"}],"curies":[{"name":"wp","href":"https:\/\/api.w.org\/{rel}","templated":true}]}}