{"id":3272,"date":"2025-05-27T06:39:03","date_gmt":"2025-05-27T06:39:03","guid":{"rendered":"https:\/\/phitenvn.com\/dai-bao-ve-co-chan-the-thao\/"},"modified":"2026-01-06T14:10:34","modified_gmt":"2026-01-06T07:10:34","slug":"dai-bao-ve-co-chan-the-thao","status":"publish","type":"product","link":"https:\/\/phitenvn.com\/en\/dai-bao-ve-co-chan-the-thao\/","title":{"rendered":"\u0110ai B\u1ea3o V\u1ec7 C\u1ed5 Ch\u00e2n Th\u1ec3 Thao Chuy\u00ean D\u1ee5ng"},"content":{"rendered":"<p>\u0110ai b\u1ea3o v\u1ec7 c\u1ed5 ch\u00e2n th\u1ec3 thao gi\u00fap h\u1ea1n ch\u1ebf t\u00e1c \u0111\u1ed9ng m\u1ea1nh trong khi ch\u01a1i th\u1ec3 thao, nh\u01b0ng kh\u00f4ng gi\u1edbi h\u1ea1n chuy\u1ec3n \u0111\u1ed9ng thi\u1ebft y\u1ebfu! An to\u00e0n \u1ed5n \u0111\u1ecbnh m\u1eaft c\u00e1 ch\u00e2n, b\u1ea3o v\u1ec7 c\u1ed5 ch\u00e2n kh\u1ecfi chuy\u1ec3n \u0111\u1ed9ng m\u1ea1nh v\u00e0 va ch\u1ea1m trong khi ch\u01a1i th\u1ec3 thao.<\/p>\n<h2>C\u00f4ng d\u1ee5ng c\u1ee7a \u0110ai B\u1ea3o V\u1ec7 C\u1ed5 Ch\u00e2n Th\u1ec3 Thao Chuy\u00ean D\u1ee5ng<\/h2>\n<p>&#8211; H\u1ed7 tr\u1ee3 v\u1eadn \u0111\u1ed9ng, gi\u1ea3m \u0111au tuy\u1ec7t v\u1eddi<\/p>\n<p>&#8211; T\u1ea1o s\u1ef1 tho\u1ea3i m\u00e1i khi di chuy\u1ec3n.<\/p>\n<p>&#8211; Th\u1ea5m h\u00fat m\u1ed3 h\u00f4i t\u1ed1t mang \u0111\u1ebfn c\u1ea3m gi\u00e1c s\u1ea1ch s\u1ebd v\u00e0 tho\u1ea3i m\u00e1i.<\/p>\n<p>&#8211; H\u1ed7 tr\u1ee3 ph\u1ee5c h\u1ed3i \u0111\u1ed1i v\u1edbi c\u00e1c b\u1ec7nh v\u1ec1 vi\u00eam kh\u1edbp, vi\u00eam g\u00e2n, th\u1ea5p kh\u1edbp v\u00e0 c\u00e1c t\u00ecnh tr\u1ea1ng v\u00e0 ch\u1ea5n th\u01b0\u01a1ng li\u00ean quan \u0111\u1ebfn m\u1eaft c\u00e1 ch\u00e2n kh\u00e1c<\/p>\n<p>&#8211; Gi\u00fap gi\u1ea3m \u0111au v\u00e0 h\u1ed7 tr\u1ee3 ph\u1ee5c h\u1ed3i sau nh\u1eefng thi\u1ec7t h\u1ea1i do th\u1ec3 thao v\u00e0 c\u00e1c ho\u1ea1t \u0111\u1ed9ng th\u1ec3 thao nh\u01b0 tennis, b\u00f3ng r\u1ed5, b\u00f3ng chuy\u1ec1n, b\u1eafn ch\u00e9o, t\u1eadp t\u1ea1, golf v\u00e0 nhi\u1ec1u m\u00f4n kh\u00e1c.<\/p>\n<p>&#8211; C\u1ea3m nh\u1eadn s\u1ef1 nh\u1eb9 nh\u00e0ng c\u1ee7a m\u1eaft c\u00e1 ch\u00e2n trong qu\u00e1 tr\u00ecnh b\u1ea1n ch\u1ea1y<\/p>\n<p>&#8211; Ho\u00e0n h\u1ea3o \u0111\u1ec3 s\u1eed d\u1ee5ng h\u00e0ng ng\u00e0y.<\/p>\n<h2>\u0110\u1ed1i t\u01b0\u1ee3ng s\u1eed d\u1ee5ng \u0110ai B\u1ea3o V\u1ec7 C\u1ed5 Ch\u00e2n Th\u1ec3 Thao Chuy\u00ean D\u1ee5ng<\/h2>\n<p>&#8211; Ng\u01b0\u1eddi b\u1ecb bong g\u00e2n m\u1eaft c\u00e1 ch\u00e2n<\/p>\n<p>&#8211; Ng\u01b0\u1eddi b\u1ec7nh vi\u00eam g\u00e2n achilles<\/p>\n<p>&#8211; Ng\u01b0\u1eddi cao tu\u1ed5i g\u1eb7p kh\u00f3 kh\u0103n khi di chuy\u1ec3n<\/p>\n<p>&#8211; H\u1ed7 tr\u1ee3 ch\u01a1i th\u1ec3 thao b\u1ea3o v\u1ec7 m\u1eaft c\u00e1 ch\u00e2n khi di chuy\u1ec3n<\/p>\n<p>M\u00e3 s\u1ea3n ph\u1ea9m: AP150005\/\u00a0 AP150004\/ AP150003<\/p>\n","protected":false},"excerpt":{"rendered":"<p>H\u01b0\u1edbng d\u1eabn s\u1eed d\u1ee5ng: \u0111eo v\u00e0o v\u00f9ng c\u1ed5 ch\u00e2n\/ m\u1eaft c\u00e1 ch\u00e2n b\u1ecb \u0111au. C\u00f3 th\u1ec3 mang gi\u00e0y v\u00e0o b\u00ecnh th\u01b0\u1eddng v\u00e0 kh\u00f4ng \u1ea3nh h\u01b0\u1edfng \u0111i chuy\u1ec3n<\/p>\n<p>Quy c\u00e1ch \u0111\u00f3ng g\u00f3i: 1 c\u00e1i\/h\u1ed9p<\/p>\n<p>S\u1ea3n xu\u1ea5t:\u00a0Nh\u1eadt B\u1ea3n<\/p>\n","protected":false},"featured_media":4289,"comment_status":"open","ping_status":"closed","template":"","meta":[],"product_brand":[],"product_cat":[32,17],"product_tag":[633],"class_list":{"0":"post-3272","1":"product","2":"type-product","3":"status-publish","4":"has-post-thumbnail","6":"product_cat-dai-co-chan","7":"product_cat-bang-dai-ho-tro","8":"product_tag-the-thao","10":"first","11":"instock","12":"shipping-taxable","13":"purchasable","14":"product-type-variable","15":"wvs-archive-product-wrapper"},"_links":{"self":[{"href":"https:\/\/phitenvn.com\/en\/wp-json\/wp\/v2\/product\/3272","targetHints":{"allow":["GET"]}}],"collection":[{"href":"https:\/\/phitenvn.com\/en\/wp-json\/wp\/v2\/product"}],"about":[{"href":"https:\/\/phitenvn.com\/en\/wp-json\/wp\/v2\/types\/product"}],"replies":[{"embeddable":true,"href":"https:\/\/phitenvn.com\/en\/wp-json\/wp\/v2\/comments?post=3272"}],"wp:featuredmedia":[{"embeddable":true,"href":"https:\/\/phitenvn.com\/en\/wp-json\/wp\/v2\/media\/4289"}],"wp:attachment":[{"href":"https:\/\/phitenvn.com\/en\/wp-json\/wp\/v2\/media?parent=3272"}],"wp:term":[{"taxonomy":"product_brand","embeddable":true,"href":"https:\/\/phitenvn.com\/en\/wp-json\/wp\/v2\/product_brand?post=3272"},{"taxonomy":"product_cat","embeddable":true,"href":"https:\/\/phitenvn.com\/en\/wp-json\/wp\/v2\/product_cat?post=3272"},{"taxonomy":"product_tag","embeddable":true,"href":"https:\/\/phitenvn.com\/en\/wp-json\/wp\/v2\/product_tag?post=3272"}],"curies":[{"name":"wp","href":"https:\/\/api.w.org\/{rel}","templated":true}]}}