{"id":3271,"date":"2025-05-27T06:42:20","date_gmt":"2025-05-27T06:42:20","guid":{"rendered":"https:\/\/phitenvn.com\/dai-bao-ve-co-tay-co-chan\/"},"modified":"2026-04-15T15:28:44","modified_gmt":"2026-04-15T08:28:44","slug":"dai-bao-ve-co-tay-co-chan","status":"publish","type":"product","link":"https:\/\/phitenvn.com\/en\/dai-bao-ve-co-tay-co-chan\/","title":{"rendered":"\u0110ai B\u1ea3o V\u1ec7 C\u1ed5 Tay &#038; C\u1ed5 Ch\u00e2n Metax (2 c\u00e1i)"},"content":{"rendered":"<h2><strong>\u0110ai B\u1ea3o V\u1ec7 C\u1ed5 Tay V\u00e0 C\u1ed5 Ch\u00e2n (2 c\u00e1i)<\/strong><\/h2>\n<p>\u0110ai b\u1ea3o v\u1ec7 c\u1ed5 tay v\u00e0 c\u1ed5 ch\u00e2n gi\u00fap h\u1ed7 tr\u1ee3 c\u00e1c kh\u1edbp c\u1ed5 tay v\u00e0 m\u1eaft c\u00e1 ch\u00e2n, \u0111\u01b0\u1ee3c l\u00e0m t\u1eeb v\u1ea3i l\u01b0\u1edbi nylon v\u00e0 polyurethane nh\u00fang qua c\u00f4ng ngh\u1ec7 Aqua Metal.<br \/>\nS\u1ea3n ph\u1ea9m \u0111i k\u00e8m 1 c\u1eb7p v\u00e0 c\u00f3 kh\u00f3a d\u00e1n d\u1ec5 d\u00e0ng \u0111i\u1ec1u ch\u1ec9nh. V\u1edbi thi\u1ebft k\u1ebf th\u00f4ng tho\u00e1ng v\u00e0 b\u1ec1n b\u1ec9, s\u1ea3n ph\u1ea9m l\u00fd t\u01b0\u1edfng khi ch\u01a1i th\u1ec3 thao ho\u1eb7c v\u1eadn \u0111\u1ed9ng h\u1eb1ng ng\u00e0y, mang l\u1ea1i s\u1ef1 tho\u1ea3i m\u00e1i v\u00e0 h\u1ed7 tr\u1ee3 t\u1ed1i \u0111a.<\/p>\n<p><strong>C\u00f4ng d\u1ee5ng<\/strong><br \/>\n&#8211; S\u1eed d\u1ee5ng c\u00f4ng ngh\u1ec7 \u0111\u1ed9c \u0111\u00e1o METAX \u0111\u00e3 \u0111\u01b0\u1ee3c ch\u1ee9ng minh l\u00e0 mang l\u1ea1i nhi\u1ec1u l\u1ee3i \u00edch s\u1ee9c kh\u1ecfe kh\u00e1c nhau.<br \/>\n&#8211; C\u1ea5u tr\u00fac s\u1ee3i m\u1ecfng nh\u01b0ng ch\u1eafc ch\u1eafn mang \u0111\u1ebfn kh\u1ea3 n\u0103ng di \u0111\u1ed9ng cao v\u00e0 tho\u1ea3i m\u00e1i khi b\u1ea1n di chuy\u1ec3n.<br \/>\n&#8211; Gi\u00fap ph\u1ee5c h\u1ed3i sau \u0111au v\u00e0 ch\u1ea5n th\u01b0\u01a1ng<br \/>\n&#8211; Ch\u1ee9c n\u0103ng l\u00e0m kh\u00f4 nhanh v\u1edbi kh\u1ea3 n\u0103ng th\u1ea5m h\u00fat n\u01b0\u1edbc, m\u1ed3 h\u00f4i nhanh cho ng\u01b0\u1eddi s\u1eed d\u1ee5ng c\u1ea3m gi\u00e1c s\u1ea1ch s\u1ebd v\u00e0 tho\u1ea3i m\u00e1i h\u01a1n.<br \/>\n&#8211; Ng\u0103n ng\u1eeba ho\u1eb7c gi\u1ea3m thi\u1ec3u vi\u00eam kh\u1edbp, g\u00f3t ch\u00e2n Achilles, khu\u1ef7u tay qu\u1ea7n v\u1ee3t<br \/>\n&#8211; Gi\u00fap gi\u1ea3m c\u0103ng th\u1eb3ng \u1edf b\u00e0n ch\u00e2n ho\u1eb7c c\u00e1nh tay<br \/>\n&#8211; C\u1ea3m nh\u1eadn s\u1ef1 nh\u1eb9 nh\u00e0ng c\u1ee7a c\u1ed5 tay trong qu\u00e1 tr\u00ecnh v\u1eadn \u0111\u1ed9ng<br \/>\n&#8211; H\u1ed7 tr\u1ee3 ph\u1ee5c h\u1ed3i v\u00e0 c\u1ea3i thi\u1ec7n l\u01b0u th\u00f4ng m\u00e1u.<\/p>\n<p><strong>\u00a0\u0110\u1ed1i t\u01b0\u1ee3ng s\u1eed d\u1ee5ng:<\/strong><br \/>\n&#8211; Th\u00edch h\u1ee3p cho c\u1ea3 nam gi\u1edbi v\u00e0 ph\u1ee5 n\u1eef<br \/>\n&#8211; Ng\u01b0\u1eddi b\u1ecb \u0111au c\u1ed5 ch\u00e2n, c\u1ed5 tay, vi\u00eam bao g\u00e2n c\u1ed5 tay, c\u1ed5 ch\u00e2n<br \/>\n&#8211; Ng\u01b0\u1eddi b\u1ecb \u0111au c\u1ed5 tay khi l\u00e0m vi\u1ec7c nhi\u1ec1u v\u1edbi m\u00e1y t\u00ednh<br \/>\n&#8211; B\u1ea3o v\u1ec7 c\u1ed5 tay, c\u1ed5 ch\u00e2n khi ch\u01a1i th\u1ec3 thao<\/p>\n<p>M\u00e3 s\u1ea3n ph\u1ea9m: TB201000<\/p>\n","protected":false},"excerpt":{"rendered":"<p><strong>\u00a0Ch\u1ea5t li\u1ec7u<\/strong><br \/>\n&#8211; B\u1ec1 m\u1eb7t \u0111ai: 93% nylon, 7% polyurethane<br \/>\n&#8211; L\u1edbp v\u1ea3i b\u00ean ngo\u00e0i : Polyester 50% \/ Polyurethane 50%<br \/>\n&#8211; L\u1edbp v\u1ea3i b\u00ean trong: Nylon 86% \/ Polyurethane 14%<br \/>\n<strong>\u00a0Kh\u00f3a d\u00e1n:<\/strong>\u00a0100% polyester<br \/>\n<strong>\u00a0C\u00f4ng ngh\u1ec7<\/strong>:\u00a0<strong>Metax<\/strong><br \/>\n<strong>\u00a0S\u1ea3n xu\u1ea5t<\/strong>:\u00a0Nh\u1eadt B\u1ea3n<\/p>\n","protected":false},"featured_media":2771,"comment_status":"open","ping_status":"closed","template":"","meta":[],"product_brand":[],"product_cat":[606,603,577],"product_tag":[637],"class_list":{"0":"post-3271","1":"product","2":"type-product","3":"status-publish","4":"has-post-thumbnail","6":"product_cat-dai-co-chan-en","7":"product_cat-dai-co-tay-khuyu-tay-en","8":"product_cat-support-belt","9":"product_tag-the-thao-en","11":"first","12":"outofstock","13":"shipping-taxable","14":"purchasable","15":"product-type-simple"},"_links":{"self":[{"href":"https:\/\/phitenvn.com\/en\/wp-json\/wp\/v2\/product\/3271","targetHints":{"allow":["GET"]}}],"collection":[{"href":"https:\/\/phitenvn.com\/en\/wp-json\/wp\/v2\/product"}],"about":[{"href":"https:\/\/phitenvn.com\/en\/wp-json\/wp\/v2\/types\/product"}],"replies":[{"embeddable":true,"href":"https:\/\/phitenvn.com\/en\/wp-json\/wp\/v2\/comments?post=3271"}],"wp:featuredmedia":[{"embeddable":true,"href":"https:\/\/phitenvn.com\/en\/wp-json\/wp\/v2\/media\/2771"}],"wp:attachment":[{"href":"https:\/\/phitenvn.com\/en\/wp-json\/wp\/v2\/media?parent=3271"}],"wp:term":[{"taxonomy":"product_brand","embeddable":true,"href":"https:\/\/phitenvn.com\/en\/wp-json\/wp\/v2\/product_brand?post=3271"},{"taxonomy":"product_cat","embeddable":true,"href":"https:\/\/phitenvn.com\/en\/wp-json\/wp\/v2\/product_cat?post=3271"},{"taxonomy":"product_tag","embeddable":true,"href":"https:\/\/phitenvn.com\/en\/wp-json\/wp\/v2\/product_tag?post=3271"}],"curies":[{"name":"wp","href":"https:\/\/api.w.org\/{rel}","templated":true}]}}