{"id":3270,"date":"2025-05-27T07:10:55","date_gmt":"2025-05-27T07:10:55","guid":{"rendered":"https:\/\/phitenvn.com\/dai-bao-ve-co-tay-soft\/"},"modified":"2026-04-15T15:45:25","modified_gmt":"2026-04-15T08:45:25","slug":"dai-bao-ve-co-tay-phiten-metax-soft","status":"publish","type":"product","link":"https:\/\/phitenvn.com\/en\/dai-bao-ve-co-tay-phiten-metax-soft\/","title":{"rendered":"\u0110ai B\u1ea3o V\u1ec7 C\u1ed5 Tay Phiten Metax Soft"},"content":{"rendered":"<h2><strong>\u0110ai C\u1ed5 Tay (<\/strong><strong>Phiten Metax <\/strong><strong>Soft)<\/strong><\/h2>\n<p>\u0110ai b\u1ea3o v\u1ec7 c\u1ed5 tay Phiten Metax Soft \u1ee9ng d\u1ee5ng <strong>c\u00f4ng ngh\u1ec7 Metax<\/strong>\u00a0ti\u00ean ti\u1ebfn, v\u1edbi ch\u1ea5t li\u1ec7u m\u1ecfng gi\u00fap kh\u00f4ng h\u1ea1n ch\u1ebf chuy\u1ec3n \u0111\u1ed9ng c\u1ee7a b\u00e0n tay, \u0111\u1ed3ng th\u1eddi h\u1ed7 tr\u1ee3 c\u1ed5 tay m\u1ed9t c\u00e1ch tho\u1ea3i m\u00e1i.<br \/>\n\u0110ai c\u1ed5 tay \u0111\u01b0\u1ee3c thi\u1ebft k\u1ebf l\u1edbp k\u00e9p n\u1ed1i li\u1ec1n mang \u0111\u1ebfn s\u1ef1 h\u1ed7 tr\u1ee3 t\u1ed1i \u01b0u cho khu v\u1ef1c c\u1ed5 tay v\u00e0 ng\u00f3n tay c\u00e1i, gi\u00fap b\u1ea1n v\u1eadn \u0111\u1ed9ng d\u1ec5 d\u00e0ng v\u00e0 tho\u1ea3i m\u00e1i.<\/p>\n<p><strong>C\u00f4ng d\u1ee5ng:\u00a0<\/strong><br \/>\n&#8211; S\u1ea3n ph\u1ea9m h\u1ed7 tr\u1ee3 v\u1eadn \u0111\u1ed9ng v\u00e0 th\u01b0 gi\u00e3n t\u1ee9c th\u00ec, mang l\u1ea1i s\u1ef1 tho\u1ea3i m\u00e1i v\u00e0 linh ho\u1ea1t khi v\u1eadn \u0111\u1ed9ng.<br \/>\n&#8211; V\u1edbi kh\u1ea3 n\u0103ng th\u1ea5m h\u00fat m\u1ed3 h\u00f4i t\u1ed1t, s\u1ea3n ph\u1ea9m gi\u00fap c\u1ea3m gi\u00e1c s\u1ea1ch s\u1ebd v\u00e0 tho\u1ea3i m\u00e1i.<br \/>\n&#8211; H\u1ed7 tr\u1ee3 ph\u1ee5c h\u1ed3i c\u00e1c b\u1ec7nh vi\u00eam kh\u1edbp, vi\u00eam g\u00e2n, th\u1ea5p kh\u1edbp v\u00e0 ch\u1ea5n th\u01b0\u01a1ng li\u00ean quan \u0111\u1ebfn c\u1ed5 tay.<br \/>\n-S\u1ea3n ph\u1ea9m c\u0169ng h\u1ed7 tr\u1ee3 ph\u1ee5c h\u1ed3i sau ch\u1ea5n th\u01b0\u01a1ng trong c\u00e1c m\u00f4n th\u1ec3 thao nh\u01b0 tennis, b\u00f3ng r\u1ed5, b\u00f3ng chuy\u1ec1n, t\u1eadp t\u1ea1, golf v\u00e0 nhi\u1ec1u m\u00f4n th\u1ec3 thao kh\u00e1c.<br \/>\n-D\u00e2y qu\u1ea5n c\u00f3 th\u1ec3 t\u00f9y ch\u1ec9nh \u0111\u1ec3 v\u1eeba v\u1eb7n v\u00e0 tho\u1ea3i m\u00e1i.<\/p>\n<p><strong>\u0110\u1ed1i t\u01b0\u1ee3ng s\u1eed d\u1ee5ng:<\/strong><br \/>\n-Th\u00edch h\u1ee3p cho c\u1ea3 nam gi\u1edbi v\u00e0 ph\u1ee5 n\u1eef<br \/>\n-Ng\u01b0\u1eddi b\u1ecb \u0111au c\u1ed5 tay, vi\u00eam bao g\u00e2n c\u1ed5 tay, h\u1ed9i ch\u1ee9ng \u1ed5ng c\u1ed5 tay<br \/>\n-B\u1ea3o v\u1ec7 c\u1ed5 tay khi ch\u01a1i th\u1ec3 thao \u0111\u1eb7c bi\u1ec7t trong \u0111\u00e1nh tennis, c\u1ea7u l\u00f4ng, golf, b\u00f3ng chuy\u1ec1n,&#8230;<\/p>\n<p>M\u00e3 s\u1ea3n ph\u1ea9m: AP244005\/ AP244004<\/p>\n","protected":false},"excerpt":{"rendered":"<p><strong>\u00a0M\u00e0u s\u1eafc<\/strong>: M\u00e0u be<br \/>\n<strong>\u00a0K\u00edch th\u01b0\u1edbc:<\/strong>\u00a0Chu vi c\u1ed5 tay 15-17cm; chi\u1ec1u d\u00e0i: 13cm<br \/>\n<strong>\u00a0Ch\u00e2t li\u1ec7u:<\/strong>\u00a0Ni l\u00f4ng 70%, Polyurethane 30%<br \/>\n<strong>\u00a0C\u00f4ng ngh\u1ec7:\u00a0<\/strong>Metax<br \/>\n<strong>\u00a0Xu\u1ea5t x\u1ee9:\u00a0<\/strong>Nh\u1eadt B\u1ea3n<br \/>\n<strong>\u00a0Quy c\u00e1ch \u0111\u00f3ng g\u00f3i:\u00a0<\/strong>1 c\u00e1i\/ h\u1ed9p<\/p>\n<p><strong>\u00a0L\u01b0u \u00fd:\u00a0<\/strong>Vui l\u00f2ng kh\u00f4ng k\u00e9o l\u1edbp h\u1ed7 tr\u1ee3 ng\u00f3n tay c\u00e1i qu\u00e1 m\u1ea1nh \u0111\u1ec3 tr\u00e1nh tr\u01b0\u1eddng h\u1ee3p r\u00e1ch.<\/p>\n<p><img decoding=\"async\" src=\"https:\/\/phitenvn.com\/wp-content\/uploads\/2025\/07\/muc-do-dau-nhe-1.png\" \/><\/p>\n","protected":false},"featured_media":2711,"comment_status":"open","ping_status":"closed","template":"","meta":[],"product_brand":[],"product_cat":[33,17],"product_tag":[634],"class_list":{"0":"post-3270","1":"product","2":"type-product","3":"status-publish","4":"has-post-thumbnail","6":"product_cat-dai-co-tay-khuyu-tay","7":"product_cat-bang-dai-ho-tro","8":"product_tag-phong-ngua","10":"first","11":"instock","12":"shipping-taxable","13":"purchasable","14":"product-type-variable","15":"wvs-archive-product-wrapper"},"_links":{"self":[{"href":"https:\/\/phitenvn.com\/en\/wp-json\/wp\/v2\/product\/3270","targetHints":{"allow":["GET"]}}],"collection":[{"href":"https:\/\/phitenvn.com\/en\/wp-json\/wp\/v2\/product"}],"about":[{"href":"https:\/\/phitenvn.com\/en\/wp-json\/wp\/v2\/types\/product"}],"replies":[{"embeddable":true,"href":"https:\/\/phitenvn.com\/en\/wp-json\/wp\/v2\/comments?post=3270"}],"wp:featuredmedia":[{"embeddable":true,"href":"https:\/\/phitenvn.com\/en\/wp-json\/wp\/v2\/media\/2711"}],"wp:attachment":[{"href":"https:\/\/phitenvn.com\/en\/wp-json\/wp\/v2\/media?parent=3270"}],"wp:term":[{"taxonomy":"product_brand","embeddable":true,"href":"https:\/\/phitenvn.com\/en\/wp-json\/wp\/v2\/product_brand?post=3270"},{"taxonomy":"product_cat","embeddable":true,"href":"https:\/\/phitenvn.com\/en\/wp-json\/wp\/v2\/product_cat?post=3270"},{"taxonomy":"product_tag","embeddable":true,"href":"https:\/\/phitenvn.com\/en\/wp-json\/wp\/v2\/product_tag?post=3270"}],"curies":[{"name":"wp","href":"https:\/\/api.w.org\/{rel}","templated":true}]}}