{"id":3269,"date":"2025-05-27T07:06:24","date_gmt":"2025-05-27T07:06:24","guid":{"rendered":"https:\/\/phitenvn.com\/dai-dinh-hinh-co-tay\/"},"modified":"2026-04-15T15:39:37","modified_gmt":"2026-04-15T08:39:37","slug":"dai-dinh-hinh-co-tay","status":"publish","type":"product","link":"https:\/\/phitenvn.com\/en\/dai-dinh-hinh-co-tay\/","title":{"rendered":"\u0110ai \u0110\u1ecbnh H\u00ecnh C\u1ed5 Tay"},"content":{"rendered":"<h2><strong>\u0110ai \u0110\u1ecbnh H\u00ecnh C\u1ed5 Tay PHITEN METAX<\/strong><\/h2>\n<p>\u0110ai \u0111\u1ecbnh h\u00ecnh c\u1ed5 tay h\u1ed7 tr\u1ee3 v\u00e0 b\u1ea3o v\u1ec7 c\u1ed5 tay ch\u1eafc ch\u1eafn, v\u1eeba v\u1eb7n, tho\u1ea3i m\u00e1i v\u1edbi v\u00f2ng qu\u1ea5n quanh ng\u00f3n tay c\u00e1i v\u00e0 quanh c\u1ed5 tay.<br \/>\nGi\u00fap h\u1ea1n ch\u1ebf s\u1ef1 chuy\u1ec3n \u0111\u1ed9ng \u0111\u1ed1i v\u1edbi nh\u1eefng ng\u01b0\u1eddi b\u1ecb \u0111au vi\u00eam g\u00e2n ho\u1eb7c \u0111au c\u1ed5 tay.<\/p>\n<p><strong>C\u00f4ng d\u1ee5ng:\u00a0<\/strong><br \/>\n&#8211; B\u0103ng \u0111ai h\u1ed7 tr\u1ee3 v\u1eadn \u0111\u1ed9ng v\u00e0 th\u01b0 gi\u00e3n t\u1ee9c th\u00ec, mang l\u1ea1i s\u1ef1 tho\u1ea3i m\u00e1i v\u00e0 linh ho\u1ea1t khi v\u1eadn \u0111\u1ed9ng.<br \/>\n&#8211; S\u1ea3n ph\u1ea9m th\u1ea5m h\u00fat m\u1ed3 h\u00f4i t\u1ed1t, gi\u00fap ng\u01b0\u1eddi d\u00f9ng c\u1ea3m th\u1ea5y s\u1ea1ch s\u1ebd v\u00e0 tho\u1ea3i m\u00e1i.<br \/>\n&#8211; H\u1ed7 tr\u1ee3 ph\u1ee5c h\u1ed3i c\u00e1c v\u1ea5n \u0111\u1ec1 li\u00ean quan \u0111\u1ebfn vi\u00eam kh\u1edbp, vi\u00eam g\u00e2n, th\u1ea5p kh\u1edbp v\u00e0 ch\u1ea5n th\u01b0\u01a1ng c\u1ed5 tay.<br \/>\n-C\u0169ng r\u1ea5t hi\u1ec7u qu\u1ea3 trong vi\u1ec7c h\u1ed7 tr\u1ee3 ph\u1ee5c h\u1ed3i sau c\u00e1c ch\u1ea5n th\u01b0\u01a1ng trong th\u1ec3 thao nh\u01b0 tennis, b\u00f3ng r\u1ed5, b\u00f3ng chuy\u1ec1n, t\u1eadp t\u1ea1, golf v\u00e0 nhi\u1ec1u m\u00f4n th\u1ec3 thao kh\u00e1c.<br \/>\n&#8211; D\u00e2y qu\u1ea5n c\u00f3 th\u1ec3 \u0111i\u1ec1u ch\u1ec9nh \u0111\u1ec3 v\u1eeba v\u1eb7n v\u00e0 tho\u1ea3i m\u00e1i.<\/p>\n<p><strong>\u0110\u1ed1i t\u01b0\u1ee3ng s\u1eed d\u1ee5ng:\u00a0<\/strong><br \/>\n&#8211; Ph\u00f9 h\u1ee3p cho c\u1ea3 nam gi\u1edbi v\u00e0 ph\u1ee5 n\u1eef<br \/>\n&#8211; Ng\u01b0\u1eddi b\u1ecb \u0111au c\u1ed5 tay, vi\u00eam bao g\u00e2n c\u1ed5 tay, h\u1ed9i ch\u1ee9ng \u1ed1ng c\u1ed5 tay<br \/>\n&#8211; Ng\u01b0\u1eddi c\u1ea7n b\u1ea3o v\u1ec7 c\u1ed5 tay khi ch\u01a1i th\u1ec3 thao, \u0111\u1eb7c bi\u1ec7t l\u00e0 tennis, c\u1ea7u l\u00f4ng, golf, b\u00f3ng chuy\u1ec1n&#8230;<\/p>\n<p>M\u00e3 s\u1ea3n ph\u1ea9m: AP242001<\/p>\n","protected":false},"excerpt":{"rendered":"<p><strong>Ch\u1ea5t li\u1ec7u:\u00a0<\/strong>V\u1ea3i\u00a0Nylon 93%, Polyurethane 7%, Polyester 100%.<br \/>\n<strong>C\u00f4ng ngh\u1ec7:<\/strong>\u00a0Metax<br \/>\n<strong>K\u00edch th\u01b0\u1edbc:\u00a0<\/strong>Ch\u1ec9 c\u00f3 1 k\u00edch c\u1ee1<br \/>\n<strong>Th\u01b0\u01a1ng hi\u1ec7u:<\/strong>\u00a0Phiten<br \/>\n<strong>S\u1ea3n xu\u1ea5t<\/strong>\u00a0t\u1ea1i Nh\u1eadt B\u1ea3n<br \/>\n<strong>C\u00e1ch \u0111\u00f3ng g\u00f3i:\u00a0<\/strong>1 c\u00e1i\/ h\u1ed9p<\/p>\n<p><strong>L\u01b0u \u00fd:\u00a0<\/strong>Gi\u1eb7t b\u1eb1ng n\u01b0\u1edbc \u1ea5m ho\u1eb7c s\u1eefa t\u1eafm \u00edt ch\u1ea5t t\u1ea9y, ph\u01a1i d\u01b0\u1edbi b\u00f3ng m\u00e1t tr\u00e1nh \u00e1nh n\u1eafng m\u1eb7t tr\u1eddi<\/p>\n<p><img decoding=\"async\" src=\"https:\/\/phitenvn.com\/wp-content\/uploads\/2025\/07\/muc-do-dau-nang-1.png\" \/><\/p>\n","protected":false},"featured_media":2709,"comment_status":"open","ping_status":"closed","template":"","meta":[],"product_brand":[],"product_cat":[603,647,577],"product_tag":[640],"class_list":{"0":"post-3269","1":"product","2":"type-product","3":"status-publish","4":"has-post-thumbnail","6":"product_cat-dai-co-tay-khuyu-tay-en","7":"product_cat-bang-dai-phuc-hoi-en","8":"product_cat-support-belt","9":"product_tag-phuc-hoi-en-2","11":"first","12":"outofstock","13":"shipping-taxable","14":"purchasable","15":"product-type-variable","16":"wvs-archive-product-wrapper"},"_links":{"self":[{"href":"https:\/\/phitenvn.com\/en\/wp-json\/wp\/v2\/product\/3269","targetHints":{"allow":["GET"]}}],"collection":[{"href":"https:\/\/phitenvn.com\/en\/wp-json\/wp\/v2\/product"}],"about":[{"href":"https:\/\/phitenvn.com\/en\/wp-json\/wp\/v2\/types\/product"}],"replies":[{"embeddable":true,"href":"https:\/\/phitenvn.com\/en\/wp-json\/wp\/v2\/comments?post=3269"}],"wp:featuredmedia":[{"embeddable":true,"href":"https:\/\/phitenvn.com\/en\/wp-json\/wp\/v2\/media\/2709"}],"wp:attachment":[{"href":"https:\/\/phitenvn.com\/en\/wp-json\/wp\/v2\/media?parent=3269"}],"wp:term":[{"taxonomy":"product_brand","embeddable":true,"href":"https:\/\/phitenvn.com\/en\/wp-json\/wp\/v2\/product_brand?post=3269"},{"taxonomy":"product_cat","embeddable":true,"href":"https:\/\/phitenvn.com\/en\/wp-json\/wp\/v2\/product_cat?post=3269"},{"taxonomy":"product_tag","embeddable":true,"href":"https:\/\/phitenvn.com\/en\/wp-json\/wp\/v2\/product_tag?post=3269"}],"curies":[{"name":"wp","href":"https:\/\/api.w.org\/{rel}","templated":true}]}}