{"id":3268,"date":"2025-05-27T07:30:44","date_gmt":"2025-05-27T00:30:44","guid":{"rendered":"https:\/\/phitenvn.com\/dai-bo-khuyu-tay\/"},"modified":"2025-12-17T15:21:15","modified_gmt":"2025-12-17T08:21:15","slug":"dai-bo-khuyu-tay","status":"publish","type":"product","link":"https:\/\/phitenvn.com\/en\/dai-bo-khuyu-tay\/","title":{"rendered":"\u0110ai B\u00f3 Khu\u1ef7u Tay Phiten"},"content":{"rendered":"<h2><strong>\u0110ai B\u00f3 Khu\u1ef7u Tay Metax Phiten<\/strong><\/h2>\n<p>\u0110ai b\u00f3 khu\u1ef7u tay \u0111\u01b0\u1ee3c l\u00e0m t\u1eeb s\u1ee3i v\u1ea3i polyester ho\u1eb7c cotton \u0111\u01b0\u1ee3c nh\u00fang v\u1edbi AQUA METAX. S\u1ee3i v\u1ea3i \u0111\u1eb7c bi\u1ec7t m\u1ec1m v\u00e0 r\u1ea5t tho\u1ea3i m\u00e1i, c\u00f3 kh\u1ea3 n\u0103ng h\u1ea5p \u1ea9m t\u1ed1t v\u00e0 nhanh kh\u00f4.<br \/>\nB\u0103ng khu\u1ef7u tay \u0111\u01b0\u1ee3c thi\u1ebft k\u1ebf \u0111\u1ec3 mang \u0111\u1ebfn m\u1ed9t s\u1ef1 v\u1eeba v\u1eb7n, b\u1ea3o v\u1ec7 hi\u1ec7u qu\u1ea3 nh\u01b0ng v\u1eabn cho ph\u00e9p kh\u1ee7y tay ho\u1ea1t \u0111\u1ed9ng linh ho\u1ea1t.<\/p>\n<p><strong>C\u00f4ng d\u1ee5ng:<\/strong><br \/>\n&#8211; Gi\u00fap th\u01b0 gi\u00e3n t\u1ee9c th\u00ec, c\u1ea3i thi\u1ec7n c\u00e2n b\u1eb1ng c\u01a1 th\u1ec3.<br \/>\n&#8211; Gi\u00fap gi\u1ea3m t\u00ecnh tr\u1ea1ng gi\u1eef n\u01b0\u1edbc v\u00e0 s\u01b0ng kh\u1edbp.<br \/>\n&#8211; Th\u1ea5m h\u00fat \u0111\u1ed9 \u1ea9m v\u00e0 m\u1ed3 h\u00f4i t\u1ed1t cho c\u1ea3m gi\u00e1c s\u1ea1ch s\u1ebd v\u00e0 tho\u1ea3i m\u00e1i.<br \/>\n&#8211; \u0110\u01b0\u1ee3c t\u1ea1o n\u00ean t\u1eeb ch\u1ea5t li\u1ec7u c\u00f3 ch\u1ea5t l\u01b0\u1ee3ng cao.<br \/>\n&#8211; Thi\u1ebft k\u1ebf kh\u00f4ng c\u1ea3n tr\u1edf di chuy\u1ec3n.<br \/>\n&#8211; Tho\u1ea3i m\u00e1i di chuy\u1ec3n m\u00e0 kh\u00f4ng lo l\u00e0m t\u1ed5n th\u01b0\u01a1ng do s\u1ef1 c\u0103ng th\u1eb3ng kh\u00f4ng c\u1ea7n thi\u1ebft tr\u00ean c\u00e1c c\u01a1 v\u00e0 d\u00e2y ch\u1eb1ng.<br \/>\n&#8211; \u0110\u01b0\u1ee3c thi\u1ebft k\u1ebf \u0111\u1ec3 \u1ed5n \u0111\u1ecbnh c\u00e1c kh\u1edbp c\u1ee7a b\u1ea1n, n\u00e9n c\u00e1c c\u01a1 v\u00e0 d\u00e2y ch\u1eb1ng xung quanh \u0111\u1ec3 chuy\u1ec3n \u0111\u1ed9ng tho\u1ea3i m\u00e1i h\u01a1n.<br \/>\n&#8211; S\u1eed d\u1ee5ng \u0111\u01b0\u1ee3c cho c\u1ea3 b\u00ean tr\u00e1i v\u00e0 ph\u1ea3i<\/p>\n<p><strong>\u0110\u1ed1i t\u01b0\u1ee3ng s\u1eed d\u1ee5ng:<\/strong><br \/>\n&#8211; H\u1ed7 tr\u1ee3 ng\u01b0\u1eddi c\u00f3 v\u1ea5n \u0111\u1ec1 v\u1ec1 \u0111au khu\u1ef7u tay khi l\u00e0m vi\u1ec7c<br \/>\n&#8211; Ng\u01b0\u1eddi m\u1eafc h\u1ed9i ch\u1ee9ng khu\u1ef7u tay qu\u1ea7n v\u1ee3t (tennis elbow)<br \/>\n&#8211; Ng\u01b0\u1eddi cao tu\u1ed5i th\u01b0\u1eddng \u0111au kh\u1edbp khu\u1ef7u tay v\u00e0o m\u00f9a l\u1ea1nh<br \/>\n&#8211; H\u1ed7 tr\u1ee3 ng\u01b0\u1eddi ch\u01a1i th\u1ec3 thao trong c\u00e1c b\u1ed9 m\u00f4n nh\u01b0 tennis, golf, b\u00f3ng chuy\u1ec1n, b\u00f3ng r\u1ed5, b\u00f3ng b\u00e0n&#8230;<\/p>\n","protected":false},"excerpt":{"rendered":"<p><strong>Ch\u1ea5t li\u1ec7u:<\/strong>\u00a0Polyester: 73%, Cotton: 17%, Polyurethane: 10%<br \/>\n<strong>\u00a0S\u1eed d\u1ee5ng:<br \/>\n<\/strong>&#8211; Ch\u1ed1ng tr\u01b0\u1ee3t<br \/>\n&#8211; B\u1ea3o v\u1ec7 kh\u1edbp<br \/>\n&#8211; B\u1ea3o v\u1ec7 kh\u1ee7yu tay<br \/>\n<strong>\u00a0Quy c\u00e1ch \u0111\u00f3ng g\u00f3i:\u00a0<\/strong>1 c\u00e1i\/h\u1ed9p<br \/>\n<strong>\u00a0C\u00f4ng ngh\u1ec7:\u00a0<\/strong>Metax<br \/>\n<strong>\u00a0S\u1ea3n xu\u1ea5t:\u00a0<\/strong>Nh\u1eadt B\u1ea3n<\/p>\n<p><img decoding=\"async\" src=\"https:\/\/phitenvn.com\/wp-content\/uploads\/2025\/07\/muc-do-dau-nhe-1.png\" \/><\/p>\n","protected":false},"featured_media":2722,"comment_status":"open","ping_status":"closed","template":"","meta":[],"product_brand":[],"product_cat":[603,648,577],"product_tag":[639],"class_list":{"0":"post-3268","1":"product","2":"type-product","3":"status-publish","4":"has-post-thumbnail","6":"product_cat-dai-co-tay-khuyu-tay-en","7":"product_cat-bang-dai-phong-ngua-en","8":"product_cat-support-belt","9":"product_tag-phong-ngua-en-3","11":"first","12":"instock","13":"shipping-taxable","14":"purchasable","15":"product-type-variable","16":"wvs-archive-product-wrapper"},"_links":{"self":[{"href":"https:\/\/phitenvn.com\/en\/wp-json\/wp\/v2\/product\/3268","targetHints":{"allow":["GET"]}}],"collection":[{"href":"https:\/\/phitenvn.com\/en\/wp-json\/wp\/v2\/product"}],"about":[{"href":"https:\/\/phitenvn.com\/en\/wp-json\/wp\/v2\/types\/product"}],"replies":[{"embeddable":true,"href":"https:\/\/phitenvn.com\/en\/wp-json\/wp\/v2\/comments?post=3268"}],"wp:featuredmedia":[{"embeddable":true,"href":"https:\/\/phitenvn.com\/en\/wp-json\/wp\/v2\/media\/2722"}],"wp:attachment":[{"href":"https:\/\/phitenvn.com\/en\/wp-json\/wp\/v2\/media?parent=3268"}],"wp:term":[{"taxonomy":"product_brand","embeddable":true,"href":"https:\/\/phitenvn.com\/en\/wp-json\/wp\/v2\/product_brand?post=3268"},{"taxonomy":"product_cat","embeddable":true,"href":"https:\/\/phitenvn.com\/en\/wp-json\/wp\/v2\/product_cat?post=3268"},{"taxonomy":"product_tag","embeddable":true,"href":"https:\/\/phitenvn.com\/en\/wp-json\/wp\/v2\/product_tag?post=3268"}],"curies":[{"name":"wp","href":"https:\/\/api.w.org\/{rel}","templated":true}]}}