{"id":3267,"date":"2025-05-27T07:26:02","date_gmt":"2025-05-27T07:26:02","guid":{"rendered":"https:\/\/phitenvn.com\/dai-bao-ve-khuyu-tay\/"},"modified":"2026-04-15T15:43:28","modified_gmt":"2026-04-15T08:43:28","slug":"dai-bao-ve-khuyu-tay","status":"publish","type":"product","link":"https:\/\/phitenvn.com\/en\/dai-bao-ve-khuyu-tay\/","title":{"rendered":"\u0110ai B\u1ea3o V\u1ec7 Khu\u1ef7u Tay Phiten"},"content":{"rendered":"<h2><strong>\u0110ai B\u1ea3o V\u1ec7 Khu\u1ef7u Tay Metax<\/strong><\/h2>\n<p>\u0110ai b\u1ea3o v\u1ec7 khu\u1ef7u tay \u0111\u01b0\u1ee3c l\u00e0m t\u1eeb s\u1ef1 k\u1ebft h\u1ee3p c\u1ee7a c\u00e1c nguy\u00ean li\u1ec7u b\u1ec1n &#8211; ch\u1ea5t l\u01b0\u1ee3ng cao Nylon, Polyurethane, mi\u1ebfng \u0111\u1ec7m \u0111\u00e0n h\u1ed3i v\u00e0 cao su t\u1ef1 nhi\u00ean.<br \/>\n\u0110ai b\u1ea3o v\u1ec7 khu\u1ef7u tay \u0111\u01b0\u1ee3c l\u00e0m t\u1eeb c\u00e1c ch\u1ea5t li\u1ec7u ch\u1ea5t l\u01b0\u1ee3ng cao g\u1ed3m Ni l\u00f4ng, Polyurethane, cao su. Ph\u00f9 h\u1ee3p cho c\u1ea3 nam v\u00e0 n\u1eef.<\/p>\n<p><strong>C\u00f4ng d\u1ee5ng:<\/strong><br \/>\n&#8211; H\u1ed7 tr\u1ee3 \u1ed5n \u0111\u1ecbnh c\u00e1c kh\u1edbp khu\u1ef7u tay, \u0111\u1ed3ng th\u1eddi n\u00e9n c\u00e1c c\u01a1 v\u00e0 g\u00e2n xung quanh \u0111\u1ec3 chuy\u1ec3n \u0111\u1ed9ng tho\u1ea3i m\u00e1i h\u01a1n<br \/>\n&#8211; Gi\u1ea3m c\u0103ng th\u1eb3ng cho khu\u1ef7u tay v\u00e0 g\u00e2n<br \/>\n&#8211; H\u1ea5p th\u1ee5 \u0111\u1ed9 \u1ea9m v\u00e0 m\u1ed3 h\u00f4i cho c\u1ea3m gi\u00e1c s\u1ea1ch s\u1ebd v\u00e0 tho\u1ea3i m\u00e1i<br \/>\n&#8211; Gi\u00fap c\u1ea3i thi\u1ec7n c\u00e2n b\u1eb1ng c\u01a1 th\u1ec3<br \/>\n&#8211; Th\u01b0 gi\u00e3n c\u01a1, kh\u1edbp<br \/>\n&#8211; H\u1ed7 tr\u1ee3 ph\u1ee5c h\u1ed3i sau vi\u00eam kh\u1edbp, vi\u00eam g\u00e2n, th\u1ea5p kh\u1edbp v\u00e0 c\u00e1c t\u00ecnh tr\u1ea1ng v\u00e0 ch\u1ea5n th\u01b0\u01a1ng kh\u00e1c li\u00ean quan \u0111\u1ebfn khu\u1ef7u tay<br \/>\n&#8211; Ph\u00f9 h\u1ee3p \u0111\u1ec3 s\u1eed d\u1ee5ng h\u00e0ng ng\u00e0y<\/p>\n<p><strong>\u0110\u1ed1i t\u01b0\u1ee3ng s\u1eed d\u1ee5ng:<\/strong><br \/>\n&#8211; H\u1ed7 tr\u1ee3 ng\u01b0\u1eddi c\u00f3 v\u1ea5n \u0111\u1ec1 v\u1ec1 \u0111au khu\u1ef7u tay khi l\u00e0m vi\u1ec7c<br \/>\n&#8211; Ng\u01b0\u1eddi m\u1eafc h\u1ed9i ch\u1ee9ng khu\u1ef7u tay qu\u1ea7n v\u1ee3t (tennis elbow)<br \/>\n&#8211; Ng\u01b0\u1eddi cao tu\u1ed5i th\u01b0\u1eddng \u0111au kh\u1edbp khu\u1ef7u tay v\u00e0o m\u00f9a l\u1ea1nh<br \/>\n&#8211; H\u1ed7 tr\u1ee3 ng\u01b0\u1eddi ch\u01a1i th\u1ec3 thao trong c\u00e1c b\u1ed9 m\u00f4n nh\u01b0 tennis, golf, b\u00f3ng chuy\u1ec1n, b\u00f3ng r\u1ed5, b\u00f3ng b\u00e0n&#8230;<\/p>\n<p>M\u00e3 s\u1ea3n ph\u1ea9m: AP246005\/ AP246004\/ AP246003<\/p>\n","protected":false},"excerpt":{"rendered":"<p><strong>Ch\u1ea5t li\u1ec7u:\u00a0<\/strong>Nylon, Polyurethane<br \/>\n<strong>H\u01b0\u1edbng d\u1eabn v\u1ec7 sinh:<\/strong>\u00a0Gi\u1eb7t tay b\u1eb1ng x\u00e0 ph\u00f2ng d\u1ecbu nh\u1eb9<br \/>\n<strong>B\u1ea3o h\u00e0nh:\u00a0<\/strong>Kh\u00f4ng \u00e1p d\u1ee5ng<br \/>\n<strong>C\u00f4ng ngh\u1ec7:<\/strong>\u00a0Metax<br \/>\n<strong>Quy c\u00e1ch \u0111\u1ed1ng g\u00f3i:<\/strong>\u00a01 c\u00e1i\/ h\u1ed9p<br \/>\n<strong>S\u1ea3n xu\u1ea5t:<\/strong>\u00a0Nh\u1eadt B\u1ea3n<\/p>\n<p><img decoding=\"async\" src=\"https:\/\/phitenvn.com\/wp-content\/uploads\/2025\/07\/muc-do-dau-vua-1.png\" \/><\/p>\n","protected":false},"featured_media":2721,"comment_status":"open","ping_status":"closed","template":"","meta":[],"product_brand":[],"product_cat":[603,646,577],"product_tag":[638],"class_list":{"0":"post-3267","1":"product","2":"type-product","3":"status-publish","4":"has-post-thumbnail","6":"product_cat-dai-co-tay-khuyu-tay-en","7":"product_cat-bang-dai-ho-tro-2-en","8":"product_cat-support-belt","9":"product_tag-ho-tro-en-2","11":"first","12":"instock","13":"shipping-taxable","14":"purchasable","15":"product-type-variable","16":"wvs-archive-product-wrapper"},"_links":{"self":[{"href":"https:\/\/phitenvn.com\/en\/wp-json\/wp\/v2\/product\/3267","targetHints":{"allow":["GET"]}}],"collection":[{"href":"https:\/\/phitenvn.com\/en\/wp-json\/wp\/v2\/product"}],"about":[{"href":"https:\/\/phitenvn.com\/en\/wp-json\/wp\/v2\/types\/product"}],"replies":[{"embeddable":true,"href":"https:\/\/phitenvn.com\/en\/wp-json\/wp\/v2\/comments?post=3267"}],"wp:featuredmedia":[{"embeddable":true,"href":"https:\/\/phitenvn.com\/en\/wp-json\/wp\/v2\/media\/2721"}],"wp:attachment":[{"href":"https:\/\/phitenvn.com\/en\/wp-json\/wp\/v2\/media?parent=3267"}],"wp:term":[{"taxonomy":"product_brand","embeddable":true,"href":"https:\/\/phitenvn.com\/en\/wp-json\/wp\/v2\/product_brand?post=3267"},{"taxonomy":"product_cat","embeddable":true,"href":"https:\/\/phitenvn.com\/en\/wp-json\/wp\/v2\/product_cat?post=3267"},{"taxonomy":"product_tag","embeddable":true,"href":"https:\/\/phitenvn.com\/en\/wp-json\/wp\/v2\/product_tag?post=3267"}],"curies":[{"name":"wp","href":"https:\/\/api.w.org\/{rel}","templated":true}]}}