{"id":3266,"date":"2025-05-27T07:17:32","date_gmt":"2025-05-27T00:17:32","guid":{"rendered":"https:\/\/phitenvn.com\/dai-deo-co-tay\/"},"modified":"2025-12-17T15:40:05","modified_gmt":"2025-12-17T08:40:05","slug":"dai-deo-co-tay","status":"publish","type":"product","link":"https:\/\/phitenvn.com\/en\/dai-deo-co-tay\/","title":{"rendered":"\u0110ai \u0110eo C\u1ed5 Tay"},"content":{"rendered":"<h2><strong>\u0110ai \u0110eo C\u1ed5 Tay Phiten<\/strong><\/h2>\n<p><strong>Ultra Wrist Wrap Metax\u00a0<\/strong>s\u1eed d\u1ee5ng c\u00f4ng ngh\u1ec7 Metax \u0111\u1ed9c quy\u1ec1n, \u0111ai gi\u00fap th\u01b0 gi\u00e3n hi\u1ec7u qu\u1ea3, h\u1ed7 tr\u1ee3 c\u1ed5 tay t\u1ed1i \u01b0u cho c\u00e1c v\u1eadn \u0111\u1ed9ng vi\u00ean E-Sport<br \/>\nThi\u1ebft k\u1ebf \u00f4m s\u00e1t, tho\u1ea3i m\u00e1i. Ch\u1ea5t li\u1ec7u \u0111\u1eb7c bi\u1ec7t m\u1ecfng v\u00e0 kh\u00f4ng c\u00f3 d\u00e2y bu\u1ed9c n\u00e0y \u201cVelcroless\u201d kh\u00f4ng \u1ea3nh h\u01b0\u1edfng \u0111\u1ebfn c\u00e1c chuy\u1ec3n \u0111\u1ed9ng tinh t\u1ebf c\u1ee7a c\u1ed5 tay b\u1ea1n.<\/p>\n<p><strong>C\u00f4ng d\u1ee5ng:\u00a0<\/strong><br \/>\n&#8211; B\u1ea3o v\u1ec7 c\u1ed5 tay, ph\u00f2ng ng\u1eeba ch\u1ea5n th\u01b0\u01a1ng cho c\u00e1c v\u1eadn \u0111\u1ed9ng vi\u00ean E-Sport.<br \/>\n&#8211; Gi\u00fap ng\u0103n ng\u1eeba s\u1ef1 kh\u00f3 ch\u1ecbu khi s\u1eed d\u1ee5ng nhi\u1ec1u ng\u00f3n tay v\u00e0 c\u1ed5 tay.<\/p>\n<p><strong>\u0110\u1ed1i t\u01b0\u1ee3ng s\u1eed d\u1ee5ng:<\/strong><br \/>\n&#8211; Th\u00edch h\u1ee3p cho c\u1ea3 nam gi\u1edbi v\u00e0 ph\u1ee5 n\u1eef<br \/>\n&#8211; Ng\u01b0\u1eddi b\u1ecb \u0111au c\u1ed5 tay, vi\u00eam bao g\u00e2n c\u1ed5 tay, h\u1ed9i ch\u1ee9ng \u1ed1ng c\u1ed5 tay<br \/>\n&#8211; B\u1ea3o v\u1ec7 c\u1ed5 tay khi ch\u01a1i th\u1ec3 thao \u0111\u1eb7c bi\u1ec7t trong \u0111\u00e1nh tennis, c\u1ea7u l\u00f4ng, golf, b\u00f3ng chuy\u1ec1n,&#8230;<\/p>\n<p><strong>M\u00e3 s\u1ea3n ph\u1ea9m<\/strong>: AP225001<\/p>\n","protected":false},"excerpt":{"rendered":"<div class=\"product-desc desc\">\n<p><strong>M\u00e0u s\u1eafc:<\/strong>\u00a0M\u00e0u \u0111en<br \/>\n<strong>K\u00edch th\u01b0\u1edbc:<\/strong>\u00a0M\u1ed9t K\u00edch th\u01b0\u1edbc<br \/>\n<strong>Ch\u1ea5t li\u1ec7u:<\/strong>\u00a0100% Polyester<br \/>\n<strong>C\u00f4ng ngh\u1ec7:<\/strong>\u00a0Metax<br \/>\n<strong>S\u1ea3n xu\u1ea5t:<\/strong>\u00a0Nh\u1eadt B\u1ea3n<br \/>\n<strong>Quy c\u00e1ch \u0111\u00f3ng g\u00f3i:<\/strong> 1 chi\u1ebfc\/ h\u1ed9p<\/p>\n<\/div>\n","protected":false},"featured_media":2772,"comment_status":"open","ping_status":"closed","template":"","meta":[],"product_brand":[],"product_cat":[603,577],"product_tag":[637],"class_list":{"0":"post-3266","1":"product","2":"type-product","3":"status-publish","4":"has-post-thumbnail","6":"product_cat-dai-co-tay-khuyu-tay-en","7":"product_cat-support-belt","8":"product_tag-the-thao-en","10":"first","11":"instock","12":"shipping-taxable","13":"purchasable","14":"product-type-variable","15":"wvs-archive-product-wrapper"},"_links":{"self":[{"href":"https:\/\/phitenvn.com\/en\/wp-json\/wp\/v2\/product\/3266","targetHints":{"allow":["GET"]}}],"collection":[{"href":"https:\/\/phitenvn.com\/en\/wp-json\/wp\/v2\/product"}],"about":[{"href":"https:\/\/phitenvn.com\/en\/wp-json\/wp\/v2\/types\/product"}],"replies":[{"embeddable":true,"href":"https:\/\/phitenvn.com\/en\/wp-json\/wp\/v2\/comments?post=3266"}],"wp:featuredmedia":[{"embeddable":true,"href":"https:\/\/phitenvn.com\/en\/wp-json\/wp\/v2\/media\/2772"}],"wp:attachment":[{"href":"https:\/\/phitenvn.com\/en\/wp-json\/wp\/v2\/media?parent=3266"}],"wp:term":[{"taxonomy":"product_brand","embeddable":true,"href":"https:\/\/phitenvn.com\/en\/wp-json\/wp\/v2\/product_brand?post=3266"},{"taxonomy":"product_cat","embeddable":true,"href":"https:\/\/phitenvn.com\/en\/wp-json\/wp\/v2\/product_cat?post=3266"},{"taxonomy":"product_tag","embeddable":true,"href":"https:\/\/phitenvn.com\/en\/wp-json\/wp\/v2\/product_tag?post=3266"}],"curies":[{"name":"wp","href":"https:\/\/api.w.org\/{rel}","templated":true}]}}