{"id":3265,"date":"2025-05-27T07:13:50","date_gmt":"2025-05-27T07:13:50","guid":{"rendered":"https:\/\/phitenvn.com\/dai-bao-ve-co-tay\/"},"modified":"2026-04-15T15:46:35","modified_gmt":"2026-04-15T08:46:35","slug":"dai-bao-ve-co-tay","status":"publish","type":"product","link":"https:\/\/phitenvn.com\/en\/dai-bao-ve-co-tay\/","title":{"rendered":"\u0110ai B\u1ea3o V\u1ec7 C\u1ed5 Tay"},"content":{"rendered":"<h2><strong>\u0110ai B\u1ea3o V\u1ec7 C\u1ed5 Tay Phiten<\/strong><\/h2>\n<p>\u0110ai b\u1ea3o v\u1ec7 c\u1ed5 tay Phiten gi\u00fap h\u1ed7 tr\u1ee3 v\u1eadn \u0111\u1ed9ng v\u00e0 b\u1ea3o v\u1ec7 kh\u1edbp c\u1ed5 tay, th\u01b0 gi\u00e3n c\u1ed5 tay v\u00e0 h\u1ed9i ch\u1ee9ng \u1ed1ng c\u1ed5 tay.<br \/>\nS\u1ea3n ph\u1ea9m s\u1eed d\u1ee5ng c\u00f4ng ngh\u1ec7 Metax \u0111\u1ed9c quy\u1ec1n c\u1ee7a Phiten, mang l\u1ea1i hi\u1ec7u qu\u1ea3 v\u01b0\u1ee3t tr\u1ed9i trong vi\u1ec7c ch\u0103m s\u00f3c s\u1ee9c kh\u1ecfe v\u00e0 h\u1ed7 tr\u1ee3 ph\u1ee5c h\u1ed3i.<\/p>\n<p><strong>C\u00f4ng d\u1ee5ng:\u00a0<\/strong><br \/>\n&#8211; S\u1eed d\u1ee5ng c\u00f4ng ngh\u1ec7 \u0111\u1ed9c \u0111\u00e1o AQUA TITAN\u00ae v\u00e0 AQUA PALLADIUM \u0111\u00e3 \u0111\u01b0\u1ee3c ch\u1ee9ng minh l\u00e0 mang l\u1ea1i nhi\u1ec1u l\u1ee3i \u00edch s\u1ee9c kh\u1ecfe kh\u00e1c nhau.<br \/>\n&#8211; C\u1ea5u tr\u00fac s\u1ee3i m\u1ecfng nh\u01b0ng ch\u1eafc ch\u1eafn, tho\u1ea3i m\u00e1i khi b\u1ea1n di chuy\u1ec3n.<br \/>\n&#8211; Gi\u00fap ph\u1ee5c h\u1ed3i sau \u0111au v\u00e0 ch\u1ea5n th\u01b0\u01a1ng<br \/>\n&#8211; Th\u1ea5m h\u00fat m\u1ed3 h\u00f4i nhanh cho ng\u01b0\u1eddi s\u1eed d\u1ee5ng c\u1ea3m gi\u00e1c s\u1ea1ch s\u1ebd v\u00e0 tho\u1ea3i m\u00e1i h\u01a1n.<br \/>\n&#8211; Ng\u0103n ng\u1eeba ho\u1eb7c gi\u1ea3m thi\u1ec3u vi\u00eam kh\u1edbp, vi\u00ean g\u00f3t ch\u00e2n Achilles, khu\u1ef7u tay qu\u1ea7n v\u1ee3t<br \/>\n&#8211; Gi\u00fap gi\u1ea3m c\u0103ng th\u1eb3ng \u1edf b\u00e0n ch\u00e2n ho\u1eb7c c\u00e1nh tay<br \/>\n&#8211; C\u1ea3m nh\u1eadn s\u1ef1 nh\u1eb9 nh\u00e0ng c\u1ee7a c\u1ed5 tay trong qu\u00e1 tr\u00ecnh v\u1eadn \u0111\u1ed9ng<br \/>\n&#8211; C\u00f3 t\u00e1c d\u1ee5ng h\u1ed7 tr\u1ee3 ph\u1ee5c h\u1ed3i v\u00e0 c\u1ea3i thi\u1ec7n c\u00e2n b\u1eb1ng c\u01a1 th\u1ec3.<\/p>\n<p><strong>\u0110\u1ed1i t\u01b0\u1ee3ng s\u1eed d\u1ee5ng:<\/strong><br \/>\n&#8211; Th\u00edch h\u1ee3p cho c\u1ea3 nam gi\u1edbi v\u00e0 ph\u1ee5 n\u1eef<br \/>\n&#8211; Ng\u01b0\u1eddi b\u1ecb \u0111au c\u1ed5 tay, vi\u00eam bao g\u00e2n c\u1ed5 tay, h\u1ed9i ch\u1ee9ng \u1ed5ng c\u1ed5 tay<br \/>\n&#8211; B\u1ea3o v\u1ec7 c\u1ed5 tay khi ch\u01a1i th\u1ec3 thao \u0111\u1eb7c bi\u1ec7t trong \u0111\u00e1nh tennis, c\u1ea7u l\u00f4ng, golf, b\u00f3ng chuy\u1ec1n,&#8230;<\/p>\n<p>M\u00e3 s\u1ea3n ph\u1ea9m: AP243001<\/p>\n","protected":false},"excerpt":{"rendered":"<p><strong>K\u00edch th\u01b0\u1edbc<\/strong>: Ch\u1ec9 1 k\u00edch c\u1ee1 (Chi\u1ec1u d\u00e0i kho\u1ea3ng 7.5 cm)<br \/>\n<strong>Ch\u1ea5t li\u1ec7u<\/strong>: V\u1ea3i: 92% nylon, 8% polyurethane, polyacetal, da t\u1ed5ng h\u1ee3p<br \/>\n<strong>N\u00fat kh\u00f3a Velcro<\/strong>: 100% polyester<br \/>\n<strong>C\u00f4ng ngh\u1ec7:<\/strong>\u00a0Metax<br \/>\n<strong>M\u00e0u s\u1eafc<\/strong>: \u0110en<br \/>\n<strong>S\u1ea3n xu\u1ea5t:<\/strong>\u00a0Nh\u1eadt B\u1ea3n<br \/>\n<strong>Quy c\u00e1ch \u0111\u00f3ng g\u00f3i:<\/strong>\u00a01 c\u00e1i\/ h\u1ed9p<\/p>\n<p><img decoding=\"async\" src=\"https:\/\/phitenvn.com\/wp-content\/uploads\/2025\/07\/muc-do-dau-vua-1.png\" \/><\/p>\n","protected":false},"featured_media":2710,"comment_status":"open","ping_status":"closed","template":"","meta":[],"product_brand":[],"product_cat":[603,646,577],"product_tag":[638],"class_list":{"0":"post-3265","1":"product","2":"type-product","3":"status-publish","4":"has-post-thumbnail","6":"product_cat-dai-co-tay-khuyu-tay-en","7":"product_cat-bang-dai-ho-tro-2-en","8":"product_cat-support-belt","9":"product_tag-ho-tro-en-2","11":"first","12":"outofstock","13":"shipping-taxable","14":"purchasable","15":"product-type-variable","16":"wvs-archive-product-wrapper"},"_links":{"self":[{"href":"https:\/\/phitenvn.com\/en\/wp-json\/wp\/v2\/product\/3265","targetHints":{"allow":["GET"]}}],"collection":[{"href":"https:\/\/phitenvn.com\/en\/wp-json\/wp\/v2\/product"}],"about":[{"href":"https:\/\/phitenvn.com\/en\/wp-json\/wp\/v2\/types\/product"}],"replies":[{"embeddable":true,"href":"https:\/\/phitenvn.com\/en\/wp-json\/wp\/v2\/comments?post=3265"}],"wp:featuredmedia":[{"embeddable":true,"href":"https:\/\/phitenvn.com\/en\/wp-json\/wp\/v2\/media\/2710"}],"wp:attachment":[{"href":"https:\/\/phitenvn.com\/en\/wp-json\/wp\/v2\/media?parent=3265"}],"wp:term":[{"taxonomy":"product_brand","embeddable":true,"href":"https:\/\/phitenvn.com\/en\/wp-json\/wp\/v2\/product_brand?post=3265"},{"taxonomy":"product_cat","embeddable":true,"href":"https:\/\/phitenvn.com\/en\/wp-json\/wp\/v2\/product_cat?post=3265"},{"taxonomy":"product_tag","embeddable":true,"href":"https:\/\/phitenvn.com\/en\/wp-json\/wp\/v2\/product_tag?post=3265"}],"curies":[{"name":"wp","href":"https:\/\/api.w.org\/{rel}","templated":true}]}}