{"id":3264,"date":"2025-05-27T07:37:13","date_gmt":"2025-05-27T07:37:13","guid":{"rendered":"https:\/\/phitenvn.com\/dai-bao-ve-khuyu-tay-the-thao\/"},"modified":"2026-04-15T15:24:37","modified_gmt":"2026-04-15T08:24:37","slug":"dai-bao-ve-khuyu-tay-the-thao","status":"publish","type":"product","link":"https:\/\/phitenvn.com\/en\/dai-bao-ve-khuyu-tay-the-thao\/","title":{"rendered":"\u0110ai B\u1ea3o V\u1ec7 Khu\u1ef7u Tay Th\u1ec3 Thao"},"content":{"rendered":"<h2><strong>\u0110ai B\u1ea3o V\u1ec7 Khu\u1ef7u Tay Th\u1ec3 Thao Phiten<\/strong><\/h2>\n<p>\u0110ai b\u1ea3o v\u1ec7 khu\u1ef7u tay th\u1ec3 thao Phien gi\u00fap h\u1ea1n ch\u1ebf chuy\u1ec3n \u0111\u1ed9ng kh\u00f4ng c\u1ea7n thi\u1ebft \u1edf xung quanh khu\u1ef7u tay. B\u0103ng kh\u1ee7y tay b\u1ea3o v\u1ec7 kh\u1edbp kh\u1ecfi chuy\u1ec3n \u0111\u1ed9ng m\u1ea1nh v\u00e0 va ch\u1ea1m trong khi ch\u01a1i th\u1ec3 thao, nh\u01b0ng kh\u00f4ng h\u1ea1n ch\u1ebf chuy\u1ec3n \u0111\u1ed9ng.<\/p>\n<p><strong>C\u00f4ng d\u1ee5ng:<\/strong><br \/>\n&#8211; Gi\u00fap gi\u1ea3m \u0111au, c\u1ea3i thi\u1ec7n l\u01b0u th\u00f4ng m\u00e1u.<br \/>\n&#8211; Gi\u00fap gi\u1ea3m t\u00ecnh tr\u1ea1ng gi\u1eef n\u01b0\u1edbc v\u00e0 s\u01b0ng kh\u1edbp.<br \/>\n&#8211; H\u1ea5p th\u1ee5 \u0111\u1ed9 \u1ea9m v\u00e0 m\u1ed3 h\u00f4i cho c\u1ea3m gi\u00e1c s\u1ea1ch s\u1ebd v\u00e0 tho\u1ea3i m\u00e1i.<br \/>\n&#8211; Th\u00eam n\u00e9n c\u1eb3ng tay \u0111\u1ec3 h\u1ed7 tr\u1ee3 d\u00e2y ch\u1eb1ng<br \/>\n&#8211; \u0110\u01b0\u1ee3c l\u00e0m t\u1eeb s\u1ef1 k\u1ebft h\u1ee3p c\u1ee7a c\u00e1c v\u1eadt li\u1ec7u ch\u1ea5t l\u01b0\u1ee3ng cao.<br \/>\n&#8211; Cung c\u1ea5p s\u1ef1 h\u1ed7 tr\u1ee3 m\u1ec1m m\u1ea1i, \u1ea5m \u00e1p, tho\u00e1ng kh\u00ed v\u00e0 tho\u1ea3i m\u00e1i.<br \/>\n&#8211; Thi\u1ebft k\u1ebf kh\u00f4ng c\u1ea3n tr\u1edf di chuy\u1ec3n.<br \/>\n&#8211; H\u1ea5p th\u1ee5 \u0111\u1ed9 \u1ea9m v\u00e0 m\u1ed3 h\u00f4i cho c\u1ea3m gi\u00e1c s\u1ea1ch s\u1ebd v\u00e0 tho\u1ea3i m\u00e1i.<br \/>\n&#8211; Tho\u1ea3i m\u00e1i di chuy\u1ec3n m\u00e0 kh\u00f4ng lo l\u00e0m t\u1ed5n th\u01b0\u01a1ng do s\u1ef1 c\u0103ng th\u1eb3ng kh\u00f4ng c\u1ea7n thi\u1ebft tr\u00ean c\u00e1c c\u01a1 v\u00e0 d\u00e2y ch\u1eb1ng.<br \/>\n&#8211; \u0110\u01b0\u1ee3c thi\u1ebft k\u1ebf \u0111\u1ec3 \u1ed5n \u0111\u1ecbnh c\u00e1c kh\u1edbp c\u1ee7a b\u1ea1n, v\u00e0 n\u00e9n c\u00e1c c\u01a1 v\u00e0 d\u00e2y ch\u1eb1ng xung quanh \u0111\u1ec3 chuy\u1ec3n \u0111\u1ed9ng tho\u1ea3i m\u00e1i h\u01a1n.<br \/>\n&#8211; S\u1eed d\u1ee5ng \u0111\u01b0\u1ee3c cho c\u1ea3 b\u00ean tr\u00e1i v\u00e0 ph\u1ea3i<\/p>\n<p><strong>\u0110\u1ed1i t\u01b0\u1ee3ng s\u1eed d\u1ee5ng<\/strong><br \/>\n&#8211; H\u1ed7 tr\u1ee3 ng\u01b0\u1eddi c\u00f3 v\u1ea5n \u0111\u1ec1 v\u1ec1 \u0111au khu\u1ef7u tay khi l\u00e0m vi\u1ec7c<br \/>\n&#8211; Ng\u01b0\u1eddi m\u1eafc h\u1ed9i ch\u1ee9ng khu\u1ef7u tay qu\u1ea7n v\u1ee3t (tennis elbow)<br \/>\n&#8211; Ng\u01b0\u1eddi cao tu\u1ed5i th\u01b0\u1eddng \u0111au kh\u1edbp khu\u1ef7u tay v\u00e0o m\u00f9a l\u1ea1nh<br \/>\n&#8211; H\u1ed7 tr\u1ee3 ng\u01b0\u1eddi ch\u01a1i th\u1ec3 thao trong c\u00e1c b\u1ed9 m\u00f4n nh\u01b0 tennis, golf, b\u00f3ng chuy\u1ec1n, b\u00f3ng r\u1ed5, b\u00f3ng b\u00e0n&#8230;<\/p>\n<p>M\u00e3 s\u1ea3n ph\u1ea9m: AP153006\/ AP153005\/ AP153004\/ AP153003<\/p>\n","protected":false},"excerpt":{"rendered":"<p><strong>Ch\u1ea5t li\u1ec7u<\/strong>: 80% nylon, 20% Polyurethane, cao su chloroprene<br \/>\n<strong>S\u1eed d\u1ee5ng:<\/strong><br \/>\n&#8211; Ch\u1ed1ng tr\u01b0\u1ee3t<br \/>\n&#8211; B\u1ea3o v\u1ec7 kh\u1edbp<br \/>\n&#8211; B\u1ea3o v\u1ec7 kh\u1ee7yu tay<br \/>\n<strong>S\u1ea3n xu\u1ea5t:<\/strong>\u00a0t\u1ea1i Nh\u1eadt B\u1ea3n<br \/>\n<strong>Quy c\u00e1ch \u0111\u00f3ng g\u00f3i:<\/strong>\u00a01 chi\u1ebfc\/ h\u1ed9p<\/p>\n","protected":false},"featured_media":2779,"comment_status":"open","ping_status":"closed","template":"","meta":[],"product_brand":[],"product_cat":[603,577],"product_tag":[637],"class_list":{"0":"post-3264","1":"product","2":"type-product","3":"status-publish","4":"has-post-thumbnail","6":"product_cat-dai-co-tay-khuyu-tay-en","7":"product_cat-support-belt","8":"product_tag-the-thao-en","10":"first","11":"instock","12":"shipping-taxable","13":"purchasable","14":"product-type-variable","15":"wvs-archive-product-wrapper"},"_links":{"self":[{"href":"https:\/\/phitenvn.com\/en\/wp-json\/wp\/v2\/product\/3264","targetHints":{"allow":["GET"]}}],"collection":[{"href":"https:\/\/phitenvn.com\/en\/wp-json\/wp\/v2\/product"}],"about":[{"href":"https:\/\/phitenvn.com\/en\/wp-json\/wp\/v2\/types\/product"}],"replies":[{"embeddable":true,"href":"https:\/\/phitenvn.com\/en\/wp-json\/wp\/v2\/comments?post=3264"}],"wp:featuredmedia":[{"embeddable":true,"href":"https:\/\/phitenvn.com\/en\/wp-json\/wp\/v2\/media\/2779"}],"wp:attachment":[{"href":"https:\/\/phitenvn.com\/en\/wp-json\/wp\/v2\/media?parent=3264"}],"wp:term":[{"taxonomy":"product_brand","embeddable":true,"href":"https:\/\/phitenvn.com\/en\/wp-json\/wp\/v2\/product_brand?post=3264"},{"taxonomy":"product_cat","embeddable":true,"href":"https:\/\/phitenvn.com\/en\/wp-json\/wp\/v2\/product_cat?post=3264"},{"taxonomy":"product_tag","embeddable":true,"href":"https:\/\/phitenvn.com\/en\/wp-json\/wp\/v2\/product_tag?post=3264"}],"curies":[{"name":"wp","href":"https:\/\/api.w.org\/{rel}","templated":true}]}}