{"id":3262,"date":"2025-05-27T07:54:53","date_gmt":"2025-05-27T07:54:53","guid":{"rendered":"https:\/\/phitenvn.com\/dai-bao-ve-khop-vai-ho-tro\/"},"modified":"2026-04-15T16:31:37","modified_gmt":"2026-04-15T09:31:37","slug":"dai-bao-ve-khop-vai-ho-tro","status":"publish","type":"product","link":"https:\/\/phitenvn.com\/en\/dai-bao-ve-khop-vai-ho-tro\/","title":{"rendered":"\u0110ai B\u1ea3o V\u1ec7 Kh\u1edbp Vai Metax"},"content":{"rendered":"<h2><strong>\u0110ai B\u1ea3o V\u1ec7 Kh\u1edbp Vai METAX<\/strong><\/h2>\n<p><strong>\u0110ai b\u1ea3o v\u1ec7 kh\u1edbp vai<\/strong> gi\u00fap h\u1ea1n ch\u1ebf c\u00e1nh tay tr\u00e1nh kh\u1ecfi c\u00e1c t\u00e1c \u0111\u1ed9ng qu\u00e1 s\u1ee9c, c\u0169ng nh\u01b0 h\u1ed7 tr\u1ee3 chuy\u1ec3n \u0111\u1ed9ng vai l\u00ean xu\u1ed1ng (th\u1eb3ng \u0111\u1ee9ng). S\u1ea3n ph\u1ea9m \u0111\u01b0\u1ee3c t\u1ea1o ra v\u1edbi s\u1ef1 nghi\u00ean c\u1ee9u t\u1ec9 m\u1ec9, c\u00f3 th\u1ec3 \u0111i\u1ec1u ch\u1ec9nh b\u1eb1ng m\u1ed9t thanh nh\u1ef1a c\u00f3 th\u1ec3 th\u00e1o r\u1eddi. S\u1ea3n ph\u1ea9m \u0111\u01b0\u1ee3c thi\u1ebft k\u1ebf v\u1edbi Micro-Titanium Spheres v\u00e0 l\u00e0m b\u1eb1ng v\u1eadt li\u1ec7u c\u00f3 \u0111\u1ed9 linh ho\u1ea1t cao cho c\u1ea3m gi\u00e1c tho\u1ea3i m\u00e1i.<\/p>\n<h3><strong>\u0110\u1ed1i t\u01b0\u1ee3ng s\u1eed d\u1ee5ng:<\/strong><\/h3>\n<ul>\n<li>Ng\u01b0\u1eddi g\u1eb7p c\u00e1c ch\u1ea5n th\u01b0\u01a1ng vai, c\u00e1c b\u1ec7nh l\u00fd v\u1ec1 kh\u1edbp vai nh\u01b0 c\u1ee9ng vai, \u0111au d\u00e2y ch\u1eb1ng vai, tr\u1eadt kh\u1edbp vai<\/li>\n<li>Th\u00edch h\u1ee3p v\u1edbi ng\u01b0\u1eddi t\u1eadp gym, t\u1eadp t\u1ea1, ch\u01a1i tennis b\u1ecb ch\u1ea5n th\u01b0\u01a1ng vai<\/li>\n<li>Ng\u01b0\u1eddi c\u1ea7n h\u1ed7 tr\u1ee3 v\u00e0 ph\u1ee5c h\u1ed3i nhanh ch\u00f3ng sau ch\u1ea5n th\u01b0\u01a1ng vai<\/li>\n<\/ul>\n<h3><strong>C\u1ed9ng d\u1ee5ng:<\/strong><\/h3>\n<ul>\n<li>S\u1eed d\u1ee5ng c\u00f4ng ngh\u1ec7 \u0111\u1ed9c \u0111\u00e1o<strong> AQUA TITAN\u00ae<\/strong> v\u00e0 <strong>AQUA PALLADIUM\u00ae<\/strong> \u0111\u00e3 \u0111\u01b0\u1ee3c ch\u1ee9ng minh l\u00e0 mang l\u1ea1i nhi\u1ec1u l\u1ee3i \u00edch s\u1ee9c kh\u1ecfe kh\u00e1c nhau.<\/li>\n<li>C\u1ea5u tr\u00fac s\u1ee3i m\u1ecfng nh\u01b0ng ch\u1eafc ch\u1eafn mang \u0111\u1ebfn kh\u1ea3 n\u0103ng di \u0111\u1ed9ng cao, d\u1ec5 th\u1edf v\u00e0 tho\u1ea3i m\u00e1i khi b\u1ea1n di chuy\u1ec3n.<\/li>\n<li>Linh ho\u1ea1t v\u1eeba ph\u1ea3i \u0111\u1ec3 gi\u00fap ph\u1ee5c h\u1ed3i sau \u0111au v\u00e0 ch\u1ea5n th\u01b0\u01a1ng<\/li>\n<li>\u0110\u01b0\u1ee3c trang b\u1ecb m\u1ed9t v\u00e0nh \u0111ai h\u1ed7 tr\u1ee3 ph\u00f9 h\u1ee3p c\u00f3 th\u1ec3 th\u00e1o r\u1eddi.<\/li>\n<li>Ch\u1ee9c n\u0103ng kh\u00f4 nhanh v\u1edbi kh\u1ea3 n\u0103ng th\u1ea5m n\u01b0\u1edbc, m\u1ed3 h\u00f4i nhanh cho ng\u01b0\u1eddi \u0111eo c\u1ea3m gi\u00e1c s\u1ea1ch s\u1ebd v\u00e0 tho\u1ea3i m\u00e1i h\u01a1n.<\/li>\n<li>Ng\u0103n ng\u1eeba ho\u1eb7c gi\u1ea3m thi\u1ec3u vi\u00eam kh\u1edbp<\/li>\n<li>Gi\u00fap gi\u1ea3m c\u0103ng th\u1eb3ng v\u00e0 b\u1ea3o v\u1ec7 ph\u1ea7n b\u1ea3 vai<\/li>\n<li>C\u1ea3m nh\u1eadn s\u1ef1 nh\u1eb9 nh\u00e0ng c\u1ee7a vai trong qu\u00e1 tr\u00ecnh v\u1eadn \u0111\u1ed9ng<\/li>\n<li>C\u00f3 t\u00e1c d\u1ee5ng ch\u1eefa b\u1ec7nh gi\u00fap ph\u1ee5c h\u1ed3i v\u00e0 c\u1ea3i thi\u1ec7n c\u00e2n b\u1eb1ng c\u01a1 th\u1ec3.<\/li>\n<\/ul>\n<p>M\u00e3 s\u1ea3n ph\u1ea9m: AP178005\/ AP178004<\/p>\n","protected":false},"excerpt":{"rendered":"<p><strong>Ch\u1ea5t li\u1ec7u<\/strong>:<br \/>\n&#8211; Th\u00e2n ch\u00ednh (M\u1eb7t tr\u01b0\u1edbc) &#8211; 93% Nylon \/ 7% Polyurethane. Th\u00e2n ch\u00ednh (M\u1eb7t sau) &#8211; 80% nylon \/ 20% Polyurethane.<br \/>\n&#8211; T\u1ea5m \u0111\u1ec7m n\u00e1ch (M\u1eb7t tr\u01b0\u1edbc) &#8211; 80% nylon \/ 20% Polyurethane. T\u1ea5m l\u00f3t n\u00e1ch (M\u1eb7t sau) &#8211; 93% Nylon \/ 7% Polyurethane.<br \/>\n&#8211; Th\u1eaft l\u01b0ng c\u00f3 th\u1ec3 th\u00e1o r\u1eddi &#8211; 90% nylon \/ 10% Polyurethane.<br \/>\n&#8211; D\u00e2y bu\u1ed9c Velcro &#8211; 100% Polyester<\/p>\n<p><strong>C\u00f4ng ngh\u1ec7<\/strong>: <strong>AQUA-Titanium\u00ae<\/strong> v\u00e0 <strong>AQUA-Palladium\u00ae<\/strong><br \/>\nMicro-Titanium Spheres (Thanh nh\u1ef1a c\u00f3 th\u1ec3 th\u00e1o r\u1eddi)<br \/>\n<strong>S\u1ea3n xu\u1ea5t t\u1ea1i Nh\u1eadt B\u1ea3n<br \/>\n<\/strong><strong>Quy c\u00e1ch \u0111\u00f3ng g\u00f3i:\u00a0<\/strong>1 c\u00e1i\/ h\u1ed9p<\/p>\n<p><img decoding=\"async\" src=\"https:\/\/phitenvn.com\/wp-content\/uploads\/2025\/07\/muc-do-dau-vua-1.png\" \/><\/p>\n","protected":false},"featured_media":4476,"comment_status":"open","ping_status":"closed","template":"","meta":[],"product_brand":[],"product_cat":[604,646,577],"product_tag":[638],"class_list":{"0":"post-3262","1":"product","2":"type-product","3":"status-publish","4":"has-post-thumbnail","6":"product_cat-dai-dinh-hinh-lung-vai-en","7":"product_cat-bang-dai-ho-tro-2-en","8":"product_cat-support-belt","9":"product_tag-ho-tro-en-2","11":"first","12":"instock","13":"shipping-taxable","14":"purchasable","15":"product-type-variable","16":"wvs-archive-product-wrapper"},"_links":{"self":[{"href":"https:\/\/phitenvn.com\/en\/wp-json\/wp\/v2\/product\/3262","targetHints":{"allow":["GET"]}}],"collection":[{"href":"https:\/\/phitenvn.com\/en\/wp-json\/wp\/v2\/product"}],"about":[{"href":"https:\/\/phitenvn.com\/en\/wp-json\/wp\/v2\/types\/product"}],"replies":[{"embeddable":true,"href":"https:\/\/phitenvn.com\/en\/wp-json\/wp\/v2\/comments?post=3262"}],"wp:featuredmedia":[{"embeddable":true,"href":"https:\/\/phitenvn.com\/en\/wp-json\/wp\/v2\/media\/4476"}],"wp:attachment":[{"href":"https:\/\/phitenvn.com\/en\/wp-json\/wp\/v2\/media?parent=3262"}],"wp:term":[{"taxonomy":"product_brand","embeddable":true,"href":"https:\/\/phitenvn.com\/en\/wp-json\/wp\/v2\/product_brand?post=3262"},{"taxonomy":"product_cat","embeddable":true,"href":"https:\/\/phitenvn.com\/en\/wp-json\/wp\/v2\/product_cat?post=3262"},{"taxonomy":"product_tag","embeddable":true,"href":"https:\/\/phitenvn.com\/en\/wp-json\/wp\/v2\/product_tag?post=3262"}],"curies":[{"name":"wp","href":"https:\/\/api.w.org\/{rel}","templated":true}]}}