{"id":3261,"date":"2025-05-27T07:59:05","date_gmt":"2025-05-27T07:59:05","guid":{"rendered":"https:\/\/phitenvn.com\/dai-dinh-hinh-lung\/"},"modified":"2026-04-15T15:42:20","modified_gmt":"2026-04-15T08:42:20","slug":"dai-dinh-hinh-lung","status":"publish","type":"product","link":"https:\/\/phitenvn.com\/en\/dai-dinh-hinh-lung\/","title":{"rendered":"\u0110ai \u0110\u1ecbnh H\u00ecnh L\u01b0ng"},"content":{"rendered":"<h2><strong>\u0110ai \u0110\u1ecbnh H\u00ecnh L\u01b0ng Metax Posture Firm<\/strong><\/h2>\n<p>\u0110ai \u0111\u1ecbnh h\u00ecnh l\u01b0ng Metax l\u00e0 m\u1ed9t s\u1ea3n ph\u1ea9m \u0111\u01b0\u1ee3c thi\u1ebft k\u1ebf \u0111\u1eb7c bi\u1ec7t \u0111\u1ec3 h\u1ed7 tr\u1ee3 t\u01b0 th\u1ebf, gi\u1ea3m \u0111au l\u01b0ng v\u00e0 c\u00e1c v\u1ea5n \u0111\u1ec1 li\u00ean quan \u0111\u1ebfn c\u1ed9t s\u1ed1ng.<br \/>\nV\u1edbi c\u00f4ng ngh\u1ec7 Metax hi\u1ec7n \u0111\u1ea1i v\u00e0 thi\u1ebft k\u1ebf ba chi\u1ec1u th\u00f4ng minh, s\u1ea3n ph\u1ea9m n\u00e0y mang \u0111\u1ebfn nh\u1eefng l\u1ee3i \u00edch v\u01b0\u1ee3t tr\u1ed9i cho ng\u01b0\u1eddi s\u1eed d\u1ee5ng.<\/p>\n<p><strong>Nh\u1eefng \u0111\u1eb7c \u0111i\u1ec3m n\u1ed5i b\u1eadt:<\/strong><\/p>\n<ul>\n<li><strong>H\u1ed7 tr\u1ee3 t\u01b0 th\u1ebf:<\/strong>\u00a0\u0110ai gi\u00fap \u0111\u1ecbnh h\u00ecnh l\u1ea1i c\u1ed9t s\u1ed1ng, \u0111\u01b0a c\u1ed9t s\u1ed1ng v\u1ec1 v\u1ecb tr\u00ed t\u1ef1 nhi\u00ean, t\u1eeb \u0111\u00f3 c\u1ea3i thi\u1ec7n t\u01b0 th\u1ebf \u0111\u1ee9ng ng\u1ed3i, gi\u1ea3m t\u00ecnh tr\u1ea1ng g\u00f9 l\u01b0ng, vai cong.<\/li>\n<li><strong>Gi\u1ea3m \u0111au l\u01b0ng:<\/strong>\u00a0B\u1eb1ng c\u00e1ch h\u1ed7 tr\u1ee3 v\u00e0 c\u1ed1 \u0111\u1ecbnh c\u1ed9t s\u1ed1ng, \u0111ai gi\u00fap gi\u1ea3m \u00e1p l\u1ef1c l\u00ean c\u00e1c \u0111\u0129a \u0111\u1ec7m, gi\u1ea3m \u0111au l\u01b0ng, \u0111\u1eb7c bi\u1ec7t hi\u1ec7u qu\u1ea3 v\u1edbi nh\u1eefng ng\u01b0\u1eddi l\u00e0m vi\u1ec7c v\u0103n ph\u00f2ng, ng\u1ed3i l\u00e2u m\u1ed9t ch\u1ed7.<\/li>\n<li><strong>C\u00f4ng ngh\u1ec7 Metax:<\/strong>\u00a0Ch\u1ea5t li\u1ec7u v\u1ea3i th\u00f4ng tho\u00e1ng, th\u1ea5m h\u00fat m\u1ed3 h\u00f4i, \u00f4m s\u00e1t c\u01a1 th\u1ec3, t\u1ea1o c\u1ea3m gi\u00e1c tho\u1ea3i m\u00e1i khi s\u1eed d\u1ee5ng.<\/li>\n<li><strong>Thi\u1ebft k\u1ebf ba chi\u1ec1u:<\/strong>\u00a0\u0110ai \u00f4m tr\u1ecdn l\u01b0ng, t\u1ea1o s\u1ef1 c\u1ed1 \u0111\u1ecbnh v\u00e0 h\u1ed7 tr\u1ee3 t\u1ed1i \u0111a cho c\u1ed9t s\u1ed1ng.<\/li>\n<li><strong>Ch\u1ea5t li\u1ec7u cao c\u1ea5p:<\/strong>\u00a0S\u1ea3n ph\u1ea9m \u0111\u01b0\u1ee3c l\u00e0m t\u1eeb c\u00e1c ch\u1ea5t li\u1ec7u cao c\u1ea5p, b\u1ec1n b\u1ec9, an to\u00e0n cho da.<\/li>\n<li><strong>\u0110i\u1ec1u ch\u1ec9nh k\u00edch th\u01b0\u1edbc:<\/strong>\u00a0\u0110ai c\u00f3 nhi\u1ec1u size \u0111\u1ec3 ph\u00f9 h\u1ee3p v\u1edbi t\u1eebng v\u00f3c d\u00e1ng ng\u01b0\u1eddi d\u00f9ng.<\/li>\n<\/ul>\n<h3><strong>\u0110\u1ed1i t\u01b0\u1ee3ng s\u1eed d\u1ee5ng:<\/strong><\/h3>\n<ul>\n<li>Ng\u01b0\u1eddi c\u00f3 t\u01b0 th\u1ebf kh\u00f4ng \u0111\u00fang, g\u00f9 l\u01b0ng, vai cong.<\/li>\n<li>Ng\u01b0\u1eddi l\u00e0m vi\u1ec7c v\u0103n ph\u00f2ng, ng\u1ed3i l\u00e2u m\u1ed9t ch\u1ed7.<\/li>\n<li>Ng\u01b0\u1eddi b\u1ecb \u0111au l\u01b0ng do c\u00e1c nguy\u00ean nh\u00e2n kh\u00e1c nhau (tho\u00e1i h\u00f3a c\u1ed9t s\u1ed1ng, \u0111\u0129a \u0111\u1ec7m&#8230;).<\/li>\n<li>Ng\u01b0\u1eddi mu\u1ed1n ph\u00f2ng ng\u1eeba c\u00e1c v\u1ea5n \u0111\u1ec1 v\u1ec1 c\u1ed9t s\u1ed1ng.<\/li>\n<\/ul>\n<h3><strong>H\u01b0\u1edbng d\u1eabn s\u1eed d\u1ee5ng:<\/strong><\/h3>\n<ul>\n<li>\u0110eo \u0111ai \u0111\u00fang c\u00e1ch theo h\u01b0\u1edbng d\u1eabn c\u1ee7a nh\u00e0 s\u1ea3n xu\u1ea5t.<\/li>\n<li>\u0110i\u1ec1u ch\u1ec9nh \u0111\u1ed9 ch\u1eb7t c\u1ee7a \u0111ai sao cho c\u1ea3m th\u1ea5y tho\u1ea3i m\u00e1i.<\/li>\n<li>C\u00f3 th\u1ec3 s\u1eed d\u1ee5ng \u0111ai h\u00e0ng ng\u00e0y, trong qu\u00e1 tr\u00ecnh l\u00e0m vi\u1ec7c ho\u1eb7c khi v\u1eadn \u0111\u1ed9ng.<\/li>\n<\/ul>\n<p>M\u00e3 s\u1ea3n ph\u1ea9m: XAP00968\/ XAP00964\/ XAP00960<\/p>\n","protected":false},"excerpt":{"rendered":"<p><strong>C\u00f4ng ngh\u1ec7 Metax:<\/strong>\u00a0Ch\u1ea5t li\u1ec7u v\u1ea3i th\u00f4ng tho\u00e1ng, th\u1ea5m h\u00fat m\u1ed3 h\u00f4i, \u00f4m s\u00e1t c\u01a1 th\u1ec3, t\u1ea1o c\u1ea3m gi\u00e1c tho\u1ea3i m\u00e1i khi s\u1eed d\u1ee5ng.<br \/>\n<strong>Ch\u1ea5t li\u1ec7u:<\/strong>\u00a0Nylon, Polyester, Polyurethane&#8230;<br \/>\n<strong>K\u00edch th\u01b0\u1edbc:\u00a0<\/strong><br \/>\n&#8211; S: 85cm<br \/>\n&#8211; M: 105cm<br \/>\n&#8211; L: 125cm<br \/>\n<strong>M\u00e0u s\u1eafc:<\/strong>\u00a0\u0111en<br \/>\n<strong>Xu\u1ea5t x\u1ee9:\u00a0<\/strong>Nh\u1eadt B\u1ea3n<\/p>\n","protected":false},"featured_media":2776,"comment_status":"open","ping_status":"closed","template":"","meta":[],"product_brand":[],"product_cat":[604,647,577],"product_tag":[640],"class_list":{"0":"post-3261","1":"product","2":"type-product","3":"status-publish","4":"has-post-thumbnail","6":"product_cat-dai-dinh-hinh-lung-vai-en","7":"product_cat-bang-dai-phuc-hoi-en","8":"product_cat-support-belt","9":"product_tag-phuc-hoi-en-2","11":"first","12":"instock","13":"shipping-taxable","14":"purchasable","15":"product-type-variable","16":"wvs-archive-product-wrapper"},"_links":{"self":[{"href":"https:\/\/phitenvn.com\/en\/wp-json\/wp\/v2\/product\/3261","targetHints":{"allow":["GET"]}}],"collection":[{"href":"https:\/\/phitenvn.com\/en\/wp-json\/wp\/v2\/product"}],"about":[{"href":"https:\/\/phitenvn.com\/en\/wp-json\/wp\/v2\/types\/product"}],"replies":[{"embeddable":true,"href":"https:\/\/phitenvn.com\/en\/wp-json\/wp\/v2\/comments?post=3261"}],"wp:featuredmedia":[{"embeddable":true,"href":"https:\/\/phitenvn.com\/en\/wp-json\/wp\/v2\/media\/2776"}],"wp:attachment":[{"href":"https:\/\/phitenvn.com\/en\/wp-json\/wp\/v2\/media?parent=3261"}],"wp:term":[{"taxonomy":"product_brand","embeddable":true,"href":"https:\/\/phitenvn.com\/en\/wp-json\/wp\/v2\/product_brand?post=3261"},{"taxonomy":"product_cat","embeddable":true,"href":"https:\/\/phitenvn.com\/en\/wp-json\/wp\/v2\/product_cat?post=3261"},{"taxonomy":"product_tag","embeddable":true,"href":"https:\/\/phitenvn.com\/en\/wp-json\/wp\/v2\/product_tag?post=3261"}],"curies":[{"name":"wp","href":"https:\/\/api.w.org\/{rel}","templated":true}]}}