{"id":3260,"date":"2025-05-27T08:15:34","date_gmt":"2025-05-27T01:15:34","guid":{"rendered":"https:\/\/phitenvn.com\/dai-bao-ve-da-nang-tay-chan\/"},"modified":"2025-12-17T15:17:51","modified_gmt":"2025-12-17T08:17:51","slug":"dai-bao-ve-da-nang-tay-chan","status":"publish","type":"product","link":"https:\/\/phitenvn.com\/en\/dai-bao-ve-da-nang-tay-chan\/","title":{"rendered":"\u0110ai B\u1ea3o V\u1ec7 \u0110a N\u0103ng Metax (Khu\u1ef7u Tay, C\u1ed5 Tay, C\u1ed5 Ch\u00e2n)"},"content":{"rendered":"<h2><strong>\u0110ai B\u1ea3o V\u1ec7 \u0110a N\u0103ng Metax Fixed Band (Khu\u1ef7u Tay, C\u1ed5 Tay, C\u1ed5 Ch\u00e2n)<\/strong><\/h2>\n<p><strong>B\u0103ng \u0111ai b\u1ea3o v\u1ec7 \u0111a n\u0103ng Metax Fixed Band<\/strong><strong>\u00a0<\/strong>c\u00f3 th\u1ec3 \u0111\u01b0\u1ee3c s\u1eed d\u1ee5ng \u1edf nhi\u1ec1u b\u1ed9 ph\u1eadn kh\u00e1c nhau nh\u01b0 c\u1ed5 tay, c\u1ed5 ch\u00e2n. Thao t\u00e1c \u0111eo b\u0103ng \u0111ai v\u00f4 c\u00f9ng \u0111\u01a1n gi\u1ea3n b\u1eb1ng c\u00e1ch qu\u1ea5n xung quanh v\u1ecb tr\u00ed c\u1ea7n b\u1ea3o v\u1ec7. S\u1ea3n ph\u1ea9m c\u00f3 \u0111\u1ed9 \u0111\u00e0n h\u1ed3i t\u1ed1t v\u00e0 c\u00f3 th\u1ec3 \u0111\u01b0\u1ee3c s\u1eed d\u1ee5ng cho c\u1ea3 b\u00ean tr\u00e1i l\u1eabn b\u00ean ph\u1ea3i.<\/p>\n<p><strong>C\u00f4ng d\u1ee5ng:\u00a0<\/strong><br \/>\n&#8211; S\u1ea3n ph\u1ea9m gi\u00fap th\u01b0 gi\u00e3n t\u1ee9c th\u00ec v\u00e0 c\u1ea3i thi\u1ec7n c\u00e2n b\u1eb1ng c\u01a1 th\u1ec3.<br \/>\n&#8211; Gi\u1ea3m t\u00ecnh tr\u1ea1ng gi\u1eef n\u01b0\u1edbc v\u00e0 s\u01b0ng kh\u1edbp, th\u1ea5m h\u00fat m\u1ed3 h\u00f4i t\u1ed1t, mang l\u1ea1i c\u1ea3m gi\u00e1c s\u1ea1ch s\u1ebd v\u00e0 tho\u1ea3i m\u00e1i.<br \/>\n&#8211; S\u1ea3n ph\u1ea9m gi\u00fap h\u1ea1n ch\u1ebf ch\u1ea5n th\u01b0\u01a1ng do v\u1eadn \u0111\u1ed9ng sai t\u01b0 th\u1ebf ho\u1eb7c t\u00e1c \u0111\u1ed9ng l\u1ef1c m\u1ea1nh l\u00ean c\u1ed5 tay, c\u1ed5 ch\u00e2n.<br \/>\n&#8211; Thi\u1ebft k\u1ebf h\u1ed7 tr\u1ee3 \u1ed5n \u0111\u1ecbnh c\u00e1c kh\u1edbp, n\u00e9n c\u01a1 v\u00e0 d\u00e2y ch\u1eb1ng xung quanh, gi\u00fap chuy\u1ec3n \u0111\u1ed9ng tho\u1ea3i m\u00e1i h\u01a1n.<\/p>\n<p><strong>\u0110\u1ed1i t\u01b0\u1ee3ng s\u1eed d\u1ee5ng:<\/strong><br \/>\n&#8211; Ng\u01b0\u1eddi b\u1ecb bong g\u00e2n m\u1eaft c\u00e1 ch\u00e2n<br \/>\n&#8211; Ng\u01b0\u1eddi b\u1ec7nh vi\u00eam g\u00e2n achilles<br \/>\n&#8211; Ng\u01b0\u1eddi cao tu\u1ed5i g\u1eb7p kh\u00f3 kh\u0103n khi di chuy\u1ec3n<br \/>\n&#8211; H\u1ed7 tr\u1ee3 ch\u01a1i th\u1ec3 thao b\u1ea3o v\u1ec7 m\u1eaft c\u00e1 ch\u00e2n khi di chuy\u1ec3n<\/p>\n<p>M\u00e3 s\u1ea3n ph\u1ea9m: AP245053<\/p>\n","protected":false},"excerpt":{"rendered":"<p><strong>Ch\u1ea5t li\u1ec7u:<\/strong><br \/>\n&#8211; L\u1edbp tr\u00ean &#8211; 80% nylon \/ 20% Polyurethane.<br \/>\n&#8211; L\u1edbp trong &#8211; Cao su cloropren 100%<br \/>\n&#8211; L\u1edbp d\u01b0\u1edbi c\u00f9ng &#8211; 80% nylon \/ 20% Polyurethane.<br \/>\n&#8211; D\u00e2y bu\u1ed9c &#8211; Polyester 100%<br \/>\n<strong>\u00a0C\u00f4ng ngh\u1ec7:\u00a0METAX<\/strong><br \/>\n<strong>\u00a0M\u00e0u s\u1eafc:<\/strong>\u00a0\u0110en<br \/>\n<strong>\u00a0K\u00edch th\u01b0\u1edbc:<\/strong>\u00a050cm<br \/>\n<strong>\u00a0Quy c\u00e1ch \u0111\u00f3ng g\u00f3i:\u00a0<\/strong>1 c\u00e1i\/ h\u1ed9p<br \/>\n<strong>\u00a0Xu\u1ea5t x\u1ee9:\u00a0<\/strong>Nh\u1eadt B\u1ea3n<\/p>\n<p><img decoding=\"async\" src=\"https:\/\/phitenvn.com\/wp-content\/uploads\/2025\/07\/muc-do-dau-vua-1.png\" \/><\/p>\n","protected":false},"featured_media":2713,"comment_status":"open","ping_status":"closed","template":"","meta":[],"product_brand":[],"product_cat":[644,17,39],"product_tag":[635],"class_list":{"0":"post-3260","1":"product","2":"type-product","3":"status-publish","4":"has-post-thumbnail","6":"product_cat-bang-dai-ho-tro-2","7":"product_cat-bang-dai-ho-tro","8":"product_cat-dai-da-nang-va-dui","9":"product_tag-ho-tro","11":"first","12":"outofstock","13":"shipping-taxable","14":"purchasable","15":"product-type-variable","16":"wvs-archive-product-wrapper"},"_links":{"self":[{"href":"https:\/\/phitenvn.com\/en\/wp-json\/wp\/v2\/product\/3260","targetHints":{"allow":["GET"]}}],"collection":[{"href":"https:\/\/phitenvn.com\/en\/wp-json\/wp\/v2\/product"}],"about":[{"href":"https:\/\/phitenvn.com\/en\/wp-json\/wp\/v2\/types\/product"}],"replies":[{"embeddable":true,"href":"https:\/\/phitenvn.com\/en\/wp-json\/wp\/v2\/comments?post=3260"}],"wp:featuredmedia":[{"embeddable":true,"href":"https:\/\/phitenvn.com\/en\/wp-json\/wp\/v2\/media\/2713"}],"wp:attachment":[{"href":"https:\/\/phitenvn.com\/en\/wp-json\/wp\/v2\/media?parent=3260"}],"wp:term":[{"taxonomy":"product_brand","embeddable":true,"href":"https:\/\/phitenvn.com\/en\/wp-json\/wp\/v2\/product_brand?post=3260"},{"taxonomy":"product_cat","embeddable":true,"href":"https:\/\/phitenvn.com\/en\/wp-json\/wp\/v2\/product_cat?post=3260"},{"taxonomy":"product_tag","embeddable":true,"href":"https:\/\/phitenvn.com\/en\/wp-json\/wp\/v2\/product_tag?post=3260"}],"curies":[{"name":"wp","href":"https:\/\/api.w.org\/{rel}","templated":true}]}}