{"id":3258,"date":"2025-05-27T08:31:43","date_gmt":"2025-05-27T08:31:43","guid":{"rendered":"https:\/\/phitenvn.com\/ong-tay-the-thao-x30\/"},"modified":"2026-04-15T11:47:49","modified_gmt":"2026-04-15T04:47:49","slug":"ong-tay-the-thao-x30","status":"publish","type":"product","link":"https:\/\/phitenvn.com\/en\/ong-tay-the-thao-x30\/","title":{"rendered":"\u1ed0ng Tay Th\u1ec3 Thao Phiten (2 C\u00e1i)"},"content":{"rendered":"<h2><strong>\u1ed0ng Tay Th\u1ec3 Thao X30 Phiten\u00a0<\/strong><\/h2>\n<p>B\u1ed9 2 \u1ed1ng tay th\u1ec3 thao Phiten \u0111\u01b0\u1ee3c d\u1ec7t t\u1eeb ch\u1ea5t li\u1ec7u v\u1ea3i cao c\u1ea5p Polyester co gi\u00e3n 4 chi\u1ec1u b\u1eb1ng c\u00f4ng ngh\u1ec7 \u0111\u1ed9c quy\u1ec1n Phiten gi\u00fap gi\u1eef cho c\u00e1nh tay c\u1ee7a b\u1ea1n lu\u00f4n kh\u00f4 tho\u00e1ng v\u00e0 b\u1ea3o v\u1ec7 khu\u1ef7u tay trong c\u00e1c ho\u1ea1t \u0111\u1ed9ng th\u1ec3 thao.<\/p>\n<p><strong>C\u00f4ng d\u1ee5ng:<\/strong><br \/>\n&#8211; S\u1ee3i v\u1ea3i \u0111\u01b0\u1ee3c th\u1ea9m th\u1ea5u v\u1edbi c\u00f4ng ngh\u1ec7 Phiten Aqua-Titanium n\u1ed3ng \u0111\u1ed9 g\u1ea5p 30 l\u1ea7n.<br \/>\n&#8211; Tay \u00e1o gi\u00fap ch\u1ed1ng l\u1ea1i 98% tia UV<br \/>\n&#8211; S\u1ee3i v\u1ea3i th\u1ea5m h\u00fat m\u1ed3 h\u00f4i nhanh ch\u00f3ng v\u00e0 gi\u1eef cho l\u00e0n da lu\u00f4n kh\u00f4 tho\u00e1ng.<br \/>\n&#8211; Tr\u1ee3 l\u1ef1c nh\u1eb9 l\u00ean c\u01a1 c\u00e1nh tay v\u00e0 khu\u1ef7u tay c\u1ee7a ch\u00fang ta khi mang \u0111\u1ed3 n\u1eb7ng, ch\u01a1i tennis, ch\u01a1i g\u00f4n<br \/>\n&#8211; Gi\u1ea3m m\u1ecfi c\u00e1nh tay v\u00e0 khu\u1ef7u tay v\u00e0 c\u1ea3m nh\u1eadn s\u1ef1 nh\u1eb9 nh\u00e0ng khi v\u1eadn \u0111\u1ed9ng<br \/>\n&#8211; Gi\u1ea3m axit Lactic<br \/>\n&#8211; H\u1ed7 tr\u1ee3 c\u00e2n b\u1eb1ng c\u01a1 th\u1ec3<br \/>\n&#8211; Gi\u00fap gi\u1ea3m \u0111au nh\u1ee9c<\/p>\n<p><strong>\u0110\u1ed1i t\u01b0\u1ee3ng s\u1eed d\u1ee5ng\u00a0<\/strong><br \/>\n&#8211; H\u1ed7 tr\u1ee3 ng\u01b0\u1eddi c\u00f3 v\u1ea5n \u0111\u1ec1 v\u1ec1 \u0111au khu\u1ef7u tay khi l\u00e0m vi\u1ec7c<br \/>\n&#8211; Ng\u01b0\u1eddi m\u1eafc h\u1ed9i ch\u1ee9ng khu\u1ef7u tay qu\u1ea7n v\u1ee3t (tennis elbow)<br \/>\n&#8211; Ng\u01b0\u1eddi cao tu\u1ed5i th\u01b0\u1eddng \u0111au kh\u1edbp khu\u1ef7u tay v\u00e0o m\u00f9a l\u1ea1nh<br \/>\n&#8211; H\u1ed7 tr\u1ee3 ng\u01b0\u1eddi ch\u01a1i th\u1ec3 thao trong c\u00e1c b\u1ed9 m\u00f4n nh\u01b0 tennis, golf, b\u00f3ng chuy\u1ec1n, b\u00f3ng r\u1ed5, b\u00f3ng b\u00e0n&#8230;<\/p>\n<p>M\u00e3 s\u1ea3n ph\u1ea9m: SL535304\/ SL535104\/ SL535103\/ SL535004<\/p>\n","protected":false},"excerpt":{"rendered":"<p><strong>C\u00f4ng ngh\u1ec7:<\/strong><br \/>\nS\u1eed d\u1ee5ng C\u00f4ng ngh\u1ec7 AQUA TITANIUM \u0111\u1ed9c \u0111\u00e1o &#8211; m\u1ed9t c\u00f4ng ngh\u1ec7 Phiten \u0111\u1ed9c \u0111\u00e1o mang l\u1ea1i l\u1ee3i \u00edch cho s\u1ee9c kh\u1ecfe.<br \/>\nN\u1ed3ng \u0111\u1ed9 g\u1ea5p 30 l\u1ea7n c\u00f4ng ngh\u1ec7 \u0111\u1ec3 t\u0103ng t\u1ed1c \u0111\u1ed9 hi\u1ec7u qu\u1ea3<br \/>\n<strong>H\u01b0\u1edbng d\u1eabn s\u1eed d\u1ee5ng:<\/strong><br \/>\n-L\u00e0m vi\u1ec7c ho\u1eb7c Gi\u1ea3i tr\u00ed<br \/>\n-L\u00fd t\u01b0\u1edfng cho c\u1ea3 nam v\u00e0 n\u1eef<br \/>\n-Li\u1ec1n m\u1ea1ch khi m\u1eb7c v\u1edbi \u00e1o d\u00e0i v\u00ec ch\u1ea5t li\u1ec7u d\u1ec7t m\u1ecfng<br \/>\n<strong>Ch\u1ea5t li\u1ec7u:<\/strong><br \/>\n-Polyester<br \/>\n-Polyurethane<br \/>\n<strong>C\u00e1ch b\u1ea3o qu\u1ea3n<\/strong><br \/>\nC\u00f3 th\u1ec3 gi\u1eb7t tay ho\u1eb7c m\u00e1y v\u1edbi x\u00e0 ph\u00f2ng nh\u1eb9<br \/>\n<strong>S\u1ed1 l\u01b0\u1ee3ng:<\/strong>\u00a01 c\u1eb7p tay \u00e1o<br \/>\n<strong>B\u1ea3o h\u00e0nh:<\/strong>\u00a0Kh\u00f4ng<br \/>\n<strong>N\u01a1i s\u1ea3n xu\u1ea5t:\u00a0<\/strong>Nh\u1eadt B\u1ea3n<br \/>\n<strong>Th\u01b0\u01a1ng hi\u1ec7u:<\/strong>\u00a0Phiten<\/p>\n","protected":false},"featured_media":2786,"comment_status":"open","ping_status":"closed","template":"","meta":[],"product_brand":[],"product_cat":[603,577],"product_tag":[637],"class_list":{"0":"post-3258","1":"product","2":"type-product","3":"status-publish","4":"has-post-thumbnail","6":"product_cat-dai-co-tay-khuyu-tay-en","7":"product_cat-support-belt","8":"product_tag-the-thao-en","10":"first","11":"instock","12":"shipping-taxable","13":"product-type-simple"},"_links":{"self":[{"href":"https:\/\/phitenvn.com\/en\/wp-json\/wp\/v2\/product\/3258","targetHints":{"allow":["GET"]}}],"collection":[{"href":"https:\/\/phitenvn.com\/en\/wp-json\/wp\/v2\/product"}],"about":[{"href":"https:\/\/phitenvn.com\/en\/wp-json\/wp\/v2\/types\/product"}],"replies":[{"embeddable":true,"href":"https:\/\/phitenvn.com\/en\/wp-json\/wp\/v2\/comments?post=3258"}],"wp:featuredmedia":[{"embeddable":true,"href":"https:\/\/phitenvn.com\/en\/wp-json\/wp\/v2\/media\/2786"}],"wp:attachment":[{"href":"https:\/\/phitenvn.com\/en\/wp-json\/wp\/v2\/media?parent=3258"}],"wp:term":[{"taxonomy":"product_brand","embeddable":true,"href":"https:\/\/phitenvn.com\/en\/wp-json\/wp\/v2\/product_brand?post=3258"},{"taxonomy":"product_cat","embeddable":true,"href":"https:\/\/phitenvn.com\/en\/wp-json\/wp\/v2\/product_cat?post=3258"},{"taxonomy":"product_tag","embeddable":true,"href":"https:\/\/phitenvn.com\/en\/wp-json\/wp\/v2\/product_tag?post=3258"}],"curies":[{"name":"wp","href":"https:\/\/api.w.org\/{rel}","templated":true}]}}