{"id":3257,"date":"2025-05-27T08:40:07","date_gmt":"2025-05-27T08:40:07","guid":{"rendered":"https:\/\/phitenvn.com\/bo-ong-chan-the-thao-x30\/"},"modified":"2026-01-06T11:35:47","modified_gmt":"2026-01-06T04:35:47","slug":"bo-ong-chan-the-thao-x30","status":"publish","type":"product","link":"https:\/\/phitenvn.com\/en\/bo-ong-chan-the-thao-x30\/","title":{"rendered":"B\u00f3 \u1ed0ng Ch\u00e2n Th\u1ec3 Thao X30 (2 C\u00e1i)"},"content":{"rendered":"<p><a href=\"https:\/\/phitenvn.com\/bo-ong-chan-the-thao-x30\/?attribute_pa_size=m\" target=\"_blank\" rel=\"noopener\">B\u00f3 \u1ed1ng ch\u00e2n th\u1ec3 thao<\/a> (Sport Sleeves for Legs) s\u1eed d\u1ee5ng c\u00f4ng ngh\u1ec7 Phiten AQUA TITANIUM X30 v\u00e0 c\u00f4ng ngh\u1ec7 n\u00e9n \u0111\u01b0\u1ee3c thi\u1ebft k\u1ebf cho c\u00e1c khu v\u1ef1c \u1ed1ng quy\u1ec3n v\u00e0 b\u1eafp ch\u00e2n. C\u00f3 \u0111\u1ed9 b\u00f3p (n\u00e9n) v\u1eeba ph\u1ea3i, h\u1ed7 tr\u1ee3 \u0111\u1ec3 c\u1ea3i thi\u1ec7n hi\u1ec7u su\u1ea5t c\u1ee7a c\u01a1 ch\u00e2n khi v\u1eadn \u0111\u1ed9ng. S\u1ee3i v\u1ea3i nhanh kh\u00f4 s\u1ebd gi\u00fap b\u1ea1n c\u1ea3m th\u1ea5y kh\u00f4 v\u00e0 tho\u1ea3i m\u00e1i v\u00e0 c\u00e1c vi\u1ec1n ph\u1eb3ng gi\u00fap gi\u1ea3m x\u01a1 x\u01b0\u1edbc.<\/p>\n<p>C\u00f4ng d\u1ee5ng c\u1ee7a b\u00f3 \u1ed1ng ch\u00e2n th\u1ec3 thao X30:<\/p>\n<ul>\n<li>S\u1eed d\u1ee5ng c\u00f4ng ngh\u1ec7 Phiten Aqua-Titanium v\u1edbi n\u1ed3ng \u0111\u1ed9 30 l\u1ea7n.<\/li>\n<li>B\u00f3 \u1ed1ng ch\u00e2n c\u00f3 kh\u1ea3 n\u0103ng ch\u1ed1ng tia c\u1ef1c t\u00edm 98%<\/li>\n<li>Thi\u1ebft k\u1ebf nhi\u1ec1u m\u00e0u s\u1eafc, d\u1ec5 l\u1ef1a ch\u1ecdn<\/li>\n<li>Ch\u1ea5t li\u1ec7u gi\u00fap h\u1ea5p th\u1ee5 m\u1ed3 h\u00f4i nhanh ch\u00f3ng v\u00e0 gi\u1eef cho da kh\u00f4 v\u00e0 tho\u1ea3i m\u00e1i<\/li>\n<li>N\u00e9n nh\u1eb9 tr\u00ean b\u1eafp ch\u00e2n v\u00e0 c\u01a1 khu\u1ef7u ch\u00e2n khi mang v\u1eadt n\u1eb7ng, ch\u01a1i v\u1ee3t, ch\u01a1i golf<\/li>\n<li>Gi\u1ea3m c\u1ea3m gi\u00e1c m\u1ecfi b\u1eafp ch\u00e2n v\u00e0 khu\u1ef7u ch\u00e2n, c\u1ea3m nh\u1eadn s\u1ef1 nh\u1eb9 nh\u00e0ng<\/li>\n<li>Gi\u1ea3m axit lactic<\/li>\n<li>Th\u01b0 gi\u00e3n t\u1ee9c th\u00ec, c\u1ea3i thi\u1ec7n c\u00e2n b\u1eb1ng c\u01a1 th\u1ec3<\/li>\n<\/ul>\n<p>M\u00e3 s\u1ea3n ph\u1ea9m: SL536004\/ SL536104\/ SL536304<\/p>\n","protected":false},"excerpt":{"rendered":"<h2>\u0110\u1eb7c t\u00ednh s\u1ea3n ph\u1ea9m B\u00f3 \u1ed1ng ch\u00e2n X30<\/h2>\n<ul>\n<li>V\u1ea3i nhanh kh\u00f4, h\u1ea5p th\u1ee5 m\u1ed3 h\u00f4i v\u00e0 nhanh kh\u00f4. S\u1ee9c n\u00e9n (b\u00f3p) v\u1eeba ph\u1ea3i gi\u00fap h\u1ed7 tr\u1ee3 c\u01a1 tay.<\/li>\n<li>C\u1ea3i thi\u1ec7n \u0111\u1ed9 ph\u00e1t quang khi s\u1eed d\u1ee5ng bu\u1ed5i t\u1ed9i, nh\u1edd logo d\u1ea1 quang. Vi\u1ec1n n\u1ed1i ph\u1eb3ng gi\u00fap da c\u1ea3m th\u1ea5y tho\u1ea3i m\u00e1i v\u00e0 d\u1ec5 ch\u1ecbu.Gi\u1ea3m \u0111\u1ebfn 98% ho\u1eb7c h\u01a1n tia UV.<\/li>\n<\/ul>\n<h2>C\u00f4ng ngh\u1ec7 v\u00e0 ch\u1ea5t li\u1ec7u B\u00f3 \u1ed1ng ch\u00e2n X30<\/h2>\n<ul>\n<li>C\u00f4ng ngh\u1ec7 AQUA TITANIUM X30<\/li>\n<li>Ch\u1ea5t li\u1ec7u: Polyester 85% v\u00e0 Polyurethane 15% (LYCRA\u00ae)<\/li>\n<li>S\u1ea3n xu\u1ea5t t\u1ea1i Vi\u1ec7t Nam v\u00e0 \u0111\u01b0\u1ee3c x\u1eed l\u00fd c\u00f4ng ngh\u1ec7 t\u1ea1i Phiten Nh\u1eadt B\u1ea3n.<\/li>\n<\/ul>\n","protected":false},"featured_media":2703,"comment_status":"open","ping_status":"closed","template":"","meta":[],"product_brand":[],"product_cat":[606,577],"product_tag":[637],"class_list":{"0":"post-3257","1":"product","2":"type-product","3":"status-publish","4":"has-post-thumbnail","6":"product_cat-dai-co-chan-en","7":"product_cat-support-belt","8":"product_tag-the-thao-en","10":"first","11":"outofstock","12":"shipping-taxable","13":"purchasable","14":"product-type-variable","15":"wvs-archive-product-wrapper"},"_links":{"self":[{"href":"https:\/\/phitenvn.com\/en\/wp-json\/wp\/v2\/product\/3257","targetHints":{"allow":["GET"]}}],"collection":[{"href":"https:\/\/phitenvn.com\/en\/wp-json\/wp\/v2\/product"}],"about":[{"href":"https:\/\/phitenvn.com\/en\/wp-json\/wp\/v2\/types\/product"}],"replies":[{"embeddable":true,"href":"https:\/\/phitenvn.com\/en\/wp-json\/wp\/v2\/comments?post=3257"}],"wp:featuredmedia":[{"embeddable":true,"href":"https:\/\/phitenvn.com\/en\/wp-json\/wp\/v2\/media\/2703"}],"wp:attachment":[{"href":"https:\/\/phitenvn.com\/en\/wp-json\/wp\/v2\/media?parent=3257"}],"wp:term":[{"taxonomy":"product_brand","embeddable":true,"href":"https:\/\/phitenvn.com\/en\/wp-json\/wp\/v2\/product_brand?post=3257"},{"taxonomy":"product_cat","embeddable":true,"href":"https:\/\/phitenvn.com\/en\/wp-json\/wp\/v2\/product_cat?post=3257"},{"taxonomy":"product_tag","embeddable":true,"href":"https:\/\/phitenvn.com\/en\/wp-json\/wp\/v2\/product_tag?post=3257"}],"curies":[{"name":"wp","href":"https:\/\/api.w.org\/{rel}","templated":true}]}}