{"id":3256,"date":"2025-05-27T08:49:41","date_gmt":"2025-05-27T08:49:41","guid":{"rendered":"https:\/\/phitenvn.com\/vong-tay-rakuwa-extreme-stripe\/"},"modified":"2025-05-27T08:49:41","modified_gmt":"2025-05-27T08:49:41","slug":"vong-tay-rakuwa-extreme-stripe","status":"publish","type":"product","link":"https:\/\/phitenvn.com\/en\/vong-tay-rakuwa-extreme-stripe\/","title":{"rendered":"V\u00f2ng Tay Rakuwa Extreme Stripe"},"content":{"rendered":"<h2><strong>V\u00f2ng Tay Rakuwa Extreme Stripe\u00a0<\/strong><\/h2>\n<p><strong>V\u00f2ng tay Rakuwa Extreme Stripe<\/strong>\u00a0c\u00f3 thi\u1ebft k\u1ebf \u0111\u01a1n gi\u1ea3n v\u1edbi c\u00e1c \u0111\u01b0\u1eddng k\u1ebb s\u1ecdc th\u1ec3 thao mang l\u1ea1i v\u1ebb ngo\u00e0i n\u0103ng \u0111\u1ed9ng v\u00e0 m\u1ea1nh m\u1ebd.<\/p>\n<p>Logo EXTREME \u0111\u01b0\u1ee3c \u0111\u1eb7t \u1edf ph\u00eda tr\u01b0\u1edbc, t\u1ea1o \u0111i\u1ec3m nh\u1ea5n \u1ea5n t\u01b0\u1ee3ng. \u0110\u01b0\u1ee3c l\u00e0m t\u1eeb silicone cao c\u1ea5p, s\u1ea3n ph\u1ea9m n\u00e0y gi\u00fap gi\u1ea3m \u0111au nh\u1ee9c v\u00e0 th\u01b0 gi\u00e3n c\u01a1 b\u1eafp, th\u00edch h\u1ee3p cho nh\u1eefng ai l\u00e0m vi\u1ec7c v\u0103n ph\u00f2ng ho\u1eb7c tham gia c\u00e1c ho\u1ea1t \u0111\u1ed9ng th\u1ec3 thao.<\/p>\n<p><strong>C\u00f4ng d\u1ee5ng:<\/strong><br \/>\n&#8211; Gi\u1ea3m c\u0103ng th\u1eb3ng v\u00e0 m\u1ec7t m\u1ecfi.<br \/>\n&#8211; C\u1ea3i thi\u1ec7n c\u00e2n b\u1eb1ng c\u01a1 th\u1ec3.<br \/>\n&#8211; T\u0103ng c\u01b0\u1eddng s\u1ee9c m\u1ea1nh.<br \/>\n&#8211; Gi\u00fap th\u01b0 gi\u00e3n c\u01a1 b\u1eafp c\u1ee9ng v\u00e0 ph\u1ee5c h\u1ed3i s\u1ee9c kh\u1ecfe t\u1ed5ng th\u1ec3.<\/p>\n<p><strong>\u0110\u1ed1i t\u01b0\u1ee3ng s\u1eed d\u1ee5ng:<\/strong><br \/>\n&#8211; Ph\u00f9 h\u1ee3p v\u1edbi m\u1ecdi l\u1ee9a tu\u1ed5i, \u0111\u1eb7c bi\u1ec7t l\u00e0 ng\u01b0\u1eddi ch\u01a1i th\u1ec3 thao, v\u1eadn \u0111\u1ed9ng vi\u00ean chuy\u00ean nghi\u1ec7p.<br \/>\n&#8211; Ng\u01b0\u1eddi l\u00e0m vi\u1ec7c v\u0103n ph\u00f2ng.<br \/>\n&#8211; Ng\u01b0\u1eddi n\u00e2ng v\u00e1c v\u1eadt n\u1eb7ng.<br \/>\n&#8211; Ng\u01b0\u1eddi cao huy\u1ebft \u00e1p, huy\u1ebft \u00e1p kh\u00f4ng \u1ed5n \u0111\u1ecbnh v\u00e0 ng\u01b0\u1eddi g\u1eb7p v\u1ea5n \u0111\u1ec1 v\u1ec1 gi\u1ea5c ng\u1ee7.<\/p>\n<p>M\u00e3 s\u1ea3n ph\u1ea9m: TG791126\/ TG791125\/ TG791026\/ TG791025<\/p>\n","protected":false},"excerpt":{"rendered":"<p><strong>C\u00f4ng ngh\u1ec7:<\/strong>\u00a0Metax<br \/>\n<strong>Ch\u1ea5t li\u1ec7u:<\/strong>\u00a0Silicone<br \/>\n<strong>M\u00e0u s\u1eafc<\/strong>: \u0110en-\u0110\u1ecf, \u0110\u1ecf-Tr\u1eafng<br \/>\n<strong>Size:<\/strong>\u00a016 cm &amp; 18 cm<br \/>\n<strong>S\u1ea3n xu\u1ea5t:<\/strong>\u00a0Philippine<br \/>\n<strong>Quy c\u00e1ch \u0111\u00f3ng g\u00f3i:\u00a0<\/strong>1 v\u00f2ng tay\/ h\u1ed9p<br \/>\n<strong>B\u1ea3o h\u00e0nh:<\/strong>\u00a06 th\u00e1ng<\/p>\n","protected":false},"featured_media":2461,"comment_status":"open","ping_status":"closed","template":"","meta":[],"product_brand":[],"product_cat":[598,579],"product_tag":[],"class_list":{"0":"post-3256","1":"product","2":"type-product","3":"status-publish","4":"has-post-thumbnail","6":"product_cat-vong-tay-extreme-en","7":"product_cat-vong-tay-en","9":"first","10":"instock","11":"shipping-taxable","12":"purchasable","13":"product-type-variable","14":"wvs-archive-product-wrapper"},"_links":{"self":[{"href":"https:\/\/phitenvn.com\/en\/wp-json\/wp\/v2\/product\/3256","targetHints":{"allow":["GET"]}}],"collection":[{"href":"https:\/\/phitenvn.com\/en\/wp-json\/wp\/v2\/product"}],"about":[{"href":"https:\/\/phitenvn.com\/en\/wp-json\/wp\/v2\/types\/product"}],"replies":[{"embeddable":true,"href":"https:\/\/phitenvn.com\/en\/wp-json\/wp\/v2\/comments?post=3256"}],"wp:featuredmedia":[{"embeddable":true,"href":"https:\/\/phitenvn.com\/en\/wp-json\/wp\/v2\/media\/2461"}],"wp:attachment":[{"href":"https:\/\/phitenvn.com\/en\/wp-json\/wp\/v2\/media?parent=3256"}],"wp:term":[{"taxonomy":"product_brand","embeddable":true,"href":"https:\/\/phitenvn.com\/en\/wp-json\/wp\/v2\/product_brand?post=3256"},{"taxonomy":"product_cat","embeddable":true,"href":"https:\/\/phitenvn.com\/en\/wp-json\/wp\/v2\/product_cat?post=3256"},{"taxonomy":"product_tag","embeddable":true,"href":"https:\/\/phitenvn.com\/en\/wp-json\/wp\/v2\/product_tag?post=3256"}],"curies":[{"name":"wp","href":"https:\/\/api.w.org\/{rel}","templated":true}]}}