{"id":3255,"date":"2025-05-27T08:57:25","date_gmt":"2025-05-27T08:57:25","guid":{"rendered":"https:\/\/phitenvn.com\/vong-tay-rakuwa-extreme-twist\/"},"modified":"2025-05-27T08:57:25","modified_gmt":"2025-05-27T08:57:25","slug":"vong-tay-rakuwa-extreme-twist","status":"publish","type":"product","link":"https:\/\/phitenvn.com\/en\/vong-tay-rakuwa-extreme-twist\/","title":{"rendered":"V\u00f2ng Tay Rakuwa Extreme Twist"},"content":{"rendered":"<p><strong style=\"font-size: 23.04px; color: #333333;\">V\u00f2ng Tay Rakuwa Extreme Twist<\/strong><\/p>\n<div class=\"cttab-product\">\n<div class=\"tab-inner active\">\n<div id=\"description\" class=\"description tab-pane fade in active\">\n<p><strong>V\u00f2ng tay Rakuwa Extreme Twist <\/strong>\u0111\u01b0\u1ee3c thi\u1ebft k\u1ebf \u0111\u1ea7y phong c\u00e1ch v\u00e0 \u1ea5n t\u01b0\u1ee3ng v\u1edbi c\u00e1c \u0111\u01b0\u1eddng v\u00e2n m\u1ea1nh m\u1ebd, mang l\u1ea1i c\u1ea3m gi\u00e1c th\u1ec3 thao.<\/p>\n<p>V\u1edbi kh\u1ea3 n\u0103ng ch\u1ed1ng n\u01b0\u1edbc t\u1ed1t, s\u1ea3n ph\u1ea9m n\u00e0y kh\u00f4ng ch\u1ec9 \u0111\u1eb9p m\u00e0 c\u00f2n c\u1ef1c k\u1ef3 b\u1ec1n b\u1ec9 v\u00e0 c\u00f3 t\u00ednh n\u0103ng h\u1ed7 tr\u1ee3 s\u1ee9c kh\u1ecfe v\u01b0\u1ee3t tr\u1ed9i.<\/p>\n<p>\u0110\u01b0\u1ee3c ch\u1ebf t\u1ea1o t\u1eeb silicone, v\u00f2ng \u0111eo tay gi\u00fap gi\u1ea3m b\u1edbt \u0111au \u0111\u1edbn, ki\u1ec7t s\u1ee9c v\u00e0 c\u01a1 b\u1eafp c\u1ee9ng, r\u1ea5t th\u00edch h\u1ee3p cho nh\u1eefng ai l\u00e0m vi\u1ec7c v\u0103n ph\u00f2ng ho\u1eb7c tham gia c\u00e1c ho\u1ea1t \u0111\u1ed9ng th\u1ec3 thao.<\/p>\n<p><strong>C\u00f4ng d\u1ee5ng:<\/strong><br \/>\n&#8211; Gi\u1ea3m c\u0103ng th\u1eb3ng, c\u1ea3i thi\u1ec7n c\u00e2n b\u1eb1ng c\u01a1 th\u1ec3.<br \/>\n&#8211; H\u1ed7 tr\u1ee3 kh\u1ea3 n\u0103ng v\u1eadn \u0111\u1ed9ng<br \/>\n&#8211; Th\u01b0 gi\u00e3n c\u01a1 b\u1eafp.<br \/>\n&#8211; H\u1ed7 tr\u1ee3 ph\u1ee5c h\u1ed3i s\u1ee9c kh\u1ecfe.<\/p>\n<p><strong>\u0110\u1ed1i t\u01b0\u1ee3ng s\u1eed d\u1ee5ng:<\/strong><br \/>\n&#8211; Ph\u00f9 h\u1ee3p v\u1edbi m\u1ecdi l\u1ee9a tu\u1ed5i, \u0111\u1eb7c bi\u1ec7t l\u00e0 ng\u01b0\u1eddi ch\u01a1i th\u1ec3 thao, v\u1eadn \u0111\u1ed9ng vi\u00ean chuy\u00ean nghi\u1ec7p.<br \/>\n&#8211; Ng\u01b0\u1eddi l\u00e0m vi\u1ec7c v\u0103n ph\u00f2ng.<br \/>\n&#8211; Nng\u01b0\u1eddi n\u00e2ng v\u00e1c v\u1eadt n\u1eb7ng.<br \/>\n&#8211; Ng\u01b0\u1eddi cao huy\u1ebft \u00e1p, huy\u1ebft \u00e1p kh\u00f4ng \u1ed5n \u0111\u1ecbnh v\u00e0 ng\u01b0\u1eddi g\u1eb7p v\u1ea5n \u0111\u1ec1 v\u1ec1 gi\u1ea5c ng\u1ee7.<\/p>\n<p>M\u00e3 s\u1ea3n ph\u1ea9m: TG789125 \/ TG789026<\/p>\n<\/div>\n<\/div>\n<\/div>\n","protected":false},"excerpt":{"rendered":"<p><strong>C\u00f4ng ngh\u1ec7:<\/strong>\u00a0Metax<br \/>\n<strong>Ch\u1ea5t li\u1ec7u:<\/strong>\u00a0Silicone<br \/>\n<strong>M\u00e0u s\u1eafc<\/strong>: \u0110\u1ecf, \u0110en<br \/>\n<strong>Size:<\/strong>\u00a016 cm &amp; 18 cm<br \/>\n<strong>S\u1ea3n xu\u1ea5t:<\/strong>\u00a0Philippine<br \/>\n<strong>Quy c\u00e1ch \u0111\u00f3ng g\u00f3i:\u00a0<\/strong>1 v\u00f2ng tay\/ h\u1ed9p<br \/>\n<strong>B\u1ea3o h\u00e0nh:<\/strong>\u00a06 th\u00e1ng<\/p>\n","protected":false},"featured_media":2463,"comment_status":"open","ping_status":"closed","template":"","meta":[],"product_brand":[],"product_cat":[598,579],"product_tag":[],"class_list":{"0":"post-3255","1":"product","2":"type-product","3":"status-publish","4":"has-post-thumbnail","6":"product_cat-vong-tay-extreme-en","7":"product_cat-vong-tay-en","9":"first","10":"instock","11":"shipping-taxable","12":"purchasable","13":"product-type-variable","14":"wvs-archive-product-wrapper"},"_links":{"self":[{"href":"https:\/\/phitenvn.com\/en\/wp-json\/wp\/v2\/product\/3255","targetHints":{"allow":["GET"]}}],"collection":[{"href":"https:\/\/phitenvn.com\/en\/wp-json\/wp\/v2\/product"}],"about":[{"href":"https:\/\/phitenvn.com\/en\/wp-json\/wp\/v2\/types\/product"}],"replies":[{"embeddable":true,"href":"https:\/\/phitenvn.com\/en\/wp-json\/wp\/v2\/comments?post=3255"}],"wp:featuredmedia":[{"embeddable":true,"href":"https:\/\/phitenvn.com\/en\/wp-json\/wp\/v2\/media\/2463"}],"wp:attachment":[{"href":"https:\/\/phitenvn.com\/en\/wp-json\/wp\/v2\/media?parent=3255"}],"wp:term":[{"taxonomy":"product_brand","embeddable":true,"href":"https:\/\/phitenvn.com\/en\/wp-json\/wp\/v2\/product_brand?post=3255"},{"taxonomy":"product_cat","embeddable":true,"href":"https:\/\/phitenvn.com\/en\/wp-json\/wp\/v2\/product_cat?post=3255"},{"taxonomy":"product_tag","embeddable":true,"href":"https:\/\/phitenvn.com\/en\/wp-json\/wp\/v2\/product_tag?post=3255"}],"curies":[{"name":"wp","href":"https:\/\/api.w.org\/{rel}","templated":true}]}}