{"id":3253,"date":"2025-05-27T09:12:28","date_gmt":"2025-05-27T09:12:28","guid":{"rendered":"https:\/\/phitenvn.com\/vong-tay-rakuwa-x50-hybrid\/"},"modified":"2025-05-27T09:12:28","modified_gmt":"2025-05-27T09:12:28","slug":"vong-tay-rakuwa-x50-hybrid","status":"publish","type":"product","link":"https:\/\/phitenvn.com\/en\/vong-tay-rakuwa-x50-hybrid\/","title":{"rendered":"V\u00f2ng Tay Rakuwa X50 HYBRID"},"content":{"rendered":"<h2><strong>V\u00f2ng Tay Rakuwa X50 HYBRID<\/strong><\/h2>\n<p><strong>V\u00f2ng tay Rakuwa X50 Hybrid <\/strong>l\u00e0 s\u1ef1 k\u1ebft h\u1ee3p ho\u00e0n h\u1ea3o gi\u1eefa thi\u1ebft k\u1ebf th\u1ec3 thao (silicone) v\u00e0 th\u1eddi trang (s\u1ee3i v\u1ea3i), mang \u0111\u1ebfn s\u1ea3n ph\u1ea9m v\u1eeba phong c\u00e1ch v\u1eeba hi\u1ec7n \u0111\u1ea1i, mang c\u1ea3m gi\u00e1c nh\u01b0 &#8220;t\u1eeb t\u01b0\u01a1ng lai&#8221;.<\/p>\n<p>V\u1edbi c\u00f4ng ngh\u1ec7 Aqua Titan g\u1ea5p 50 l\u1ea7n, v\u00f2ng \u0111eo tay Rakuwa HYBRID h\u1ed7 tr\u1ee3 gi\u1ea3m \u0111au, t\u0103ng c\u01b0\u1eddng s\u1ee9c m\u1ea1nh v\u00e0 s\u1ef1 linh ho\u1ea1t, r\u1ea5t \u0111\u01b0\u1ee3c y\u00eau th\u00edch b\u1edfi v\u1eadn \u0111\u1ed9ng vi\u00ean, nh\u1eefng ng\u01b0\u1eddi ch\u01a1i golf v\u00e0 b\u00f3ng ch\u00e0y qu\u1ed1c t\u1ebf<\/p>\n<p><strong>C\u00f4ng d\u1ee5ng:\u00a0<\/strong><br \/>\n&#8211; Gi\u1ea3m c\u0103ng th\u1eb3ng v\u00e0 m\u1ec7t m\u1ecfi, \u0111\u1eb7c bi\u1ec7t l\u00e0 \u1edf c\u00e1nh tay, vai v\u00e0 tay.<br \/>\n&#8211; C\u1ea3i thi\u1ec7n c\u00e2n b\u1eb1ng c\u01a1 th\u1ec3 v\u00e0\u00a0s\u1ef1 linh ho\u1ea1t cho c\u01a1 th\u1ec3.<\/p>\n<p><strong>\u0110\u1ed1i t\u01b0\u1ee3ng s\u1eed d\u1ee5ng:\u00a0<\/strong><br \/>\n&#8211; Ph\u00f9 h\u1ee3p v\u1edbi m\u1ecdi l\u1ee9a tu\u1ed5i, \u0111\u1eb7c bi\u1ec7t l\u00e0 ng\u01b0\u1eddi ch\u01a1i th\u1ec3 thao, v\u1eadn \u0111\u1ed9ng vi\u00ean chuy\u00ean nghi\u1ec7p.<br \/>\n&#8211; Ng\u01b0\u1eddi l\u00e0m vi\u1ec7c v\u0103n ph\u00f2ng.<br \/>\n&#8211; Ng\u01b0\u1eddi n\u00e2ng v\u00e1c v\u1eadt n\u1eb7ng.<br \/>\n&#8211; Ng\u01b0\u1eddi cao huy\u1ebft \u00e1p, huy\u1ebft \u00e1p kh\u00f4ng \u1ed5n \u0111\u1ecbnh, v\u00e0 nh\u1eefng ai g\u1eb7p v\u1ea5n \u0111\u1ec1 v\u1ec1 gi\u1ea5c ng\u1ee7.<\/p>\n<p>M\u00e3 s\u1ea3n ph\u1ea9m: TG571027\/ TG571025<\/p>\n","protected":false},"excerpt":{"rendered":"<p><strong>C\u00f4ng ngh\u1ec7:<\/strong> Aqua-Titan X50 (g\u1ea5p 50 l\u1ea7n)<br \/>\n<strong>Ch\u1ea5t li\u1ec7u:<\/strong>\u00a0Silicone, s\u1ee3i v\u1ea3i<br \/>\n<strong>M\u00e0u s\u1eafc:<\/strong>\u00a0\u0110en<br \/>\n<strong>Size<\/strong>: 17cm &amp; 19cm<br \/>\n<strong>Xu\u1ea5t x\u1ee9:<\/strong>\u00a0Nh\u1eadt B\u1ea3n<br \/>\n<strong>Quy c\u00e1ch \u0111\u00f3ng g\u00f3i:<\/strong>\u00a01 v\u00f2ng tay\/ h\u1ed9p<br \/>\n<strong>B\u1ea3o h\u00e0nh:<\/strong>\u00a06 th\u00e1ng<\/p>\n","protected":false},"featured_media":2468,"comment_status":"open","ping_status":"closed","template":"","meta":[],"product_brand":[],"product_cat":[597,579],"product_tag":[],"class_list":{"0":"post-3253","1":"product","2":"type-product","3":"status-publish","4":"has-post-thumbnail","6":"product_cat-vong-tay-rakuwa-x50-en","7":"product_cat-vong-tay-en","9":"first","10":"instock","11":"shipping-taxable","12":"purchasable","13":"product-type-variable","14":"wvs-archive-product-wrapper"},"_links":{"self":[{"href":"https:\/\/phitenvn.com\/en\/wp-json\/wp\/v2\/product\/3253","targetHints":{"allow":["GET"]}}],"collection":[{"href":"https:\/\/phitenvn.com\/en\/wp-json\/wp\/v2\/product"}],"about":[{"href":"https:\/\/phitenvn.com\/en\/wp-json\/wp\/v2\/types\/product"}],"replies":[{"embeddable":true,"href":"https:\/\/phitenvn.com\/en\/wp-json\/wp\/v2\/comments?post=3253"}],"wp:featuredmedia":[{"embeddable":true,"href":"https:\/\/phitenvn.com\/en\/wp-json\/wp\/v2\/media\/2468"}],"wp:attachment":[{"href":"https:\/\/phitenvn.com\/en\/wp-json\/wp\/v2\/media?parent=3253"}],"wp:term":[{"taxonomy":"product_brand","embeddable":true,"href":"https:\/\/phitenvn.com\/en\/wp-json\/wp\/v2\/product_brand?post=3253"},{"taxonomy":"product_cat","embeddable":true,"href":"https:\/\/phitenvn.com\/en\/wp-json\/wp\/v2\/product_cat?post=3253"},{"taxonomy":"product_tag","embeddable":true,"href":"https:\/\/phitenvn.com\/en\/wp-json\/wp\/v2\/product_tag?post=3253"}],"curies":[{"name":"wp","href":"https:\/\/api.w.org\/{rel}","templated":true}]}}