{"id":3252,"date":"2025-05-27T09:18:16","date_gmt":"2025-05-27T09:18:16","guid":{"rendered":"https:\/\/phitenvn.com\/vong-tay-rakuwa-x100-carbon\/"},"modified":"2025-05-27T09:18:16","modified_gmt":"2025-05-27T09:18:16","slug":"vong-tay-rakuwa-x100-carbon","status":"publish","type":"product","link":"https:\/\/phitenvn.com\/en\/vong-tay-rakuwa-x100-carbon\/","title":{"rendered":"V\u00f2ng Tay Rakuwa X100 Carbon"},"content":{"rendered":"<h2><strong>V\u00f2ng Tay Rakuwa X100 Carbon<\/strong><\/h2>\n<p><strong>V\u00f2ng tay Rakuwa X100 Carbon<\/strong>\u00a0\u0111\u01b0\u1ee3c ch\u1ebf t\u1ea1o t\u1eeb v\u1eadt li\u1ec7u Carbon th\u1ebf h\u1ec7 ti\u1ebfp theo, mang \u0111\u1ebfn s\u1ee9c m\u1ea1nh v\u01b0\u1ee3t tr\u1ed9i v\u00e0 s\u1ef1 thanh l\u1ecbch cho ng\u01b0\u1eddi \u0111eo.<\/p>\n<p>\u0110\u01b0\u1ee3c thi\u1ebft k\u1ebf \u0111\u01a1n gi\u1ea3n nh\u01b0ng tinh t\u1ebf, v\u00f2ng tay n\u00e0y mang l\u1ea1i hi\u1ec7u su\u1ea5t ti\u1ec1m n\u0103ng b\u00ean trong, c\u1ea3m nh\u1eadn n\u0103ng l\u01b0\u1ee3ng X100 c\u00f4ng ngh\u1ec7 titanium \u0111\u1ec3 kh\u00e1m ph\u00e1 s\u1ee9c m\u1ea1nh \u0111\u00edch th\u1ef1c.<\/p>\n<p><strong>C\u00f4ng d\u1ee5ng:<\/strong><br \/>\n&#8211; \u0110i\u1ec1u ti\u1ebft c\u0103ng th\u1eb3ng.<br \/>\n&#8211; C\u1ea3i thi\u1ec7n c\u00e2n b\u1eb1ng c\u01a1 th\u1ec3.<br \/>\n&#8211; Gi\u00fap th\u01b0 gi\u00e3n c\u01a1 b\u1eafp c\u1ee9ng.<br \/>\n&#8211; T\u0103ng c\u01b0\u1eddng s\u1ee9c m\u1ea1nh v\u00e0 linh ho\u1ea1t, h\u1ed7 tr\u1ee3 gi\u1ea5c ng\u1ee7 s\u00e2u v\u00e0 ph\u1ee5c h\u1ed3i sau khi luy\u1ec7n t\u1eadp.<\/p>\n<p><strong>\u0110\u1ed1i t\u01b0\u1ee3ng s\u1eed d\u1ee5ng:<\/strong><br \/>\n&#8211; Ph\u00f9 h\u1ee3p v\u1edbi m\u1ecdi l\u1ee9a tu\u1ed5i, \u0111\u1eb7c bi\u1ec7t l\u00e0 ng\u01b0\u1eddi ch\u01a1i th\u1ec3 thao, v\u1eadn \u0111\u1ed9ng vi\u00ean chuy\u00ean nghi\u1ec7p.<br \/>\n&#8211; Ng\u01b0\u1eddi l\u00e0m vi\u1ec7c v\u0103n ph\u00f2ng.<br \/>\n&#8211; Ng\u01b0\u1eddi n\u00e2ng v\u00e1c v\u1eadt n\u1eb7ng.<br \/>\n&#8211; Ng\u01b0\u1eddi cao huy\u1ebft \u00e1p, huy\u1ebft \u00e1p kh\u00f4ng \u1ed5n \u0111\u1ecbnh, v\u00e0 ng\u01b0\u1eddi g\u1eb7p v\u1ea5n \u0111\u1ec1 v\u1ec1 gi\u1ea5c ng\u1ee7.<\/p>\n<p>M\u00e3 s\u1ea3n ph\u1ea9m: TG635127\/ TG635125\/ TG635027\/ TG635025<\/p>\n","protected":false},"excerpt":{"rendered":"<p dir=\"auto\"><strong>C\u00d4NG NGH\u1ec6: <\/strong>X100 Aqua-Titanium<strong>, <\/strong>h\u1ea1t Micro-Titanium<br \/>\n<strong>Ch\u1ea5t li\u1ec7u:<\/strong><br \/>\nV\u1ea3i c\u1ee7a th\u00e2n v\u00f2ng tay s\u1eed d\u1ee5ng 66 Nylon, lo\u1ea1i v\u1eadt li\u1ec7u t\u01b0\u01a1ng t\u1ef1 nh\u01b0 \u00e1o ch\u1ed1ng \u0111\u1ea1n, \u0111\u1ea3m b\u1ea3o \u0111\u1ed9 b\u1ec1n.<br \/>\nL\u00f5i Elastomer, Kh\u00f3a-Titanium nguy\u00ean ch\u1ea5t, Carbon.<br \/>\nS\u1ee3i carbon \u0111\u01b0\u1ee3c \u0111\u1eb7t t\u1ea1i ph\u1ea7n kh\u00f3a c\u1ee7a thi\u1ebft k\u1ebf tinh t\u1ebf. Ph\u1ea7n kim lo\u1ea1i l\u00e0 Titanium nguy\u00ean ch\u1ea5t c\u1ee7a Phiten.<strong><br \/>\nM\u00e0u s\u1eafc:<\/strong>\u00a0\u0110en, B\u1ea1c<br \/>\n<strong>K\u00edch th\u01b0\u1edbc:<\/strong> 17cm\/6,75 inch, 19cm\/7,5 inch.<br \/>\n<strong>H\u01b0\u1edbng d\u1eabn b\u1ea3o qu\u1ea3n:<\/strong> Gi\u1eb7t tay nh\u1eb9 nh\u00e0ng trong n\u01b0\u1edbc l\u1ea1nh.<\/p>\n","protected":false},"featured_media":2442,"comment_status":"open","ping_status":"closed","template":"","meta":[],"product_brand":[],"product_cat":[596,579],"product_tag":[],"class_list":{"0":"post-3252","1":"product","2":"type-product","3":"status-publish","4":"has-post-thumbnail","6":"product_cat-vong-tay-rakuwa-x100-en","7":"product_cat-vong-tay-en","9":"first","10":"instock","11":"shipping-taxable","12":"purchasable","13":"product-type-variable","14":"wvs-archive-product-wrapper"},"_links":{"self":[{"href":"https:\/\/phitenvn.com\/en\/wp-json\/wp\/v2\/product\/3252","targetHints":{"allow":["GET"]}}],"collection":[{"href":"https:\/\/phitenvn.com\/en\/wp-json\/wp\/v2\/product"}],"about":[{"href":"https:\/\/phitenvn.com\/en\/wp-json\/wp\/v2\/types\/product"}],"replies":[{"embeddable":true,"href":"https:\/\/phitenvn.com\/en\/wp-json\/wp\/v2\/comments?post=3252"}],"wp:featuredmedia":[{"embeddable":true,"href":"https:\/\/phitenvn.com\/en\/wp-json\/wp\/v2\/media\/2442"}],"wp:attachment":[{"href":"https:\/\/phitenvn.com\/en\/wp-json\/wp\/v2\/media?parent=3252"}],"wp:term":[{"taxonomy":"product_brand","embeddable":true,"href":"https:\/\/phitenvn.com\/en\/wp-json\/wp\/v2\/product_brand?post=3252"},{"taxonomy":"product_cat","embeddable":true,"href":"https:\/\/phitenvn.com\/en\/wp-json\/wp\/v2\/product_cat?post=3252"},{"taxonomy":"product_tag","embeddable":true,"href":"https:\/\/phitenvn.com\/en\/wp-json\/wp\/v2\/product_tag?post=3252"}],"curies":[{"name":"wp","href":"https:\/\/api.w.org\/{rel}","templated":true}]}}