{"id":3251,"date":"2025-05-27T09:23:17","date_gmt":"2025-05-27T09:23:17","guid":{"rendered":"https:\/\/phitenvn.com\/vong-tay-rakuwa-x100-leather-touch\/"},"modified":"2025-05-27T09:23:17","modified_gmt":"2025-05-27T09:23:17","slug":"vong-tay-rakuwa-x100-leather-touch","status":"publish","type":"product","link":"https:\/\/phitenvn.com\/en\/vong-tay-rakuwa-x100-leather-touch\/","title":{"rendered":"V\u00f2ng Tay Rakuwa X100 Leather Touch"},"content":{"rendered":"<h2><strong>V\u00f2ng Tay Rakuwa X100 Leather Touch<\/strong><\/h2>\n<p><strong>V\u00f2ng tay Rakuwa X100 Leather Touch<\/strong>\u00a0mang \u0111\u1ebfn s\u1ef1 sang tr\u1ecdng v\u1edbi thi\u1ebft k\u1ebf gi\u1ea3 da b\u1ec1n b\u1ec9, tinh t\u1ebf c\u00f9ng kh\u00f3a titan ch\u1eafc ch\u1eafn.<\/p>\n<p>\u0110i\u1ec3m \u0111\u1eb7c bi\u1ec7t c\u1ee7a s\u1ea3n ph\u1ea9m l\u00e0 b\u1ed9 2 d\u00e2y m\u00e0u (n\u00e2u v\u00e0 \u0111en), gi\u00fap b\u1ea1n d\u1ec5 d\u00e0ng thay \u0111\u1ed5i \u0111\u1ec3 ph\u00f9 h\u1ee3p v\u1edbi trang ph\u1ee5c v\u00e0 t\u00e2m tr\u1ea1ng m\u1ed7i ng\u00e0y.<\/p>\n<p>V\u1edbi c\u00f4ng ngh\u1ec7 Aqua-Titanium g\u1ea5p 100 l\u1ea7n, chi\u1ebfc v\u00f2ng n\u00e0y kh\u00f4ng ch\u1ec9 l\u00e0 ph\u1ee5 ki\u1ec7n th\u1eddi trang m\u00e0 c\u00f2n gi\u00fap t\u0103ng c\u01b0\u1eddng s\u1ee9c kh\u1ecfe, gi\u1ea3m c\u0103ng th\u1eb3ng v\u00e0 h\u1ed7 tr\u1ee3 th\u01b0 gi\u00e3n c\u01a1 b\u1eafp.<\/p>\n<p><strong>C\u00f4ng d\u1ee5ng:\u00a0<\/strong><br \/>\n&#8211; \u0110i\u1ec1u ti\u1ebft c\u0103ng th\u1eb3ng, m\u1ec7t m\u1ecfi li\u00ean t\u1ee5c.<br \/>\n&#8211; H\u1ed7 tr\u1ee3 c\u00e2n b\u1eb1ng c\u01a1 th\u1ec3, t\u0103ng c\u01b0\u1eddng n\u0103ng l\u01b0\u1ee3ng.<br \/>\n&#8211; H\u1ed7 tr\u1ee3 ph\u1ee5c h\u1ed3i s\u1ee9c kh\u1ecfe v\u00e0 th\u01b0 gi\u00e3n c\u01a1 b\u1eafp.<br \/>\n&#8211; Gi\u1ea3m \u0111au, t\u0103ng c\u01b0\u1eddng s\u1ee9c m\u1ea1nh v\u00e0 s\u1ef1 linh ho\u1ea1t cho c\u01a1 th\u1ec3.<\/p>\n<p><strong>\u0110\u1ed1i t\u01b0\u1ee3ng s\u1eed d\u1ee5ng:\u00a0<\/strong><br \/>\n&#8211; Ph\u00f9 h\u1ee3p v\u1edbi m\u1ecdi l\u1ee9a tu\u1ed5i, \u0111\u1eb7c bi\u1ec7t l\u00e0 ng\u01b0\u1eddi ch\u01a1i th\u1ec3 thao, v\u1eadn \u0111\u1ed9ng vi\u00ean chuy\u00ean nghi\u1ec7p.<br \/>\n&#8211; Ng\u01b0\u1eddi l\u00e0m vi\u1ec7c v\u0103n ph\u00f2ng.<br \/>\n&#8211; Ng\u01b0\u1eddi n\u00e2ng v\u00e1c v\u1eadt n\u1eb7ng.<br \/>\n&#8211; Ng\u01b0\u1eddi cao huy\u1ebft \u00e1p, huy\u1ebft \u00e1p kh\u00f4ng \u1ed5n \u0111\u1ecbnh, v\u00e0 nh\u1eefng ai g\u1eb7p v\u1ea5n \u0111\u1ec1 v\u1ec1 gi\u1ea5c ng\u1ee7.<\/p>\n<p>M\u00e3 s\u1ea3n ph\u1ea9m: TG415101\/ TG415001<\/p>\n","protected":false},"excerpt":{"rendered":"<p><strong>C\u00f4ng ngh\u1ec7:<\/strong> Aqua-Titanium g\u1ea5p 100 l\u1ea7n. L\u1edbp v\u1ecf ch\u1ee9a h\u00e0m l\u01b0\u1ee3ng Aqua-Titanium cao<br \/>\n<strong>Ch\u1ea5t li\u1ec7u:<\/strong>\u00a0D\u00e2y c\u00f3 k\u1ebft c\u1ea5u gi\u1ea3 da b\u1ec1n b\u1ec9, m\u00f3c kh\u00f3a l\u00e0m t\u1eeb titan v\u00e0 carbon ch\u1eafc ch\u1eafn<br \/>\n<strong>M\u00e0u s\u1eafc:\u00a0<\/strong>\u0110en, N\u00e2u (c\u00f3 th\u1ec3 thay \u0111\u1ed5i)<br \/>\n<strong>K\u00edch th\u01b0\u1edbc:<\/strong>\u00a032 cm &amp; 40 cm<br \/>\n<strong>Xu\u1ea5t x\u1ee9:<\/strong>\u00a0Nh\u1eadt B\u1ea3n<br \/>\n<strong>Quy c\u00e1ch \u0111\u00f3ng g\u00f3i:<\/strong>\u00a01 v\u00f2ng tay\/ h\u1ed9p<br \/>\n<strong>B\u1ea3o h\u00e0nh:<\/strong>\u00a06 th\u00e1ng<br \/>\nSau 6 th\u00e1ng, b\u1ea3o h\u00e0nh s\u1ebd c\u00f3 t\u00ednh ph\u00ed (ph\u00ed s\u1eeda ch\u1eefa + ph\u00ed shipping)<br \/>\n<strong>N\u01a1i b\u1ea3o h\u00e0nh:\u00a0<\/strong>Trung t\u00e2m b\u1ea3o h\u00e0nh Phiten Nh\u1eadt B\u1ea3n (Kyoto)<\/p>\n","protected":false},"featured_media":2443,"comment_status":"open","ping_status":"closed","template":"","meta":[],"product_brand":[],"product_cat":[596,579],"product_tag":[],"class_list":{"0":"post-3251","1":"product","2":"type-product","3":"status-publish","4":"has-post-thumbnail","6":"product_cat-vong-tay-rakuwa-x100-en","7":"product_cat-vong-tay-en","9":"first","10":"instock","11":"shipping-taxable","12":"purchasable","13":"product-type-variable","14":"wvs-archive-product-wrapper"},"_links":{"self":[{"href":"https:\/\/phitenvn.com\/en\/wp-json\/wp\/v2\/product\/3251","targetHints":{"allow":["GET"]}}],"collection":[{"href":"https:\/\/phitenvn.com\/en\/wp-json\/wp\/v2\/product"}],"about":[{"href":"https:\/\/phitenvn.com\/en\/wp-json\/wp\/v2\/types\/product"}],"replies":[{"embeddable":true,"href":"https:\/\/phitenvn.com\/en\/wp-json\/wp\/v2\/comments?post=3251"}],"wp:featuredmedia":[{"embeddable":true,"href":"https:\/\/phitenvn.com\/en\/wp-json\/wp\/v2\/media\/2443"}],"wp:attachment":[{"href":"https:\/\/phitenvn.com\/en\/wp-json\/wp\/v2\/media?parent=3251"}],"wp:term":[{"taxonomy":"product_brand","embeddable":true,"href":"https:\/\/phitenvn.com\/en\/wp-json\/wp\/v2\/product_brand?post=3251"},{"taxonomy":"product_cat","embeddable":true,"href":"https:\/\/phitenvn.com\/en\/wp-json\/wp\/v2\/product_cat?post=3251"},{"taxonomy":"product_tag","embeddable":true,"href":"https:\/\/phitenvn.com\/en\/wp-json\/wp\/v2\/product_tag?post=3251"}],"curies":[{"name":"wp","href":"https:\/\/api.w.org\/{rel}","templated":true}]}}