{"id":3250,"date":"2025-05-27T09:35:07","date_gmt":"2025-05-27T09:35:07","guid":{"rendered":"https:\/\/phitenvn.com\/vong-tay-rakuwa-s-modulus\/"},"modified":"2026-04-15T08:38:00","modified_gmt":"2026-04-15T01:38:00","slug":"vong-tay-rakuwa-s-modulus","status":"publish","type":"product","link":"https:\/\/phitenvn.com\/en\/vong-tay-rakuwa-s-modulus\/","title":{"rendered":"V\u00f2ng Tay Phiten Rakuwa S Modulus"},"content":{"rendered":"<h2><strong>V\u00f2ng Tay Rakuwa S Modulus<\/strong><\/h2>\n<p><strong>V\u00f2ng tay Rakuwa S Modulus<\/strong>\u00a0l\u00e0 chi\u1ebfc v\u00f2ng tay \u0111\u01a1n gi\u1ea3n nh\u01b0ng mang l\u1ea1i s\u1ee9c m\u1ea1nh m\u1ebd v\u00e0 tinh t\u1ebf, ph\u00f9 h\u1ee3p cho m\u1ecdi d\u1ecbp nh\u01b0 \u0111i l\u00e0m, du l\u1ecbch hay c\u00e1c ho\u1ea1t \u0111\u1ed9ng h\u00e0ng ng\u00e0y.<\/p>\n<p>V\u00f2ng \u0111eo tay Rakuwa d\u1ec5 d\u00e0ng \u0111eo v\u00e0 th\u00e1o ra nh\u1edd v\u00e0o kh\u1ea3 n\u0103ng co gi\u00e3n t\u1ed1t t\u1eeb ch\u1ea5t li\u1ec7u silicone c\u00f3 kh\u1ea3 n\u0103ng ch\u1ed1ng th\u1ea5m n\u01b0\u1edbc v\u00e0 m\u1ed3 h\u00f4i, \u0111em l\u1ea1i s\u1ef1 tho\u1ea3i m\u00e1i khi s\u1eed d\u1ee5ng.<\/p>\n<p><strong>C\u00f4ng d\u1ee5ng:<\/strong><br \/>\n&#8211; Gi\u00fap \u0111i\u1ec1u ti\u1ebft\u00a0c\u0103ng th\u1eb3ng<br \/>\n&#8211; C\u1ea3i thi\u1ec7n c\u00e2n b\u1eb1ng c\u01a1 th\u1ec3<br \/>\n&#8211; T\u0103ng c\u01b0\u1eddng s\u1ee9c m\u1ea1nh v\u00e0 linh ho\u1ea1t<br \/>\n&#8211; Gi\u00fap ph\u1ee5c h\u1ed3i s\u1ee9c kh\u1ecfe v\u00e0 th\u01b0 gi\u00e3n c\u01a1 b\u1eafp c\u1ee9ng<br \/>\n&#8211; Tuy\u1ec7t v\u1eddi cho th\u1ec3 thao v\u00e0 c\u00e1c ho\u1ea1t \u0111\u1ed9ng h\u00e0ng ng\u00e0y.<\/p>\n<p><strong>\u0110\u1ed1i t\u01b0\u1ee3ng s\u1eed d\u1ee5ng:<\/strong><br \/>\n&#8211; Ph\u00f9 h\u1ee3p cho m\u1ecdi l\u1ee9a tu\u1ed5i, ng\u01b0\u1eddi ch\u01a1i th\u1ec3 thao, v\u1eadn \u0111\u1ed9ng vi\u00ean chuy\u00ean nghi\u1ec7p<br \/>\n&#8211; Ng\u01b0\u1eddi l\u00e0m vi\u1ec7c v\u0103n ph\u00f2ng<br \/>\n&#8211; Ng\u01b0\u1eddi cao huy\u1ebft \u00e1p, huy\u1ebft \u00e1p kh\u00f4ng \u1ed5n \u0111\u1ecbnh, ng\u01b0\u1eddi g\u1eb7p v\u1ea5n \u0111\u1ec1 v\u1ec1 gi\u1ea5c ng\u1ee7.<\/p>\n<p>M\u00e3 s\u1ea3n ph\u1ea9m: XTE58227\/ XTE58225\/ XTE57627\/ XTE57625\/ XTE57527\/ XTE57525\/ XTE57427\/ XTE57425<\/p>\n","protected":false},"excerpt":{"rendered":"<p><strong>C\u00f4ng ngh\u1ec7:<\/strong>\u00a0Metax<br \/>\n<strong>M\u00e0u s\u1eafc:<\/strong>\u00a0\u0110en, Tr\u1eafng, X\u00e1m, Xanh \u00d4-liu<br \/>\n<strong>Size:<\/strong>\u00a017cm, 19cm<br \/>\n<strong>Xu\u1ea5t x\u1ee9:\u00a0<\/strong>Nh\u1eadt B\u1ea3n<br \/>\n<strong>Quy c\u00e1ch \u0111\u00f3ng g\u00f3i:\u00a0<\/strong>1 chi\u1ebfc\/h\u1ed9p<\/p>\n","protected":false},"featured_media":2448,"comment_status":"open","ping_status":"closed","template":"","meta":[],"product_brand":[],"product_cat":[],"product_tag":[],"class_list":{"0":"post-3250","1":"product","2":"type-product","3":"status-publish","4":"has-post-thumbnail","7":"first","8":"outofstock","9":"shipping-taxable","10":"purchasable","11":"product-type-simple"},"_links":{"self":[{"href":"https:\/\/phitenvn.com\/en\/wp-json\/wp\/v2\/product\/3250","targetHints":{"allow":["GET"]}}],"collection":[{"href":"https:\/\/phitenvn.com\/en\/wp-json\/wp\/v2\/product"}],"about":[{"href":"https:\/\/phitenvn.com\/en\/wp-json\/wp\/v2\/types\/product"}],"replies":[{"embeddable":true,"href":"https:\/\/phitenvn.com\/en\/wp-json\/wp\/v2\/comments?post=3250"}],"wp:featuredmedia":[{"embeddable":true,"href":"https:\/\/phitenvn.com\/en\/wp-json\/wp\/v2\/media\/2448"}],"wp:attachment":[{"href":"https:\/\/phitenvn.com\/en\/wp-json\/wp\/v2\/media?parent=3250"}],"wp:term":[{"taxonomy":"product_brand","embeddable":true,"href":"https:\/\/phitenvn.com\/en\/wp-json\/wp\/v2\/product_brand?post=3250"},{"taxonomy":"product_cat","embeddable":true,"href":"https:\/\/phitenvn.com\/en\/wp-json\/wp\/v2\/product_cat?post=3250"},{"taxonomy":"product_tag","embeddable":true,"href":"https:\/\/phitenvn.com\/en\/wp-json\/wp\/v2\/product_tag?post=3250"}],"curies":[{"name":"wp","href":"https:\/\/api.w.org\/{rel}","templated":true}]}}