{"id":3249,"date":"2025-05-27T09:40:17","date_gmt":"2025-05-27T09:40:17","guid":{"rendered":"https:\/\/phitenvn.com\/vong-tay-rakuwa-gs-s-pro\/"},"modified":"2025-05-27T09:40:17","modified_gmt":"2025-05-27T09:40:17","slug":"vong-tay-rakuwa-gs-s-pro","status":"publish","type":"product","link":"https:\/\/phitenvn.com\/en\/vong-tay-rakuwa-gs-s-pro\/","title":{"rendered":"V\u00f2ng Tay Rakuwa GS S PRO"},"content":{"rendered":"<h2><strong>V\u00f2ng Tay Rakuwa GS S Pro<\/strong><\/h2>\n<p><strong>V\u00f2ng tay Rakuwa GS S Pro<\/strong>\u00a0l\u00e0 s\u1ea3n ph\u1ea9m th\u1ebf h\u1ec7 ti\u1ebfp theo c\u1ee7a d\u00f2ng s\u1ea3n ph\u1ea9m S-Type, \u0111\u01b0\u1ee3c s\u1ea3n xu\u1ea5t v\u1edbi ch\u1ea5t li\u1ec7u silicone si\u00eau nh\u1eb9 v\u00e0 ch\u1ea5t l\u01b0\u1ee3ng cao, mang l\u1ea1i s\u1ef1 tho\u1ea3i m\u00e1i tuy\u1ec7t \u0111\u1ed1i khi s\u1eed d\u1ee5ng h\u00e0ng ng\u00e0y.<br \/>\n<strong>V\u00f2ng \u0111eo tay Rakuwa GS Pro<\/strong> k\u1ebft h\u1ee3p <strong>Micro Titanium Spheres\u00a0<\/strong>v\u00e0\u00a0<strong>Titanium carbonized<\/strong>\u00a0v\u1edbi\u00a0<strong>c\u00f4ng ngh\u1ec7 AQUA Titanium<\/strong>\u00a0\u0111\u1ed9c quy\u1ec1n c\u1ee7a Phiten, gi\u00fap gi\u1ea3m c\u0103ng th\u1eb3ng v\u00e0 ph\u1ee5c h\u1ed3i c\u01a1 th\u1ec3, \u0111\u1eb7c bi\u1ec7t l\u00e0 \u0111\u1ed1i v\u1edbi nh\u1eefng ai l\u00e0m vi\u1ec7c nhi\u1ec1u ho\u1eb7c v\u1eadn \u0111\u1ed9ng m\u1ea1nh.<br \/>\nV\u1edbi thi\u1ebft k\u1ebf m\u1ecfng nh\u1eb9, v\u00f2ng tay Rakuwa GS-S Pro c\u00f2n l\u00e0 l\u1ef1a ch\u1ecdn l\u00fd t\u01b0\u1edfng cho nh\u1eefng ng\u01b0\u1eddi y\u00eau th\u00edch c\u00e1c m\u00f4n th\u1ec3 thao d\u01b0\u1edbi n\u01b0\u1edbc, mang \u0111\u1ebfn s\u1ef1 ti\u1ec7n d\u1ee5ng v\u00e0 tho\u1ea3i m\u00e1i trong m\u1ecdi ho\u1ea1t \u0111\u1ed9ng.<\/p>\n<p><strong>C\u00f4ng d\u1ee5ng:<\/strong><br \/>\n&#8211; Giups \u0111i\u1ec1u h\u00f2a b\u1edbt\u00a0c\u0103ng th\u1eb3ng<br \/>\n&#8211; C\u1ea3i thi\u1ec7n c\u00e2n b\u1eb1ng c\u01a1 th\u1ec3<br \/>\n&#8211; Gi\u00fap th\u01b0 gi\u00e3n c\u01a1 b\u1eafp v\u00e0 t\u0103ng c\u01b0\u1eddng s\u1ef1 linh ho\u1ea1t.<\/p>\n<p><strong>\u0110\u1ed1i t\u01b0\u1ee3ng s\u1eed d\u1ee5ng:<\/strong><br \/>\n&#8211; Ph\u00f9 h\u1ee3p v\u1edbi m\u1ecdi l\u1ee9a tu\u1ed5i, \u0111\u1eb7c bi\u1ec7t l\u00e0 ng\u01b0\u1eddi ch\u01a1i th\u1ec3 thao, v\u1eadn \u0111\u1ed9ng vi\u00ean chuy\u00ean nghi\u1ec7p<br \/>\n&#8211; Ng\u01b0\u1eddi l\u00e0m vi\u1ec7c v\u0103n ph\u00f2ng<br \/>\n&#8211; Ng\u01b0\u1eddi n\u00e2ng v\u00e1c v\u1eadt n\u1eb7ng<br \/>\n&#8211; Ng\u01b0\u1eddi cao huy\u1ebft \u00e1p, huy\u1ebft \u00e1p kh\u00f4ng \u1ed5n \u0111\u1ecbnh v\u00e0 ng\u01b0\u1eddi g\u1eb7p v\u1ea5n \u0111\u1ec1 v\u1ec1 gi\u1ea5c ng\u1ee7.<\/p>\n<p>M\u00e3 s\u1ea3n ph\u1ea9m: XTE55625<\/p>\n","protected":false},"excerpt":{"rendered":"<p><strong>C\u00f4ng ngh\u1ec7<\/strong>: Aqua-Titanium, Micro Titanium Spheres, Titanium carbonized<br \/>\n<strong>Ch\u1ea5t li\u1ec7u:<\/strong>\u00a0Silicone m\u1ec1m v\u00e0 co gi\u00e3n.<br \/>\n<strong>M\u00e0u s\u1eafc:<\/strong>\u00a0H\u1ed3ng<br \/>\n<strong>Size:<\/strong>\u00a0\u00a017cm<br \/>\n<strong>Xu\u1ea5t x\u1ee9<\/strong>: Nh\u1eadt B\u1ea3n<br \/>\n<strong>Quy c\u00e1ch \u0111\u00f3ng g\u00f3i:\u00a0<\/strong>1 v\u00f2ng tay\/ h\u1ed9p<br \/>\n<strong>B\u1ea3o h\u00e0nh:\u00a0<\/strong>6 th\u00e1ng<\/p>\n","protected":false},"featured_media":2465,"comment_status":"open","ping_status":"closed","template":"","meta":[],"product_brand":[],"product_cat":[594,579],"product_tag":[],"class_list":{"0":"post-3249","1":"product","2":"type-product","3":"status-publish","4":"has-post-thumbnail","6":"product_cat-vong-tay-silicone-en","7":"product_cat-vong-tay-en","9":"first","10":"instock","11":"shipping-taxable","12":"purchasable","13":"product-type-variable","14":"wvs-archive-product-wrapper"},"_links":{"self":[{"href":"https:\/\/phitenvn.com\/en\/wp-json\/wp\/v2\/product\/3249","targetHints":{"allow":["GET"]}}],"collection":[{"href":"https:\/\/phitenvn.com\/en\/wp-json\/wp\/v2\/product"}],"about":[{"href":"https:\/\/phitenvn.com\/en\/wp-json\/wp\/v2\/types\/product"}],"replies":[{"embeddable":true,"href":"https:\/\/phitenvn.com\/en\/wp-json\/wp\/v2\/comments?post=3249"}],"wp:featuredmedia":[{"embeddable":true,"href":"https:\/\/phitenvn.com\/en\/wp-json\/wp\/v2\/media\/2465"}],"wp:attachment":[{"href":"https:\/\/phitenvn.com\/en\/wp-json\/wp\/v2\/media?parent=3249"}],"wp:term":[{"taxonomy":"product_brand","embeddable":true,"href":"https:\/\/phitenvn.com\/en\/wp-json\/wp\/v2\/product_brand?post=3249"},{"taxonomy":"product_cat","embeddable":true,"href":"https:\/\/phitenvn.com\/en\/wp-json\/wp\/v2\/product_cat?post=3249"},{"taxonomy":"product_tag","embeddable":true,"href":"https:\/\/phitenvn.com\/en\/wp-json\/wp\/v2\/product_tag?post=3249"}],"curies":[{"name":"wp","href":"https:\/\/api.w.org\/{rel}","templated":true}]}}