{"id":3247,"date":"2025-05-23T08:13:19","date_gmt":"2025-05-23T08:13:19","guid":{"rendered":"https:\/\/phitenvn.com\/vong-tay-phiten-crystal-combi-6mm-8mm\/"},"modified":"2025-07-18T06:52:29","modified_gmt":"2025-07-18T06:52:29","slug":"vong-tay-crystal-combi-6mm-8mm","status":"publish","type":"product","link":"https:\/\/phitenvn.com\/en\/vong-tay-crystal-combi-6mm-8mm\/","title":{"rendered":"V\u00f2ng Tay Crystal COMBI (6mm\/8mm)"},"content":{"rendered":"<h2><strong>V\u00f2ng Tay Crystal Combi (6Mm\/8Mm)<\/strong><\/h2>\n<p><strong>V\u00f2ng tay Crystal Combi<\/strong>\u00a0\u0111\u01b0\u1ee3c ch\u1ebf t\u00e1c th\u1ee7 c\u00f4ng t\u1eeb pha l\u00ea t\u1ef1 nhi\u00ean c\u00f3 \u0111\u1ed9 trong v\u00e0 tinh t\u1ebf, mang \u0111\u1ebfn v\u1ebb \u0111\u1eb9p sang tr\u1ecdng v\u00e0 \u0111\u1eb3ng c\u1ea5p. M\u1ed7i chi\u1ebfc v\u00f2ng tay \u0111\u01b0\u1ee3c l\u1ef1a ch\u1ecdn c\u1ea9n th\u1eadn \u0111\u1ec3 ph\u00e1t huy s\u1ee9c m\u1ea1nh th\u1ea7n b\u00ed c\u1ee7a pha l\u00ea, k\u1ebft h\u1ee3p v\u1edbi Titan mang l\u1ea1i l\u1ee3i \u00edch s\u1ee9c kh\u1ecfe v\u01b0\u1ee3t tr\u1ed9i. \u0110\u00e2y l\u00e0 ph\u1ee5 ki\u1ec7n l\u00fd t\u01b0\u1edfng cho nh\u1eefng ai mu\u1ed1n s\u1edf h\u1eefu m\u1ed9t s\u1ea3n ph\u1ea9m v\u1eeba \u0111\u1eb9p m\u1eaft v\u1eeba gi\u00fap c\u1ea3i thi\u1ec7n s\u1ee9c kh\u1ecfe.<\/p>\n<p><strong>C\u00f4ng d\u1ee5ng:<\/strong><br \/>\n&#8211; Gi\u1ea3m c\u0103ng th\u1eb3ng<br \/>\n&#8211; C\u1ea3i thi\u1ec7n c\u00e2n b\u1eb1ng c\u01a1 th\u1ec3<br \/>\n&#8211; H\u1ed7 tr\u1ee3 th\u01b0 gi\u00e3n c\u01a1 b\u1eafp v\u00e0 t\u0103ng c\u01b0\u1eddng s\u1ef1 linh ho\u1ea1t.<\/p>\n<p><strong>\u0110\u1ed1i t\u01b0\u1ee3ng s\u1eed d\u1ee5ng:<\/strong><br \/>\n&#8211; Ph\u00f9 h\u1ee3p v\u1edbi m\u1ecdi l\u1ee9a tu\u1ed5i, \u0111\u1eb7c bi\u1ec7t l\u00e0 ng\u01b0\u1eddi ch\u01a1i th\u1ec3 thao, v\u1eadn \u0111\u1ed9ng vi\u00ean chuy\u00ean nghi\u1ec7p<br \/>\n&#8211; Ng\u01b0\u1eddi l\u00e0m vi\u1ec7c v\u0103n ph\u00f2ng<br \/>\n&#8211; Ng\u01b0\u1eddi n\u00e2ng v\u00e1c v\u1eadt n\u1eb7ng<br \/>\n&#8211; Ng\u01b0\u1eddi cao huy\u1ebft \u00e1p, huy\u1ebft \u00e1p kh\u00f4ng \u1ed5n \u0111\u1ecbnh v\u00e0 ng\u01b0\u1eddi g\u1eb7p v\u1ea5n \u0111\u1ec1 v\u1ec1 gi\u1ea5c ng\u1ee7.<\/p>\n<p>M\u00e3 s\u1ea3n ph\u1ea9m: AQ809027\/ AQ809025<\/p>\n","protected":false},"excerpt":{"rendered":"<p><strong>C\u00f4ng ngh\u1ec7:<\/strong>\u00a0Aqua Metal<br \/>\n<strong>Ch\u1ea5t li\u1ec7u:<\/strong>\u00a0Titan, Pha l\u00ea<br \/>\n<strong>M\u00e0u s\u1eafc:\u00a0<\/strong>Tr\u1eafng<br \/>\n<strong>Size:<\/strong>\u00a017.5cm, 19cm (+3cm)<br \/>\n<strong>Xu\u1ea5t x\u1ee9<\/strong>: Nh\u1eadt B\u1ea3n<br \/>\n<strong>Quy c\u00e1ch \u0111\u00f3ng g\u00f3i:\u00a0<\/strong>1 chi\u1ebfc\/h\u1ed9p<br \/>\n<strong>B\u1ea3o h\u00e0nh<\/strong>: 6 th\u00e1ng<\/p>\n","protected":false},"featured_media":2449,"comment_status":"open","ping_status":"closed","template":"","meta":[],"product_brand":[],"product_cat":[580,579],"product_tag":[],"class_list":{"0":"post-3247","1":"product","2":"type-product","3":"status-publish","4":"has-post-thumbnail","6":"product_cat-vong-tay-crystal-en","7":"product_cat-vong-tay-en","9":"first","10":"instock","11":"shipping-taxable","12":"purchasable","13":"product-type-variable","14":"wvs-archive-product-wrapper"},"_links":{"self":[{"href":"https:\/\/phitenvn.com\/en\/wp-json\/wp\/v2\/product\/3247","targetHints":{"allow":["GET"]}}],"collection":[{"href":"https:\/\/phitenvn.com\/en\/wp-json\/wp\/v2\/product"}],"about":[{"href":"https:\/\/phitenvn.com\/en\/wp-json\/wp\/v2\/types\/product"}],"replies":[{"embeddable":true,"href":"https:\/\/phitenvn.com\/en\/wp-json\/wp\/v2\/comments?post=3247"}],"wp:featuredmedia":[{"embeddable":true,"href":"https:\/\/phitenvn.com\/en\/wp-json\/wp\/v2\/media\/2449"}],"wp:attachment":[{"href":"https:\/\/phitenvn.com\/en\/wp-json\/wp\/v2\/media?parent=3247"}],"wp:term":[{"taxonomy":"product_brand","embeddable":true,"href":"https:\/\/phitenvn.com\/en\/wp-json\/wp\/v2\/product_brand?post=3247"},{"taxonomy":"product_cat","embeddable":true,"href":"https:\/\/phitenvn.com\/en\/wp-json\/wp\/v2\/product_cat?post=3247"},{"taxonomy":"product_tag","embeddable":true,"href":"https:\/\/phitenvn.com\/en\/wp-json\/wp\/v2\/product_tag?post=3247"}],"curies":[{"name":"wp","href":"https:\/\/api.w.org\/{rel}","templated":true}]}}