{"id":3246,"date":"2025-05-27T09:47:51","date_gmt":"2025-05-27T09:47:51","guid":{"rendered":"https:\/\/phitenvn.com\/vong-tay-rakuwa-duo-ii\/"},"modified":"2025-05-27T09:47:51","modified_gmt":"2025-05-27T09:47:51","slug":"vong-tay-rakuwa-duo-ii","status":"publish","type":"product","link":"https:\/\/phitenvn.com\/en\/vong-tay-rakuwa-duo-ii\/","title":{"rendered":"V\u00f2ng Tay Rakuwa DUO II"},"content":{"rendered":"<h2><strong>V\u00f2ng Tay Rakuwa DUO II<\/strong><\/h2>\n<p><strong>V\u00f2ng \u0111eo tay Phiten Rakuwa Duo II<\/strong> k\u1ebft h\u1ee3p gi\u1eefa l\u1ee3i \u00edch s\u1ee9c kh\u1ecfe v\u00e0 thi\u1ebft k\u1ebf hi\u1ec7n \u0111\u1ea1i. V\u1edbi c\u00f4ng ngh\u1ec7 Aqua Titan, s\u1ea3n ph\u1ea9m n\u00e0y gi\u00fap th\u01b0 gi\u00e3n, t\u0103ng c\u01b0\u1eddng s\u1ee9c m\u1ea1nh v\u00e0 linh ho\u1ea1t, \u0111\u01b0\u1ee3c \u01b0a chu\u1ed9ng b\u1edfi c\u00e1c ng\u01b0\u1eddi ch\u01a1i th\u1ec3 thao.<\/p>\n<p>V\u00f2ng tay n\u00e0y \u0111\u01b0\u1ee3c thi\u1ebft k\u1ebf \u0111\u1ec3 mang l\u1ea1i s\u1ef1 tho\u1ea3i m\u00e1i khi v\u1eadn \u0111\u1ed9ng v\u1edbi hai l\u1edbp d\u00e2y silicone m\u1ec1m v\u00e0 co d\u00e3n t\u1ed1t. Ch\u1ee9a th\u00e0nh ph\u1ea7n titanium v\u1edbi c\u00f4ng ngh\u1ec7 Aqua Titan \u0111\u1ed9c quy\u1ec1n, gi\u00fap t\u1ed1i \u01b0u h\u00f3a hi\u1ec7u qu\u1ea3.<\/p>\n<p>V\u00f2ng tay Rakuwa Duo II c\u00f2n th\u00edch h\u1ee3p cho c\u00e1c m\u00f4n th\u1ec3 thao d\u01b0\u1edbi n\u01b0\u1edbc nh\u1edd v\u00e0o ch\u1ea5t li\u1ec7u silicone b\u1ec1n v\u00e0 kh\u1ea3 n\u0103ng kh\u00f4 nhanh.<\/p>\n<p><strong>C\u00f4ng d\u1ee5ng:<\/strong><br \/>\n&#8211; Gi\u00fap \u0111i\u1ec1u h\u00f2a b\u1edbt\u00a0c\u0103ng th\u1eb3ng.<br \/>\n&#8211; C\u1ea3i thi\u1ec7n c\u00e2n b\u1eb1ng c\u01a1 th\u1ec3.<br \/>\n&#8211; Th\u01b0 gi\u00e3n c\u01a1 b\u1eafp.<br \/>\n&#8211; H\u1ed7 tr\u1ee3 th\u01b0 gi\u00e3n v\u00e0 ph\u1ee5c h\u1ed3i s\u1ee9c kh\u1ecfe t\u1ed5ng th\u1ec3.<\/p>\n<p><strong>\u0110\u1ed1i t\u01b0\u1ee3ng s\u1eed d\u1ee5ng:<\/strong><br \/>\n&#8211; Ph\u00f9 h\u1ee3p v\u1edbi m\u1ecdi l\u1ee9a tu\u1ed5i, \u0111\u1eb7c bi\u1ec7t l\u00e0 ng\u01b0\u1eddi ch\u01a1i th\u1ec3 thao, v\u1eadn \u0111\u1ed9ng vi\u00ean chuy\u00ean nghi\u1ec7p.<br \/>\n&#8211; Ng\u01b0\u1eddi l\u00e0m vi\u1ec7c v\u0103n ph\u00f2ng.<br \/>\n&#8211; Ng\u01b0\u1eddi n\u00e2ng v\u00e1c v\u1eadt n\u1eb7ng.<br \/>\n&#8211; Ng\u01b0\u1eddi cao huy\u1ebft \u00e1p, huy\u1ebft \u00e1p kh\u00f4ng \u1ed5n \u0111\u1ecbnh v\u00e0 ng\u01b0\u1eddi g\u1eb7p v\u1ea5n \u0111\u1ec1 v\u1ec1 gi\u1ea5c ng\u1ee7.<\/p>\n<p>M\u00e3 s\u1ea3n ph\u1ea9m: TG806226\/ TG806225\/ TG806126\/ TG806125\/ TG806026\/ TG806025<\/p>\n","protected":false},"excerpt":{"rendered":"<p><strong>C\u00f4ng ngh\u1ec7:<\/strong>\u00a0Aqua Titan (Micro Titanium Spheres v\u00e0 Titan carbon h\u00f3a)<br \/>\n<strong>Ch\u1ea5t li\u1ec7u:<\/strong>\u00a0Silicone, Titanium<br \/>\n<strong>M\u00e0u s\u1eafc:<\/strong>\u00a0\u0110en\/\u0110\u1ecf, Xanh Navy, Tr\u1eafng<br \/>\n<strong>Size:<\/strong>\u00a016cm, 18cm<br \/>\n<strong>Xu\u1ea5t x\u1ee9:<\/strong>\u00a0Nh\u1eadt B\u1ea3n<br \/>\n<strong>Quy c\u00e1ch \u0111\u00f3ng g\u00f3i:\u00a0<\/strong>1 v\u00f2ng tay\/ h\u1ed9p<\/p>\n","protected":false},"featured_media":2456,"comment_status":"open","ping_status":"closed","template":"","meta":[],"product_brand":[],"product_cat":[594,579],"product_tag":[595],"class_list":{"0":"post-3246","1":"product","2":"type-product","3":"status-publish","4":"has-post-thumbnail","6":"product_cat-vong-tay-silicone-en","7":"product_cat-vong-tay-en","8":"product_tag-golf-en","10":"first","11":"instock","12":"shipping-taxable","13":"purchasable","14":"product-type-variable","15":"wvs-archive-product-wrapper"},"_links":{"self":[{"href":"https:\/\/phitenvn.com\/en\/wp-json\/wp\/v2\/product\/3246","targetHints":{"allow":["GET"]}}],"collection":[{"href":"https:\/\/phitenvn.com\/en\/wp-json\/wp\/v2\/product"}],"about":[{"href":"https:\/\/phitenvn.com\/en\/wp-json\/wp\/v2\/types\/product"}],"replies":[{"embeddable":true,"href":"https:\/\/phitenvn.com\/en\/wp-json\/wp\/v2\/comments?post=3246"}],"wp:featuredmedia":[{"embeddable":true,"href":"https:\/\/phitenvn.com\/en\/wp-json\/wp\/v2\/media\/2456"}],"wp:attachment":[{"href":"https:\/\/phitenvn.com\/en\/wp-json\/wp\/v2\/media?parent=3246"}],"wp:term":[{"taxonomy":"product_brand","embeddable":true,"href":"https:\/\/phitenvn.com\/en\/wp-json\/wp\/v2\/product_brand?post=3246"},{"taxonomy":"product_cat","embeddable":true,"href":"https:\/\/phitenvn.com\/en\/wp-json\/wp\/v2\/product_cat?post=3246"},{"taxonomy":"product_tag","embeddable":true,"href":"https:\/\/phitenvn.com\/en\/wp-json\/wp\/v2\/product_tag?post=3246"}],"curies":[{"name":"wp","href":"https:\/\/api.w.org\/{rel}","templated":true}]}}