{"id":3245,"date":"2025-05-27T09:56:57","date_gmt":"2025-05-27T09:56:57","guid":{"rendered":"https:\/\/phitenvn.com\/vong-tay-rakuwa-s-slash-line-lame\/"},"modified":"2025-05-27T09:56:57","modified_gmt":"2025-05-27T09:56:57","slug":"vong-tay-rakuwa-s-slash-line-lame","status":"publish","type":"product","link":"https:\/\/phitenvn.com\/en\/vong-tay-rakuwa-s-slash-line-lame\/","title":{"rendered":"V\u00f2ng Tay Rakuwa S_SLASH LINE Lame"},"content":{"rendered":"<h2><strong>V\u00f2ng Tay Rakuwa S Slash LINE W LAME<\/strong><\/h2>\n<p><strong>V\u00f2ng tay RAKUWA S SLASH LINE<\/strong> mang \u0111\u1ebfn thi\u1ebft k\u1ebf th\u1ec3 thao v\u1edbi l\u1edbp b\u1ea1c ho\u1eb7c v\u00e0ng d\u00e1t b\u00ean ngo\u00e0i.<br \/>\n\u0110\u01b0\u1ee3c ch\u1ebf t\u00e1c t\u1eeb silicone si\u00eau b\u1ec1n s\u1eed d\u1ee5ng trong y t\u1ebf, s\u1ea3n ph\u1ea9m kh\u00f4ng ch\u1ec9 c\u00f3 \u0111\u1ed9 b\u1ec1n cao m\u00e0 c\u00f2n kh\u1ea3 n\u0103ng ch\u1ecbu n\u01b0\u1edbc v\u00e0 m\u1ed3 h\u00f4i tuy\u1ec7t v\u1eddi, r\u1ea5t ph\u00f9 h\u1ee3p choc\u00e1c ho\u1ea1t \u0111\u1ed9ng v\u1edbi n\u01b0\u1edbc v\u00e0 ngo\u00e0i tr\u1eddi.<br \/>\nV\u00f2ng tay n\u00e0y \u0111\u01b0\u1ee3c \u00e1p d\u1ee5ng <strong>c\u00f4ng ngh\u1ec7 Aqua Titan<\/strong> v\u00e0 s\u1eed d\u1ee5ng <strong>h\u1ea1t Micro Titanium<\/strong> b\u00ean trong, gi\u00fap h\u1ed7 tr\u1ee3 c\u00e2n b\u1eb1ng c\u01a1 th\u1ec3 v\u00e0 mang l\u1ea1i s\u1ef1 tho\u1ea3i m\u00e1i khi v\u1eadn \u0111\u1ed9ng.<br \/>\nKh\u1ea3 n\u0103ng co gi\u00e3n t\u1ed1t, b\u1ea1n c\u00f3 th\u1ec3 d\u1ec5 d\u00e0ng \u0111eo v\u00e0 th\u00e1o ra m\u1ed9t c\u00e1ch ti\u1ec7n l\u1ee3i m\u00e0 kh\u00f4ng c\u1ea3m th\u1ea5y kh\u00f3 ch\u1ecbu.<\/p>\n<p><strong>C\u00f4ng d\u1ee5ng:<\/strong><br \/>\n&#8211; Gi\u1ea3m c\u0103ng th\u1eb3ng v\u00e0 m\u1ec7t m\u1ecfi<br \/>\n&#8211; T\u0103ng c\u01b0\u1eddng s\u1ee9c m\u1ea1nh v\u00e0 linh ho\u1ea1t cho c\u01a1 th\u1ec3<br \/>\n&#8211; C\u1ea3i thi\u1ec7n l\u01b0u th\u00f4ng m\u00e1u v\u00e0 gi\u00fap th\u01b0 gi\u00e3n c\u01a1 b\u1eafp<\/p>\n<p><strong>\u0110\u1ed1i t\u01b0\u1ee3ng s\u1eed d\u1ee5ng:<\/strong><br \/>\n&#8211; Ph\u00f9 h\u1ee3p v\u1edbi m\u1ecdi l\u1ee9a tu\u1ed5i, \u0111\u1eb7c bi\u1ec7t l\u00e0 ng\u01b0\u1eddi ch\u01a1i th\u1ec3 thao, v\u1eadn \u0111\u1ed9ng vi\u00ean<br \/>\n&#8211; Ng\u01b0\u1eddi l\u00e0m vi\u1ec7c v\u0103n ph\u00f2ng<br \/>\n&#8211; Ng\u01b0\u1eddi n\u00e2ng v\u00e1c v\u1eadt n\u1eb7ng<br \/>\n&#8211; Ng\u01b0\u1eddi cao huy\u1ebft \u00e1p, huy\u1ebft \u00e1p kh\u00f4ng \u1ed5n \u0111\u1ecbnh, v\u00e0 nh\u1eefng ai g\u1eb7p v\u1ea5n \u0111\u1ec1 v\u1ec1 gi\u1ea5c ng\u1ee7.<\/p>\n<p>M\u00e3 s\u1ea3n ph\u1ea9m: TG714324<\/p>\n","protected":false},"excerpt":{"rendered":"<div class=\"product-desc desc\">\n<p><strong>C\u00f4ng ngh\u1ec7<\/strong>: Aqua Titan<br \/>\n<strong>Ch\u1ea5t li\u1ec7u<\/strong>: Silicone si\u00eau b\u1ec1n, Micro Titanium<br \/>\n<strong>M\u00e0u s\u1eafc:\u00a0<\/strong>H\u1ed3ng<br \/>\n<strong>K\u00edch th\u01b0\u1edbc:<\/strong>\u00a0\u00a015cm<br \/>\n<strong>Xu\u1ea5t x\u1ee9:\u00a0<\/strong>Nh\u1eadt B\u1ea3n<br \/>\n<strong>Quy c\u00e1ch \u0111\u00f3ng g\u00f3i:<\/strong>\u00a01 v\u00f2ng tay\/ h\u1ed9p<br \/>\n<strong>B\u1ea3o h\u00e0nh:<\/strong> 6 th\u00e1ng<\/p>\n<\/div>\n","protected":false},"featured_media":2466,"comment_status":"open","ping_status":"closed","template":"","meta":[],"product_brand":[],"product_cat":[594,579],"product_tag":[],"class_list":{"0":"post-3245","1":"product","2":"type-product","3":"status-publish","4":"has-post-thumbnail","6":"product_cat-vong-tay-silicone-en","7":"product_cat-vong-tay-en","9":"first","10":"instock","11":"shipping-taxable","12":"purchasable","13":"product-type-variable","14":"wvs-archive-product-wrapper"},"_links":{"self":[{"href":"https:\/\/phitenvn.com\/en\/wp-json\/wp\/v2\/product\/3245","targetHints":{"allow":["GET"]}}],"collection":[{"href":"https:\/\/phitenvn.com\/en\/wp-json\/wp\/v2\/product"}],"about":[{"href":"https:\/\/phitenvn.com\/en\/wp-json\/wp\/v2\/types\/product"}],"replies":[{"embeddable":true,"href":"https:\/\/phitenvn.com\/en\/wp-json\/wp\/v2\/comments?post=3245"}],"wp:featuredmedia":[{"embeddable":true,"href":"https:\/\/phitenvn.com\/en\/wp-json\/wp\/v2\/media\/2466"}],"wp:attachment":[{"href":"https:\/\/phitenvn.com\/en\/wp-json\/wp\/v2\/media?parent=3245"}],"wp:term":[{"taxonomy":"product_brand","embeddable":true,"href":"https:\/\/phitenvn.com\/en\/wp-json\/wp\/v2\/product_brand?post=3245"},{"taxonomy":"product_cat","embeddable":true,"href":"https:\/\/phitenvn.com\/en\/wp-json\/wp\/v2\/product_cat?post=3245"},{"taxonomy":"product_tag","embeddable":true,"href":"https:\/\/phitenvn.com\/en\/wp-json\/wp\/v2\/product_tag?post=3245"}],"curies":[{"name":"wp","href":"https:\/\/api.w.org\/{rel}","templated":true}]}}