{"id":3244,"date":"2025-05-27T10:05:29","date_gmt":"2025-05-27T10:05:29","guid":{"rendered":"https:\/\/phitenvn.com\/vong-tay-rakuwa-duo\/"},"modified":"2026-04-17T09:37:35","modified_gmt":"2026-04-17T02:37:35","slug":"vong-tay-rakuwa-duo","status":"publish","type":"product","link":"https:\/\/phitenvn.com\/en\/vong-tay-rakuwa-duo\/","title":{"rendered":"V\u00f2ng Tay Phiten Rakuwa DUO"},"content":{"rendered":"<h2><strong>V\u00f2ng Tay Rakuwa DUO<\/strong><\/h2>\n<p>V\u1edbi c\u00f4ng ngh\u1ec7 Aqua Titan, v\u00f2ng tay Rakuwa DUO k\u1ebft h\u1ee3p l\u1ee3i \u00edch s\u1ee9c kh\u1ecfe v\u00e0 thi\u1ebft k\u1ebf hi\u1ec7n \u0111\u1ea1i.<\/p>\n<p>S\u1ea3n ph\u1ea9m \u0111\u01b0\u1ee3c \u01b0a chu\u1ed9ng b\u1edfi nhi\u1ec1u v\u1eadn \u0111\u1ed9ng vi\u00ean qu\u1ed1c t\u1ebf, \u0111\u1eb7c bi\u1ec7t l\u00e0 nh\u1eefng ng\u01b0\u1eddi ch\u01a1i golf, b\u00f3ng ch\u00e0y, v\u00e0 c\u00e1c m\u00f4n th\u1ec3 thao y\u00eau c\u1ea7u s\u1ee9c m\u1ea1nh v\u00e0 linh ho\u1ea1t, gi\u00fap th\u01b0 gi\u00e3n, t\u0103ng c\u01b0\u1eddng s\u1ee9c m\u1ea1nh v\u00e0 th\u01b0 gi\u00e3n c\u01a1 th\u1ec3.<\/p>\n<p><strong>C\u00f4ng d\u1ee5ng:<\/strong><br \/>\n&#8211; Gi\u1ea3m c\u0103ng th\u1eb3ng c\u01a1 th\u1ec3 v\u00e0 c\u1ea3i thi\u1ec7n tu\u1ea7n ho\u00e0n m\u00e1u.<br \/>\n&#8211; Th\u01b0 gi\u00e3n c\u01a1 b\u1eafp v\u00e0 h\u1ed7 tr\u1ee3 ph\u1ee5c h\u1ed3i s\u1ee9c kh\u1ecfe.<br \/>\n&#8211; T\u0103ng c\u01b0\u1eddng s\u1ee9c m\u1ea1nh, s\u1ef1 linh ho\u1ea1t v\u00e0 gi\u1ea3m \u0111au cho c\u01a1 b\u1eafp.<\/p>\n<p><strong>\u0110\u1ed1i t\u01b0\u1ee3ng s\u1eed d\u1ee5ng:<\/strong><br \/>\n&#8211; Ph\u00f9 h\u1ee3p cho m\u1ecdi l\u1ee9a tu\u1ed5i, \u0111\u1eb7c bi\u1ec7t l\u00e0 ng\u01b0\u1eddi ch\u01a1i th\u1ec3 thao, v\u1eadn \u0111\u1ed9ng vi\u00ean chuy\u00ean nghi\u1ec7p.<br \/>\n&#8211; Ng\u01b0\u1eddi l\u00e0m vi\u1ec7c v\u0103n ph\u00f2ng.<br \/>\n&#8211; Ng\u01b0\u1eddi n\u00e2ng v\u00e1c v\u1eadt n\u1eb7ng.<br \/>\n&#8211; Ng\u01b0\u1eddi cao huy\u1ebft \u00e1p, huy\u1ebft \u00e1p kh\u00f4ng \u1ed5n \u0111\u1ecbnh, v\u00e0 nh\u1eefng ai g\u1eb7p v\u1ea5n \u0111\u1ec1 v\u1ec1 gi\u1ea5c ng\u1ee7.<\/p>\n<p>M\u00e3 s\u1ea3n ph\u1ea9m: TG523327\/ TG523127\/ TG523124\/ TG523027\/ TG523024<\/p>\n","protected":false},"excerpt":{"rendered":"<p><strong>C\u00f4ng ngh\u1ec7:\u00a0<\/strong>\u00a0Aqua Titan<br \/>\n<strong>Ch\u1ea5t li\u1ec7u<\/strong>: Silicone, Micro Titanium Spheres, Titan carbon h\u00f3a<br \/>\n<strong>M\u00e0u s\u1eafc:<\/strong>\u00a0\u0110en, Tr\u1eafng, \u0110\u1ecf, V\u00e0ng<br \/>\n<strong>Size:\u00a0<\/strong>19 cm<br \/>\n<strong>Xu\u1ea5t x\u1ee9:<\/strong>\u00a0Nh\u1eadt B\u1ea3n<br \/>\n<strong>Quy c\u00e1ch \u0111\u00f3ng g\u00f3i<\/strong>: 1 v\u00f2ng tay\/ h\u1ed9p<\/p>\n","protected":false},"featured_media":2456,"comment_status":"open","ping_status":"closed","template":"","meta":[],"product_brand":[],"product_cat":[594,579],"product_tag":[],"class_list":{"0":"post-3244","1":"product","2":"type-product","3":"status-publish","4":"has-post-thumbnail","6":"product_cat-vong-tay-silicone-en","7":"product_cat-vong-tay-en","9":"first","10":"instock","11":"shipping-taxable","12":"purchasable","13":"product-type-variable","14":"wvs-archive-product-wrapper"},"_links":{"self":[{"href":"https:\/\/phitenvn.com\/en\/wp-json\/wp\/v2\/product\/3244","targetHints":{"allow":["GET"]}}],"collection":[{"href":"https:\/\/phitenvn.com\/en\/wp-json\/wp\/v2\/product"}],"about":[{"href":"https:\/\/phitenvn.com\/en\/wp-json\/wp\/v2\/types\/product"}],"replies":[{"embeddable":true,"href":"https:\/\/phitenvn.com\/en\/wp-json\/wp\/v2\/comments?post=3244"}],"wp:featuredmedia":[{"embeddable":true,"href":"https:\/\/phitenvn.com\/en\/wp-json\/wp\/v2\/media\/2456"}],"wp:attachment":[{"href":"https:\/\/phitenvn.com\/en\/wp-json\/wp\/v2\/media?parent=3244"}],"wp:term":[{"taxonomy":"product_brand","embeddable":true,"href":"https:\/\/phitenvn.com\/en\/wp-json\/wp\/v2\/product_brand?post=3244"},{"taxonomy":"product_cat","embeddable":true,"href":"https:\/\/phitenvn.com\/en\/wp-json\/wp\/v2\/product_cat?post=3244"},{"taxonomy":"product_tag","embeddable":true,"href":"https:\/\/phitenvn.com\/en\/wp-json\/wp\/v2\/product_tag?post=3244"}],"curies":[{"name":"wp","href":"https:\/\/api.w.org\/{rel}","templated":true}]}}