{"id":3243,"date":"2025-05-28T04:29:40","date_gmt":"2025-05-28T04:29:40","guid":{"rendered":"https:\/\/phitenvn.com\/vong-co-rakuwa-revo\/"},"modified":"2025-05-28T04:29:40","modified_gmt":"2025-05-28T04:29:40","slug":"vong-co-rakuwa-revo","status":"publish","type":"product","link":"https:\/\/phitenvn.com\/en\/vong-co-rakuwa-revo\/","title":{"rendered":"V\u00f2ng C\u1ed5 Rakuwa REVO"},"content":{"rendered":"<h2><strong>V\u00f2ng C\u1ed5 Rakuwa Revo Phiten<\/strong><\/h2>\n<p>V\u00f2ng c\u1ed5 Rakuwa Revo \u0111\u00e3 b\u1eaft \u0111\u1ea7u b\u00e1n m\u1eabu k\u1ef7 ni\u1ec7m \u0111\u1eb7c bi\u1ec7t k\u1ef7 ni\u1ec7m 40 n\u0103m V\u00f2ng c\u1ed5 RAKUWA REVO t\u1ea1i c\u00e1c c\u1eeda h\u00e0ng Phiten v\u00e0 m\u1ed9t s\u1ed1 \u0111\u1ea1i l\u00fd Phiten tr\u00ean to\u00e0n qu\u1ed1c.<br \/>\n\u0110\u00e2y l\u00e0 chi\u1ebfc v\u00f2ng c\u1ed5 \u0111\u1eb7c bi\u1ec7t quy t\u1ee5 c\u00f4ng ngh\u1ec7 cao c\u1ea5p nh\u1ea5t trong l\u1ecbch s\u1eed c\u1ee7a Phiten v\u1edbi s\u1ed1 l\u01b0\u1ee3ng c\u00f3 h\u1ea1n. V\u00f2ng c\u1ed5 Rakuwa Revo kh\u00f4ng ch\u1ec9 l\u00e0 m\u1ed9t ph\u1ee5 ki\u1ec7n th\u1eddi trang m\u00e0 c\u00f2n l\u00e0 m\u00f3n qu\u00e0 s\u1ee9c kh\u1ecfe \u0111\u1eb7c bi\u1ec7t, mang \u0111\u1ebfn s\u1ef1 k\u1ebft h\u1ee3p gi\u1eefa c\u00f4ng ngh\u1ec7 cao v\u00e0 phong c\u00e1ch th\u1eddi th\u01b0\u1ee3ng.<br \/>\n\u0110\u01b0\u1ee3c thi\u1ebft k\u1ebf v\u1edbi c\u00f4ng ngh\u1ec7 ti\u00ean ti\u1ebfn nh\u1ea5t, v\u00f2ng c\u1ed5 n\u00e0y l\u00e0 s\u1ef1 l\u1ef1a ch\u1ecdn l\u00fd t\u01b0\u1edfng cho nh\u1eefng ai mu\u1ed1n n\u00e2ng cao ch\u1ea5t l\u01b0\u1ee3ng cu\u1ed9c s\u1ed1ng.<\/p>\n<p><strong>C\u00f4ng d\u1ee5ng:<\/strong><br \/>\n&#8211; C\u00e2n b\u1eb1ng c\u01a1 th\u1ec3 v\u00e0 th\u01b0 gi\u00e3n<br \/>\n&#8211; H\u1ed7 tr\u1ee3 c\u00e2n b\u1eb1ng c\u01a1 th\u1ec3.<br \/>\n&#8211; Gi\u00fap n\u00e2ng cao s\u1ee9c kh\u1ecfe v\u00e0 tr\u1ea1ng th\u00e1i th\u01b0 gi\u00e3n cho ng\u01b0\u1eddi s\u1eed d\u1ee5ng<\/p>\n<p><strong>\u0110\u1eb7c \u0111i\u1ec3m:<\/strong><br \/>\n&#8211; S\u1eed d\u1ee5ng c\u00f4ng ngh\u1ec7 nano Metax, gi\u00fap h\u00f2a tan kim lo\u1ea1i qu\u00fd v\u00e0o n\u01b0\u1edbc, t\u1ea1o ra v\u1eadt li\u1ec7u v\u1edbi s\u1ee9c m\u1ea1nh t\u1ef1 nhi\u00ean.<br \/>\n&#8211; Thi\u1ebft k\u1ebf th\u00f4ng minh v\u1edbi b\u1ed9 \u0111\u00e8n LED, t\u1ea1o hi\u1ec7u \u1ee9ng \u00e1nh s\u00e1ng tinh t\u1ebf.<br \/>\n&#8211; M\u1eb7t nh\u1eabn v\u00e0 d\u00e2y \u0111eo \u0111\u01b0\u1ee3c l\u00e0m t\u1eeb v\u1eadt li\u1ec7u cao c\u1ea5p, kh\u00f4ng g\u00e2y k\u00edch \u1ee9ng da v\u00e0 d\u1ec5 d\u00e0ng \u0111eo tho\u1ea3i m\u00e1i.<br \/>\n&#8211; T\u00edch h\u1ee3p b\u1ed9 s\u1ea1c USB ti\u1ec7n d\u1ee5ng, d\u1ec5 d\u00e0ng s\u1ea1c b\u1ea5t c\u1ee9 \u0111\u00e2u.<\/p>\n<p><strong>\u0110\u1ed1i t\u01b0\u1ee3ng s\u1eed d\u1ee5ng:<\/strong><br \/>\n&#8211; Ph\u00f9 h\u1ee3p v\u1edbi m\u1ecdi l\u1ee9a tu\u1ed5i, \u0111\u1eb7c bi\u1ec7t l\u00e0 nh\u1eefng ng\u01b0\u1eddi y\u00eau th\u00edch c\u00f4ng ngh\u1ec7 ch\u0103m s\u00f3c s\u1ee9c kh\u1ecfe k\u1ebft h\u1ee3p v\u1edbi phong c\u00e1ch th\u1eddi trang cao c\u1ea5p.<\/p>\n<p>M\u00e3 s\u1ea3n ph\u1ea9m: TG916053<\/p>\n","protected":false},"excerpt":{"rendered":"<p><strong>K\u00edch th\u01b0\u1edbc<\/strong>: 50cm<br \/>\n<strong>Ch\u1ea5t li\u1ec7u<\/strong>: Nylon, d\u00e2y \u0111\u1ed3ng, th\u00e9p kh\u00f4ng g\u1ec9<br \/>\n&#8211; Kh\u00f3a: Th\u00e9p kh\u00f4ng g\u1ec9, polycarbonate, nam ch\u00e2m<br \/>\n&#8211; B\u1ed9 \u0111\u00e8n LED: Th\u00e9p kh\u00f4ng g\u1ec9, polycarbonate, LED<br \/>\n&#8211; B\u1ed9 s\u1ea1c: ABS, polycarbonate, LED, Th\u00e9p kh\u00f4ng g\u1ec9 (DC5V, ngu\u1ed3n \u0111i\u1ec7n USB)<br \/>\n<strong>C\u00f4ng ngh\u1ec7<\/strong>: nano Metax<br \/>\n<strong>Quy c\u00e1ch \u0111\u00f3ng g\u00f3i:<\/strong>\u00a01 c\u00e1i\/ h\u1ed9p<br \/>\n<strong>B\u1ea3o h\u00e0nh:<\/strong>\u00a06 th\u00e1ng<br \/>\nSau 6 th\u00e1ng, b\u1ea3o h\u00e0nh s\u1ebd\u00a0<strong>c<\/strong>\u00f3 t\u00ednh ph\u00ed (g\u1ed3m ph\u00ed s\u1eeda ch\u1eefa + ph\u00ed shipping)<br \/>\n<strong>N\u01a1i b\u1ea3o h\u00e0nh:\u00a0<\/strong>Trung t\u00e2m Phiten Nh\u1eadt B\u1ea3n (Kyoto)<\/p>\n","protected":false},"featured_media":2589,"comment_status":"open","ping_status":"closed","template":"","meta":[],"product_brand":[],"product_cat":[593,586],"product_tag":[],"class_list":{"0":"post-3243","1":"product","2":"type-product","3":"status-publish","4":"has-post-thumbnail","6":"product_cat-vong-co-rakuwa-revo-en","7":"product_cat-vong-co-en","9":"first","10":"instock","11":"shipping-taxable","12":"purchasable","13":"product-type-simple"},"_links":{"self":[{"href":"https:\/\/phitenvn.com\/en\/wp-json\/wp\/v2\/product\/3243","targetHints":{"allow":["GET"]}}],"collection":[{"href":"https:\/\/phitenvn.com\/en\/wp-json\/wp\/v2\/product"}],"about":[{"href":"https:\/\/phitenvn.com\/en\/wp-json\/wp\/v2\/types\/product"}],"replies":[{"embeddable":true,"href":"https:\/\/phitenvn.com\/en\/wp-json\/wp\/v2\/comments?post=3243"}],"wp:featuredmedia":[{"embeddable":true,"href":"https:\/\/phitenvn.com\/en\/wp-json\/wp\/v2\/media\/2589"}],"wp:attachment":[{"href":"https:\/\/phitenvn.com\/en\/wp-json\/wp\/v2\/media?parent=3243"}],"wp:term":[{"taxonomy":"product_brand","embeddable":true,"href":"https:\/\/phitenvn.com\/en\/wp-json\/wp\/v2\/product_brand?post=3243"},{"taxonomy":"product_cat","embeddable":true,"href":"https:\/\/phitenvn.com\/en\/wp-json\/wp\/v2\/product_cat?post=3243"},{"taxonomy":"product_tag","embeddable":true,"href":"https:\/\/phitenvn.com\/en\/wp-json\/wp\/v2\/product_tag?post=3243"}],"curies":[{"name":"wp","href":"https:\/\/api.w.org\/{rel}","templated":true}]}}